{"id":2205,"date":"2023-06-25T16:13:40","date_gmt":"2023-06-25T16:13:40","guid":{"rendered":"https:\/\/satisfybot.com\/?post_type=product&#038;p=2205"},"modified":"2023-06-26T13:11:01","modified_gmt":"2023-06-26T13:11:01","slug":"excavators-dx60w","status":"publish","type":"product","link":"https:\/\/satisfybot.com\/es\/producto\/excavators-dx60w\/","title":{"rendered":"Excavadoras DX60W"},"content":{"rendered":"<div class=\"J_module\">\n<h2 id=\"ali-anchor-AliMagic-1apmmd\" class=\"magic-0\" data-section=\"AliMagic-1apmmd\" data-section-title=\"Product Description\" data-spm-anchor-id=\"a2700.details.0.i26.772e605b2oXLX8\">Descripci\u00f3n del Producto<\/h2>\n<\/div>\n<div class=\"J_module\">\n<div class=\"icbu-pc-detailManyImage magic-1\">\n<div class=\"magic-2\"><img decoding=\"async\" class=\"magic-3\" src=\"https:\/\/sc04.alicdn.com\/kf\/H23f6d6653e5646e292fe50b820713150c\/272953331\/H23f6d6653e5646e292fe50b820713150c.png\" data-src=\"\/\/sc04.alicdn.com\/kf\/H23f6d6653e5646e292fe50b820713150c\/272953331\/H23f6d6653e5646e292fe50b820713150c.png\" \/><\/div>\n<div class=\"magic-2\"><img decoding=\"async\" class=\"magic-3\" src=\"https:\/\/sc04.alicdn.com\/kf\/Hcedbf2dcbfd34c379f4785f01e24a040a\/272953331\/Hcedbf2dcbfd34c379f4785f01e24a040a.jpg\" data-src=\"\/\/sc04.alicdn.com\/kf\/Hcedbf2dcbfd34c379f4785f01e24a040a\/272953331\/Hcedbf2dcbfd34c379f4785f01e24a040a.jpg\" \/><\/div>\n<div class=\"magic-2\"><img decoding=\"async\" class=\"magic-3\" src=\"https:\/\/sc04.alicdn.com\/kf\/H20bdd1ddd5404e5c926f3e0c10eab1bfZ\/272953331\/H20bdd1ddd5404e5c926f3e0c10eab1bfZ.jpg\" data-src=\"\/\/sc04.alicdn.com\/kf\/H20bdd1ddd5404e5c926f3e0c10eab1bfZ\/272953331\/H20bdd1ddd5404e5c926f3e0c10eab1bfZ.jpg\" \/><\/div>\n<div class=\"magic-2\"><img decoding=\"async\" class=\"magic-3\" src=\"https:\/\/sc04.alicdn.com\/kf\/H842eb314a2c24d6384313ea3a2e55145m\/272953331\/H842eb314a2c24d6384313ea3a2e55145m.jpg\" data-src=\"\/\/sc04.alicdn.com\/kf\/H842eb314a2c24d6384313ea3a2e55145m\/272953331\/H842eb314a2c24d6384313ea3a2e55145m.jpg\" \/><\/div>\n<div class=\"magic-2\"><img decoding=\"async\" class=\"magic-3\" src=\"https:\/\/sc04.alicdn.com\/kf\/H645025a6f75348e6948dd614e240c4f3H\/272953331\/H645025a6f75348e6948dd614e240c4f3H.jpg\" data-src=\"\/\/sc04.alicdn.com\/kf\/H645025a6f75348e6948dd614e240c4f3H\/272953331\/H645025a6f75348e6948dd614e240c4f3H.jpg\" \/><\/div>\n<div class=\"magic-2\"><img decoding=\"async\" class=\"magic-3\" src=\"https:\/\/sc04.alicdn.com\/kf\/Hda6f0cf8925d4b12b488345cfedb2350O\/272953331\/Hda6f0cf8925d4b12b488345cfedb2350O.jpg\" data-src=\"\/\/sc04.alicdn.com\/kf\/Hda6f0cf8925d4b12b488345cfedb2350O\/272953331\/Hda6f0cf8925d4b12b488345cfedb2350O.jpg\" \/><\/div>\n<div class=\"magic-2\"><img decoding=\"async\" class=\"magic-3\" src=\"https:\/\/sc04.alicdn.com\/kf\/H6ac4ef1a84a84e1daf29f91f0d146ee0x\/272953331\/H6ac4ef1a84a84e1daf29f91f0d146ee0x.jpg\" data-src=\"\/\/sc04.alicdn.com\/kf\/H6ac4ef1a84a84e1daf29f91f0d146ee0x\/272953331\/H6ac4ef1a84a84e1daf29f91f0d146ee0x.jpg\" \/><\/div>\n<\/div>\n<\/div>\n<div class=\"J_module\">\n<div id=\"ali-anchor-AliMagic-ho5x65\" class=\"magic-0\" data-section=\"AliMagic-ho5x65\" data-section-title=\"Specification\">Especificaci\u00f3n<\/div>\n<\/div>\n<div class=\"J_module\">\n<div class=\"ife-detail-decorate-table\">\n<table class=\"has-title all magic-4\">\n<tbody>\n<tr>\n<td colspan=\"1\" rowspan=\"1\">\n<div class=\"magic-5\">art\u00edculo<\/div>\n<\/td>\n<td colspan=\"1\" rowspan=\"1\">\n<div class=\"magic-6\">valor<\/div>\n<\/td>\n<\/tr>\n<tr>\n<td colspan=\"1\" rowspan=\"1\">\n<div class=\"magic-5\">Lugar de origen<\/div>\n<\/td>\n<td colspan=\"1\" rowspan=\"1\">\n<div class=\"magic-6\">Porcelana<\/div>\n<\/td>\n<\/tr>\n<tr>\n<td colspan=\"1\" rowspan=\"1\">\n<div class=\"magic-5\">Peso (KG)<\/div>\n<\/td>\n<td colspan=\"1\" rowspan=\"1\">\n<div class=\"magic-6\">15500KG<\/div>\n<\/td>\n<\/tr>\n<tr>\n<td colspan=\"1\" rowspan=\"1\">\n<div class=\"magic-5\">Inspecci\u00f3n saliente de video<\/div>\n<\/td>\n<td colspan=\"1\" rowspan=\"1\">\n<div class=\"magic-6\">Proporcion\u00f3<\/div>\n<\/td>\n<\/tr>\n<tr>\n<td colspan=\"1\" rowspan=\"1\">\n<div class=\"magic-5\">Informe de prueba de maquinaria<\/div>\n<\/td>\n<td colspan=\"1\" rowspan=\"1\">\n<div class=\"magic-6\">Proporcion\u00f3<\/div>\n<\/td>\n<\/tr>\n<tr>\n<td colspan=\"1\" rowspan=\"1\">\n<div class=\"magic-5\">Componentes principales<\/div>\n<\/td>\n<td colspan=\"1\" rowspan=\"1\">\n<div class=\"magic-6\">engranaje, motor<\/div>\n<\/td>\n<\/tr>\n<tr>\n<td colspan=\"1\" rowspan=\"1\">\n<div class=\"magic-5\">Industrias aplicables<\/div>\n<\/td>\n<td colspan=\"1\" rowspan=\"1\">\n<div class=\"magic-6\">Talleres de materiales de construcci\u00f3n, granjas, obras de construcci\u00f3n, energ\u00eda y miner\u00eda, otros<\/div>\n<\/td>\n<\/tr>\n<tr>\n<td colspan=\"1\" rowspan=\"1\">\n<div class=\"magic-5\">Ubicaci\u00f3n de la sala de exposici\u00f3n<\/div>\n<\/td>\n<td colspan=\"1\" rowspan=\"1\">\n<div class=\"magic-6\">Ninguno<\/div>\n<\/td>\n<\/tr>\n<tr>\n<td colspan=\"1\" rowspan=\"1\">\n<div class=\"magic-5\">A\u00f1o<\/div>\n<\/td>\n<td colspan=\"1\" rowspan=\"1\">\n<div class=\"magic-6\">2017<\/div>\n<\/td>\n<\/tr>\n<tr>\n<td colspan=\"1\" rowspan=\"1\">\n<div class=\"magic-5\"><\/div>\n<\/td>\n<td colspan=\"1\" rowspan=\"1\">\n<div class=\"magic-6\"><\/div>\n<\/td>\n<\/tr>\n<\/tbody>\n<\/table>\n<\/div>\n<\/div>\n<div class=\"J_module\">\n<div class=\"icbu-pc-images magic-8\">\n<div>\n<div class=\"flex-layout-v\">\n<div class=\"flex-layout-h magic-8\">\n<div class=\"magic-9\"><img decoding=\"async\" class=\"magic-10\" src=\"https:\/\/sc04.alicdn.com\/kf\/S564ce6c38902461585417ecd8d686f1fa\/272953331\/S564ce6c38902461585417ecd8d686f1fa.jpg\" data-src=\"\/\/sc04.alicdn.com\/kf\/S564ce6c38902461585417ecd8d686f1fa\/272953331\/S564ce6c38902461585417ecd8d686f1fa.jpg\" \/><\/div>\n<div class=\"magic-11\"><img decoding=\"async\" class=\"magic-10\" src=\"https:\/\/sc04.alicdn.com\/kf\/Sd1da29c0040848ab9e8e823bf9fc64d9b\/272953331\/Sd1da29c0040848ab9e8e823bf9fc64d9b.jpg\" data-src=\"\/\/sc04.alicdn.com\/kf\/Sd1da29c0040848ab9e8e823bf9fc64d9b\/272953331\/Sd1da29c0040848ab9e8e823bf9fc64d9b.jpg\" \/><\/div>\n<div class=\"magic-11\"><img decoding=\"async\" class=\"magic-10\" src=\"https:\/\/sc04.alicdn.com\/kf\/S2ada77124afe456ab7816a812fb35ff0T\/272953331\/S2ada77124afe456ab7816a812fb35ff0T.jpg\" data-src=\"\/\/sc04.alicdn.com\/kf\/S2ada77124afe456ab7816a812fb35ff0T\/272953331\/S2ada77124afe456ab7816a812fb35ff0T.jpg\" \/><\/div>\n<\/div>\n<\/div>\n<\/div>\n<\/div>\n<\/div>\n<div class=\"J_module\">\n<div class=\"detail-decorate-json-renderer-container\">\n<div class=\"magic-12\">\n<div class=\"magic-13\">\n<div class=\"magic-14\">\n<div class=\"magic-15\">\n<p>Shanghai Manyi Construction Development Co., Ltd. <span style=\"font-size: 16px;\">es un fabricante profesional de camiones volquete. En la actualidad, los productos de la compa\u00f1\u00eda cubren una amplia gama de series de maquinaria de construcci\u00f3n y series de fabricaci\u00f3n de veh\u00edculos inteligentes. La empresa se esfuerza por desarrollar industrias de fabricaci\u00f3n competitivas de maquinaria de construcci\u00f3n, nuevos equipos de energ\u00eda, conjuntos completos de equipos de protecci\u00f3n ambiental, equipos especiales para petr\u00f3leo, veh\u00edculos especiales y otros equipos de alta tecnolog\u00eda.<\/span><\/p>\n<\/div>\n<\/div>\n<\/div>\n<\/div>\n<\/div>\n<\/div>\n<div class=\"J_module\">\n<div id=\"ali-anchor-AliMagic-d90j28\" class=\"magic-0\" data-section=\"AliMagic-d90j28\" data-section-title=\"FAQ\">Preguntas m\u00e1s frecuentes<\/div>\n<\/div>\n<div class=\"J_module\">\n<div class=\"detail-decorate-json-renderer-container\">\n<div class=\"magic-12\">\n<div class=\"magic-13\">\n<div class=\"magic-14\">\n<div class=\"magic-15\" data-spm-anchor-id=\"a2700.details.0.i27.772e605b2oXLX8\"><b>1. \u00bfQui\u00e9nes somos?<\/b><br \/>\nEstamos ubicados en Shanghai, China, a partir de 1995, vendemos a \u00c1frica (25.00%), Am\u00e9rica del Norte (20.00%), Europa del Norte (15.00%), Sudeste Asi\u00e1tico (15.00%), Am\u00e9rica del Sur (15.00%), Europa del Este (10.00%). Hay un total de 101-200 personas en nuestra oficina.<\/div>\n<div class=\"magic-15\" data-spm-anchor-id=\"a2700.details.0.i27.772e605b2oXLX8\"><b>2. \u00bfC\u00f3mo podemos garantizar la calidad?<\/b><br \/>\nSiempre una muestra de preproducci\u00f3n antes de la producci\u00f3n en masa;<br \/>\nInspecci\u00f3n siempre final antes del env\u00edo;<b>3. \u00bfQu\u00e9 puedes comprarnos?<\/b><br \/>\nCami\u00f3n volquete, cami\u00f3n<\/p>\n<p><b>4. \u00bfPor qu\u00e9 deber\u00eda comprarnos a nosotros y no a otros proveedores?<\/b><br \/>\nLa producci\u00f3n independiente de investigaci\u00f3n y desarrollo de camiones volquete es una de las primeras producciones nacionales de fabricantes profesionales de maquinaria de construcci\u00f3n.<\/p>\n<p><b>5. \u00bfQu\u00e9 servicios podemos proporcionar?<\/b><br \/>\nT\u00e9rminos de entrega aceptados: FOB;<br \/>\nMoneda de pago aceptada: nulo;<br \/>\nTipo de pago aceptado: T\/T,L\/C,PayPal,Western Union;<br \/>\nIdioma hablado: ingl\u00e9s, espa\u00f1ol, japon\u00e9s, portugu\u00e9s, alem\u00e1n, \u00e1rabe, franc\u00e9s, ruso, coreano, hindi, italiano<\/p>\n<\/div>\n<\/div>\n<\/div>\n<\/div>\n<\/div>\n<\/div>","protected":false},"excerpt":{"rendered":"<p>Product Description Specification item value Place of Origin China Weight (KG) 15500KG Video outgoing-inspection Provided Machinery Test Report Provided Core Components Gear, Engine Applicable Industries Building Material Shops, Farms, Construction works\u00a0, Energy &amp; Mining, Other Showroom Location None Year 2017 Shanghai Manyi Construction Development Co., Ltd. is a professional manufacturer of Tipper trucks. At present, [&hellip;]<\/p>","protected":false},"featured_media":2206,"template":"","meta":{"site-sidebar-layout":"default","site-content-layout":"default","ast-site-content-layout":"default","site-content-style":"default","site-sidebar-style":"default","ast-global-header-display":"","ast-banner-title-visibility":"","ast-main-header-display":"","ast-hfb-above-header-display":"","ast-hfb-below-header-display":"","ast-hfb-mobile-header-display":"","site-post-title":"","ast-breadcrumbs-content":"","ast-featured-img":"","footer-sml-layout":"","ast-disable-related-posts":"","theme-transparent-header-meta":"default","adv-header-id-meta":"","stick-header-meta":"","header-above-stick-meta":"","header-main-stick-meta":"","header-below-stick-meta":"","astra-migrate-meta-layouts":"default","ast-page-background-enabled":"default","ast-page-background-meta":{"desktop":{"background-color":"","background-image":"","background-repeat":"repeat","background-position":"center center","background-size":"auto","background-attachment":"scroll","background-type":"","background-media":"","overlay-type":"","overlay-color":"","overlay-opacity":"","overlay-gradient":""},"tablet":{"background-color":"","background-image":"","background-repeat":"repeat","background-position":"center center","background-size":"auto","background-attachment":"scroll","background-type":"","background-media":"","overlay-type":"","overlay-color":"","overlay-opacity":"","overlay-gradient":""},"mobile":{"background-color":"","background-image":"","background-repeat":"repeat","background-position":"center center","background-size":"auto","background-attachment":"scroll","background-type":"","background-media":"","overlay-type":"","overlay-color":"","overlay-opacity":"","overlay-gradient":""}},"ast-content-background-meta":{"desktop":{"background-color":"var(--ast-global-color-5)","background-image":"","background-repeat":"repeat","background-position":"center center","background-size":"auto","background-attachment":"scroll","background-type":"","background-media":"","overlay-type":"","overlay-color":"","overlay-opacity":"","overlay-gradient":""},"tablet":{"background-color":"var(--ast-global-color-5)","background-image":"","background-repeat":"repeat","background-position":"center center","background-size":"auto","background-attachment":"scroll","background-type":"","background-media":"","overlay-type":"","overlay-color":"","overlay-opacity":"","overlay-gradient":""},"mobile":{"background-color":"var(--ast-global-color-5)","background-image":"","background-repeat":"repeat","background-position":"center center","background-size":"auto","background-attachment":"scroll","background-type":"","background-media":"","overlay-type":"","overlay-color":"","overlay-opacity":"","overlay-gradient":""}}},"product_brand":[],"product_cat":[28],"product_tag":[],"class_list":{"0":"post-2205","1":"product","2":"type-product","3":"status-publish","4":"has-post-thumbnail","6":"product_cat-excavator","7":"desktop-align-left","8":"tablet-align-left","9":"mobile-align-left","11":"first","12":"instock","13":"shipping-taxable","14":"product-type-simple"},"_links":{"self":[{"href":"https:\/\/satisfybot.com\/es\/wp-json\/wp\/v2\/product\/2205","targetHints":{"allow":["GET"]}}],"collection":[{"href":"https:\/\/satisfybot.com\/es\/wp-json\/wp\/v2\/product"}],"about":[{"href":"https:\/\/satisfybot.com\/es\/wp-json\/wp\/v2\/types\/product"}],"version-history":[{"count":0,"href":"https:\/\/satisfybot.com\/es\/wp-json\/wp\/v2\/product\/2205\/revisions"}],"wp:featuredmedia":[{"embeddable":true,"href":"https:\/\/satisfybot.com\/es\/wp-json\/wp\/v2\/media\/2206"}],"wp:attachment":[{"href":"https:\/\/satisfybot.com\/es\/wp-json\/wp\/v2\/media?parent=2205"}],"wp:term":[{"taxonomy":"product_brand","embeddable":true,"href":"https:\/\/satisfybot.com\/es\/wp-json\/wp\/v2\/product_brand?post=2205"},{"taxonomy":"product_cat","embeddable":true,"href":"https:\/\/satisfybot.com\/es\/wp-json\/wp\/v2\/product_cat?post=2205"},{"taxonomy":"product_tag","embeddable":true,"href":"https:\/\/satisfybot.com\/es\/wp-json\/wp\/v2\/product_tag?post=2205"}],"curies":[{"name":"wp","href":"https:\/\/api.w.org\/{rel}","templated":true}]}}