{"id":2339,"date":"2023-06-30T06:45:56","date_gmt":"2023-06-30T06:45:56","guid":{"rendered":"https:\/\/satisfybot.com\/?post_type=product&#038;p=2339"},"modified":"2023-06-30T06:45:58","modified_gmt":"2023-06-30T06:45:58","slug":"shantui-5ton-wheel-loader-sl50w","status":"publish","type":"product","link":"https:\/\/satisfybot.com\/es\/producto\/shantui-5ton-wheel-loader-sl50w\/","title":{"rendered":"SHANTUI Cargadora de ruedas de 5 toneladas SL50W"},"content":{"rendered":"<div class=\"detail\">\n<div class=\"note\">\n<div id=\"inc-table\">\n<div class=\"contact\"><\/div>\n<table class=\"datalist\" width=\"100%\" cellspacing=\"1\" cellpadding=\"0\">\n<tbody>\n<tr>\n<th colspan=\"2\">ART\u00cdCULO<\/th>\n<th>SL50W<\/th>\n<\/tr>\n<tr>\n<td colspan=\"2\">Motor<\/td>\n<td>Weichai WD10G220E23<\/td>\n<\/tr>\n<tr>\n<td colspan=\"2\">Potencia nominal (kW\/rpm)<\/td>\n<td>55\/679<\/td>\n<\/tr>\n<tr>\n<td colspan=\"2\">Desplazamiento (L)<\/td>\n<td>9.726<\/td>\n<\/tr>\n<tr>\n<td colspan=\"2\">Consumo m\u00ednimo de gas\u00f3leo<br \/>\n(g\/kW\u00b7h)<\/td>\n<td>215<\/td>\n<\/tr>\n<tr>\n<td colspan=\"2\">Torque m\u00e1ximo (NM)<\/td>\n<td>900<\/td>\n<\/tr>\n<tr>\n<td colspan=\"2\">Peso operativo (kg)<\/td>\n<td>17000<\/td>\n<\/tr>\n<tr>\n<td colspan=\"2\">Dimensi\u00f3n L\u00d7W\u00d7H (mm)<\/td>\n<td>8054\u00d73072\u00d73410<\/td>\n<\/tr>\n<tr>\n<td colspan=\"2\">Distancia al centro de los neum\u00e1ticos (mm)<\/td>\n<td>2250<\/td>\n<\/tr>\n<tr>\n<td colspan=\"2\">Distancia entre ejes (mm)<\/td>\n<td>3250<\/td>\n<\/tr>\n<tr>\n<td colspan=\"2\">Capacidad de carga (t)<\/td>\n<td>5<\/td>\n<\/tr>\n<tr>\n<td colspan=\"2\">Capacidad de la cuchara (m<sup>3<\/sup>)<\/td>\n<td>3<\/td>\n<\/tr>\n<tr>\n<td colspan=\"2\">Fuerza de tracci\u00f3n m\u00e1xima (KN)<\/td>\n<td>162<\/td>\n<\/tr>\n<tr>\n<td colspan=\"2\">M\u00e1xima fuerza de arranque (KN)<\/td>\n<td>185<\/td>\n<\/tr>\n<tr>\n<td colspan=\"2\">Carga de vuelco est\u00e1tica (giro completo) (kg)<\/td>\n<td>10000<\/td>\n<\/tr>\n<tr>\n<td colspan=\"2\">Trepabilidad (\u00b0)<\/td>\n<td>30<\/td>\n<\/tr>\n<tr>\n<td rowspan=\"2\">Radio de giro m\u00ednimo (mm)<\/td>\n<td>fuera del balde<\/td>\n<td>6590<\/td>\n<\/tr>\n<tr>\n<td>Fuera del neum\u00e1tico<\/td>\n<td>7256<\/td>\n<\/tr>\n<tr>\n<td colspan=\"2\">\u00c1ngulo de giro (\u00b0)<\/td>\n<td>36<\/td>\n<\/tr>\n<tr>\n<td rowspan=\"3\">Altura de descarga (mm)<\/td>\n<td>Brazo est\u00e1ndar<\/td>\n<td>3178<\/td>\n<\/tr>\n<tr>\n<td>extendido<\/td>\n<td>3350<\/td>\n<\/tr>\n<tr>\n<td>Largo<\/td>\n<td>3676<\/td>\n<\/tr>\n<tr>\n<td rowspan=\"3\">Alcance de descarga (mm)<\/td>\n<td>Brazo est\u00e1ndar<\/td>\n<td>1160<\/td>\n<\/tr>\n<tr>\n<td>extendido<\/td>\n<td>1110<\/td>\n<\/tr>\n<tr>\n<td>Largo<\/td>\n<td>954<\/td>\n<\/tr>\n<tr>\n<td colspan=\"2\">Tiempo de elevaci\u00f3n\/elevaci\u00f3n, descarga y descenso (S)<\/td>\n<td>54\/109<\/td>\n<\/tr>\n<tr>\n<td rowspan=\"7\">Velocidad de viaje (km\/h)<\/td>\n<td>Reenviar 1<\/td>\n<td>0\u201313 o 0\u20138<\/td>\n<\/tr>\n<tr>\n<td>Adelante 2<\/td>\n<td>0\u201338 o 0\u201315<\/td>\n<\/tr>\n<tr>\n<td>Adelante 3<\/td>\n<td>(n\/a) o 0\u201324<\/td>\n<\/tr>\n<tr>\n<td>Adelante 4<\/td>\n<td>(n\/a) o 0\u201338<\/td>\n<\/tr>\n<tr>\n<td>Inversa 1<\/td>\n<td>0\u201317 o 0\u20138<\/td>\n<\/tr>\n<tr>\n<td>Inversa 2<\/td>\n<td>(n\/a) o 0\u201324<\/td>\n<\/tr>\n<tr>\n<td>Inverso 3<\/td>\n<td>&#8211;<\/td>\n<\/tr>\n<\/tbody>\n<\/table>\n<\/div>\n<\/div>\n<\/div>\n<div id=\"inquire\" class=\"inquiry\">\n<div class=\"proshow-title\">\n<p>&nbsp;<\/p>\n<\/div>\n<\/div>","protected":false},"excerpt":{"rendered":"<p>ITEM SL50W Engine Weichai WD10G220E23 Rated power (kW\/rpm) 55\/679 Displacement (L) 9.726 Minimum diesel consumption (g\/kW&amp;bull;h) 215 Ma&amp;times;imum torque \u00a0(NM) 900 Operating weight \u00a0(kg) 17000 Dimension L&amp;times;W&amp;times;H (mm) 8054&amp;times;3072&amp;times;3410 Center distance of tires (mm) 2250 Wheel base (mm) 3250 Loading capacity (t) 5 Bucket capacity (m3) 3 Ma&amp;times;imum traction force (KN) 162 Ma&amp;times;imum breakout force [&hellip;]<\/p>","protected":false},"featured_media":2340,"template":"","meta":{"site-sidebar-layout":"default","site-content-layout":"default","ast-site-content-layout":"default","site-content-style":"default","site-sidebar-style":"default","ast-global-header-display":"","ast-banner-title-visibility":"","ast-main-header-display":"","ast-hfb-above-header-display":"","ast-hfb-below-header-display":"","ast-hfb-mobile-header-display":"","site-post-title":"","ast-breadcrumbs-content":"","ast-featured-img":"","footer-sml-layout":"","ast-disable-related-posts":"","theme-transparent-header-meta":"default","adv-header-id-meta":"","stick-header-meta":"","header-above-stick-meta":"","header-main-stick-meta":"","header-below-stick-meta":"","astra-migrate-meta-layouts":"default","ast-page-background-enabled":"default","ast-page-background-meta":{"desktop":{"background-color":"","background-image":"","background-repeat":"repeat","background-position":"center center","background-size":"auto","background-attachment":"scroll","background-type":"","background-media":"","overlay-type":"","overlay-color":"","overlay-opacity":"","overlay-gradient":""},"tablet":{"background-color":"","background-image":"","background-repeat":"repeat","background-position":"center center","background-size":"auto","background-attachment":"scroll","background-type":"","background-media":"","overlay-type":"","overlay-color":"","overlay-opacity":"","overlay-gradient":""},"mobile":{"background-color":"","background-image":"","background-repeat":"repeat","background-position":"center center","background-size":"auto","background-attachment":"scroll","background-type":"","background-media":"","overlay-type":"","overlay-color":"","overlay-opacity":"","overlay-gradient":""}},"ast-content-background-meta":{"desktop":{"background-color":"var(--ast-global-color-5)","background-image":"","background-repeat":"repeat","background-position":"center center","background-size":"auto","background-attachment":"scroll","background-type":"","background-media":"","overlay-type":"","overlay-color":"","overlay-opacity":"","overlay-gradient":""},"tablet":{"background-color":"var(--ast-global-color-5)","background-image":"","background-repeat":"repeat","background-position":"center center","background-size":"auto","background-attachment":"scroll","background-type":"","background-media":"","overlay-type":"","overlay-color":"","overlay-opacity":"","overlay-gradient":""},"mobile":{"background-color":"var(--ast-global-color-5)","background-image":"","background-repeat":"repeat","background-position":"center center","background-size":"auto","background-attachment":"scroll","background-type":"","background-media":"","overlay-type":"","overlay-color":"","overlay-opacity":"","overlay-gradient":""}}},"product_brand":[],"product_cat":[28],"product_tag":[],"class_list":{"0":"post-2339","1":"product","2":"type-product","3":"status-publish","4":"has-post-thumbnail","6":"product_cat-excavator","7":"desktop-align-left","8":"tablet-align-left","9":"mobile-align-left","11":"first","12":"instock","13":"shipping-taxable","14":"product-type-simple"},"_links":{"self":[{"href":"https:\/\/satisfybot.com\/es\/wp-json\/wp\/v2\/product\/2339","targetHints":{"allow":["GET"]}}],"collection":[{"href":"https:\/\/satisfybot.com\/es\/wp-json\/wp\/v2\/product"}],"about":[{"href":"https:\/\/satisfybot.com\/es\/wp-json\/wp\/v2\/types\/product"}],"version-history":[{"count":0,"href":"https:\/\/satisfybot.com\/es\/wp-json\/wp\/v2\/product\/2339\/revisions"}],"wp:featuredmedia":[{"embeddable":true,"href":"https:\/\/satisfybot.com\/es\/wp-json\/wp\/v2\/media\/2340"}],"wp:attachment":[{"href":"https:\/\/satisfybot.com\/es\/wp-json\/wp\/v2\/media?parent=2339"}],"wp:term":[{"taxonomy":"product_brand","embeddable":true,"href":"https:\/\/satisfybot.com\/es\/wp-json\/wp\/v2\/product_brand?post=2339"},{"taxonomy":"product_cat","embeddable":true,"href":"https:\/\/satisfybot.com\/es\/wp-json\/wp\/v2\/product_cat?post=2339"},{"taxonomy":"product_tag","embeddable":true,"href":"https:\/\/satisfybot.com\/es\/wp-json\/wp\/v2\/product_tag?post=2339"}],"curies":[{"name":"wp","href":"https:\/\/api.w.org\/{rel}","templated":true}]}}