{"id":2344,"date":"2023-06-30T07:12:15","date_gmt":"2023-06-30T07:12:15","guid":{"rendered":"https:\/\/satisfybot.com\/?post_type=product&#038;p=2344"},"modified":"2023-06-30T07:12:15","modified_gmt":"2023-06-30T07:12:15","slug":"hot-sale-5-ton-sem-wheel-loader","status":"publish","type":"product","link":"https:\/\/satisfybot.com\/es\/producto\/hot-sale-5-ton-sem-wheel-loader\/","title":{"rendered":"Venta caliente cargadora de ruedas SEM de 5 toneladas"},"content":{"rendered":"<p><strong>Venta caliente cargadora de ruedas SEM de 5 toneladas<\/strong><\/p>\n<table border=\"1\" width=\"94%\" cellspacing=\"0\" cellpadding=\"0\">\n<tbody>\n<tr class=\"firstRow\">\n<td><strong>Especificaciones principales<\/strong><\/td>\n<td>&nbsp;<\/td>\n<\/tr>\n<tr>\n<td>Capacidad de carga nominal<\/td>\n<td>5.000 kg<\/td>\n<\/tr>\n<tr>\n<td>Peso operativo<\/td>\n<td>17.100 kg<\/td>\n<\/tr>\n<tr>\n<td>Capacidades del cuchar\u00f3n<\/td>\n<td>2,7-4,5 m\u00b3<\/td>\n<\/tr>\n<tr>\n<td>Dimensiones generales L*W*H<\/td>\n<td>8247x3068x3416mm<\/td>\n<\/tr>\n<tr>\n<td><strong>Motor<\/strong><\/td>\n<td>&nbsp;<\/td>\n<\/tr>\n<tr>\n<td>Modelo<\/td>\n<td>WD10G220E<\/td>\n<\/tr>\n<tr>\n<td>Potencia bruta nominal<\/td>\n<td>162 kW\/217 caballos de fuerza<\/td>\n<\/tr>\n<tr>\n<td>Par m\u00e1ximo<\/td>\n<td>920 nm<\/td>\n<\/tr>\n<tr>\n<td><strong>Especificaciones de funcionamiento<\/strong><\/td>\n<td>&nbsp;<\/td>\n<\/tr>\n<tr>\n<td>Fuerza de tracci\u00f3n m\u00e1x.<\/td>\n<td>157 kN<\/td>\n<\/tr>\n<tr>\n<td>Fuerza de ruptura<\/td>\n<td>163 kN<\/td>\n<\/tr>\n<tr>\n<td>Ajuste de presi\u00f3n del sistema hidr\u00e1ulico<\/td>\n<td>19MPa<\/td>\n<\/tr>\n<tr>\n<td>Tiempos de ciclo hidr\u00e1ulico<\/td>\n<td>10,4 s<\/td>\n<\/tr>\n<tr>\n<td><strong>Sistema de direcci\u00f3n<\/strong><\/td>\n<td>&nbsp;<\/td>\n<\/tr>\n<tr>\n<td>\u00c1ngulo de direcci\u00f3n izquierda\/derecha<\/td>\n<td>38\u00ba\u00b11\u00ba<\/td>\n<\/tr>\n<tr>\n<td>Radio de giro m\u00ednimo sobre el neum\u00e1tico trasero<\/td>\n<td>5.917 mm<\/td>\n<\/tr>\n<tr>\n<td>Radio de giro m\u00ednimo sobre el cuchar\u00f3n<\/td>\n<td>6.931 mm<\/td>\n<\/tr>\n<tr>\n<td><strong>Transmisi\u00f3n<\/strong><\/td>\n<td>SEM TR200<\/td>\n<\/tr>\n<tr>\n<td>Tipo<\/td>\n<td>Servotransmisi\u00f3n del contraeje<\/td>\n<\/tr>\n<tr>\n<td>Engranajes<\/td>\n<td>F4\/R4<\/td>\n<\/tr>\n<tr>\n<td><strong>Eje<\/strong><\/td>\n<td>&nbsp;<\/td>\n<\/tr>\n<tr>\n<td>Marca<\/td>\n<td>MEB SO32<\/td>\n<\/tr>\n<tr>\n<td>Frente<\/td>\n<td>Fijado con pinzas<\/td>\n<\/tr>\n<tr>\n<td>Trasero<\/td>\n<td>Fijo con Osc.Frame y Calibradores<\/td>\n<\/tr>\n<tr>\n<td><strong>Sistema de frenos<\/strong><\/td>\n<td>&nbsp;<\/td>\n<\/tr>\n<tr>\n<td>Freno de servicio<\/td>\n<td>Seco y calibrador, control de aire a aceite<\/td>\n<\/tr>\n<tr>\n<td>Freno de mano<\/td>\n<td>Freno de zapata tipo tambor, aplicado por resorte y liberado por aire<\/td>\n<\/tr>\n<tr>\n<td><strong>Llantas<\/strong><\/td>\n<td>&nbsp;<\/td>\n<\/tr>\n<tr>\n<td>Tama\u00f1o<\/td>\n<td>23.5-25<\/td>\n<\/tr>\n<tr>\n<td>Tipo<\/td>\n<td>Inclinaci\u00f3n<\/td>\n<\/tr>\n<\/tbody>\n<\/table>\n<div><strong>Servicio postventa:<\/strong><\/div>\n<div><strong>Cualquier peque\u00f1a pregunta se resolver\u00e1 en el momento m\u00e1s oportuno.<\/strong><\/div>\n<div><strong>Para obtener m\u00e1s detalles, no dude en ponerse en contacto conmigo.<\/strong><\/div>","protected":false},"excerpt":{"rendered":"<p>Hot Sale 5 Ton SEM Wheel Loader Main Specifications &nbsp; Rated Load Capacity 5,000 kg Operating Weight 17,100 kg Bucket Capacities 2.7-4.5 m&amp;sup3; Overall Dimensions L*W*H 8247x3068x3416mm Engine &nbsp; Model WD10G220E Rated Gross Power 162 kW\/217 hp Peak Torque 920 Nm Operating Specifications &nbsp; Max.Rimpull 157 kN Breakout Force 163 kN Hydraulic System Pressure Setting [&hellip;]<\/p>","protected":false},"featured_media":2345,"template":"","meta":{"site-sidebar-layout":"default","site-content-layout":"default","ast-site-content-layout":"default","site-content-style":"default","site-sidebar-style":"default","ast-global-header-display":"","ast-banner-title-visibility":"","ast-main-header-display":"","ast-hfb-above-header-display":"","ast-hfb-below-header-display":"","ast-hfb-mobile-header-display":"","site-post-title":"","ast-breadcrumbs-content":"","ast-featured-img":"","footer-sml-layout":"","ast-disable-related-posts":"","theme-transparent-header-meta":"default","adv-header-id-meta":"","stick-header-meta":"","header-above-stick-meta":"","header-main-stick-meta":"","header-below-stick-meta":"","astra-migrate-meta-layouts":"default","ast-page-background-enabled":"default","ast-page-background-meta":{"desktop":{"background-color":"","background-image":"","background-repeat":"repeat","background-position":"center center","background-size":"auto","background-attachment":"scroll","background-type":"","background-media":"","overlay-type":"","overlay-color":"","overlay-opacity":"","overlay-gradient":""},"tablet":{"background-color":"","background-image":"","background-repeat":"repeat","background-position":"center center","background-size":"auto","background-attachment":"scroll","background-type":"","background-media":"","overlay-type":"","overlay-color":"","overlay-opacity":"","overlay-gradient":""},"mobile":{"background-color":"","background-image":"","background-repeat":"repeat","background-position":"center center","background-size":"auto","background-attachment":"scroll","background-type":"","background-media":"","overlay-type":"","overlay-color":"","overlay-opacity":"","overlay-gradient":""}},"ast-content-background-meta":{"desktop":{"background-color":"var(--ast-global-color-5)","background-image":"","background-repeat":"repeat","background-position":"center center","background-size":"auto","background-attachment":"scroll","background-type":"","background-media":"","overlay-type":"","overlay-color":"","overlay-opacity":"","overlay-gradient":""},"tablet":{"background-color":"var(--ast-global-color-5)","background-image":"","background-repeat":"repeat","background-position":"center center","background-size":"auto","background-attachment":"scroll","background-type":"","background-media":"","overlay-type":"","overlay-color":"","overlay-opacity":"","overlay-gradient":""},"mobile":{"background-color":"var(--ast-global-color-5)","background-image":"","background-repeat":"repeat","background-position":"center center","background-size":"auto","background-attachment":"scroll","background-type":"","background-media":"","overlay-type":"","overlay-color":"","overlay-opacity":"","overlay-gradient":""}}},"product_brand":[],"product_cat":[28],"product_tag":[],"class_list":{"0":"post-2344","1":"product","2":"type-product","3":"status-publish","4":"has-post-thumbnail","6":"product_cat-excavator","7":"desktop-align-left","8":"tablet-align-left","9":"mobile-align-left","11":"first","12":"instock","13":"shipping-taxable","14":"product-type-simple"},"_links":{"self":[{"href":"https:\/\/satisfybot.com\/es\/wp-json\/wp\/v2\/product\/2344","targetHints":{"allow":["GET"]}}],"collection":[{"href":"https:\/\/satisfybot.com\/es\/wp-json\/wp\/v2\/product"}],"about":[{"href":"https:\/\/satisfybot.com\/es\/wp-json\/wp\/v2\/types\/product"}],"version-history":[{"count":0,"href":"https:\/\/satisfybot.com\/es\/wp-json\/wp\/v2\/product\/2344\/revisions"}],"wp:featuredmedia":[{"embeddable":true,"href":"https:\/\/satisfybot.com\/es\/wp-json\/wp\/v2\/media\/2345"}],"wp:attachment":[{"href":"https:\/\/satisfybot.com\/es\/wp-json\/wp\/v2\/media?parent=2344"}],"wp:term":[{"taxonomy":"product_brand","embeddable":true,"href":"https:\/\/satisfybot.com\/es\/wp-json\/wp\/v2\/product_brand?post=2344"},{"taxonomy":"product_cat","embeddable":true,"href":"https:\/\/satisfybot.com\/es\/wp-json\/wp\/v2\/product_cat?post=2344"},{"taxonomy":"product_tag","embeddable":true,"href":"https:\/\/satisfybot.com\/es\/wp-json\/wp\/v2\/product_tag?post=2344"}],"curies":[{"name":"wp","href":"https:\/\/api.w.org\/{rel}","templated":true}]}}