{"id":2352,"date":"2023-06-30T08:48:37","date_gmt":"2023-06-30T08:48:37","guid":{"rendered":"https:\/\/satisfybot.com\/?post_type=product&#038;p=2352"},"modified":"2023-06-30T08:59:03","modified_gmt":"2023-06-30T08:59:03","slug":"xcmg-zl50gn-ce-approved-5-ton-shovel-front-end-wheel-loader","status":"publish","type":"product","link":"https:\/\/satisfybot.com\/es\/producto\/xcmg-zl50gn-ce-approved-5-ton-shovel-front-end-wheel-loader\/","title":{"rendered":"XCMG Zl50gn Pala cargadora frontal de ruedas de 5 toneladas con aprobaci\u00f3n CE"},"content":{"rendered":"<p>Partes opcionales:<br \/>\n* Pinzas de agarre para hierba \/ Horquilla deslizante \/ Cuchar\u00f3n est\u00e1ndar \/ Descarga lateral \/ Cuchar\u00f3n de hoja de material ligero 3,5 m3 \/ 4 m3 \/ 4,5 m3, cuchar\u00f3n de 2,5 m3.<\/p>\n<p>Descripci\u00f3n del producto:<\/p>\n<p>La cargadora de ruedas XCMG ZL50GN es el modelo m\u00e1s popular de cargadora de ruedas China 5t. Ahora ZL50GN se est\u00e1 actualizando al nuevo modelo ZL50GV equipado con motor EURO III con inyector el\u00e9ctrico, el nuevo modelo tendr\u00e1 un alto rendimiento.<\/p>\n<p>El cargador de ruedas ZL50GN es el \u00faltimo producto de generaci\u00f3n cruzada desarrollado, el equipo de primera elecci\u00f3n para la organizaci\u00f3n de producci\u00f3n en los campos de puertos, construcciones de ingenier\u00eda y log\u00edstica.<\/p>\n<p>Aspectos destacados del rendimiento:<\/p>\n<p>1. El dispositivo de trabajo y el marco delantero y trasero cuentan con un tablero grueso de alta resistencia, distribuci\u00f3n razonable y gran capacidad de carga.<\/p>\n<p>2. El cuchar\u00f3n con capacidad de 2,5 m\u00b3 se mejora en t\u00e9rminos de eficiencia de trabajo y adaptaci\u00f3n. Los dientes de la cuchara adoptan la estructura de portadientes y manguito. La hoja de corte y el borde del cuchar\u00f3n est\u00e1n equipados con un dispositivo de protecci\u00f3n que presenta una excelente resistencia a la abrasi\u00f3n y a los golpes.<\/p>\n<p>3. El grosor de la leng\u00fceta del marco frontal y el z\u00f3calo es de 70 mm, y el grosor del tablero articulado hacia arriba y hacia abajo es de 30 mm. La m\u00e1quina es superior entre los productos del mismo tipo en t\u00e9rminos de resistencia estructural y capacidad de carga.<\/p>\n<p>La fuerza de arranque de 4.160 kN maneja todo tipo de materiales con facilidad, la capacidad de descarga de \u22653,5 m de altura maneja las condiciones severas con facilidad.<\/p>\n<table width=\"736\">\n<colgroup>\n<col \/>\n<col \/>\n<col \/><\/colgroup>\n<tbody>\n<tr class=\"firstRow\">\n<td width=\"264\" height=\"19\"><strong>Descripci\u00f3n<\/strong><\/td>\n<td width=\"142\" height=\"19\"><strong>Unidad<\/strong><\/td>\n<td width=\"308\" height=\"19\"><strong>ZL50GN<\/strong><\/td>\n<\/tr>\n<tr>\n<td width=\"264\">Carga operativa nominal<\/td>\n<td width=\"142\">kg<\/td>\n<td width=\"308\">5000<\/td>\n<\/tr>\n<tr>\n<td width=\"264\">Capacidad de la cuchara<\/td>\n<td width=\"142\">m\u00b3<\/td>\n<td width=\"308\">2.5~4.5<\/td>\n<\/tr>\n<tr>\n<td width=\"264\">Peso de la m\u00e1quina<\/td>\n<td width=\"142\">kg<\/td>\n<td width=\"308\">17500\u00b1300<\/td>\n<\/tr>\n<tr>\n<td width=\"264\">Espacio libre de descarga con elevaci\u00f3n m\u00e1xima<\/td>\n<td width=\"142\">mil\u00edmetro<\/td>\n<td width=\"308\">3100~3780<\/td>\n<\/tr>\n<tr>\n<td width=\"264\">Alcance en elevaci\u00f3n m\u00e1xima<\/td>\n<td width=\"142\">mil\u00edmetro<\/td>\n<td width=\"308\">1100~1220<\/td>\n<\/tr>\n<tr>\n<td width=\"264\">Distancia entre ejes<\/td>\n<td width=\"142\">mil\u00edmetro<\/td>\n<td width=\"308\">3300<\/td>\n<\/tr>\n<tr>\n<td width=\"264\">Huella<\/td>\n<td width=\"142\">mil\u00edmetro<\/td>\n<td width=\"308\">2250<\/td>\n<\/tr>\n<tr>\n<td width=\"264\">Fuerza de ruptura m\u00e1x.<\/td>\n<td width=\"142\">kN<\/td>\n<td width=\"308\">175\u00b15<\/td>\n<\/tr>\n<tr>\n<td width=\"264\">Caballos de fuerza m\u00e1x.<\/td>\n<td width=\"142\">kN<\/td>\n<td width=\"308\">160\u00b15<\/td>\n<\/tr>\n<tr>\n<td width=\"264\">Aumento del tiempo del ciclo hidr\u00e1ulico<\/td>\n<td width=\"142\">s<\/td>\n<td width=\"308\">\u22646<\/td>\n<\/tr>\n<tr>\n<td width=\"264\">Tiempo total del ciclo hidr\u00e1ulico<\/td>\n<td width=\"142\">s<\/td>\n<td width=\"308\">\u226410.5<\/td>\n<\/tr>\n<tr>\n<td width=\"264\">m\u00edn. radio de giro sobre neum\u00e1ticos<\/td>\n<td width=\"142\">mil\u00edmetro<\/td>\n<td width=\"308\">5925\u00b150<\/td>\n<\/tr>\n<tr>\n<td width=\"264\">\u00c1ngulo de articulaci\u00f3n<\/td>\n<td width=\"142\">\u00b0<\/td>\n<td width=\"308\">38<\/td>\n<\/tr>\n<tr>\n<td width=\"264\">Trepabilidad<\/td>\n<td width=\"142\">\u00b0<\/td>\n<td width=\"308\">30<\/td>\n<\/tr>\n<tr>\n<td width=\"264\">Tama\u00f1o de los neum\u00e1ticos<\/td>\n<td width=\"142\"><\/td>\n<td width=\"308\">23.5-25-16 PR<\/td>\n<\/tr>\n<tr>\n<td width=\"264\">Dimensi\u00f3n total de la m\u00e1quina L\u00d7W\u00d7H<\/td>\n<td width=\"142\">mil\u00edmetro<\/td>\n<td width=\"308\">8225\u00d73016\u00d73515<\/td>\n<\/tr>\n<tr>\n<td width=\"264\">Modelo<\/td>\n<td width=\"142\"><\/td>\n<td width=\"308\">\u00a0WD10G220E21<\/td>\n<\/tr>\n<tr>\n<td width=\"264\">Potencia nominal<\/td>\n<td width=\"142\">kilovatios<\/td>\n<td width=\"308\">162<\/td>\n<\/tr>\n<tr>\n<td width=\"264\">Velocidad de viaje<\/td>\n<td width=\"142\">1 marcha (F\/R)<\/td>\n<td width=\"308\">13\/17 km\/h<\/td>\n<\/tr>\n<tr>\n<td width=\"264\"><\/td>\n<td width=\"142\">2 marchas (F)<\/td>\n<td width=\"308\">41 km\/h<\/td>\n<\/tr>\n<\/tbody>\n<\/table>","protected":false},"excerpt":{"rendered":"<p>Optional parts: * Grasping grass pliers \/ Sliding fork \/ Standard bucket\/ Side dumping \/ Light material Blade bucket 3.5m3 \/4m3\/4.5m3,2.5m3 bucket. Product Overview: XCMG wheel loader ZL50GN is the most popular model of China 5t wheel loader,Now ZL50GN is upgrading to new model ZL50GV equipped with EURO III engine with electric injector, new model [&hellip;]<\/p>","protected":false},"featured_media":2354,"template":"","meta":{"site-sidebar-layout":"default","site-content-layout":"default","ast-site-content-layout":"default","site-content-style":"default","site-sidebar-style":"default","ast-global-header-display":"","ast-banner-title-visibility":"","ast-main-header-display":"","ast-hfb-above-header-display":"","ast-hfb-below-header-display":"","ast-hfb-mobile-header-display":"","site-post-title":"","ast-breadcrumbs-content":"","ast-featured-img":"","footer-sml-layout":"","ast-disable-related-posts":"","theme-transparent-header-meta":"default","adv-header-id-meta":"","stick-header-meta":"","header-above-stick-meta":"","header-main-stick-meta":"","header-below-stick-meta":"","astra-migrate-meta-layouts":"default","ast-page-background-enabled":"default","ast-page-background-meta":{"desktop":{"background-color":"","background-image":"","background-repeat":"repeat","background-position":"center center","background-size":"auto","background-attachment":"scroll","background-type":"","background-media":"","overlay-type":"","overlay-color":"","overlay-opacity":"","overlay-gradient":""},"tablet":{"background-color":"","background-image":"","background-repeat":"repeat","background-position":"center center","background-size":"auto","background-attachment":"scroll","background-type":"","background-media":"","overlay-type":"","overlay-color":"","overlay-opacity":"","overlay-gradient":""},"mobile":{"background-color":"","background-image":"","background-repeat":"repeat","background-position":"center center","background-size":"auto","background-attachment":"scroll","background-type":"","background-media":"","overlay-type":"","overlay-color":"","overlay-opacity":"","overlay-gradient":""}},"ast-content-background-meta":{"desktop":{"background-color":"var(--ast-global-color-5)","background-image":"","background-repeat":"repeat","background-position":"center center","background-size":"auto","background-attachment":"scroll","background-type":"","background-media":"","overlay-type":"","overlay-color":"","overlay-opacity":"","overlay-gradient":""},"tablet":{"background-color":"var(--ast-global-color-5)","background-image":"","background-repeat":"repeat","background-position":"center center","background-size":"auto","background-attachment":"scroll","background-type":"","background-media":"","overlay-type":"","overlay-color":"","overlay-opacity":"","overlay-gradient":""},"mobile":{"background-color":"var(--ast-global-color-5)","background-image":"","background-repeat":"repeat","background-position":"center center","background-size":"auto","background-attachment":"scroll","background-type":"","background-media":"","overlay-type":"","overlay-color":"","overlay-opacity":"","overlay-gradient":""}}},"product_brand":[],"product_cat":[28],"product_tag":[],"class_list":{"0":"post-2352","1":"product","2":"type-product","3":"status-publish","4":"has-post-thumbnail","6":"product_cat-excavator","7":"desktop-align-left","8":"tablet-align-left","9":"mobile-align-left","11":"first","12":"instock","13":"shipping-taxable","14":"product-type-simple"},"_links":{"self":[{"href":"https:\/\/satisfybot.com\/es\/wp-json\/wp\/v2\/product\/2352","targetHints":{"allow":["GET"]}}],"collection":[{"href":"https:\/\/satisfybot.com\/es\/wp-json\/wp\/v2\/product"}],"about":[{"href":"https:\/\/satisfybot.com\/es\/wp-json\/wp\/v2\/types\/product"}],"version-history":[{"count":0,"href":"https:\/\/satisfybot.com\/es\/wp-json\/wp\/v2\/product\/2352\/revisions"}],"wp:featuredmedia":[{"embeddable":true,"href":"https:\/\/satisfybot.com\/es\/wp-json\/wp\/v2\/media\/2354"}],"wp:attachment":[{"href":"https:\/\/satisfybot.com\/es\/wp-json\/wp\/v2\/media?parent=2352"}],"wp:term":[{"taxonomy":"product_brand","embeddable":true,"href":"https:\/\/satisfybot.com\/es\/wp-json\/wp\/v2\/product_brand?post=2352"},{"taxonomy":"product_cat","embeddable":true,"href":"https:\/\/satisfybot.com\/es\/wp-json\/wp\/v2\/product_cat?post=2352"},{"taxonomy":"product_tag","embeddable":true,"href":"https:\/\/satisfybot.com\/es\/wp-json\/wp\/v2\/product_tag?post=2352"}],"curies":[{"name":"wp","href":"https:\/\/api.w.org\/{rel}","templated":true}]}}