{"id":2360,"date":"2023-06-30T16:00:09","date_gmt":"2023-06-30T16:00:09","guid":{"rendered":"https:\/\/satisfybot.com\/?post_type=product&#038;p=2360"},"modified":"2023-06-30T16:06:08","modified_gmt":"2023-06-30T16:06:08","slug":"sinotruk-10-wheel-howo-mining-tipper-truck","status":"publish","type":"product","link":"https:\/\/satisfybot.com\/es\/producto\/sinotruk-10-wheel-howo-mining-tipper-truck\/","title":{"rendered":"Cami\u00f3n volquete de miner\u00eda howo sinotruk de 10 ruedas"},"content":{"rendered":"<p>SINOTRUK HOWO 6*4 Volquete LHD<\/p>\n<p>Modelo:ZZ3257N3647A<\/p>\n<p>Motor:336cv EUROII<\/p>\n<p>Transmisi\u00f3n: HW19710,10 adelante,<\/p>\n<p>2 inversa<\/p>\n<p>Eje delantero: HF9, freno tipo tambor<\/p>\n<p>Eje trasero: HC16, relaci\u00f3n de transmisi\u00f3n 5,73<\/p>\n<p>Direcci\u00f3n: ZF8118<\/p>\n<p>Neum\u00e1ticos: 12.00R20, con un neum\u00e1tico de repuesto<\/p>\n<p>Cisterna de combustible: 300L<\/p>\n<p>HW76 Cabina con litera individual, con aire acondicionado<\/p>\n<p>Tama\u00f1o de carga: 5400*2300*1500mm<\/p>\n<p>Elevaci\u00f3n media tipo T, tipo fuerte<\/p>\n<p>fondo 8 mm, lado 6 mm.<\/p>\n<p>&nbsp;<\/p>\n<table width=\"700\" cellspacing=\"0\">\n<tbody>\n<tr class=\"firstRow\">\n<td colspan=\"2\" valign=\"top\" width=\"700\">\u00a0\u00a0\u00a0\u00a0\u00a0\u00a0\u00a0\u00a0\u00a0\u00a0\u00a0\u00a0\u00a0\u00a0\u00a0\u00a0\u00a0\u00a0\u00a0\u00a0\u00a0\u00a0\u00a0Cami\u00f3n volquete Sinotruk howo 6*4<\/td>\n<\/tr>\n<tr>\n<td valign=\"top\" width=\"121\">Modelo de chasis<\/td>\n<td valign=\"top\" width=\"579\">ZZ3257N3647A1 (Tipo de conducci\u00f3n a la izquierda)<\/td>\n<\/tr>\n<tr>\n<td valign=\"top\" width=\"121\">A\u00f1o productivo<\/td>\n<td valign=\"top\" width=\"579\">2018, cami\u00f3n nuevo<\/td>\n<\/tr>\n<tr>\n<td valign=\"top\" width=\"121\">Cabina<\/td>\n<td valign=\"top\" width=\"579\">Cabina HW76, con una cama y dos asientos, sistema de limpiaparabrisas de 2 brazos con tres velocidades, asiento del conductor ajustable amortiguado, con sistema de calefacci\u00f3n y ventilaci\u00f3n, parasol exterior, cinturones de seguridad, volante ajustable, bocina de aire, aire acondicionado, con estabilizador transversal, con soporte de 4 puntos suspensi\u00f3n flotante + amortiguador. Marca del motor: Motor diesel de inyecci\u00f3n directa de 4 tiempos SINOTRUK Diesel<\/td>\n<\/tr>\n<tr>\n<td valign=\"top\" width=\"121\">Motor<\/td>\n<td valign=\"top\" width=\"579\">Marca: SINOTRUK<\/p>\n<p>Motor di\u00e9sel de inyecci\u00f3n directa de 4 tiempos di\u00e9sel<\/p>\n<p>Modelo de motor: WD615.47, Euro 2, 336 CV<\/p>\n<p>6 cilindros en l\u00ednea con refrigeraci\u00f3n por agua, turboalimentaci\u00f3n e intercooling Cilindrada: 9,726 L<\/td>\n<\/tr>\n<tr>\n<td valign=\"top\" width=\"121\">Transmisi\u00f3n<\/td>\n<td valign=\"top\" width=\"579\">HW19710, 10F y 2R, con relaci\u00f3n de TDF: 14,28, 10,62, 7,87, 5,88, 4,38, 3,27, 2,43, 1,80, 1,34, 1,00, 13,91(R1), 3,18(R2)<\/td>\n<\/tr>\n<tr>\n<td valign=\"top\" width=\"121\">Direccion<\/td>\n<td valign=\"top\" width=\"579\">Direcci\u00f3n asistida ZF, modelo ZF8118, direcci\u00f3n hidr\u00e1ulica con asistencia el\u00e9ctrica<\/td>\n<\/tr>\n<tr>\n<td valign=\"top\" width=\"121\">Eje frontal<\/td>\n<td valign=\"top\" width=\"579\">HF9, 1\u00d79000 KGS Direcci\u00f3n con viga de doble secci\u00f3n transversal<\/td>\n<\/tr>\n<tr>\n<td valign=\"top\" width=\"121\">Eje posterior<\/td>\n<td valign=\"top\" width=\"579\">HC16, 2\u00d716000 KG<\/p>\n<p>Caja de eje prensada, reducci\u00f3n simple central con reducci\u00f3n de cubo y con bloqueos de diferencial entre ruedas y ejes.<\/p>\n<p>Relaci\u00f3n: 5,73<\/td>\n<\/tr>\n<tr>\n<td valign=\"top\" width=\"121\">\u00c1rbol de transmisi\u00f3n<\/td>\n<td valign=\"top\" width=\"579\">Eje de transmisi\u00f3n de doble junta universal con brida de acoplamiento en forma de engranaje<\/td>\n<\/tr>\n<tr>\n<td valign=\"top\" width=\"121\">Chasis<\/td>\n<td valign=\"top\" width=\"579\">Bastidor: Bastidor de escalera paralelo de perfil en U con secci\u00f3n de 300x80x8mm+8, y contrachasis reforzado todos los travesa\u00f1os remachados en fr\u00edo<\/p>\n<p>Suspensi\u00f3n delantera: 10 ballestas semiel\u00edpticas, amortiguador hidr\u00e1ulico telesc\u00f3pico de doble acci\u00f3n y estabilizador<\/p>\n<p>Suspensi\u00f3n trasera: Muelles semiel\u00edpticos de 15 hojas, muelle de bogie y estabilizador<\/td>\n<\/tr>\n<tr>\n<td valign=\"top\" width=\"121\">Freno<\/td>\n<td valign=\"top\" width=\"579\">Freno de servicio: freno de aire comprimido de doble circuito<\/p>\n<p>Freno de estacionamiento (freno de emergencia): energ\u00eda de resorte, aire comprimido que opera en el eje delantero y las ruedas traseras<\/p>\n<p>Freno auxiliar: freno de escape del motor<\/td>\n<\/tr>\n<tr>\n<td valign=\"top\" width=\"121\">Electricidad<\/td>\n<td valign=\"top\" width=\"579\">Voltaje de funcionamiento: 24 V, conexi\u00f3n a tierra negativa<\/p>\n<p>Arrancador: 24 V, 5,4 Kw<\/p>\n<p>Alternador: trif\u00e1sico, 28 V, 1500 W<\/p>\n<p>Bater\u00edas: 2 x 12 V, 165 Ah<\/p>\n<p>Encendedor, claxon, faros, faros antiniebla, luces de freno, intermitentes y luz de marcha atr\u00e1s<\/td>\n<\/tr>\n<tr>\n<td valign=\"top\" width=\"121\">Dep\u00f3sito de combustible<\/td>\n<td valign=\"top\" width=\"579\">\u00a0300L<\/td>\n<\/tr>\n<tr>\n<td valign=\"top\" width=\"121\">Neum\u00e1tico<\/td>\n<td valign=\"top\" width=\"579\">12.00R20, neum\u00e1tico radial 10+1<\/td>\n<\/tr>\n<tr>\n<td valign=\"top\" width=\"121\">Color<\/td>\n<td valign=\"top\" width=\"579\">Amarillo<\/td>\n<\/tr>\n<tr>\n<td valign=\"top\" width=\"121\">cuerpo de carga<\/td>\n<td valign=\"top\" width=\"579\">5400x2300x1500mm. 18,63 metros c\u00fabicos. Piso 8 mm Lado 6 mm.<\/td>\n<\/tr>\n<tr>\n<td valign=\"top\" width=\"121\">Dimensi\u00f3n global<\/td>\n<td valign=\"top\" width=\"579\">8400*2550*3500mm<\/td>\n<\/tr>\n<\/tbody>\n<\/table>","protected":false},"excerpt":{"rendered":"<p>SINOTRUK HOWO 6*4 Tipper LHD Model:ZZ3257N3647A Engine:336hp EUROII Transmission:HW19710,10 forward, 2 reverse Front axle:HF9,drum type brake Rear axle:HC16, gear ratio 5.73 Steering:ZF8118 Tires:12.00R20, with one spare tire Fuel tanker:300L HW76 Cab with single bunk, with A\/C Cargo size:5400*2300*1500mm T type middle lift, strong type bottom 8mm,side 6mm. &nbsp; \u00a0\u00a0\u00a0\u00a0\u00a0\u00a0\u00a0\u00a0\u00a0\u00a0\u00a0\u00a0\u00a0\u00a0\u00a0\u00a0\u00a0\u00a0\u00a0\u00a0\u00a0\u00a0\u00a0Sinotruk howo 6*4 dump truck Chassis model [&hellip;]<\/p>","protected":false},"featured_media":2362,"template":"","meta":{"site-sidebar-layout":"default","site-content-layout":"default","ast-site-content-layout":"default","site-content-style":"default","site-sidebar-style":"default","ast-global-header-display":"","ast-banner-title-visibility":"","ast-main-header-display":"","ast-hfb-above-header-display":"","ast-hfb-below-header-display":"","ast-hfb-mobile-header-display":"","site-post-title":"","ast-breadcrumbs-content":"","ast-featured-img":"","footer-sml-layout":"","ast-disable-related-posts":"","theme-transparent-header-meta":"default","adv-header-id-meta":"","stick-header-meta":"","header-above-stick-meta":"","header-main-stick-meta":"","header-below-stick-meta":"","astra-migrate-meta-layouts":"default","ast-page-background-enabled":"default","ast-page-background-meta":{"desktop":{"background-color":"","background-image":"","background-repeat":"repeat","background-position":"center center","background-size":"auto","background-attachment":"scroll","background-type":"","background-media":"","overlay-type":"","overlay-color":"","overlay-opacity":"","overlay-gradient":""},"tablet":{"background-color":"","background-image":"","background-repeat":"repeat","background-position":"center center","background-size":"auto","background-attachment":"scroll","background-type":"","background-media":"","overlay-type":"","overlay-color":"","overlay-opacity":"","overlay-gradient":""},"mobile":{"background-color":"","background-image":"","background-repeat":"repeat","background-position":"center center","background-size":"auto","background-attachment":"scroll","background-type":"","background-media":"","overlay-type":"","overlay-color":"","overlay-opacity":"","overlay-gradient":""}},"ast-content-background-meta":{"desktop":{"background-color":"var(--ast-global-color-5)","background-image":"","background-repeat":"repeat","background-position":"center center","background-size":"auto","background-attachment":"scroll","background-type":"","background-media":"","overlay-type":"","overlay-color":"","overlay-opacity":"","overlay-gradient":""},"tablet":{"background-color":"var(--ast-global-color-5)","background-image":"","background-repeat":"repeat","background-position":"center center","background-size":"auto","background-attachment":"scroll","background-type":"","background-media":"","overlay-type":"","overlay-color":"","overlay-opacity":"","overlay-gradient":""},"mobile":{"background-color":"var(--ast-global-color-5)","background-image":"","background-repeat":"repeat","background-position":"center center","background-size":"auto","background-attachment":"scroll","background-type":"","background-media":"","overlay-type":"","overlay-color":"","overlay-opacity":"","overlay-gradient":""}}},"product_brand":[],"product_cat":[23],"product_tag":[],"class_list":{"0":"post-2360","1":"product","2":"type-product","3":"status-publish","4":"has-post-thumbnail","6":"product_cat-dump-truck","7":"desktop-align-left","8":"tablet-align-left","9":"mobile-align-left","11":"first","12":"instock","13":"shipping-taxable","14":"product-type-simple"},"_links":{"self":[{"href":"https:\/\/satisfybot.com\/es\/wp-json\/wp\/v2\/product\/2360","targetHints":{"allow":["GET"]}}],"collection":[{"href":"https:\/\/satisfybot.com\/es\/wp-json\/wp\/v2\/product"}],"about":[{"href":"https:\/\/satisfybot.com\/es\/wp-json\/wp\/v2\/types\/product"}],"version-history":[{"count":0,"href":"https:\/\/satisfybot.com\/es\/wp-json\/wp\/v2\/product\/2360\/revisions"}],"wp:featuredmedia":[{"embeddable":true,"href":"https:\/\/satisfybot.com\/es\/wp-json\/wp\/v2\/media\/2362"}],"wp:attachment":[{"href":"https:\/\/satisfybot.com\/es\/wp-json\/wp\/v2\/media?parent=2360"}],"wp:term":[{"taxonomy":"product_brand","embeddable":true,"href":"https:\/\/satisfybot.com\/es\/wp-json\/wp\/v2\/product_brand?post=2360"},{"taxonomy":"product_cat","embeddable":true,"href":"https:\/\/satisfybot.com\/es\/wp-json\/wp\/v2\/product_cat?post=2360"},{"taxonomy":"product_tag","embeddable":true,"href":"https:\/\/satisfybot.com\/es\/wp-json\/wp\/v2\/product_tag?post=2360"}],"curies":[{"name":"wp","href":"https:\/\/api.w.org\/{rel}","templated":true}]}}