{"id":2363,"date":"2023-06-30T16:09:51","date_gmt":"2023-06-30T16:09:51","guid":{"rendered":"https:\/\/satisfybot.com\/?post_type=product&#038;p=2363"},"modified":"2023-06-30T16:09:51","modified_gmt":"2023-06-30T16:09:51","slug":"sinotruk-howo-8x4-u-shape-mining-tipper-truck-40-50-ton","status":"publish","type":"product","link":"https:\/\/satisfybot.com\/es\/producto\/sinotruk-howo-8x4-u-shape-mining-tipper-truck-40-50-ton\/","title":{"rendered":"Cami\u00f3n volquete para miner\u00eda en forma de U de Sinotruk HOWO 8\u00d74 40-50 toneladas"},"content":{"rendered":"<p>Cami\u00f3n volquete para miner\u00eda en forma de U de Sinotruk HOWO 8\u00d74 40-50 toneladas<\/p>\n<p>Especificaciones principales:<\/p>\n<ol class=\"list-paddingleft-2\">\n<li>cabina HW76 con un dormitorio;<\/li>\n<li>Motor Weichai: 420HP;<\/li>\n<li>Balde en forma de U especialmente dise\u00f1ado para el transporte minero;<\/li>\n<li>Balde fuerte de gran espesor, suelo 12mm y lateral 10mm<\/li>\n<\/ol>\n<table width=\"556\">\n<tbody>\n<tr class=\"firstRow\">\n<td valign=\"center\" width=\"114\"><a name=\"OLE_LINK2\"><\/a>Modelo<\/td>\n<td colspan=\"2\" valign=\"center\" width=\"441\">ZZ3317V3567W<\/td>\n<\/tr>\n<tr>\n<td valign=\"center\" width=\"114\">Tipo de unidad<\/td>\n<td colspan=\"2\" valign=\"center\" width=\"441\">8\u00d74 Volante a la izquierda<\/td>\n<\/tr>\n<tr>\n<td rowspan=\"2\" valign=\"center\" width=\"114\">Taxi<\/td>\n<td valign=\"center\" width=\"161\">Tipo<\/td>\n<td valign=\"center\" width=\"281\">Cabina HW76 con un dormitorio<\/td>\n<\/tr>\n<tr>\n<td valign=\"center\" width=\"161\">Equipos<\/td>\n<td valign=\"center\" width=\"281\">2 luneta trasera, triforio mec\u00e1nico, cabina con suspensi\u00f3n hidr\u00e1ulica, silla hidr\u00e1ulica con cinturones de seguridad, una cama, cabina reversible hidr\u00e1ulica, con USB, puede reproducir transmisiones de radio y audio en formato MP3, equipada con aire acondicionado<\/td>\n<\/tr>\n<tr>\n<td rowspan=\"4\" valign=\"center\" width=\"114\">Principal del veh\u00edculo<br \/>\nDimensiones<\/td>\n<td valign=\"center\" width=\"161\">L x An x Al<\/td>\n<td valign=\"center\" width=\"281\">10245\u00d72496\u00d73170<\/td>\n<\/tr>\n<tr>\n<td valign=\"center\" width=\"161\">Distancia entre ejes (mm)<\/td>\n<td valign=\"center\" width=\"281\">1800+3500+1350<\/td>\n<\/tr>\n<tr>\n<td valign=\"center\" width=\"161\">Cami\u00f3n delantero\/trasero (mm)<\/td>\n<td valign=\"center\" width=\"281\">1500\/2095<\/td>\n<\/tr>\n<tr>\n<td valign=\"center\" width=\"161\">Aproximaci\u00f3n\/Salida(\u00b0)<\/td>\n<td valign=\"center\" width=\"281\">19\/18<\/td>\n<\/tr>\n<tr>\n<td rowspan=\"2\" valign=\"center\" width=\"114\">Peso<\/td>\n<td valign=\"center\" width=\"161\">Peso en vac\u00edo (kg)<\/td>\n<td valign=\"center\" width=\"281\">14860kg<\/td>\n<\/tr>\n<tr>\n<td valign=\"center\" width=\"161\">Masa total (kg)<\/td>\n<td valign=\"center\" width=\"281\">31000kg<\/td>\n<\/tr>\n<tr>\n<td rowspan=\"5\" valign=\"center\" width=\"114\">Motor<\/td>\n<td valign=\"center\" width=\"161\">Marca<\/td>\n<td valign=\"center\" width=\"281\">SINOTRUK<\/td>\n<\/tr>\n<tr>\n<td valign=\"center\" width=\"161\">Modelo<\/td>\n<td valign=\"center\" width=\"281\">D12.42<\/td>\n<\/tr>\n<tr>\n<td valign=\"center\" width=\"161\">Poder (kilovatios\/HP)<\/td>\n<td valign=\"center\" width=\"281\">309\/420<\/td>\n<\/tr>\n<tr>\n<td valign=\"center\" width=\"161\">Desplazamiento (L)<\/td>\n<td valign=\"center\" width=\"281\">11.596<\/td>\n<\/tr>\n<tr>\n<td valign=\"center\" width=\"161\">Est\u00e1ndar de emisi\u00f3n<\/td>\n<td valign=\"center\" width=\"281\">euro II<\/td>\n<\/tr>\n<tr>\n<td rowspan=\"4\" valign=\"center\" width=\"114\">Transmisi\u00f3n<\/td>\n<td valign=\"center\" width=\"161\">Marca<\/td>\n<td valign=\"center\" width=\"281\">SINOTRUK<\/td>\n<\/tr>\n<tr>\n<td valign=\"center\" width=\"161\">Modelo<\/td>\n<td valign=\"center\" width=\"281\">HW19710<\/td>\n<\/tr>\n<tr>\n<td valign=\"center\" width=\"161\">Tipo de control<\/td>\n<td valign=\"center\" width=\"281\">Manual<\/td>\n<\/tr>\n<tr>\n<td valign=\"center\" width=\"161\">Palanca de cambios<\/td>\n<td valign=\"center\" width=\"281\">10 velocidades de avance y 2 de reserva<\/td>\n<\/tr>\n<tr>\n<td valign=\"center\" width=\"114\">Embrague<\/td>\n<td valign=\"center\" width=\"161\">Di\u00e1metro (mm)<\/td>\n<td valign=\"center\" width=\"281\">430<\/td>\n<\/tr>\n<tr>\n<td valign=\"center\" width=\"114\">Direccion<\/td>\n<td colspan=\"2\" valign=\"center\" width=\"441\">ZF8118<\/td>\n<\/tr>\n<tr>\n<td rowspan=\"3\" valign=\"center\" width=\"114\">ejes<\/td>\n<td valign=\"center\" width=\"161\">Marca<\/td>\n<td valign=\"center\" width=\"281\">SINOTRUK<\/td>\n<\/tr>\n<tr>\n<td valign=\"center\" width=\"161\">eje delantero<\/td>\n<td valign=\"center\" width=\"281\">HF9<\/td>\n<\/tr>\n<tr>\n<td valign=\"center\" width=\"161\">eje trasero<\/td>\n<td valign=\"center\" width=\"281\">HC16, con relaci\u00f3n 4.8<\/td>\n<\/tr>\n<tr>\n<td valign=\"center\" width=\"114\">Llantas<\/td>\n<td valign=\"center\" width=\"161\">Tipo (est\u00e1ndar)<\/td>\n<td valign=\"center\" width=\"281\">12.00R20<\/td>\n<\/tr>\n<tr>\n<td rowspan=\"3\" valign=\"center\" width=\"114\">Cuerpo de volcado<\/td>\n<td valign=\"center\" width=\"161\">Dimensi\u00f3n de carga (mm)<\/td>\n<td valign=\"center\" width=\"281\">7300x2300x1200, 20CBM<\/td>\n<\/tr>\n<tr>\n<td valign=\"center\" width=\"161\">Espesor del cuerpo de acero<\/td>\n<td valign=\"center\" width=\"281\">Piso 12mm, lado 10mm<\/td>\n<\/tr>\n<tr>\n<td valign=\"center\" width=\"161\">Tipo de elevaci\u00f3n<\/td>\n<td valign=\"center\" width=\"281\">Volcado frontal<\/td>\n<\/tr>\n<\/tbody>\n<\/table>","protected":false},"excerpt":{"rendered":"<p>Sinotruk HOWO 8&#215;4 U Shape Mining Tipper Truck 40-50 Ton Main Spec.: HW76 cab with one sleeper; Weichai engine: 420HP; U-shape bucket specilied designed for mining transportation; Strong bucket with big thickness, floor 12mm and side 10mm Model ZZ3317V3567W Drive\u00a0type 8&#215;4 Left Hand Drive Cab Type HW76\u00a0cab\u00a0with\u00a0one sleeper Equipments 2rear window, mechanical clerestory, hydraulic suspension [&hellip;]<\/p>","protected":false},"featured_media":2364,"template":"","meta":{"site-sidebar-layout":"default","site-content-layout":"default","ast-site-content-layout":"default","site-content-style":"default","site-sidebar-style":"default","ast-global-header-display":"","ast-banner-title-visibility":"","ast-main-header-display":"","ast-hfb-above-header-display":"","ast-hfb-below-header-display":"","ast-hfb-mobile-header-display":"","site-post-title":"","ast-breadcrumbs-content":"","ast-featured-img":"","footer-sml-layout":"","ast-disable-related-posts":"","theme-transparent-header-meta":"default","adv-header-id-meta":"","stick-header-meta":"","header-above-stick-meta":"","header-main-stick-meta":"","header-below-stick-meta":"","astra-migrate-meta-layouts":"default","ast-page-background-enabled":"default","ast-page-background-meta":{"desktop":{"background-color":"","background-image":"","background-repeat":"repeat","background-position":"center center","background-size":"auto","background-attachment":"scroll","background-type":"","background-media":"","overlay-type":"","overlay-color":"","overlay-opacity":"","overlay-gradient":""},"tablet":{"background-color":"","background-image":"","background-repeat":"repeat","background-position":"center center","background-size":"auto","background-attachment":"scroll","background-type":"","background-media":"","overlay-type":"","overlay-color":"","overlay-opacity":"","overlay-gradient":""},"mobile":{"background-color":"","background-image":"","background-repeat":"repeat","background-position":"center center","background-size":"auto","background-attachment":"scroll","background-type":"","background-media":"","overlay-type":"","overlay-color":"","overlay-opacity":"","overlay-gradient":""}},"ast-content-background-meta":{"desktop":{"background-color":"var(--ast-global-color-5)","background-image":"","background-repeat":"repeat","background-position":"center center","background-size":"auto","background-attachment":"scroll","background-type":"","background-media":"","overlay-type":"","overlay-color":"","overlay-opacity":"","overlay-gradient":""},"tablet":{"background-color":"var(--ast-global-color-5)","background-image":"","background-repeat":"repeat","background-position":"center center","background-size":"auto","background-attachment":"scroll","background-type":"","background-media":"","overlay-type":"","overlay-color":"","overlay-opacity":"","overlay-gradient":""},"mobile":{"background-color":"var(--ast-global-color-5)","background-image":"","background-repeat":"repeat","background-position":"center center","background-size":"auto","background-attachment":"scroll","background-type":"","background-media":"","overlay-type":"","overlay-color":"","overlay-opacity":"","overlay-gradient":""}}},"product_brand":[],"product_cat":[23],"product_tag":[],"class_list":{"0":"post-2363","1":"product","2":"type-product","3":"status-publish","4":"has-post-thumbnail","6":"product_cat-dump-truck","7":"desktop-align-left","8":"tablet-align-left","9":"mobile-align-left","11":"first","12":"instock","13":"shipping-taxable","14":"product-type-simple"},"_links":{"self":[{"href":"https:\/\/satisfybot.com\/es\/wp-json\/wp\/v2\/product\/2363","targetHints":{"allow":["GET"]}}],"collection":[{"href":"https:\/\/satisfybot.com\/es\/wp-json\/wp\/v2\/product"}],"about":[{"href":"https:\/\/satisfybot.com\/es\/wp-json\/wp\/v2\/types\/product"}],"version-history":[{"count":0,"href":"https:\/\/satisfybot.com\/es\/wp-json\/wp\/v2\/product\/2363\/revisions"}],"wp:featuredmedia":[{"embeddable":true,"href":"https:\/\/satisfybot.com\/es\/wp-json\/wp\/v2\/media\/2364"}],"wp:attachment":[{"href":"https:\/\/satisfybot.com\/es\/wp-json\/wp\/v2\/media?parent=2363"}],"wp:term":[{"taxonomy":"product_brand","embeddable":true,"href":"https:\/\/satisfybot.com\/es\/wp-json\/wp\/v2\/product_brand?post=2363"},{"taxonomy":"product_cat","embeddable":true,"href":"https:\/\/satisfybot.com\/es\/wp-json\/wp\/v2\/product_cat?post=2363"},{"taxonomy":"product_tag","embeddable":true,"href":"https:\/\/satisfybot.com\/es\/wp-json\/wp\/v2\/product_tag?post=2363"}],"curies":[{"name":"wp","href":"https:\/\/api.w.org\/{rel}","templated":true}]}}