{"id":2365,"date":"2023-06-30T16:13:53","date_gmt":"2023-06-30T16:13:53","guid":{"rendered":"https:\/\/satisfybot.com\/?post_type=product&#038;p=2365"},"modified":"2023-06-30T16:13:53","modified_gmt":"2023-06-30T16:13:53","slug":"china-engineering-vehicle-sinotruk-howo-8x4-off-road-dump-trucks","status":"publish","type":"product","link":"https:\/\/satisfybot.com\/es\/producto\/china-engineering-vehicle-sinotruk-howo-8x4-off-road-dump-trucks\/","title":{"rendered":"Cami\u00f3n volquete todoterreno Sinotruk HOWO 8\u00d74 de veh\u00edculos de ingenier\u00eda de China"},"content":{"rendered":"<p><strong>Cami\u00f3n volquete todoterreno Sinotruk HOWO 8\u00d74 de veh\u00edculos de ingenier\u00eda de China<\/strong><\/p>\n<p>Especificaciones principales:<\/p>\n<p>1. La cabina HW76 o la cabina HW70 son opcionales;<\/p>\n<p>2. Motor Weichai, 290hp, 336hp, 371hp, 420hp son opcionales;<\/p>\n<p>3. Espesor del cuerpo de carga: piso 12 mm y lado 8 mm para uso minero o piso 8 mm y lado 6 mm para uso com\u00fan.<\/p>\n<p>4. Dimensiones del cuerpo de carga: 6200 mm, 6500 mm, 6800 mm, 7000 mm, 7300 mm, 7800 mm, 8200 mm, 8500 mm * 2300 mm * 1500 mm o seg\u00fan sus requisitos.<\/p>\n<p>Descripci\u00f3n del Producto:<\/p>\n<table width=\"556\">\n<tbody>\n<tr class=\"firstRow\">\n<td valign=\"center\" width=\"114\"><a name=\"OLE_LINK1\"><\/a>Modelo<\/td>\n<td colspan=\"3\" valign=\"center\" width=\"441\">ZZ3317N4867A<\/td>\n<\/tr>\n<tr>\n<td valign=\"center\" width=\"114\">Tipo de unidad<\/td>\n<td colspan=\"3\" valign=\"center\" width=\"441\">8\u00d74 Volante a la izquierda<\/td>\n<\/tr>\n<tr>\n<td rowspan=\"2\" valign=\"center\" width=\"114\">Taxi<\/td>\n<td valign=\"center\" width=\"161\">Tipo<\/td>\n<td colspan=\"2\" valign=\"center\" width=\"281\">HW76, techo plano con una cama para dormir<\/td>\n<\/tr>\n<tr>\n<td valign=\"center\" width=\"161\">Equipos<\/td>\n<td colspan=\"2\" valign=\"center\" width=\"281\">2 luneta trasera, triforio mec\u00e1nico, cabina con suspensi\u00f3n hidr\u00e1ulica, silla hidr\u00e1ulica con cintur\u00f3n de seguridad, una cama para dormir, cabina con inversi\u00f3n hidr\u00e1ulica, con USB, puede reproducir transmisiones de radio y audio en formato MP3, equipada con aire acondicionado<\/td>\n<\/tr>\n<tr>\n<td rowspan=\"4\" valign=\"center\" width=\"114\">Principal del veh\u00edculo<br \/>\nDimensiones<\/td>\n<td valign=\"center\" width=\"161\">L x An x Al<\/td>\n<td colspan=\"2\" valign=\"center\" width=\"281\">10745\u00d72496\u00d73406<\/td>\n<\/tr>\n<tr>\n<td valign=\"center\" width=\"161\">Distancia entre ejes (mm)<\/td>\n<td colspan=\"2\" valign=\"center\" width=\"281\">1800+4800+1350<\/td>\n<\/tr>\n<tr>\n<td valign=\"center\" width=\"161\">Cami\u00f3n delantero\/trasero (mm)<\/td>\n<td colspan=\"2\" valign=\"center\" width=\"281\">1500\/2295<\/td>\n<\/tr>\n<tr>\n<td valign=\"center\" width=\"161\">Aproximaci\u00f3n\/Salida(\u00b0)<\/td>\n<td colspan=\"2\" valign=\"center\" width=\"281\">19\/17<\/td>\n<\/tr>\n<tr>\n<td rowspan=\"2\" valign=\"center\" width=\"114\">Peso<\/td>\n<td valign=\"center\" width=\"161\">Peso en vac\u00edo (kg)<\/td>\n<td colspan=\"2\" valign=\"center\" width=\"281\">15480kg<\/td>\n<\/tr>\n<tr>\n<td valign=\"center\" width=\"161\">Masa total (kg)<\/td>\n<td colspan=\"2\" valign=\"center\" width=\"281\">31000kg<\/td>\n<\/tr>\n<tr>\n<td rowspan=\"5\" valign=\"center\" width=\"114\">Motor<\/td>\n<td valign=\"center\" width=\"161\">Marca<\/td>\n<td colspan=\"2\" valign=\"center\" width=\"281\">SINOTRUK<\/td>\n<\/tr>\n<tr>\n<td valign=\"center\" width=\"161\">Modelo<\/td>\n<td colspan=\"2\" valign=\"center\" width=\"281\">WP615.47<\/td>\n<\/tr>\n<tr>\n<td valign=\"center\" width=\"161\">Poder (kilovatios\/HP)<\/td>\n<td colspan=\"2\" valign=\"center\" width=\"281\">273\/371<\/td>\n<\/tr>\n<tr>\n<td valign=\"center\" width=\"161\">Desplazamiento (L)<\/td>\n<td colspan=\"2\" valign=\"center\" width=\"281\">9.726<\/td>\n<\/tr>\n<tr>\n<td valign=\"center\" width=\"161\">Est\u00e1ndar de emisi\u00f3n<\/td>\n<td colspan=\"2\" valign=\"center\" width=\"281\">euro II<\/td>\n<\/tr>\n<tr>\n<td rowspan=\"4\" valign=\"center\" width=\"114\">Transmisi\u00f3n<\/td>\n<td valign=\"center\" width=\"161\">Marca<\/td>\n<td colspan=\"2\" valign=\"center\" width=\"281\">SINOTRUK<\/td>\n<\/tr>\n<tr>\n<td valign=\"center\" width=\"161\">Modelo<\/td>\n<td colspan=\"2\" valign=\"center\" width=\"281\">HW19710<\/td>\n<\/tr>\n<tr>\n<td valign=\"center\" width=\"161\">Tipo de control<\/td>\n<td colspan=\"2\" valign=\"center\" width=\"281\">Manual<\/td>\n<\/tr>\n<tr>\n<td valign=\"center\" width=\"161\">Palanca de cambios<\/td>\n<td colspan=\"2\" valign=\"center\" width=\"281\">10 velocidades de avance y 2 de reserva<\/td>\n<\/tr>\n<tr>\n<td valign=\"center\" width=\"114\">Embrague<\/td>\n<td valign=\"center\" width=\"161\">Di\u00e1metro (mm)<\/td>\n<td colspan=\"2\" valign=\"center\" width=\"281\">430<\/td>\n<\/tr>\n<tr>\n<td valign=\"center\" width=\"114\">Direccion<\/td>\n<td colspan=\"3\" valign=\"center\" width=\"441\">ZF8118<\/td>\n<\/tr>\n<tr>\n<td rowspan=\"3\" valign=\"center\" width=\"114\">ejes<\/td>\n<td valign=\"center\" width=\"161\">Marca<\/td>\n<td colspan=\"2\" valign=\"center\" width=\"281\">SINOTRUK<\/td>\n<\/tr>\n<tr>\n<td valign=\"center\" width=\"161\">eje delantero<\/td>\n<td colspan=\"2\" valign=\"center\" width=\"281\">HF9<\/td>\n<\/tr>\n<tr>\n<td valign=\"center\" width=\"161\">eje trasero<\/td>\n<td colspan=\"2\" valign=\"center\" width=\"281\">HC16<\/td>\n<\/tr>\n<tr>\n<td valign=\"center\" width=\"114\">Llantas<\/td>\n<td valign=\"center\" width=\"161\">Tipo (est\u00e1ndar)<\/td>\n<td colspan=\"2\" valign=\"center\" width=\"281\">12.00R20<\/td>\n<\/tr>\n<tr>\n<td rowspan=\"3\" valign=\"center\" width=\"114\">Cuerpo de volcado<\/td>\n<td colspan=\"2\" valign=\"center\" width=\"170\">Dimensi\u00f3n de carga (mm)<\/td>\n<td valign=\"center\" width=\"271\">8500x2300x1600<\/td>\n<\/tr>\n<tr>\n<td colspan=\"2\" valign=\"center\" width=\"170\">Espesor del cuerpo de acero<\/td>\n<td valign=\"center\" width=\"271\">Floor8, lado 6<\/td>\n<\/tr>\n<tr>\n<td colspan=\"2\" valign=\"center\" width=\"170\">Tipo de elevaci\u00f3n<\/td>\n<td valign=\"center\" width=\"271\">Volcado frontal<\/td>\n<\/tr>\n<\/tbody>\n<\/table>","protected":false},"excerpt":{"rendered":"<p>China Engineering Vehicle Sinotruk HOWO 8&#215;4 Off Road Dump Trucks Main Spec.: 1. HW76 cab or HW70 cab are optional; 2. Weichai engine, 290hp, 336hp, 371hp, 420hp are optional; 3. Thickness of cargo body: floor 12mm and side 8mm for mining use or floor 8mm and side 6mm for common use. 4. Dimensions of cargo [&hellip;]<\/p>","protected":false},"featured_media":2366,"template":"","meta":{"site-sidebar-layout":"default","site-content-layout":"default","ast-site-content-layout":"default","site-content-style":"default","site-sidebar-style":"default","ast-global-header-display":"","ast-banner-title-visibility":"","ast-main-header-display":"","ast-hfb-above-header-display":"","ast-hfb-below-header-display":"","ast-hfb-mobile-header-display":"","site-post-title":"","ast-breadcrumbs-content":"","ast-featured-img":"","footer-sml-layout":"","ast-disable-related-posts":"","theme-transparent-header-meta":"default","adv-header-id-meta":"","stick-header-meta":"","header-above-stick-meta":"","header-main-stick-meta":"","header-below-stick-meta":"","astra-migrate-meta-layouts":"default","ast-page-background-enabled":"default","ast-page-background-meta":{"desktop":{"background-color":"","background-image":"","background-repeat":"repeat","background-position":"center center","background-size":"auto","background-attachment":"scroll","background-type":"","background-media":"","overlay-type":"","overlay-color":"","overlay-opacity":"","overlay-gradient":""},"tablet":{"background-color":"","background-image":"","background-repeat":"repeat","background-position":"center center","background-size":"auto","background-attachment":"scroll","background-type":"","background-media":"","overlay-type":"","overlay-color":"","overlay-opacity":"","overlay-gradient":""},"mobile":{"background-color":"","background-image":"","background-repeat":"repeat","background-position":"center center","background-size":"auto","background-attachment":"scroll","background-type":"","background-media":"","overlay-type":"","overlay-color":"","overlay-opacity":"","overlay-gradient":""}},"ast-content-background-meta":{"desktop":{"background-color":"var(--ast-global-color-5)","background-image":"","background-repeat":"repeat","background-position":"center center","background-size":"auto","background-attachment":"scroll","background-type":"","background-media":"","overlay-type":"","overlay-color":"","overlay-opacity":"","overlay-gradient":""},"tablet":{"background-color":"var(--ast-global-color-5)","background-image":"","background-repeat":"repeat","background-position":"center center","background-size":"auto","background-attachment":"scroll","background-type":"","background-media":"","overlay-type":"","overlay-color":"","overlay-opacity":"","overlay-gradient":""},"mobile":{"background-color":"var(--ast-global-color-5)","background-image":"","background-repeat":"repeat","background-position":"center center","background-size":"auto","background-attachment":"scroll","background-type":"","background-media":"","overlay-type":"","overlay-color":"","overlay-opacity":"","overlay-gradient":""}}},"product_brand":[],"product_cat":[23],"product_tag":[],"class_list":{"0":"post-2365","1":"product","2":"type-product","3":"status-publish","4":"has-post-thumbnail","6":"product_cat-dump-truck","7":"desktop-align-left","8":"tablet-align-left","9":"mobile-align-left","11":"first","12":"instock","13":"shipping-taxable","14":"product-type-simple"},"_links":{"self":[{"href":"https:\/\/satisfybot.com\/es\/wp-json\/wp\/v2\/product\/2365","targetHints":{"allow":["GET"]}}],"collection":[{"href":"https:\/\/satisfybot.com\/es\/wp-json\/wp\/v2\/product"}],"about":[{"href":"https:\/\/satisfybot.com\/es\/wp-json\/wp\/v2\/types\/product"}],"version-history":[{"count":0,"href":"https:\/\/satisfybot.com\/es\/wp-json\/wp\/v2\/product\/2365\/revisions"}],"wp:featuredmedia":[{"embeddable":true,"href":"https:\/\/satisfybot.com\/es\/wp-json\/wp\/v2\/media\/2366"}],"wp:attachment":[{"href":"https:\/\/satisfybot.com\/es\/wp-json\/wp\/v2\/media?parent=2365"}],"wp:term":[{"taxonomy":"product_brand","embeddable":true,"href":"https:\/\/satisfybot.com\/es\/wp-json\/wp\/v2\/product_brand?post=2365"},{"taxonomy":"product_cat","embeddable":true,"href":"https:\/\/satisfybot.com\/es\/wp-json\/wp\/v2\/product_cat?post=2365"},{"taxonomy":"product_tag","embeddable":true,"href":"https:\/\/satisfybot.com\/es\/wp-json\/wp\/v2\/product_tag?post=2365"}],"curies":[{"name":"wp","href":"https:\/\/api.w.org\/{rel}","templated":true}]}}