{"id":2367,"date":"2023-06-30T16:16:01","date_gmt":"2023-06-30T16:16:01","guid":{"rendered":"https:\/\/satisfybot.com\/?post_type=product&#038;p=2367"},"modified":"2023-07-01T03:05:30","modified_gmt":"2023-07-01T03:05:30","slug":"engineering-vehicle-sinotruk-howo-6x4-mining-dump-truck","status":"publish","type":"product","link":"https:\/\/satisfybot.com\/es\/producto\/engineering-vehicle-sinotruk-howo-6x4-mining-dump-truck\/","title":{"rendered":"Veh\u00edculo de ingenier\u00eda Cami\u00f3n volquete para miner\u00eda Sinotruk HOWO 6\u00d74"},"content":{"rendered":"<p><strong>Veh\u00edculo de ingenier\u00eda Cami\u00f3n volquete para miner\u00eda Sinotruk HOWO 6\u00d74\u00a0<\/strong><\/p>\n<p>Nuestras ventajas:<\/p>\n<p>Llevamos m\u00e1s de 12 a\u00f1os trabajando con camiones. Tenga la seguridad de que podemos proporcionarle camiones calificados a buen precio y que tenemos nuestro propio departamento de repuestos para brindarle servicio despu\u00e9s de la venta.<\/p>\n<p>Descripci\u00f3n del Producto:<\/p>\n<table width=\"556\">\n<tbody>\n<tr class=\"firstRow\">\n<td valign=\"center\" width=\"114\"><a name=\"OLE_LINK2\"><\/a>Modelo<\/td>\n<td colspan=\"2\" valign=\"center\" width=\"441\"><a name=\"OLE_LINK4\"><\/a>ZZ3257N3647B<\/td>\n<\/tr>\n<tr>\n<td valign=\"center\" width=\"114\">Tipo de unidad<\/td>\n<td colspan=\"2\" valign=\"center\" width=\"441\">6&#215;4<\/td>\n<\/tr>\n<tr>\n<td rowspan=\"2\" valign=\"center\" width=\"114\">Taxi<\/td>\n<td valign=\"center\" width=\"161\">Tipo<\/td>\n<td valign=\"center\" width=\"281\">Cabina est\u00e1ndar HW70 sin cama para dormir<\/td>\n<\/tr>\n<tr>\n<td valign=\"center\" width=\"161\">Equipos<\/td>\n<td valign=\"center\" width=\"281\">2 luneta trasera, triforio mec\u00e1nico, cabina con suspensi\u00f3n hidr\u00e1ulica, silla hidr\u00e1ulica con cinturones de seguridad, cabina con inversi\u00f3n hidr\u00e1ulica, con USB, puede reproducir transmisiones de radio y audio en formato MP3, equipada con aire acondicionado<\/td>\n<\/tr>\n<tr>\n<td rowspan=\"4\" valign=\"center\" width=\"114\">Principal del veh\u00edculo<br \/>\nDimensiones<\/td>\n<td valign=\"center\" width=\"161\">L x An x Al<\/td>\n<td valign=\"center\" width=\"281\">8214x2496x3386<\/td>\n<\/tr>\n<tr>\n<td valign=\"center\" width=\"161\">Distancia entre ejes (mm)<\/td>\n<td valign=\"center\" width=\"281\">3625+1350<\/td>\n<\/tr>\n<tr>\n<td valign=\"center\" width=\"161\">Voladizo delantero\/trasero (mm)<\/td>\n<td valign=\"center\" width=\"281\">1500\/1739<\/td>\n<\/tr>\n<tr>\n<td valign=\"center\" width=\"161\">Aproximaci\u00f3n\/Salida(\u00b0)<\/td>\n<td valign=\"center\" width=\"281\">19\/26<\/td>\n<\/tr>\n<tr>\n<td rowspan=\"2\" valign=\"center\" width=\"114\">Peso<\/td>\n<td valign=\"center\" width=\"161\">Peso en vac\u00edo (kg)<\/td>\n<td valign=\"center\" width=\"281\">12290kg<\/td>\n<\/tr>\n<tr>\n<td valign=\"center\" width=\"161\">Masa total (kg)<\/td>\n<td valign=\"center\" width=\"281\">25000kg<\/td>\n<\/tr>\n<tr>\n<td rowspan=\"5\" valign=\"center\" width=\"114\">Motor<\/td>\n<td valign=\"center\" width=\"161\">Marca<\/td>\n<td valign=\"center\" width=\"281\">SINOTRUK<\/td>\n<\/tr>\n<tr>\n<td valign=\"center\" width=\"161\">Modelo<\/td>\n<td valign=\"center\" width=\"281\">WD615.47<\/td>\n<\/tr>\n<tr>\n<td valign=\"center\" width=\"161\">Poder (kilovatios\/HP)<\/td>\n<td valign=\"center\" width=\"281\">273\/371<\/td>\n<\/tr>\n<tr>\n<td valign=\"center\" width=\"161\">Desplazamiento (L)<\/td>\n<td valign=\"center\" width=\"281\">9.726<\/td>\n<\/tr>\n<tr>\n<td valign=\"center\" width=\"161\">Est\u00e1ndar de emisi\u00f3n<\/td>\n<td valign=\"center\" width=\"281\">euro II<\/td>\n<\/tr>\n<tr>\n<td rowspan=\"4\" valign=\"center\" width=\"114\">Transmisi\u00f3n<\/td>\n<td valign=\"center\" width=\"161\">Marca<\/td>\n<td valign=\"center\" width=\"281\">SINOTRUK<\/td>\n<\/tr>\n<tr>\n<td valign=\"center\" width=\"161\">Modelo<\/td>\n<td valign=\"center\" width=\"281\">HW19710<\/td>\n<\/tr>\n<tr>\n<td valign=\"center\" width=\"161\">Tipo de control<\/td>\n<td valign=\"center\" width=\"281\">Manual<\/td>\n<\/tr>\n<tr>\n<td valign=\"center\" width=\"161\">Palanca de cambios<\/td>\n<td valign=\"center\" width=\"281\">10 velocidades de avance y 2 de reserva<\/td>\n<\/tr>\n<tr>\n<td valign=\"center\" width=\"114\">Embrague<\/td>\n<td valign=\"center\" width=\"161\">Di\u00e1metro (mm)<\/td>\n<td valign=\"center\" width=\"281\">430<\/td>\n<\/tr>\n<tr>\n<td valign=\"center\" width=\"114\">Direccion<\/td>\n<td colspan=\"2\" valign=\"center\" width=\"441\">ZF8118<\/td>\n<\/tr>\n<tr>\n<td rowspan=\"3\" valign=\"center\" width=\"114\">ejes<\/td>\n<td valign=\"center\" width=\"161\">Marca<\/td>\n<td valign=\"center\" width=\"281\">SINOTRUK<\/td>\n<\/tr>\n<tr>\n<td valign=\"center\" width=\"161\">eje delantero<\/td>\n<td valign=\"center\" width=\"281\">HF9<\/td>\n<\/tr>\n<tr>\n<td valign=\"center\" width=\"161\">eje trasero<\/td>\n<td valign=\"center\" width=\"281\">HC16<\/td>\n<\/tr>\n<tr>\n<td colspan=\"2\" valign=\"center\" width=\"275\">Ballesta delantera\/trasera<\/td>\n<td valign=\"center\" width=\"281\">10\/12<\/td>\n<\/tr>\n<tr>\n<td valign=\"center\" width=\"114\">Llantas<\/td>\n<td valign=\"center\" width=\"161\">Tipo (est\u00e1ndar)<\/td>\n<td valign=\"center\" width=\"281\">12.00R20<\/td>\n<\/tr>\n<tr>\n<td rowspan=\"3\" valign=\"center\" width=\"114\">Cuerpo de volcado<\/td>\n<td valign=\"center\" width=\"161\">Dimensi\u00f3n de carga (mm)<\/td>\n<td valign=\"center\" width=\"281\">5600x2300x1500<\/td>\n<\/tr>\n<tr>\n<td valign=\"center\" width=\"161\">Espesor de la placa de acero<\/td>\n<td valign=\"center\" width=\"281\">Piso 12, lado 8 para uso minero<\/td>\n<\/tr>\n<tr>\n<td valign=\"center\" width=\"161\">Tipo de elevaci\u00f3n<\/td>\n<td valign=\"center\" width=\"281\">estilo de elevaci\u00f3n frontal<\/td>\n<\/tr>\n<tr>\n<td valign=\"center\" width=\"114\">Aire acondicionado<\/td>\n<td colspan=\"2\" valign=\"center\" width=\"441\">S\u00ed<\/td>\n<\/tr>\n<tr>\n<td valign=\"center\" width=\"114\">Dep\u00f3sito de combustible<\/td>\n<td colspan=\"2\" valign=\"center\" width=\"441\">300L<\/td>\n<\/tr>\n<tr>\n<td valign=\"center\" width=\"114\">Color<\/td>\n<td colspan=\"2\" valign=\"center\" width=\"441\">Como quieras<\/td>\n<\/tr>\n<\/tbody>\n<\/table>","protected":false},"excerpt":{"rendered":"<p>Engineering Vehicle Sinotruk HOWO 6&#215;4 Mining Dump Truck\u00a0 Our advantages: We have been dealing with truck for more than 12 years. Please be assure that we can provide you qualified trucks with good price and we have our own spare parts department to service you after sale. Product description: Model ZZ3257N3647B Drive\u00a0type 6&#215;4 Cab Type [&hellip;]<\/p>","protected":false},"featured_media":2368,"template":"","meta":{"site-sidebar-layout":"default","site-content-layout":"default","ast-site-content-layout":"default","site-content-style":"default","site-sidebar-style":"default","ast-global-header-display":"","ast-banner-title-visibility":"","ast-main-header-display":"","ast-hfb-above-header-display":"","ast-hfb-below-header-display":"","ast-hfb-mobile-header-display":"","site-post-title":"","ast-breadcrumbs-content":"","ast-featured-img":"","footer-sml-layout":"","ast-disable-related-posts":"","theme-transparent-header-meta":"default","adv-header-id-meta":"","stick-header-meta":"","header-above-stick-meta":"","header-main-stick-meta":"","header-below-stick-meta":"","astra-migrate-meta-layouts":"default","ast-page-background-enabled":"default","ast-page-background-meta":{"desktop":{"background-color":"","background-image":"","background-repeat":"repeat","background-position":"center center","background-size":"auto","background-attachment":"scroll","background-type":"","background-media":"","overlay-type":"","overlay-color":"","overlay-opacity":"","overlay-gradient":""},"tablet":{"background-color":"","background-image":"","background-repeat":"repeat","background-position":"center center","background-size":"auto","background-attachment":"scroll","background-type":"","background-media":"","overlay-type":"","overlay-color":"","overlay-opacity":"","overlay-gradient":""},"mobile":{"background-color":"","background-image":"","background-repeat":"repeat","background-position":"center center","background-size":"auto","background-attachment":"scroll","background-type":"","background-media":"","overlay-type":"","overlay-color":"","overlay-opacity":"","overlay-gradient":""}},"ast-content-background-meta":{"desktop":{"background-color":"var(--ast-global-color-5)","background-image":"","background-repeat":"repeat","background-position":"center center","background-size":"auto","background-attachment":"scroll","background-type":"","background-media":"","overlay-type":"","overlay-color":"","overlay-opacity":"","overlay-gradient":""},"tablet":{"background-color":"var(--ast-global-color-5)","background-image":"","background-repeat":"repeat","background-position":"center center","background-size":"auto","background-attachment":"scroll","background-type":"","background-media":"","overlay-type":"","overlay-color":"","overlay-opacity":"","overlay-gradient":""},"mobile":{"background-color":"var(--ast-global-color-5)","background-image":"","background-repeat":"repeat","background-position":"center center","background-size":"auto","background-attachment":"scroll","background-type":"","background-media":"","overlay-type":"","overlay-color":"","overlay-opacity":"","overlay-gradient":""}}},"product_brand":[],"product_cat":[23],"product_tag":[],"class_list":{"0":"post-2367","1":"product","2":"type-product","3":"status-publish","4":"has-post-thumbnail","6":"product_cat-dump-truck","7":"desktop-align-left","8":"tablet-align-left","9":"mobile-align-left","11":"first","12":"instock","13":"shipping-taxable","14":"product-type-simple"},"_links":{"self":[{"href":"https:\/\/satisfybot.com\/es\/wp-json\/wp\/v2\/product\/2367","targetHints":{"allow":["GET"]}}],"collection":[{"href":"https:\/\/satisfybot.com\/es\/wp-json\/wp\/v2\/product"}],"about":[{"href":"https:\/\/satisfybot.com\/es\/wp-json\/wp\/v2\/types\/product"}],"version-history":[{"count":0,"href":"https:\/\/satisfybot.com\/es\/wp-json\/wp\/v2\/product\/2367\/revisions"}],"wp:featuredmedia":[{"embeddable":true,"href":"https:\/\/satisfybot.com\/es\/wp-json\/wp\/v2\/media\/2368"}],"wp:attachment":[{"href":"https:\/\/satisfybot.com\/es\/wp-json\/wp\/v2\/media?parent=2367"}],"wp:term":[{"taxonomy":"product_brand","embeddable":true,"href":"https:\/\/satisfybot.com\/es\/wp-json\/wp\/v2\/product_brand?post=2367"},{"taxonomy":"product_cat","embeddable":true,"href":"https:\/\/satisfybot.com\/es\/wp-json\/wp\/v2\/product_cat?post=2367"},{"taxonomy":"product_tag","embeddable":true,"href":"https:\/\/satisfybot.com\/es\/wp-json\/wp\/v2\/product_tag?post=2367"}],"curies":[{"name":"wp","href":"https:\/\/api.w.org\/{rel}","templated":true}]}}