{"id":2369,"date":"2023-06-30T16:26:02","date_gmt":"2023-06-30T16:26:02","guid":{"rendered":"https:\/\/satisfybot.com\/?post_type=product&#038;p=2369"},"modified":"2023-06-30T16:26:47","modified_gmt":"2023-06-30T16:26:47","slug":"2369","status":"publish","type":"product","link":"https:\/\/satisfybot.com\/es\/producto\/2369\/","title":{"rendered":"SHACMAN Nuevo cami\u00f3n volquete M3000 Light Curb Mass 8\u00d74"},"content":{"rendered":"<p><strong>SHACMAN Nuevo cami\u00f3n volquete M3000 Light Curb Mass 8\u00d74<\/strong><\/p>\n<p>\u2013Carrocer\u00eda de cami\u00f3n de 15cbm~20cbm, para transporte de arena y clinker en la ciudad<\/p>\n<p>\u2013Opciones de neum\u00e1ticos: neum\u00e1tico radial 12.00R20, neum\u00e1tico tubeless 12R22.5 y 315\/80R22.5.<\/p>\n<p>\u2013Color est\u00e1ndar: Blanco, Rojo, Verde (Otro color es opcional)<\/p>\n<p>Tipo de tracci\u00f3n: 8\u00d74<\/p>\n<p>Sistema de transmisi\u00f3n: LHD (RHD es opcional)<\/p>\n<p>Cabina: nueva cabina plana M3000, una cama, aire acondicionado<\/p>\n<p>Marca del motor: WEICHAI<\/p>\n<p>Modelo:\u00a0<strong>WP10.380E32 EuroII Potencia nominal: 380 hp (340 hp es opcional)<\/strong><\/p>\n<p>Cilindrada del motor: 9.726 litros<\/p>\n<p>Caja de cambios: FAST 9 Velocidades (9JS119)<\/p>\n<p>Embrague: tipo de diafragma \u0424430<\/p>\n<p>Direcci\u00f3n: tecnolog\u00eda ZF<\/p>\n<p>Eje: Delantero 7.5 Ton<strong>\u00a0eje MAN<\/strong>; Eje trasero de doble reducci\u00f3n MAN 16 Ton, relaci\u00f3n: 5.262<\/p>\n<p>m\u00e1x. velocidad de marcha (km\/h): 85<\/p>\n<p>Neum\u00e1tico: 12.00R20, 12R22.5<\/p>\n<p>Tanque de combustible: 400L (Aluminio)<\/p>\n<p>Peso en vac\u00edo (kg): 14000<\/p>\n<p>Carga \u00fatil (kg): 40000<\/p>\n<p>Distancia entre ejes (mm): 1800+3775+1400<\/p>\n<p>Dimensiones (largo x ancho x alto) (mm): 10029x2500x3450<\/p>\n<p><strong>Cuerpo de volcado<\/strong><\/p>\n<p>7600x2300x1500mm, Grosor del acero (mm): Fondo 8, lado 4.<\/p>\n<p>Sistema de elevaci\u00f3n hidr\u00e1ulica: elevaci\u00f3n frontal<\/p>","protected":false},"excerpt":{"rendered":"<p>SHACMAN New M3000 Light Kerb Mass 8&#215;4 Tipper Truck &#8211;Truck body from 15cbm~20cbm, for sand and clinkers transportation in the city &#8211;Options for tires: 12.00R20 radial tire, 12R22.5 and 315\/80R22.5 tubeless tire. &#8211;Standard color: White, Red, Green (Other color is optional) Traction type: 8&#215;4 Drive System: LHD(RHD is optional) Cabin:New M3000 Flat Cabin, one sleeper, [&hellip;]<\/p>","protected":false},"featured_media":2374,"template":"","meta":{"site-sidebar-layout":"default","site-content-layout":"default","ast-site-content-layout":"default","site-content-style":"default","site-sidebar-style":"default","ast-global-header-display":"","ast-banner-title-visibility":"","ast-main-header-display":"","ast-hfb-above-header-display":"","ast-hfb-below-header-display":"","ast-hfb-mobile-header-display":"","site-post-title":"","ast-breadcrumbs-content":"","ast-featured-img":"","footer-sml-layout":"","ast-disable-related-posts":"","theme-transparent-header-meta":"default","adv-header-id-meta":"","stick-header-meta":"","header-above-stick-meta":"","header-main-stick-meta":"","header-below-stick-meta":"","astra-migrate-meta-layouts":"default","ast-page-background-enabled":"default","ast-page-background-meta":{"desktop":{"background-color":"","background-image":"","background-repeat":"repeat","background-position":"center center","background-size":"auto","background-attachment":"scroll","background-type":"","background-media":"","overlay-type":"","overlay-color":"","overlay-opacity":"","overlay-gradient":""},"tablet":{"background-color":"","background-image":"","background-repeat":"repeat","background-position":"center center","background-size":"auto","background-attachment":"scroll","background-type":"","background-media":"","overlay-type":"","overlay-color":"","overlay-opacity":"","overlay-gradient":""},"mobile":{"background-color":"","background-image":"","background-repeat":"repeat","background-position":"center center","background-size":"auto","background-attachment":"scroll","background-type":"","background-media":"","overlay-type":"","overlay-color":"","overlay-opacity":"","overlay-gradient":""}},"ast-content-background-meta":{"desktop":{"background-color":"var(--ast-global-color-5)","background-image":"","background-repeat":"repeat","background-position":"center center","background-size":"auto","background-attachment":"scroll","background-type":"","background-media":"","overlay-type":"","overlay-color":"","overlay-opacity":"","overlay-gradient":""},"tablet":{"background-color":"var(--ast-global-color-5)","background-image":"","background-repeat":"repeat","background-position":"center center","background-size":"auto","background-attachment":"scroll","background-type":"","background-media":"","overlay-type":"","overlay-color":"","overlay-opacity":"","overlay-gradient":""},"mobile":{"background-color":"var(--ast-global-color-5)","background-image":"","background-repeat":"repeat","background-position":"center center","background-size":"auto","background-attachment":"scroll","background-type":"","background-media":"","overlay-type":"","overlay-color":"","overlay-opacity":"","overlay-gradient":""}}},"product_brand":[],"product_cat":[23],"product_tag":[],"class_list":{"0":"post-2369","1":"product","2":"type-product","3":"status-publish","4":"has-post-thumbnail","6":"product_cat-dump-truck","7":"desktop-align-left","8":"tablet-align-left","9":"mobile-align-left","11":"first","12":"instock","13":"shipping-taxable","14":"product-type-simple"},"_links":{"self":[{"href":"https:\/\/satisfybot.com\/es\/wp-json\/wp\/v2\/product\/2369","targetHints":{"allow":["GET"]}}],"collection":[{"href":"https:\/\/satisfybot.com\/es\/wp-json\/wp\/v2\/product"}],"about":[{"href":"https:\/\/satisfybot.com\/es\/wp-json\/wp\/v2\/types\/product"}],"version-history":[{"count":0,"href":"https:\/\/satisfybot.com\/es\/wp-json\/wp\/v2\/product\/2369\/revisions"}],"wp:featuredmedia":[{"embeddable":true,"href":"https:\/\/satisfybot.com\/es\/wp-json\/wp\/v2\/media\/2374"}],"wp:attachment":[{"href":"https:\/\/satisfybot.com\/es\/wp-json\/wp\/v2\/media?parent=2369"}],"wp:term":[{"taxonomy":"product_brand","embeddable":true,"href":"https:\/\/satisfybot.com\/es\/wp-json\/wp\/v2\/product_brand?post=2369"},{"taxonomy":"product_cat","embeddable":true,"href":"https:\/\/satisfybot.com\/es\/wp-json\/wp\/v2\/product_cat?post=2369"},{"taxonomy":"product_tag","embeddable":true,"href":"https:\/\/satisfybot.com\/es\/wp-json\/wp\/v2\/product_tag?post=2369"}],"curies":[{"name":"wp","href":"https:\/\/api.w.org\/{rel}","templated":true}]}}