{"id":2381,"date":"2023-07-01T02:25:22","date_gmt":"2023-07-01T02:25:22","guid":{"rendered":"https:\/\/satisfybot.com\/?post_type=product&#038;p=2381"},"modified":"2023-07-01T02:25:22","modified_gmt":"2023-07-01T02:25:22","slug":"shacman-6x4-mining-dump-truck-for-sale-50t-tipper","status":"publish","type":"product","link":"https:\/\/satisfybot.com\/es\/producto\/shacman-6x4-mining-dump-truck-for-sale-50t-tipper\/","title":{"rendered":"Cami\u00f3n volquete para miner\u00eda SHACMAN 6X4 a la venta Volquete 50T"},"content":{"rendered":"<p>Cami\u00f3n volquete minero SHACMAN de 50 toneladas<\/p>\n<p>&nbsp;<\/p>\n<p>&nbsp;<\/p>\n<p>Cami\u00f3n volquete minero Shacman<\/p>\n<p>&nbsp;<\/p>\n<p>1.Tipo de tracci\u00f3n: 6X4<br \/>\n2. Tipo de conducci\u00f3n: LHD (RHD es una opci\u00f3n)<br \/>\n3. Cabina: cabina de un solo lado<\/p>\n<p>Motor:<br \/>\nMarca del motor: Steyr (Weichai)<br \/>\nModelo de motor: WD12.375 375HP Euro II<br \/>\nTipo de motor: Motor di\u00e9sel de inyecci\u00f3n directa de 4 tiempos, 6 cilindros en l\u00ednea<br \/>\nCon refrigeraci\u00f3n por agua, turbocompresor e intercooler<br \/>\nCilindrada: 11.596 litros<br \/>\nm\u00e1x. Salida: 375HP@2200rpm<br \/>\nPar m\u00e1ximo: 1760NM@1300-1600rpm<br \/>\nDi\u00e1metro\/carrera (mm): 126\/155<br \/>\nConsumo espec\u00edfico de combustible: 198g\/Kwh<\/p>\n<p>caja de cambios:<br \/>\nCaja de cambios: Fuller 10JSD180K-B<br \/>\nEmbrague: embrague de diafragma de tracci\u00f3n \u03a6 430<br \/>\nDirecci\u00f3n: tecnolog\u00eda ZF<\/p>\n<p>Neum\u00e1tico:<br \/>\nNeum\u00e1tico: 14.00R24<br \/>\nN\u00ba de neum\u00e1ticos: 10+1 de repuesto<\/p>\n<p>Eje delantero: eje delantero Steyr de 12 toneladas<br \/>\nEje trasero: Eje motriz de doble reducci\u00f3n de 25 toneladas con tecnolog\u00eda MAN<\/p>\n<p>Primavera: 14\/12<br \/>\nCapacidad del tanque de combustible (L): 380<br \/>\nm\u00e1x. Velocidad (km\/h): 77<br \/>\nFrenar. Masa: 14200kg<br \/>\nMasa total: 30700kg<br \/>\nDistancia entre ejes (mm): 3800+1350<br \/>\nVoladizo delantero (mm): 1525<br \/>\nVoladizo trasero (mm): 2054<br \/>\nV\u00eda delantera (mm): 1939\/1939<br \/>\nV\u00eda trasera (mm): 1860\/1860<br \/>\n\u00c1ngulo de aproximaci\u00f3n: 20 grados<br \/>\n\u00c1ngulo de salida: 28 grados<br \/>\nDimensi\u00f3n (mm): 8500x3000x3450<\/p>\n<p>Cuerpo:<br \/>\nTama\u00f1o interior (mm): 5600x3000x1500<br \/>\nEspesor del cuerpo de acero (mm): Piso 14 mm lado 10 mm<br \/>\nTipo de volcado: Tipo de volcado frontal (delante del cuerpo con sistema de volcado HYVA con tecnolog\u00eda Holland).<\/p>","protected":false},"excerpt":{"rendered":"<p>SHACMAN 50 tons Mining dump truck &nbsp; &nbsp; Shacman Mining Tipper Truck &nbsp; 1.Traction type: 6X4 2.Driving type: LHD (RHD is option) 3.Cabin: single side cabin Engine: Engine brand: Steyr (Weichai) Engine model: WD12.375 375HP Euro II Engine type: Diesel 4-stroke direct injection engine, 6-cylinder in-line With water cooling, turbo-charging &amp; intercooling Displacement: 11.596 liters [&hellip;]<\/p>","protected":false},"featured_media":2382,"template":"","meta":{"site-sidebar-layout":"default","site-content-layout":"default","ast-site-content-layout":"default","site-content-style":"default","site-sidebar-style":"default","ast-global-header-display":"","ast-banner-title-visibility":"","ast-main-header-display":"","ast-hfb-above-header-display":"","ast-hfb-below-header-display":"","ast-hfb-mobile-header-display":"","site-post-title":"","ast-breadcrumbs-content":"","ast-featured-img":"","footer-sml-layout":"","ast-disable-related-posts":"","theme-transparent-header-meta":"default","adv-header-id-meta":"","stick-header-meta":"","header-above-stick-meta":"","header-main-stick-meta":"","header-below-stick-meta":"","astra-migrate-meta-layouts":"default","ast-page-background-enabled":"default","ast-page-background-meta":{"desktop":{"background-color":"","background-image":"","background-repeat":"repeat","background-position":"center center","background-size":"auto","background-attachment":"scroll","background-type":"","background-media":"","overlay-type":"","overlay-color":"","overlay-opacity":"","overlay-gradient":""},"tablet":{"background-color":"","background-image":"","background-repeat":"repeat","background-position":"center center","background-size":"auto","background-attachment":"scroll","background-type":"","background-media":"","overlay-type":"","overlay-color":"","overlay-opacity":"","overlay-gradient":""},"mobile":{"background-color":"","background-image":"","background-repeat":"repeat","background-position":"center center","background-size":"auto","background-attachment":"scroll","background-type":"","background-media":"","overlay-type":"","overlay-color":"","overlay-opacity":"","overlay-gradient":""}},"ast-content-background-meta":{"desktop":{"background-color":"var(--ast-global-color-5)","background-image":"","background-repeat":"repeat","background-position":"center center","background-size":"auto","background-attachment":"scroll","background-type":"","background-media":"","overlay-type":"","overlay-color":"","overlay-opacity":"","overlay-gradient":""},"tablet":{"background-color":"var(--ast-global-color-5)","background-image":"","background-repeat":"repeat","background-position":"center center","background-size":"auto","background-attachment":"scroll","background-type":"","background-media":"","overlay-type":"","overlay-color":"","overlay-opacity":"","overlay-gradient":""},"mobile":{"background-color":"var(--ast-global-color-5)","background-image":"","background-repeat":"repeat","background-position":"center center","background-size":"auto","background-attachment":"scroll","background-type":"","background-media":"","overlay-type":"","overlay-color":"","overlay-opacity":"","overlay-gradient":""}}},"product_brand":[],"product_cat":[23],"product_tag":[],"class_list":{"0":"post-2381","1":"product","2":"type-product","3":"status-publish","4":"has-post-thumbnail","6":"product_cat-dump-truck","7":"desktop-align-left","8":"tablet-align-left","9":"mobile-align-left","11":"first","12":"instock","13":"shipping-taxable","14":"product-type-simple"},"_links":{"self":[{"href":"https:\/\/satisfybot.com\/es\/wp-json\/wp\/v2\/product\/2381","targetHints":{"allow":["GET"]}}],"collection":[{"href":"https:\/\/satisfybot.com\/es\/wp-json\/wp\/v2\/product"}],"about":[{"href":"https:\/\/satisfybot.com\/es\/wp-json\/wp\/v2\/types\/product"}],"version-history":[{"count":0,"href":"https:\/\/satisfybot.com\/es\/wp-json\/wp\/v2\/product\/2381\/revisions"}],"wp:featuredmedia":[{"embeddable":true,"href":"https:\/\/satisfybot.com\/es\/wp-json\/wp\/v2\/media\/2382"}],"wp:attachment":[{"href":"https:\/\/satisfybot.com\/es\/wp-json\/wp\/v2\/media?parent=2381"}],"wp:term":[{"taxonomy":"product_brand","embeddable":true,"href":"https:\/\/satisfybot.com\/es\/wp-json\/wp\/v2\/product_brand?post=2381"},{"taxonomy":"product_cat","embeddable":true,"href":"https:\/\/satisfybot.com\/es\/wp-json\/wp\/v2\/product_cat?post=2381"},{"taxonomy":"product_tag","embeddable":true,"href":"https:\/\/satisfybot.com\/es\/wp-json\/wp\/v2\/product_tag?post=2381"}],"curies":[{"name":"wp","href":"https:\/\/api.w.org\/{rel}","templated":true}]}}