{"id":2388,"date":"2023-07-01T02:32:17","date_gmt":"2023-07-01T02:32:17","guid":{"rendered":"https:\/\/satisfybot.com\/?post_type=product&#038;p=2388"},"modified":"2023-07-01T02:32:18","modified_gmt":"2023-07-01T02:32:18","slug":"man-truck-technology-shacman-f3000-6x4-10-wheeler-dump-trucks","status":"publish","type":"product","link":"https:\/\/satisfybot.com\/es\/producto\/man-truck-technology-shacman-f3000-6x4-10-wheeler-dump-trucks\/","title":{"rendered":"Tecnolog\u00eda de camiones MAN Camiones volquetes SHACMAN F3000 6\u00d74 de 10 ruedas"},"content":{"rendered":"<p>Tecnolog\u00eda de camiones MAN Camiones volquetes SHACMAN F2000 6\u00d74 de 10 ruedas<\/p>\n<p>&nbsp;<\/p>\n<p>\u2013Carrocer\u00eda de cami\u00f3n de 15cbm~20cbm, transporte de arena y gravas tipo tolva normal, transporte de piedras grandes y rocas con tolva tipo roca.<\/p>\n<p>\u2013Opciones de neum\u00e1ticos: neum\u00e1tico diagonal 12.00-20, neum\u00e1tico radial 12.00R20, neum\u00e1tico sin c\u00e1mara 12R22.5 y 315\/80R22.5.<\/p>\n<p>\u2013Color est\u00e1ndar: Blanco, Rojo, Amarillo (Otro color es opcional)<\/p>\n<p>&nbsp;<\/p>\n<p>Tipo de tracci\u00f3n: 6\u00d74<\/p>\n<p>Sistema de transmisi\u00f3n: LHD (RHD es opcional)<\/p>\n<p>Cabina: F2000 Flat Cabin, una cama, aire acondicionado<\/p>\n<p>Marca del motor: WEICHAI<\/p>\n<p>Modelo: WP10.340E32 EuroII Potencia nominal: 340 hp<\/p>\n<p>Cilindrada del motor: 11.596 litros<\/p>\n<p>Caja de cambios: FAST 9 Velocidades (RT-11509C)<\/p>\n<p>Embrague: tipo de diafragma \u0424430<\/p>\n<p>Direcci\u00f3n: tecnolog\u00eda ZF<\/p>\n<p>Eje: Eje MAN delantero de 7,5 toneladas; Eje trasero de doble reducci\u00f3n STR de 13 toneladas, relaci\u00f3n: 5,73<\/p>\n<p>m\u00e1x. velocidad de marcha (km\/h): 77<\/p>\n<p>Neum\u00e1tico: 12.00R20, 12R22.5<\/p>\n<p>Tanque de combustible: 400L (Aluminio)<\/p>\n<p>Peso en vac\u00edo (kg): 12100<\/p>\n<p>Masa total (kg): 31000<\/p>\n<p>Distancia entre ejes (mm): 3800+1350<\/p>\n<p>Dimensiones (largo x ancho x alto) (mm): 8229x2500x3450<\/p>\n<p>&nbsp;<\/p>\n<p>Cuerpo de volcado<\/p>\n<p>5400x2300x1500mm, Grosor del acero (mm): Parte inferior 8, frontal 6 mm, lateral 6<\/p>\n<p>Sistema de elevaci\u00f3n hidr\u00e1ulica: elevaci\u00f3n media (la elevaci\u00f3n frontal HYVA es opcional)<\/p>\n<p><img fetchpriority=\"high\" decoding=\"async\" class=\"\" src=\"https:\/\/aliyun-hk03-cdn.hcwebsite.com\/7801b27384b660b81404f495471367cd\/res\/en\/20170223\/auto_3731.jpg\" width=\"1200\" height=\"930\" \/><\/p>\n<p><img decoding=\"async\" class=\"\" src=\"https:\/\/aliyun-hk03-cdn.hcwebsite.com\/7801b27384b660b81404f495471367cd\/res\/en\/20170223\/auto_3732.jpg\" width=\"1200\" height=\"912\" \/><\/p>","protected":false},"excerpt":{"rendered":"<p>MAN Truck Technology SHACMAN F2000 6&#215;4 10 wheeler Dump Trucks &nbsp; &#8211;Truck body from 15cbm~20cbm, sand and gravels transportation normal type dump body, big stones and rocks transportation with rock type dump body. &#8211;Options for tires: 12.00-20 bias tire, 12.00R20 radial tire, 12R22.5 and 315\/80R22.5 tubeless tire. &#8211;Standard color: White, Red, Yellow (Other color is [&hellip;]<\/p>","protected":false},"featured_media":2389,"template":"","meta":{"site-sidebar-layout":"default","site-content-layout":"default","ast-site-content-layout":"default","site-content-style":"default","site-sidebar-style":"default","ast-global-header-display":"","ast-banner-title-visibility":"","ast-main-header-display":"","ast-hfb-above-header-display":"","ast-hfb-below-header-display":"","ast-hfb-mobile-header-display":"","site-post-title":"","ast-breadcrumbs-content":"","ast-featured-img":"","footer-sml-layout":"","ast-disable-related-posts":"","theme-transparent-header-meta":"default","adv-header-id-meta":"","stick-header-meta":"","header-above-stick-meta":"","header-main-stick-meta":"","header-below-stick-meta":"","astra-migrate-meta-layouts":"default","ast-page-background-enabled":"default","ast-page-background-meta":{"desktop":{"background-color":"","background-image":"","background-repeat":"repeat","background-position":"center center","background-size":"auto","background-attachment":"scroll","background-type":"","background-media":"","overlay-type":"","overlay-color":"","overlay-opacity":"","overlay-gradient":""},"tablet":{"background-color":"","background-image":"","background-repeat":"repeat","background-position":"center center","background-size":"auto","background-attachment":"scroll","background-type":"","background-media":"","overlay-type":"","overlay-color":"","overlay-opacity":"","overlay-gradient":""},"mobile":{"background-color":"","background-image":"","background-repeat":"repeat","background-position":"center center","background-size":"auto","background-attachment":"scroll","background-type":"","background-media":"","overlay-type":"","overlay-color":"","overlay-opacity":"","overlay-gradient":""}},"ast-content-background-meta":{"desktop":{"background-color":"var(--ast-global-color-5)","background-image":"","background-repeat":"repeat","background-position":"center center","background-size":"auto","background-attachment":"scroll","background-type":"","background-media":"","overlay-type":"","overlay-color":"","overlay-opacity":"","overlay-gradient":""},"tablet":{"background-color":"var(--ast-global-color-5)","background-image":"","background-repeat":"repeat","background-position":"center center","background-size":"auto","background-attachment":"scroll","background-type":"","background-media":"","overlay-type":"","overlay-color":"","overlay-opacity":"","overlay-gradient":""},"mobile":{"background-color":"var(--ast-global-color-5)","background-image":"","background-repeat":"repeat","background-position":"center center","background-size":"auto","background-attachment":"scroll","background-type":"","background-media":"","overlay-type":"","overlay-color":"","overlay-opacity":"","overlay-gradient":""}}},"product_brand":[],"product_cat":[23],"product_tag":[],"class_list":{"0":"post-2388","1":"product","2":"type-product","3":"status-publish","4":"has-post-thumbnail","6":"product_cat-dump-truck","7":"desktop-align-left","8":"tablet-align-left","9":"mobile-align-left","11":"first","12":"instock","13":"shipping-taxable","14":"product-type-simple"},"_links":{"self":[{"href":"https:\/\/satisfybot.com\/es\/wp-json\/wp\/v2\/product\/2388","targetHints":{"allow":["GET"]}}],"collection":[{"href":"https:\/\/satisfybot.com\/es\/wp-json\/wp\/v2\/product"}],"about":[{"href":"https:\/\/satisfybot.com\/es\/wp-json\/wp\/v2\/types\/product"}],"version-history":[{"count":0,"href":"https:\/\/satisfybot.com\/es\/wp-json\/wp\/v2\/product\/2388\/revisions"}],"wp:featuredmedia":[{"embeddable":true,"href":"https:\/\/satisfybot.com\/es\/wp-json\/wp\/v2\/media\/2389"}],"wp:attachment":[{"href":"https:\/\/satisfybot.com\/es\/wp-json\/wp\/v2\/media?parent=2388"}],"wp:term":[{"taxonomy":"product_brand","embeddable":true,"href":"https:\/\/satisfybot.com\/es\/wp-json\/wp\/v2\/product_brand?post=2388"},{"taxonomy":"product_cat","embeddable":true,"href":"https:\/\/satisfybot.com\/es\/wp-json\/wp\/v2\/product_cat?post=2388"},{"taxonomy":"product_tag","embeddable":true,"href":"https:\/\/satisfybot.com\/es\/wp-json\/wp\/v2\/product_tag?post=2388"}],"curies":[{"name":"wp","href":"https:\/\/api.w.org\/{rel}","templated":true}]}}