{"id":2406,"date":"2023-07-01T06:30:08","date_gmt":"2023-07-01T06:30:08","guid":{"rendered":"https:\/\/satisfybot.com\/?post_type=product&#038;p=2406"},"modified":"2023-07-09T13:35:26","modified_gmt":"2023-07-09T13:35:26","slug":"beiben-brand-new-12-wheel-dump-truck-loading-capacity","status":"publish","type":"product","link":"https:\/\/satisfybot.com\/es\/producto\/beiben-brand-new-12-wheel-dump-truck-loading-capacity\/","title":{"rendered":"Nueva capacidad de carga del cami\u00f3n volquete de 12 ruedas Beiben"},"content":{"rendered":"<p>Nueva capacidad de carga del cami\u00f3n volquete de 12 ruedas Beiben<\/p>\n<table border=\"1\" cellspacing=\"0\" cellpadding=\"0\">\n<tbody>\n<tr class=\"firstRow\">\n<td><strong>Tipo de anuncio<\/strong><\/td>\n<td><strong>ND3315D47J<\/strong><\/td>\n<td><strong>Tipo de unidad<\/strong><\/td>\n<td><strong>8&#215;4<\/strong><\/td>\n<\/tr>\n<tr>\n<td><strong>distancia entre ejes<\/strong><\/td>\n<td><strong>1500+4750+1450mm<\/strong><\/td>\n<td><strong>Longitud total<\/strong><\/td>\n<td><strong>11,3 m<\/strong><\/td>\n<\/tr>\n<tr>\n<td><strong>Ancho promedio<\/strong><\/td>\n<td><strong>2,5 m<\/strong><\/td>\n<td><strong>Altura total<\/strong><\/td>\n<td><strong>3,5 m<\/strong><\/td>\n<\/tr>\n<tr>\n<td><strong>Masa total<\/strong><\/td>\n<td><strong>31t<\/strong><\/td>\n<td><strong>peso en vac\u00edo<\/strong><\/td>\n<td><strong>15,1 t<\/strong><\/td>\n<\/tr>\n<tr>\n<td><strong>Pista<\/strong><\/td>\n<td colspan=\"3\"><strong>V\u00eda delantera: 1995\/1995 mm V\u00eda trasera: 1800 mm<\/strong><\/td>\n<\/tr>\n<tr>\n<td><strong>Voladizo delantero\/trasero<\/strong><\/td>\n<td colspan=\"3\"><strong>1410\/1906 (mm)<\/strong><\/td>\n<\/tr>\n<tr>\n<td><strong>Carga nominal<\/strong><\/td>\n<td><strong>50t<\/strong><\/td>\n<td><strong>Origen<\/strong><\/td>\n<td><strong>Baotou<\/strong><\/td>\n<\/tr>\n<tr>\n<td><strong>\u00c1ngulo de aproximaci\u00f3n<\/strong><\/td>\n<td><strong>26 grados<\/strong><\/td>\n<td><strong>\u00c1ngulo de salida<\/strong><\/td>\n<td><strong>19 grados<\/strong><\/td>\n<\/tr>\n<tr>\n<td>&nbsp;<\/p>\n<p>&nbsp;<\/p>\n<p>&nbsp;<\/p>\n<p>&nbsp;<\/p>\n<p><strong>Motor<\/strong><\/td>\n<td colspan=\"3\"><strong><em>Modelo de motor: Weichai WP10.336NE31,<\/em><\/strong><\/p>\n<p><strong>N\u00famero de cilindros:6,<\/strong><\/p>\n<p><strong>Tipo de combustible: Combustible di\u00e9sel \u00a0 \u00a0 \u00a0 \u00a0 \u00a0 \u00a0 \u00a0 \u00a0 \u00a0 \u00a0 \u00a0<\/strong><\/p>\n<p><strong>Desplazamiento: 9.726L<\/strong><\/p>\n<p><strong>Est\u00e1ndares de emisi\u00f3n: Pa\u00eds, tres \/ Europa \u00a0<\/strong><\/p>\n<p><strong>Caballos de fuerza: 336hp<\/strong><\/p>\n<p><strong>Potencia m\u00e1xima de salida: 247KW \u00a0 \u00a0 \u00a0<\/strong><\/td>\n<\/tr>\n<tr>\n<td>&nbsp;<\/p>\n<p><strong>Transmisi\u00f3n<\/strong><\/p>\n<p>&nbsp;<\/td>\n<td colspan=\"3\"><strong><em>Tipo de transmisi\u00f3n: Engranaje r\u00e1pido 12JS160T<\/em><\/strong><\/p>\n<p><strong>modos de cambio: manual<\/strong><\/p>\n<p><strong>\u00bfHay sincronizador: s\u00ed?<\/strong><\/p>\n<p><strong>Marcha atr\u00e1s: 2<br \/>\nN\u00famero de marcha adelante: 12<\/strong><\/td>\n<\/tr>\n<tr>\n<td>&nbsp;<\/p>\n<p><strong>Chasis<\/strong><\/td>\n<td colspan=\"3\"><strong>Carga admisible del eje trasero: 18000KG<br \/>\nPrimavera: 12\/12\/13<\/strong><\/td>\n<\/tr>\n<tr>\n<td><strong>Neum\u00e1tico<\/strong><\/td>\n<td colspan=\"3\"><strong>N\u00famero de neum\u00e1ticos: 12+1(<a href=\"http:\/\/dict.baidu.com\/s?wd=spare%20tire\" target=\"_blank\" rel=\"noopener\">rueda de repuesto<\/a>)<\/strong><\/p>\n<p><strong>Tama\u00f1o de neum\u00e1tico: 12.00 R20<\/strong><\/td>\n<\/tr>\n<tr>\n<td><strong>Tanque<\/strong><\/td>\n<td colspan=\"3\"><strong>Capacidad del tanque de combustible: 300L<\/strong><\/td>\n<\/tr>\n<tr>\n<td><strong>Cuerpo<\/strong><\/td>\n<td colspan=\"3\"><strong>Tama\u00f1o interior (mm): 8200x2300x1500<\/strong><\/p>\n<p><strong>Espesor del acero del cuerpo (mm): piso 8 lateral y posterior 4<\/strong><\/p>\n<p><strong><em>Tipo de volcado: Tipo de volcado frontal (en la carrocer\u00eda delantera con tecnolog\u00eda HOLLAND del sistema de volcado HYVA)<\/em><\/strong><\/td>\n<\/tr>\n<\/tbody>\n<\/table>","protected":false},"excerpt":{"rendered":"<p>Beiben Brand New 12 Wheel Dump Truck Loading Capacity Announcement Type ND3315D47J Drive Type 8&#215;4 Wheelbase 1500+4750+1450mm Overall length 11.3m Overall width 2.5m Overall height 3.5m Total mass 31t Curb weight 15.1t Track Front track: 1995\/1995mm \u00a0 \u00a0Rear track:1800mm Front \/ rear overhang 1410\/1906(mm) Rated load 50t Origin Baotou Approach angle 26 degrees Departure angle [&hellip;]<\/p>","protected":false},"featured_media":2380,"template":"","meta":{"site-sidebar-layout":"default","site-content-layout":"default","ast-site-content-layout":"default","site-content-style":"default","site-sidebar-style":"default","ast-global-header-display":"","ast-banner-title-visibility":"","ast-main-header-display":"","ast-hfb-above-header-display":"","ast-hfb-below-header-display":"","ast-hfb-mobile-header-display":"","site-post-title":"","ast-breadcrumbs-content":"","ast-featured-img":"","footer-sml-layout":"","ast-disable-related-posts":"","theme-transparent-header-meta":"default","adv-header-id-meta":"","stick-header-meta":"","header-above-stick-meta":"","header-main-stick-meta":"","header-below-stick-meta":"","astra-migrate-meta-layouts":"default","ast-page-background-enabled":"default","ast-page-background-meta":{"desktop":{"background-color":"","background-image":"","background-repeat":"repeat","background-position":"center center","background-size":"auto","background-attachment":"scroll","background-type":"","background-media":"","overlay-type":"","overlay-color":"","overlay-opacity":"","overlay-gradient":""},"tablet":{"background-color":"","background-image":"","background-repeat":"repeat","background-position":"center center","background-size":"auto","background-attachment":"scroll","background-type":"","background-media":"","overlay-type":"","overlay-color":"","overlay-opacity":"","overlay-gradient":""},"mobile":{"background-color":"","background-image":"","background-repeat":"repeat","background-position":"center center","background-size":"auto","background-attachment":"scroll","background-type":"","background-media":"","overlay-type":"","overlay-color":"","overlay-opacity":"","overlay-gradient":""}},"ast-content-background-meta":{"desktop":{"background-color":"var(--ast-global-color-5)","background-image":"","background-repeat":"repeat","background-position":"center center","background-size":"auto","background-attachment":"scroll","background-type":"","background-media":"","overlay-type":"","overlay-color":"","overlay-opacity":"","overlay-gradient":""},"tablet":{"background-color":"var(--ast-global-color-5)","background-image":"","background-repeat":"repeat","background-position":"center center","background-size":"auto","background-attachment":"scroll","background-type":"","background-media":"","overlay-type":"","overlay-color":"","overlay-opacity":"","overlay-gradient":""},"mobile":{"background-color":"var(--ast-global-color-5)","background-image":"","background-repeat":"repeat","background-position":"center center","background-size":"auto","background-attachment":"scroll","background-type":"","background-media":"","overlay-type":"","overlay-color":"","overlay-opacity":"","overlay-gradient":""}}},"product_brand":[],"product_cat":[23],"product_tag":[],"class_list":{"0":"post-2406","1":"product","2":"type-product","3":"status-publish","4":"has-post-thumbnail","6":"product_cat-dump-truck","7":"desktop-align-left","8":"tablet-align-left","9":"mobile-align-left","11":"first","12":"instock","13":"shipping-taxable","14":"product-type-simple"},"_links":{"self":[{"href":"https:\/\/satisfybot.com\/es\/wp-json\/wp\/v2\/product\/2406","targetHints":{"allow":["GET"]}}],"collection":[{"href":"https:\/\/satisfybot.com\/es\/wp-json\/wp\/v2\/product"}],"about":[{"href":"https:\/\/satisfybot.com\/es\/wp-json\/wp\/v2\/types\/product"}],"version-history":[{"count":0,"href":"https:\/\/satisfybot.com\/es\/wp-json\/wp\/v2\/product\/2406\/revisions"}],"wp:featuredmedia":[{"embeddable":true,"href":"https:\/\/satisfybot.com\/es\/wp-json\/wp\/v2\/media\/2380"}],"wp:attachment":[{"href":"https:\/\/satisfybot.com\/es\/wp-json\/wp\/v2\/media?parent=2406"}],"wp:term":[{"taxonomy":"product_brand","embeddable":true,"href":"https:\/\/satisfybot.com\/es\/wp-json\/wp\/v2\/product_brand?post=2406"},{"taxonomy":"product_cat","embeddable":true,"href":"https:\/\/satisfybot.com\/es\/wp-json\/wp\/v2\/product_cat?post=2406"},{"taxonomy":"product_tag","embeddable":true,"href":"https:\/\/satisfybot.com\/es\/wp-json\/wp\/v2\/product_tag?post=2406"}],"curies":[{"name":"wp","href":"https:\/\/api.w.org\/{rel}","templated":true}]}}