{"id":2625,"date":"2023-08-21T06:07:30","date_gmt":"2023-08-21T06:07:30","guid":{"rendered":"https:\/\/satisfybot.com\/?post_type=product&#038;p=2625"},"modified":"2023-08-21T06:08:44","modified_gmt":"2023-08-21T06:08:44","slug":"used-6ton-mini-earth-moving-caterpillar-3606e2-second-hand-used-caterpillar-excavator-used-excavator-compact-excavator-306-305-5-cat306e2-305","status":"publish","type":"product","link":"https:\/\/satisfybot.com\/es\/producto\/used-6ton-mini-earth-moving-caterpillar-3606e2-second-hand-used-caterpillar-excavator-used-excavator-compact-excavator-306-305-5-cat306e2-305\/","title":{"rendered":"Mini excavadora de oruga usada de 6 toneladas para movimiento de tierra 3606E2, excavadora de oruga usada de segunda mano, excavadora compacta 306 305,5 cat306e2 305"},"content":{"rendered":"<h3 tabindex=\"0\" role=\"button\" aria-controls=\"accordion__group--1-1\" aria-expanded=\"true\">Mini excavadora de oruga usada de 6 toneladas para movimiento de tierra 3606E2, excavadora de oruga usada de segunda mano, excavadora compacta usada cat306e2<\/h3>\n<p>&nbsp;<\/p>\n<h3 class=\"accordion__heading open\" tabindex=\"0\" role=\"button\" aria-controls=\"accordion__group--1-1\" aria-expanded=\"true\">MOTOR<\/h3>\n<div id=\"accordion__group--1-1\" class=\"accordion__body\">\n<div class=\"table-scroll\">\n<div class=\"scrollable\">\n<div>\n<table>\n<tbody>\n<tr>\n<td><strong>Poder de la red<\/strong><\/td>\n<td><span class=\"unit unit-us\">55,9 CV<\/span><\/td>\n<\/tr>\n<tr>\n<td><strong>Potencia bruta \u2013 ISO 14396<\/strong><\/td>\n<td><span class=\"unit unit-us\">57,9 CV<\/span><\/td>\n<\/tr>\n<tr>\n<td><strong>Desplazamiento<\/strong><\/td>\n<td><span class=\"unit unit-us\">148 pulgadas\u00b3<\/span><\/td>\n<\/tr>\n<tr>\n<td><strong>Aburrir<\/strong><\/td>\n<td><span class=\"unit unit-us\">3,4 pulgadas<\/span><\/td>\n<\/tr>\n<tr>\n<td><strong>Ataque<\/strong><\/td>\n<td><span class=\"unit unit-us\">4 en<\/span><\/td>\n<\/tr>\n<tr>\n<td><strong>Modelo de motor<\/strong><\/td>\n<td><span class=\"unit unit-us\">Gato C2.4 Turbo<\/span><\/td>\n<\/tr>\n<tr>\n<td><strong>Potencia neta a 2200 rpm: Tier 4 final de la EPA de EE. UU.\/Fase V de la UE: ISO 9249\/EEC 80\/1269<\/strong><\/td>\n<td><span class=\"unit unit-us\">55,9 CV<\/span><\/td>\n<\/tr>\n<\/tbody>\n<\/table>\n<h3 class=\"accordion__heading open\" tabindex=\"0\" role=\"button\" aria-controls=\"accordion__group--1-2\" aria-expanded=\"true\">PESOS<\/h3>\n<div id=\"accordion__group--1-2\" class=\"accordion__body\">\n<div class=\"table-scroll\">\n<div class=\"scrollable\">\n<div>\n<table>\n<tbody>\n<tr>\n<td><strong>Peso operativo<\/strong><\/td>\n<td><span class=\"unit unit-us\">15766 libras<\/span><\/td>\n<\/tr>\n<tr>\n<td><strong>Peso operativo m\u00ednimo con capota*<\/strong><\/td>\n<td><span class=\"unit unit-us\">14134 libras<\/span><\/td>\n<\/tr>\n<tr>\n<td><strong>Peso operativo m\u00e1ximo con capota**<\/strong><\/td>\n<td><span class=\"unit unit-us\">15633 libras<\/span><\/td>\n<\/tr>\n<tr>\n<td><strong>Nota 2)<\/strong><\/td>\n<td><span class=\"unit unit-us\">**El peso m\u00e1ximo se basa en cadenas de acero con almohadillas, contrapeso adicional, operador, tanque de combustible lleno, balanc\u00edn largo, hoja fija y sin cuchar\u00f3n.<\/span><\/td>\n<\/tr>\n<tr>\n<td><strong>Peso operativo m\u00e1ximo con cabina**<\/strong><\/td>\n<td><span class=\"unit unit-us\">15766 libras<\/span><\/td>\n<\/tr>\n<tr>\n<td><strong>Peso operativo m\u00ednimo con cabina*<\/strong><\/td>\n<td><span class=\"unit unit-us\">14266 libras<\/span><\/td>\n<\/tr>\n<tr>\n<td><strong>Nota 1)<\/strong><\/td>\n<td><span class=\"unit unit-us\">*El peso m\u00ednimo se basa en orugas de caucho, operador, tanque de combustible lleno, balanc\u00edn est\u00e1ndar, hoja fija y sin cuchar\u00f3n.<\/span><\/td>\n<\/tr>\n<\/tbody>\n<\/table>\n<h3 class=\"accordion__heading open\" tabindex=\"0\" role=\"button\" aria-controls=\"accordion__group--1-4\" aria-expanded=\"true\">SISTEMA DE VIAJE<\/h3>\n<div id=\"accordion__group--1-4\" class=\"accordion__body\">\n<div class=\"table-scroll\">\n<div class=\"scrollable\">\n<div>\n<table>\n<tbody>\n<tr>\n<td><strong>Presi\u00f3n sobre el suelo: peso m\u00ednimo<\/strong><\/td>\n<td><span class=\"unit unit-us\">5,1 psi<\/span><\/td>\n<\/tr>\n<tr>\n<td><strong>Presi\u00f3n sobre el suelo: peso m\u00e1ximo<\/strong><\/td>\n<td><span class=\"unit unit-us\">5,7 psi<\/span><\/td>\n<\/tr>\n<tr>\n<td><strong>Trepabilidad \u2013 M\u00e1xima<\/strong><\/td>\n<td><span class=\"unit unit-us\">30 grados<\/span><\/td>\n<\/tr>\n<tr>\n<td><strong>Fuerza de tracci\u00f3n m\u00e1xima: alta velocidad<\/strong><\/td>\n<td><span class=\"unit unit-us\">6969 lbf<\/span><\/td>\n<\/tr>\n<tr>\n<td><strong>Fuerza de tracci\u00f3n m\u00e1xima: baja velocidad<\/strong><\/td>\n<td><span class=\"unit unit-us\">12589 lbf<\/span><\/td>\n<\/tr>\n<tr>\n<td><strong>Velocidad de viaje: alta<\/strong><\/td>\n<td><span class=\"unit unit-us\">3.1 millas por hora<\/span><\/td>\n<\/tr>\n<tr>\n<td><strong>Velocidad de viaje: baja<\/strong><\/td>\n<td><span class=\"unit unit-us\">1.7 millas por hora<\/span><\/td>\n<\/tr>\n<\/tbody>\n<\/table>\n<h3 class=\"accordion__heading open\" tabindex=\"0\" role=\"button\" aria-controls=\"accordion__group--1-5\" aria-expanded=\"true\">CAPACIDADES DE RECARGA DE SERVICIO<\/h3>\n<div id=\"accordion__group--1-5\" class=\"accordion__body\">\n<div class=\"table-scroll\">\n<div class=\"scrollable\">\n<div>\n<table>\n<tbody>\n<tr>\n<td><strong>Sistema de refrigeraci\u00f3n<\/strong><\/td>\n<td><span class=\"unit unit-us\">2,6 galones (EE. UU.)<\/span><\/td>\n<\/tr>\n<tr>\n<td><strong>Sistema hidr\u00e1ulico<\/strong><\/td>\n<td><span class=\"unit unit-us\">27,5 galones (EE. UU.)<\/span><\/td>\n<\/tr>\n<tr>\n<td><strong>Tanque Hidr\u00e1ulico<\/strong><\/td>\n<td><span class=\"unit unit-us\">14 galones (EE. UU.)<\/span><\/td>\n<\/tr>\n<tr>\n<td><strong>Aceite de motor<\/strong><\/td>\n<td><span class=\"unit unit-us\">2.1 galones (EE. UU.)<\/span><\/td>\n<\/tr>\n<tr>\n<td><strong>Dep\u00f3sito de combustible<\/strong><\/td>\n<td><span class=\"unit unit-us\">34,3 galones (EE. UU.)<\/span><\/td>\n<\/tr>\n<\/tbody>\n<\/table>\n<div style=\"width: 1280px;\" class=\"wp-video\"><video class=\"wp-video-shortcode\" id=\"video-2625-2\" width=\"1280\" height=\"720\" preload=\"metadata\" controls=\"controls\"><source type=\"video\/mp4\" src=\"https:\/\/satisfybot.com\/wp-content\/uploads\/2023\/08\/WeChat_20230613101309.mp4?_=2\" \/><a href=\"https:\/\/satisfybot.com\/wp-content\/uploads\/2023\/08\/WeChat_20230613101309.mp4\">https:\/\/satisfybot.com\/wp-content\/uploads\/2023\/08\/WeChat_20230613101309.mp4<\/a><\/video><\/div>\n<\/div>\n<\/div>\n<\/div>\n<\/div>\n<\/div>\n<\/div>\n<\/div>\n<\/div>\n<\/div>\n<\/div>\n<\/div>\n<\/div>\n<\/div>\n<\/div>\n<\/div>\n<\/div>","protected":false},"excerpt":{"rendered":"<div style=\"width: 1280px;\" class=\"wp-video\"><!--[if lt IE 9]><script>document.createElement('video');<\/script><![endif]--><br \/>\n<video class=\"wp-video-shortcode\" id=\"video-2625-1\" width=\"1280\" height=\"720\" preload=\"metadata\" controls=\"controls\"><source type=\"video\/mp4\" src=\"https:\/\/satisfybot.com\/wp-content\/uploads\/2023\/08\/WeChat_20230613101309.mp4?_=1\" \/><a href=\"https:\/\/satisfybot.com\/wp-content\/uploads\/2023\/08\/WeChat_20230613101309.mp4\">https:\/\/satisfybot.com\/wp-content\/uploads\/2023\/08\/WeChat_20230613101309.mp4<\/a><\/video><\/div>","protected":false},"featured_media":2628,"template":"","meta":{"site-sidebar-layout":"default","site-content-layout":"default","ast-site-content-layout":"default","site-content-style":"default","site-sidebar-style":"default","ast-global-header-display":"","ast-banner-title-visibility":"","ast-main-header-display":"","ast-hfb-above-header-display":"","ast-hfb-below-header-display":"","ast-hfb-mobile-header-display":"","site-post-title":"","ast-breadcrumbs-content":"","ast-featured-img":"","footer-sml-layout":"","ast-disable-related-posts":"","theme-transparent-header-meta":"default","adv-header-id-meta":"","stick-header-meta":"","header-above-stick-meta":"","header-main-stick-meta":"","header-below-stick-meta":"","astra-migrate-meta-layouts":"default","ast-page-background-enabled":"default","ast-page-background-meta":{"desktop":{"background-color":"","background-image":"","background-repeat":"repeat","background-position":"center center","background-size":"auto","background-attachment":"scroll","background-type":"","background-media":"","overlay-type":"","overlay-color":"","overlay-opacity":"","overlay-gradient":""},"tablet":{"background-color":"","background-image":"","background-repeat":"repeat","background-position":"center center","background-size":"auto","background-attachment":"scroll","background-type":"","background-media":"","overlay-type":"","overlay-color":"","overlay-opacity":"","overlay-gradient":""},"mobile":{"background-color":"","background-image":"","background-repeat":"repeat","background-position":"center center","background-size":"auto","background-attachment":"scroll","background-type":"","background-media":"","overlay-type":"","overlay-color":"","overlay-opacity":"","overlay-gradient":""}},"ast-content-background-meta":{"desktop":{"background-color":"var(--ast-global-color-5)","background-image":"","background-repeat":"repeat","background-position":"center center","background-size":"auto","background-attachment":"scroll","background-type":"","background-media":"","overlay-type":"","overlay-color":"","overlay-opacity":"","overlay-gradient":""},"tablet":{"background-color":"var(--ast-global-color-5)","background-image":"","background-repeat":"repeat","background-position":"center center","background-size":"auto","background-attachment":"scroll","background-type":"","background-media":"","overlay-type":"","overlay-color":"","overlay-opacity":"","overlay-gradient":""},"mobile":{"background-color":"var(--ast-global-color-5)","background-image":"","background-repeat":"repeat","background-position":"center center","background-size":"auto","background-attachment":"scroll","background-type":"","background-media":"","overlay-type":"","overlay-color":"","overlay-opacity":"","overlay-gradient":""}}},"product_brand":[],"product_cat":[28],"product_tag":[],"class_list":{"0":"post-2625","1":"product","2":"type-product","3":"status-publish","4":"has-post-thumbnail","6":"product_cat-excavator","7":"desktop-align-left","8":"tablet-align-left","9":"mobile-align-left","11":"first","12":"instock","13":"shipping-taxable","14":"product-type-simple"},"_links":{"self":[{"href":"https:\/\/satisfybot.com\/es\/wp-json\/wp\/v2\/product\/2625","targetHints":{"allow":["GET"]}}],"collection":[{"href":"https:\/\/satisfybot.com\/es\/wp-json\/wp\/v2\/product"}],"about":[{"href":"https:\/\/satisfybot.com\/es\/wp-json\/wp\/v2\/types\/product"}],"version-history":[{"count":0,"href":"https:\/\/satisfybot.com\/es\/wp-json\/wp\/v2\/product\/2625\/revisions"}],"wp:featuredmedia":[{"embeddable":true,"href":"https:\/\/satisfybot.com\/es\/wp-json\/wp\/v2\/media\/2628"}],"wp:attachment":[{"href":"https:\/\/satisfybot.com\/es\/wp-json\/wp\/v2\/media?parent=2625"}],"wp:term":[{"taxonomy":"product_brand","embeddable":true,"href":"https:\/\/satisfybot.com\/es\/wp-json\/wp\/v2\/product_brand?post=2625"},{"taxonomy":"product_cat","embeddable":true,"href":"https:\/\/satisfybot.com\/es\/wp-json\/wp\/v2\/product_cat?post=2625"},{"taxonomy":"product_tag","embeddable":true,"href":"https:\/\/satisfybot.com\/es\/wp-json\/wp\/v2\/product_tag?post=2625"}],"curies":[{"name":"wp","href":"https:\/\/api.w.org\/{rel}","templated":true}]}}