{"id":2651,"date":"2023-08-21T07:55:25","date_gmt":"2023-08-21T07:55:25","guid":{"rendered":"https:\/\/satisfybot.com\/?post_type=product&#038;p=2651"},"modified":"2023-08-22T03:13:27","modified_gmt":"2023-08-22T03:13:27","slug":"hydraulic-backhoe-crawler-backhoe-cat-excavator-compact-excavator-8-tons-cat308c-cat308d-cat308e2-caterpillar-excavator","status":"publish","type":"product","link":"https:\/\/satisfybot.com\/es\/producto\/hydraulic-backhoe-crawler-backhoe-cat-excavator-compact-excavator-8-tons-cat308c-cat308d-cat308e2-caterpillar-excavator\/","title":{"rendered":"Retroexcavadora hidr\u00e1ulica usada, retroexcavadora CAT, excavadora compacta, 8 toneladas, CAT308C\/CAT308D\/CAT308E2, excavadora de oruga"},"content":{"rendered":"<h3 class=\"accordion__heading open\" tabindex=\"0\" role=\"button\" aria-controls=\"accordion__group--1-1\" aria-expanded=\"true\">MOTOR<\/h3>\n<div id=\"accordion__group--1-1\" class=\"accordion__body\">\n<div class=\"table-scroll\">\n<div class=\"scrollable\">\n<div>\n<table>\n<tbody>\n<tr>\n<td><strong>Poder de la red<\/strong><\/td>\n<td><span class=\"unit unit-us\">69,5 CV<\/span><\/td>\n<\/tr>\n<tr>\n<td><strong>Modelo de motor<\/strong><\/td>\n<td><span class=\"unit unit-us\">Gato C3.3B<\/span><\/td>\n<\/tr>\n<tr>\n<td><strong>Ataque<\/strong><\/td>\n<td><span class=\"unit unit-us\">4,7 pulgadas<\/span><\/td>\n<\/tr>\n<tr>\n<td><strong>Aburrir<\/strong><\/td>\n<td><span class=\"unit unit-us\">3,7 pulgadas<\/span><\/td>\n<\/tr>\n<tr>\n<td><strong>Potencia bruta \u2013 SAE J1995<\/strong><\/td>\n<td><span class=\"unit unit-us\">74,3 CV<\/span><\/td>\n<\/tr>\n<tr>\n<td><strong>Desplazamiento<\/strong><\/td>\n<td><span class=\"unit unit-us\">203 pulgadas\u00b3<\/span><\/td>\n<\/tr>\n<tr>\n<td><strong>Potencia neta nominal: 2200 rpm: Tier 4 final de la EPA de EE. UU.\/Stage V de la UE: ISO 9249\/EEC 80\/1269<\/strong><\/td>\n<td><span class=\"unit unit-us\">69,5 CV<\/span><\/td>\n<\/tr>\n<\/tbody>\n<\/table>\n<h3 class=\"accordion__heading open\" tabindex=\"0\" role=\"button\" aria-controls=\"accordion__group--1-11\" aria-expanded=\"true\">DIMENSIONES \u2013 PALO EST\u00c1NDAR<\/h3>\n<div id=\"accordion__group--1-11\" class=\"accordion__body\">\n<div class=\"table-scroll\">\n<div class=\"scrollable\">\n<div>\n<table>\n<tbody>\n<tr>\n<td><strong>Altura de la cabina<\/strong><\/td>\n<td><span class=\"unit unit-us\">100 en<\/span><\/td>\n<\/tr>\n<tr>\n<td><strong>Pared vertical<\/strong><\/td>\n<td><span class=\"unit unit-us\">117,8 pulgadas<\/span><\/td>\n<\/tr>\n<tr>\n<td><strong>Auge al alcance<\/strong><\/td>\n<td><span class=\"unit unit-us\">120,4 pulgadas<\/span><\/td>\n<\/tr>\n<tr>\n<td><strong>Giro de cola con contrapeso<\/strong><\/td>\n<td><span class=\"unit unit-us\">62,4 pulgadas<\/span><\/td>\n<\/tr>\n<tr>\n<td><strong>Giro de la pluma: derecha<\/strong><\/td>\n<td><span class=\"unit unit-us\">36,8 pulgadas<\/span><\/td>\n<\/tr>\n<tr>\n<td><strong>Ancho de la correa\/zapata de la oruga<\/strong><\/td>\n<td><span class=\"unit unit-us\">17,7 pulgadas<\/span><\/td>\n<\/tr>\n<tr>\n<td><strong>Alcance m\u00e1ximo<\/strong><\/td>\n<td><span class=\"unit unit-us\">281,1 pulgadas<\/span><\/td>\n<\/tr>\n<tr>\n<td><strong>Longitud del palo<\/strong><\/td>\n<td><span class=\"unit unit-us\">71,7 pulgadas<\/span><\/td>\n<\/tr>\n<tr>\n<td><strong>Altura m\u00e1xima de la hoja<\/strong><\/td>\n<td><span class=\"unit unit-us\">14,6 pulgadas<\/span><\/td>\n<\/tr>\n<tr>\n<td><strong>Giro de la pluma: izquierda<\/strong><\/td>\n<td><span class=\"unit unit-us\">23,8 pulgadas<\/span><\/td>\n<\/tr>\n<tr>\n<td><strong>Profundidad m\u00e1xima de la hoja<\/strong><\/td>\n<td><span class=\"unit unit-us\">16 pulgadas<\/span><\/td>\n<\/tr>\n<tr>\n<td><strong>Ancho de v\u00eda O\/A<\/strong><\/td>\n<td><span class=\"unit unit-us\">90,6 pulgadas<\/span><\/td>\n<\/tr>\n<tr>\n<td><strong>Altura m\u00e1xima de excavaci\u00f3n<\/strong><\/td>\n<td><span class=\"unit unit-us\">265,2 pulgadas<\/span><\/td>\n<\/tr>\n<tr>\n<td><strong>Espacio libre m\u00e1ximo de descarga<\/strong><\/td>\n<td><span class=\"unit unit-us\">187,4 pulgadas<\/span><\/td>\n<\/tr>\n<tr>\n<td><strong>Alcance m\u00e1ximo: nivel del suelo<\/strong><\/td>\n<td><span class=\"unit unit-us\">273,6 pulgadas<\/span><\/td>\n<\/tr>\n<tr>\n<td><strong>Giro de cola sin contrapeso<\/strong><\/td>\n<td><span class=\"unit unit-us\">57,1 pulgadas<\/span><\/td>\n<\/tr>\n<tr>\n<td><strong>Longitud del tren de rodaje O\/A<\/strong><\/td>\n<td><span class=\"unit unit-us\">113,4 pulgadas<\/span><\/td>\n<\/tr>\n<tr>\n<td><strong>Cojinete de giro \u2013 Altura<\/strong><\/td>\n<td><span class=\"unit unit-us\">29,7 pulgadas<\/span><\/td>\n<\/tr>\n<tr>\n<td><strong>Claridad del piso<\/strong><\/td>\n<td><span class=\"unit unit-us\">13,8 pulgadas<\/span><\/td>\n<\/tr>\n<tr>\n<td><strong>Profundidad de excavaci\u00f3n<\/strong><\/td>\n<td><span class=\"unit unit-us\">161,7 pulgadas<\/span><\/td>\n<\/tr>\n<tr>\n<td><strong>Nota<\/strong><\/td>\n<td><span class=\"unit unit-us\">*Altura de la pluma cuando el brazo est\u00e1 fijado en posici\u00f3n de transporte sin accesorios.<\/span><\/td>\n<\/tr>\n<tr>\n<td><strong>Longitud total de env\u00edo: con contrapeso<\/strong><\/td>\n<td><span class=\"unit unit-us\">264 pulgadas<\/span><\/td>\n<\/tr>\n<tr>\n<td><strong>Nota 1)<\/strong><\/td>\n<td><span class=\"unit unit-us\">**Altura de la pluma cuando el brazo est\u00e1 fijado en la posici\u00f3n de trabajo con accesorios. Standard Stick ofrece solo una posici\u00f3n de pasador.<\/span><\/td>\n<\/tr>\n<tr>\n<td><strong>Longitud total de env\u00edo: sin contrapeso<\/strong><\/td>\n<td><span class=\"unit unit-us\">258,8 pulgadas<\/span><\/td>\n<\/tr>\n<tr>\n<td><strong>Nota 2)<\/strong><\/td>\n<td><span class=\"unit unit-us\">***Con cuchilla colocada en la parte trasera de la m\u00e1quina.<\/span><\/td>\n<\/tr>\n<tr>\n<td><strong>Altura \u2013 Trabajo con pluma \u2013 Con herramientas**<\/strong><\/td>\n<td><span class=\"unit unit-us\">104,7 pulgadas<\/span><\/td>\n<\/tr>\n<tr>\n<td><strong>Altura \u2013 Transporte de la pluma \u2013 Sin herramientas*<\/strong><\/td>\n<td><span class=\"unit unit-us\">95,7 pulgadas<\/span><\/td>\n<\/tr>\n<\/tbody>\n<\/table>\n<div style=\"width: 544px;\" class=\"wp-video\"><!--[if lt IE 9]><script>document.createElement('video');<\/script><![endif]-->\n<video class=\"wp-video-shortcode\" id=\"video-2651-1\" width=\"544\" height=\"960\" preload=\"metadata\" controls=\"controls\"><source type=\"video\/mp4\" src=\"https:\/\/satisfybot.com\/wp-content\/uploads\/2023\/08\/9eaf9d1d1f88489758bde0637157f48c.mp4?_=1\" \/><a href=\"https:\/\/satisfybot.com\/wp-content\/uploads\/2023\/08\/9eaf9d1d1f88489758bde0637157f48c.mp4\">https:\/\/satisfybot.com\/wp-content\/uploads\/2023\/08\/9eaf9d1d1f88489758bde0637157f48c.mp4<\/a><\/video><\/div>\n<\/div>\n<\/div>\n<\/div>\n<\/div>\n<\/div>\n<\/div>\n<\/div>\n<\/div>","protected":false},"excerpt":{"rendered":"<p>ENGINE Net Power 69.5 HP Engine Model Cat C3.3B Stroke 4.7 in Bore 3.7 in Gross Power &#8211; SAE J1995 74.3 HP Displacement 203 in\u00b3 Rated Net Power &#8211; 2,200 rpm &#8211; U.S. EPA Tier 4 Final\/EU Stage V &#8211; ISO 9249\/EEC 80\/1269 69.5 HP DIMENSIONS &#8211; STANDARD STICK Cab Height 100 in Vertical Wall [&hellip;]<\/p>","protected":false},"featured_media":2652,"template":"","meta":{"site-sidebar-layout":"default","site-content-layout":"default","ast-site-content-layout":"default","site-content-style":"default","site-sidebar-style":"default","ast-global-header-display":"","ast-banner-title-visibility":"","ast-main-header-display":"","ast-hfb-above-header-display":"","ast-hfb-below-header-display":"","ast-hfb-mobile-header-display":"","site-post-title":"","ast-breadcrumbs-content":"","ast-featured-img":"","footer-sml-layout":"","ast-disable-related-posts":"","theme-transparent-header-meta":"default","adv-header-id-meta":"","stick-header-meta":"","header-above-stick-meta":"","header-main-stick-meta":"","header-below-stick-meta":"","astra-migrate-meta-layouts":"default","ast-page-background-enabled":"default","ast-page-background-meta":{"desktop":{"background-color":"","background-image":"","background-repeat":"repeat","background-position":"center center","background-size":"auto","background-attachment":"scroll","background-type":"","background-media":"","overlay-type":"","overlay-color":"","overlay-opacity":"","overlay-gradient":""},"tablet":{"background-color":"","background-image":"","background-repeat":"repeat","background-position":"center center","background-size":"auto","background-attachment":"scroll","background-type":"","background-media":"","overlay-type":"","overlay-color":"","overlay-opacity":"","overlay-gradient":""},"mobile":{"background-color":"","background-image":"","background-repeat":"repeat","background-position":"center center","background-size":"auto","background-attachment":"scroll","background-type":"","background-media":"","overlay-type":"","overlay-color":"","overlay-opacity":"","overlay-gradient":""}},"ast-content-background-meta":{"desktop":{"background-color":"var(--ast-global-color-5)","background-image":"","background-repeat":"repeat","background-position":"center center","background-size":"auto","background-attachment":"scroll","background-type":"","background-media":"","overlay-type":"","overlay-color":"","overlay-opacity":"","overlay-gradient":""},"tablet":{"background-color":"var(--ast-global-color-5)","background-image":"","background-repeat":"repeat","background-position":"center center","background-size":"auto","background-attachment":"scroll","background-type":"","background-media":"","overlay-type":"","overlay-color":"","overlay-opacity":"","overlay-gradient":""},"mobile":{"background-color":"var(--ast-global-color-5)","background-image":"","background-repeat":"repeat","background-position":"center center","background-size":"auto","background-attachment":"scroll","background-type":"","background-media":"","overlay-type":"","overlay-color":"","overlay-opacity":"","overlay-gradient":""}}},"product_brand":[],"product_cat":[28],"product_tag":[],"class_list":{"0":"post-2651","1":"product","2":"type-product","3":"status-publish","4":"has-post-thumbnail","6":"product_cat-excavator","7":"desktop-align-left","8":"tablet-align-left","9":"mobile-align-left","11":"first","12":"instock","13":"shipping-taxable","14":"product-type-simple"},"_links":{"self":[{"href":"https:\/\/satisfybot.com\/es\/wp-json\/wp\/v2\/product\/2651","targetHints":{"allow":["GET"]}}],"collection":[{"href":"https:\/\/satisfybot.com\/es\/wp-json\/wp\/v2\/product"}],"about":[{"href":"https:\/\/satisfybot.com\/es\/wp-json\/wp\/v2\/types\/product"}],"version-history":[{"count":0,"href":"https:\/\/satisfybot.com\/es\/wp-json\/wp\/v2\/product\/2651\/revisions"}],"wp:featuredmedia":[{"embeddable":true,"href":"https:\/\/satisfybot.com\/es\/wp-json\/wp\/v2\/media\/2652"}],"wp:attachment":[{"href":"https:\/\/satisfybot.com\/es\/wp-json\/wp\/v2\/media?parent=2651"}],"wp:term":[{"taxonomy":"product_brand","embeddable":true,"href":"https:\/\/satisfybot.com\/es\/wp-json\/wp\/v2\/product_brand?post=2651"},{"taxonomy":"product_cat","embeddable":true,"href":"https:\/\/satisfybot.com\/es\/wp-json\/wp\/v2\/product_cat?post=2651"},{"taxonomy":"product_tag","embeddable":true,"href":"https:\/\/satisfybot.com\/es\/wp-json\/wp\/v2\/product_tag?post=2651"}],"curies":[{"name":"wp","href":"https:\/\/api.w.org\/{rel}","templated":true}]}}