{"id":2789,"date":"2023-08-24T03:19:46","date_gmt":"2023-08-24T03:19:46","guid":{"rendered":"https:\/\/satisfybot.com\/?post_type=product&#038;p=2789"},"modified":"2023-08-24T05:19:30","modified_gmt":"2023-08-24T05:19:30","slug":"used-doosan-mini-excavator-compact-excavator-small-excavator-dx55-dh55-dh55-9c-used-doosan-mini-excavator","status":"publish","type":"product","link":"https:\/\/satisfybot.com\/es\/producto\/used-doosan-mini-excavator-compact-excavator-small-excavator-dx55-dh55-dh55-9c-used-doosan-mini-excavator\/","title":{"rendered":"Miniexcavadora doosan usada excavadora compacta peque\u00f1a excavadora DX55 DX55W DH55 DH55W DH55-9C Miniexcavadora doosan usada"},"content":{"rendered":"<p><img fetchpriority=\"high\" decoding=\"async\" class=\"aligncenter size-large wp-image-2790\" src=\"https:\/\/satisfybot.com\/wp-content\/uploads\/2023\/08\/doosan-dx55-9C-1024x768.jpg\" alt=\"\" width=\"1024\" height=\"768\" srcset=\"https:\/\/satisfybot.com\/wp-content\/uploads\/2023\/08\/doosan-dx55-9C-1024x768.jpg 1024w, https:\/\/satisfybot.com\/wp-content\/uploads\/2023\/08\/doosan-dx55-9C-300x225.jpg 300w, https:\/\/satisfybot.com\/wp-content\/uploads\/2023\/08\/doosan-dx55-9C-768x576.jpg 768w, https:\/\/satisfybot.com\/wp-content\/uploads\/2023\/08\/doosan-dx55-9C-16x12.jpg 16w, https:\/\/satisfybot.com\/wp-content\/uploads\/2023\/08\/doosan-dx55-9C-600x450.jpg 600w, https:\/\/satisfybot.com\/wp-content\/uploads\/2023\/08\/doosan-dx55-9C.jpg 1440w\" sizes=\"(max-width: 1024px) 100vw, 1024px\" \/> <img decoding=\"async\" class=\"aligncenter size-large wp-image-2780\" src=\"https:\/\/satisfybot.com\/wp-content\/uploads\/2023\/08\/\u5fae\u4fe1\u56fe\u7247_20230308104411-1024x768.jpg\" alt=\"\" width=\"1024\" height=\"768\" srcset=\"https:\/\/satisfybot.com\/wp-content\/uploads\/2023\/08\/\u5fae\u4fe1\u56fe\u7247_20230308104411-1024x768.jpg 1024w, https:\/\/satisfybot.com\/wp-content\/uploads\/2023\/08\/\u5fae\u4fe1\u56fe\u7247_20230308104411-300x225.jpg 300w, https:\/\/satisfybot.com\/wp-content\/uploads\/2023\/08\/\u5fae\u4fe1\u56fe\u7247_20230308104411-768x576.jpg 768w, https:\/\/satisfybot.com\/wp-content\/uploads\/2023\/08\/\u5fae\u4fe1\u56fe\u7247_20230308104411-1536x1152.jpg 1536w, https:\/\/satisfybot.com\/wp-content\/uploads\/2023\/08\/\u5fae\u4fe1\u56fe\u7247_20230308104411-16x12.jpg 16w, https:\/\/satisfybot.com\/wp-content\/uploads\/2023\/08\/\u5fae\u4fe1\u56fe\u7247_20230308104411-600x450.jpg 600w, https:\/\/satisfybot.com\/wp-content\/uploads\/2023\/08\/\u5fae\u4fe1\u56fe\u7247_20230308104411.jpg 1920w\" sizes=\"(max-width: 1024px) 100vw, 1024px\" \/><\/p>\n<p>&nbsp;<\/p>\n<p>Miniexcavadora doosan usada excavadora compacta peque\u00f1a excavadora DX55 DH55 DH55V DH55-9C Miniexcavadora doosan usada<\/p>\n<h3 id=\"techSpecs\">Especificaci\u00f3n para DX55<\/h3>\n<div class=\"container-tech-specs\">\n<ul class=\"tech-data-list\">\n<li><span class=\"tech-data-name\">Peso: <\/span><span class=\"tech-data-value\">5,5 toneladas<\/span><\/li>\n<li><span class=\"tech-data-name\">Longitud de transporte: <\/span><span class=\"tech-data-value\">5,85 metros<\/span><\/li>\n<li><span class=\"tech-data-name\">Ancho de transporte: <\/span><span class=\"tech-data-value\">1,88 metros<\/span><\/li>\n<li><span class=\"tech-data-name\">Altura de transporte: <\/span><span class=\"tech-data-value\">2,56 metros<\/span><\/li>\n<li><span class=\"tech-data-name\">Capacidad m\u00ednima del cuchar\u00f3n: <\/span><span class=\"tech-data-value\">0,18 m\u00b3<\/span><\/li>\n<li><span class=\"tech-data-name\">Ancho de pista: <\/span><span class=\"tech-data-value\">400 mil\u00edmetros<\/span><\/li>\n<li><span class=\"tech-data-name\">Protecci\u00f3n del conductor: <\/span><span class=\"tech-data-value\">kb<\/span><\/li>\n<li><span class=\"tech-data-name\">M\u00e1x. Alcance horizontal: <\/span><span class=\"tech-data-value\">6,15 metros<\/span><\/li>\n<li><span class=\"tech-data-name\">Profundidad de dragado: <\/span><span class=\"tech-data-value\">3,78 metros<\/span><\/li>\n<li><span class=\"tech-data-name\">Fabricante del motor: <\/span><span class=\"tech-data-value\">Yanmar<\/span><\/li>\n<li><span class=\"tech-data-name\">Tipo de motor: <\/span><span class=\"tech-data-value\">4TNV98Z<\/span><\/li>\n<li><span class=\"tech-data-name\">Potencia del motor:<\/span><span class=\"tech-data-value\">41,5 kilovatios<\/span><\/li>\n<li><span class=\"tech-data-name\">Desplazamiento: <\/span><span class=\"tech-data-value\">3,32 litros<\/span><\/li>\n<li><span class=\"tech-data-name\">Revoluciones al par m\u00e1ximo: <\/span><span class=\"tech-data-value\">2000 rpm<\/span><\/li>\n<\/ul>\n<h3 id=\"techSpecs\">Especificaci\u00f3n para DH55<\/h3>\n<div class=\"block with-analytic collapsible-block collapsed\" data-id=\"description\">\n<p><strong class=\"title\">Descripci\u00f3n<\/strong><\/p>\n<div class=\"item\"><span class=\"field\">Profundidad de excavaci\u00f3n\u00a0<\/span><span class=\"value\">3,89 metros<\/span><\/div>\n<div class=\"item\"><span class=\"field\">Radio de excavaci\u00f3n\u00a0<\/span><span class=\"value\">6,1 metros<\/span><\/div>\n<div class=\"item\"><span class=\"field\">Altura de descarga\u00a0<\/span><span class=\"value\">3,63 metros<\/span><\/div>\n<div class=\"item\"><span class=\"field\">Dimensiones totales\u00a0<\/span><span class=\"value\">5,9 mx 1,88 mx 2,55 m<\/span><\/div>\n<div class=\"item\"><span class=\"field\">Volumen del cubo\u00a0<\/span><span class=\"value\">0,175 m\u00b3<\/span><\/div>\n<div class=\"item\"><span class=\"field\">Dep\u00f3sito de combustible\u00a0<\/span><span class=\"value\">115 litros<\/span><\/div>\n<\/div>\n<div class=\"block with-analytic collapsible-block collapsed\" data-id=\"engine\">\n<p><strong class=\"title\">Motor<\/strong><\/p>\n<div class=\"item\"><span class=\"field\">Marca\u00a0<\/span><span class=\"value\">Isuzu 4JB1<\/span><\/div>\n<div class=\"item\"><span class=\"field\">Fuerza\u00a0<\/span><span class=\"value\">40,5 kilovatios (55,1 caballos de fuerza)<\/span><\/div>\n<div class=\"item\"><span class=\"field\">Combustible\u00a0<\/span><span class=\"value\">diesel<\/span><\/div>\n<div class=\"item\"><span class=\"field\">N\u00famero de cilindros\u00a0<\/span><span class=\"value\">6<\/span><\/div>\n<div class=\"item\"><\/div>\n<div>\n<div class=\"sf-descr\">\n<div class=\"sf-data sf-data-misc\">\n<div class=\"sf-section\">\n<div class=\"col col-1\">\n<div class=\"block with-analytic collapsible-block collapsed\" data-id=\"gearbox\">\n<p><strong class=\"title\">Cajas de cambios<\/strong><\/p>\n<div class=\"item\"><span class=\"field\">Tipo\u00a0<\/span><span class=\"value\">manual<\/span><\/div>\n<\/div>\n<div class=\"block with-analytic collapsible-block collapsed\" data-id=\"axles\">\n<p><strong class=\"title\">ejes<\/strong><\/p>\n<div class=\"item\"><span class=\"field\">Ancho de v\u00eda\u00a0<\/span><span class=\"value\">400 mil\u00edmetros<\/span><\/div>\n<div class=\"item\"><span class=\"field\">Estado de los neum\u00e1ticos\u00a0<\/span><span class=\"value\">90 %<\/span><\/div>\n<\/div>\n<div class=\"block with-analytic collapsible-block collapsed\" data-id=\"cabine\">\n<p><strong class=\"title\">Cabina<\/strong><\/p>\n<div class=\"item\"><span class=\"field\">Aire acondicionado\u00a0<\/span><\/div>\n<div class=\"item\"><span class=\"field\">L\u00e1mparas auxiliares\u00a0<\/span><\/div>\n<div class=\"item\"><span class=\"field\">Faros antiniebla\u00a0<\/span><\/div>\n<\/div>\n<\/div>\n<div class=\"col col-2\">\n<div class=\"additional-service-links-list\">\n<div class=\"additional-service-link js-hrf analytics_goal_click\" data-hrf-target=\"_blank\" data-analytics-goal=\"button_additional_service\" data-analytics-goal-action=\"delivery_click\" data-hrf=\"https:\/\/machineryline.info\/delivery\/request\/?code=21110312072198049600\">\n<div class=\"service-title\">\u00bfNecesita entrega?<\/div>\n<div class=\"service-icon delivery-service-icon\"><img decoding=\"async\" src=\"https:\/\/machineryline.info\/img\/cats\/icons\/85-svg-deep.svg?v9\" alt=\"\" \/><\/div>\n<div class=\"service-description\">Calcular el costo de entrega.<\/div>\n<\/div>\n<\/div>\n<div class=\"block with-analytic collapsible-block collapsed\" data-id=\"add-equip\">\n<p><strong class=\"title\">Equipamiento adicional<\/strong><\/p>\n<div class=\"item\"><span class=\"field\">Balde\u00a0<\/span><\/div>\n<\/div>\n<div class=\"block with-analytic collapsible-block collapsed\" data-id=\"condition\">\n<p><strong class=\"title\">Condici\u00f3n<\/strong><\/p>\n<div class=\"item\"><span class=\"field\">Condici\u00f3n\u00a0<\/span><span class=\"value\">usado<\/span><\/div>\n<div class=\"item\"><span class=\"field\">pintura original\u00a0<\/span><\/div>\n<\/div>\n<\/div>\n<\/div>\n<\/div>\n<\/div>\n<\/div>\n<\/div>\n<\/div>\n<div><\/div>\n<div>\n<div style=\"width: 960px;\" class=\"wp-video\"><video class=\"wp-video-shortcode\" id=\"video-2789-2\" width=\"960\" height=\"544\" preload=\"metadata\" controls=\"controls\"><source type=\"video\/mp4\" src=\"https:\/\/satisfybot.com\/wp-content\/uploads\/2023\/08\/\u6597\u5c7155\u89c6\u98912.mp4?_=2\" \/><a href=\"https:\/\/satisfybot.com\/wp-content\/uploads\/2023\/08\/\u6597\u5c7155\u89c6\u98912.mp4\">https:\/\/satisfybot.com\/wp-content\/uploads\/2023\/08\/\u6597\u5c7155\u89c6\u98912.mp4<\/a><\/video><\/div>\n<div style=\"width: 1280px;\" class=\"wp-video\"><video class=\"wp-video-shortcode\" id=\"video-2789-3\" width=\"1280\" height=\"720\" preload=\"metadata\" controls=\"controls\"><source type=\"video\/mp4\" src=\"https:\/\/satisfybot.com\/wp-content\/uploads\/2023\/08\/\u6597\u5c7155\u89c6\u98913.mp4?_=3\" \/><a href=\"https:\/\/satisfybot.com\/wp-content\/uploads\/2023\/08\/\u6597\u5c7155\u89c6\u98913.mp4\">https:\/\/satisfybot.com\/wp-content\/uploads\/2023\/08\/\u6597\u5c7155\u89c6\u98913.mp4<\/a><\/video><\/div>\n<\/div>\n<div><\/div>\n<div class=\"container-tech-specs\">\n<p><span style=\"font-size: 16px;\">SI EST\u00c1 INTERESADO EN ESTOS ART\u00cdCULOS, POR FAVOR CHATEA CONMIGO INMEDIATAMENTE.<\/span><\/p>\n<p>1.La producci\u00f3n: bien estado listo para trabajar.<br \/>\nsin fugas de aceite ni humo denso<br \/>\nEn Shangai, China.<\/p>\n<p>2.Servicio: Recogida en el aeropuerto.<br \/>\nReserva hotel para ti<br \/>\nLlevarte por Shanghai y espero que puedas divertirte en China.<\/p>\n<p>3.Pago: En cuanto al precio, se puede negociar.<br \/>\nCondiciones de entrega: CIP, MANDO, CFR, CIF, EXW<br \/>\nM\u00e9todo de pago: Transferencia bancaria T\/T, L\/C, Western Union. (Dep\u00f3sito 30%, saldo 70%)<\/p>\n<p>4.Env\u00edo: El m\u00e9todo de env\u00edo est\u00e1 disponible, contenedor, estante plano, carga a granel y barco RO RO.<br \/>\n* Contenedor: el m\u00e1s barato y r\u00e1pido; coloque la m\u00e1quina en el contenedor y debe desmontarla.<br \/>\n* Estante plano: a menudo se usa para enviar cargadores de dos ruedas, la carga m\u00e1xima es de 35 toneladas.<br \/>\n* Carga a granel: lo cual es mejor para equipos de construcci\u00f3n m\u00e1s grandes, no es necesario desmontarlo.<br \/>\n* Barco RO RO: La m\u00e1quina se introduce directamente en el barco y no es necesario desmontarla.<\/p>\n<p>Una vez confirmado el pedido, se podr\u00e1 enviar en un plazo de 20 d\u00edas laborables.<\/p>\n<p>Nuestra empresa tiene muchos a\u00f1os de experiencia en la exportaci\u00f3n de maquinaria de construcci\u00f3n, hemos establecido buenas relaciones comerciales con \u00c1frica; Am\u00e9rica Latina; Europa; America; Asia, como Asia Oriental, Asia Meridional, Sudeste Asi\u00e1tico, Asia Central, Asia Occidental y otros pa\u00edses.<br \/>\nSuministramos excavadoras usadas, cargadoras usadas, topadoras usadas, niveladoras usadas, apisonadoras usadas, retroexcavadoras usadas, camiones volquete usados, gr\u00faas usadas, montacargas usados y otras m\u00e1quinas.<br \/>\nHay muchas marcas famosas para su elecci\u00f3n, como Caterpillar, Komatsu, Hitachi, Kobelco, kubota, Hino, Isuzu, Mitsubishi, Doosan, Hyundai, Volvo, Dynapac, Bomag, Engersoll-Rand, Shantui, XCMG, SDLG, Liugong, Sinotruck, HOWO, SANY, Kawasaki, JCB, Case, Sunward, Yammar, Sumitomo, Kato, Tadano, Bob cat, Toyota Coaster, etc.<br \/>\nSinceramente, d\u00e9 la bienvenida a m\u00e1s amigos a China y visite nuestra empresa. Le proporcionaremos las mejores m\u00e1quinas y precios, y tambi\u00e9n esperamos ser su mejor socio para una futura cooperaci\u00f3n.<\/p>\n<\/div>","protected":false},"excerpt":{"rendered":"<div style=\"width: 720px;\" class=\"wp-video\"><!--[if lt IE 9]><script>document.createElement('video');<\/script><![endif]--><br \/>\n<video class=\"wp-video-shortcode\" id=\"video-2789-1\" width=\"720\" height=\"1280\" preload=\"metadata\" controls=\"controls\"><source type=\"video\/mp4\" src=\"https:\/\/satisfybot.com\/wp-content\/uploads\/2023\/08\/\u6597\u5c71DH55\u89c6\u9891.mp4?_=1\" \/><a href=\"https:\/\/satisfybot.com\/wp-content\/uploads\/2023\/08\/\u6597\u5c71DH55\u89c6\u9891.mp4\">https:\/\/satisfybot.com\/wp-content\/uploads\/2023\/08\/\u6597\u5c71DH55\u89c6\u9891.mp4<\/a><\/video><\/div>","protected":false},"featured_media":2780,"template":"","meta":{"site-sidebar-layout":"default","site-content-layout":"default","ast-site-content-layout":"default","site-content-style":"default","site-sidebar-style":"default","ast-global-header-display":"","ast-banner-title-visibility":"","ast-main-header-display":"","ast-hfb-above-header-display":"","ast-hfb-below-header-display":"","ast-hfb-mobile-header-display":"","site-post-title":"","ast-breadcrumbs-content":"","ast-featured-img":"","footer-sml-layout":"","ast-disable-related-posts":"","theme-transparent-header-meta":"default","adv-header-id-meta":"","stick-header-meta":"","header-above-stick-meta":"","header-main-stick-meta":"","header-below-stick-meta":"","astra-migrate-meta-layouts":"default","ast-page-background-enabled":"default","ast-page-background-meta":{"desktop":{"background-color":"","background-image":"","background-repeat":"repeat","background-position":"center center","background-size":"auto","background-attachment":"scroll","background-type":"","background-media":"","overlay-type":"","overlay-color":"","overlay-opacity":"","overlay-gradient":""},"tablet":{"background-color":"","background-image":"","background-repeat":"repeat","background-position":"center center","background-size":"auto","background-attachment":"scroll","background-type":"","background-media":"","overlay-type":"","overlay-color":"","overlay-opacity":"","overlay-gradient":""},"mobile":{"background-color":"","background-image":"","background-repeat":"repeat","background-position":"center center","background-size":"auto","background-attachment":"scroll","background-type":"","background-media":"","overlay-type":"","overlay-color":"","overlay-opacity":"","overlay-gradient":""}},"ast-content-background-meta":{"desktop":{"background-color":"var(--ast-global-color-5)","background-image":"","background-repeat":"repeat","background-position":"center center","background-size":"auto","background-attachment":"scroll","background-type":"","background-media":"","overlay-type":"","overlay-color":"","overlay-opacity":"","overlay-gradient":""},"tablet":{"background-color":"var(--ast-global-color-5)","background-image":"","background-repeat":"repeat","background-position":"center center","background-size":"auto","background-attachment":"scroll","background-type":"","background-media":"","overlay-type":"","overlay-color":"","overlay-opacity":"","overlay-gradient":""},"mobile":{"background-color":"var(--ast-global-color-5)","background-image":"","background-repeat":"repeat","background-position":"center center","background-size":"auto","background-attachment":"scroll","background-type":"","background-media":"","overlay-type":"","overlay-color":"","overlay-opacity":"","overlay-gradient":""}}},"product_brand":[],"product_cat":[28],"product_tag":[],"class_list":{"0":"post-2789","1":"product","2":"type-product","3":"status-publish","4":"has-post-thumbnail","6":"product_cat-excavator","7":"desktop-align-left","8":"tablet-align-left","9":"mobile-align-left","11":"first","12":"instock","13":"shipping-taxable","14":"product-type-simple"},"_links":{"self":[{"href":"https:\/\/satisfybot.com\/es\/wp-json\/wp\/v2\/product\/2789","targetHints":{"allow":["GET"]}}],"collection":[{"href":"https:\/\/satisfybot.com\/es\/wp-json\/wp\/v2\/product"}],"about":[{"href":"https:\/\/satisfybot.com\/es\/wp-json\/wp\/v2\/types\/product"}],"version-history":[{"count":0,"href":"https:\/\/satisfybot.com\/es\/wp-json\/wp\/v2\/product\/2789\/revisions"}],"wp:featuredmedia":[{"embeddable":true,"href":"https:\/\/satisfybot.com\/es\/wp-json\/wp\/v2\/media\/2780"}],"wp:attachment":[{"href":"https:\/\/satisfybot.com\/es\/wp-json\/wp\/v2\/media?parent=2789"}],"wp:term":[{"taxonomy":"product_brand","embeddable":true,"href":"https:\/\/satisfybot.com\/es\/wp-json\/wp\/v2\/product_brand?post=2789"},{"taxonomy":"product_cat","embeddable":true,"href":"https:\/\/satisfybot.com\/es\/wp-json\/wp\/v2\/product_cat?post=2789"},{"taxonomy":"product_tag","embeddable":true,"href":"https:\/\/satisfybot.com\/es\/wp-json\/wp\/v2\/product_tag?post=2789"}],"curies":[{"name":"wp","href":"https:\/\/api.w.org\/{rel}","templated":true}]}}