{"id":2864,"date":"2023-08-25T06:53:21","date_gmt":"2023-08-25T06:53:21","guid":{"rendered":"https:\/\/satisfybot.com\/?post_type=product&#038;p=2864"},"modified":"2023-08-25T07:04:18","modified_gmt":"2023-08-25T07:04:18","slug":"pc200-7-pc160-pc138us-pc130-pc128us-pc128pw-series-used-komatsu-small-excavator-compact-excavator-mini-excavator-medium-excavator","status":"publish","type":"product","link":"https:\/\/satisfybot.com\/es\/producto\/pc200-7-pc160-pc138us-pc130-pc128us-pc128pw-series-used-komatsu-small-excavator-compact-excavator-mini-excavator-medium-excavator\/","title":{"rendered":"PC200-7 PC160 PC138US PC130 PC128US PC128PW Serie Excavadora peque\u00f1a Komatsu usada Excavadora compacta Miniexcavadora Excavadora mediana"},"content":{"rendered":"<div style=\"width: 720px;\" class=\"wp-video\"><!--[if lt IE 9]><script>document.createElement('video');<\/script><![endif]-->\n<video class=\"wp-video-shortcode\" id=\"video-2864-1\" width=\"720\" height=\"1280\" preload=\"metadata\" controls=\"controls\"><source type=\"video\/mp4\" src=\"https:\/\/satisfybot.com\/wp-content\/uploads\/2023\/08\/PC-200-\u89c6\u9891.mp4?_=1\" \/><a href=\"https:\/\/satisfybot.com\/wp-content\/uploads\/2023\/08\/PC-200-\u89c6\u9891.mp4\">https:\/\/satisfybot.com\/wp-content\/uploads\/2023\/08\/PC-200-\u89c6\u9891.mp4<\/a><\/video><\/div>\n<div style=\"width: 1280px;\" class=\"wp-video\"><video class=\"wp-video-shortcode\" id=\"video-2864-2\" width=\"1280\" height=\"720\" preload=\"metadata\" controls=\"controls\"><source type=\"video\/mp4\" src=\"https:\/\/satisfybot.com\/wp-content\/uploads\/2023\/08\/PC138US.mp4?_=2\" \/><a href=\"https:\/\/satisfybot.com\/wp-content\/uploads\/2023\/08\/PC138US.mp4\">https:\/\/satisfybot.com\/wp-content\/uploads\/2023\/08\/PC138US.mp4<\/a><\/video><\/div>\n<h3>Especificaci\u00f3n<\/h3>\n<p>&nbsp;<\/p>\n<p>Por favor haz click: \u00a0<a href=\"https:\/\/satisfybot.com\/wp-content\/uploads\/2023\/08\/PC200_200LC-8MO_ZESSP208M0EP-01.pdf\">PC200_200LC-8MO_ZESSP208M0EP-01<\/a><\/p>\n<p>Informaci\u00f3n PC160: <a href=\"https:\/\/www.komatsu.jp\/en\/worldwide\/PDF\/PC160LC-8_CEN00344-02.pdf\" target=\"_blank\" rel=\"noopener\">https:\/\/www.komatsu.jp\/en\/worldwide\/PDF\/PC160LC-8_CEN00344-02.pdf<\/a><\/p>\n<p>&nbsp;<\/p>\n<h1 class=\"upper\">Excavadora Komatsu PC200-6<\/h1>\n<div class=\"container-tech-specs\">\n<h4>Opci\u00f3n 1 de excavadora con pluma y brazo<\/h4>\n<table class=\"category-specs\">\n<tbody>\n<tr>\n<td>Altura m\u00e1xima de corte<\/td>\n<td>29,2 pies (9 m)<\/td>\n<\/tr>\n<tr>\n<td>Profundidad m\u00e1xima de excavaci\u00f3n<\/td>\n<td>18,2 pies (5 m)<\/td>\n<\/tr>\n<tr>\n<td>Altura m\u00e1xima de carga<\/td>\n<td>19,9 pies (6 m)<\/td>\n<\/tr>\n<tr>\n<td>Alcance m\u00e1ximo a lo largo del suelo<\/td>\n<td>28,7 pies (9 m)<\/td>\n<\/tr>\n<tr>\n<td>Profundidad m\u00e1xima de excavaci\u00f3n de paredes verticales<\/td>\n<td>16,3 pies (5 m)<\/td>\n<\/tr>\n<tr>\n<td>Altura de env\u00edo de la unidad<\/td>\n<td>9,8 pies (3 m)<\/td>\n<\/tr>\n<tr>\n<td>Longitud de env\u00edo de la unidad<\/td>\n<td>31,3 pies (9 m)<\/td>\n<\/tr>\n<\/tbody>\n<\/table>\n<h4>Balde<\/h4>\n<table class=\"category-specs\">\n<tbody>\n<tr>\n<td>Capacidad m\u00e1xima del cuchar\u00f3n<\/td>\n<td>1,6 yardas c\u00fabicas (1 m)<\/td>\n<\/tr>\n<tr>\n<td>Capacidad m\u00ednima del cuchar\u00f3n<\/td>\n<td>0,7 yardas c\u00fabicas (0 m)<\/td>\n<\/tr>\n<tr>\n<td>Capacidad del cuchar\u00f3n de referencia<\/td>\n<td>1,1 yardas c\u00fabicas (1 m)<\/td>\n<\/tr>\n<\/tbody>\n<\/table>\n<h4>Dimensiones<\/h4>\n<table class=\"category-specs\">\n<tbody>\n<tr>\n<td>Claridad del piso<\/td>\n<td>1,5 pies (0 metros)<\/td>\n<\/tr>\n<tr>\n<td>Altura: parte superior de la cabina<\/td>\n<td>9,6 pies (3 m)<\/td>\n<\/tr>\n<tr>\n<td>Longitud de la v\u00eda en el suelo<\/td>\n<td>10,8 pies (3 m)<\/td>\n<\/tr>\n<tr>\n<td>Separaci\u00f3n del contrapeso de extracci\u00f3n<\/td>\n<td>3,6 pies (1 metro)<\/td>\n<\/tr>\n<tr>\n<td>Radio de giro de cola<\/td>\n<td>9,1 pies (3 m)<\/td>\n<\/tr>\n<tr>\n<td>Ancho hasta el exterior de las v\u00edas<\/td>\n<td>9,2 pies (3 m)<\/td>\n<\/tr>\n<\/tbody>\n<\/table>\n<h4>Motor<\/h4>\n<table class=\"category-specs\">\n<tbody>\n<tr>\n<td>Desplazamiento<\/td>\n<td>358,9 pulgadas c\u00fabicas (0 m)<\/td>\n<\/tr>\n<tr>\n<td>Modelo de motor<\/td>\n<td>S6D102E<\/td>\n<\/tr>\n<tr>\n<td>Poder de la red<\/td>\n<td>132,8 caballos de fuerza (98 kilovatios)<\/td>\n<\/tr>\n<tr>\n<td>Potencia medida @<\/td>\n<td>2200 rpm<\/td>\n<\/tr>\n<\/tbody>\n<\/table>\n<h4>Especificaciones de funcionamiento<\/h4>\n<table class=\"category-specs\">\n<tbody>\n<tr>\n<td>Capacidad de combustible<\/td>\n<td>89,9 galones (337 litros)<\/td>\n<\/tr>\n<tr>\n<td>Capacidad de flujo de la bomba hidr\u00e1ulica<\/td>\n<td>108,9 galones\/min (409 l\/min)<\/td>\n<\/tr>\n<tr>\n<td>Capacidad de fluido del sistema hidr\u00e1ulico<\/td>\n<td>43,9 galones (163 litros)<\/td>\n<\/tr>\n<tr>\n<td>Presi\u00f3n de la v\u00e1lvula de alivio del sistema hidr\u00e1ulico<\/td>\n<td>5050 psi<\/td>\n<\/tr>\n<tr>\n<td>Peso operativo<\/td>\n<td>42284,7 libras (19180 kg)<\/td>\n<\/tr>\n<\/tbody>\n<\/table>\n<h4>Mecanismo de giro<\/h4>\n<table class=\"category-specs\">\n<tbody>\n<tr>\n<td>Velocidad de giro<\/td>\n<td>12,4 rpm<\/td>\n<\/tr>\n<\/tbody>\n<\/table>\n<h4>Tren de aterrizaje<\/h4>\n<table class=\"category-specs\">\n<tbody>\n<tr>\n<td>Presi\u00f3n del suelo<\/td>\n<td>6,4 psi<\/td>\n<\/tr>\n<tr>\n<td>Velocidad m\u00e1xima de desplazamiento<\/td>\n<td>3,5 mph (5 kph)<\/td>\n<\/tr>\n<tr>\n<td>Tama\u00f1o del zapato<\/td>\n<td>23,7 pulgadas (58 cm)<\/td>\n<\/tr>\n<tr>\n<td>Ancho de v\u00eda<\/td>\n<td>2 metros (7,3 pies)<\/td>\n<\/tr>\n<\/tbody>\n<\/table>\n<p>&nbsp;<\/p>\n<\/div>","protected":false},"excerpt":{"rendered":"<p>Specification &nbsp; Please click: \u00a0PC200_200LC-8MO_ZESSP208M0EP-01 PC160 information\uff1a https:\/\/www.komatsu.jp\/en\/worldwide\/PDF\/PC160LC-8_CEN00344-02.pdf &nbsp; Komatsu PC200-6 Excavator Boom\/Stick Excavator Option 1 Max Cutting Height 29.2 ft (9 m) Max Digging Depth 18.2 ft (5 m) Max Loading Height 19.9 ft (6 m) Max Reach Along Ground 28.7 ft (9 m) Max Vertical Wall Digging Depth 16.3 ft (5 m) Shipping [&hellip;]<\/p>","protected":false},"featured_media":2866,"template":"","meta":{"site-sidebar-layout":"default","site-content-layout":"default","ast-site-content-layout":"default","site-content-style":"default","site-sidebar-style":"default","ast-global-header-display":"","ast-banner-title-visibility":"","ast-main-header-display":"","ast-hfb-above-header-display":"","ast-hfb-below-header-display":"","ast-hfb-mobile-header-display":"","site-post-title":"","ast-breadcrumbs-content":"","ast-featured-img":"","footer-sml-layout":"","ast-disable-related-posts":"","theme-transparent-header-meta":"default","adv-header-id-meta":"","stick-header-meta":"","header-above-stick-meta":"","header-main-stick-meta":"","header-below-stick-meta":"","astra-migrate-meta-layouts":"default","ast-page-background-enabled":"default","ast-page-background-meta":{"desktop":{"background-color":"","background-image":"","background-repeat":"repeat","background-position":"center center","background-size":"auto","background-attachment":"scroll","background-type":"","background-media":"","overlay-type":"","overlay-color":"","overlay-opacity":"","overlay-gradient":""},"tablet":{"background-color":"","background-image":"","background-repeat":"repeat","background-position":"center center","background-size":"auto","background-attachment":"scroll","background-type":"","background-media":"","overlay-type":"","overlay-color":"","overlay-opacity":"","overlay-gradient":""},"mobile":{"background-color":"","background-image":"","background-repeat":"repeat","background-position":"center center","background-size":"auto","background-attachment":"scroll","background-type":"","background-media":"","overlay-type":"","overlay-color":"","overlay-opacity":"","overlay-gradient":""}},"ast-content-background-meta":{"desktop":{"background-color":"var(--ast-global-color-5)","background-image":"","background-repeat":"repeat","background-position":"center center","background-size":"auto","background-attachment":"scroll","background-type":"","background-media":"","overlay-type":"","overlay-color":"","overlay-opacity":"","overlay-gradient":""},"tablet":{"background-color":"var(--ast-global-color-5)","background-image":"","background-repeat":"repeat","background-position":"center center","background-size":"auto","background-attachment":"scroll","background-type":"","background-media":"","overlay-type":"","overlay-color":"","overlay-opacity":"","overlay-gradient":""},"mobile":{"background-color":"var(--ast-global-color-5)","background-image":"","background-repeat":"repeat","background-position":"center center","background-size":"auto","background-attachment":"scroll","background-type":"","background-media":"","overlay-type":"","overlay-color":"","overlay-opacity":"","overlay-gradient":""}}},"product_brand":[],"product_cat":[28],"product_tag":[],"class_list":{"0":"post-2864","1":"product","2":"type-product","3":"status-publish","4":"has-post-thumbnail","6":"product_cat-excavator","7":"desktop-align-left","8":"tablet-align-left","9":"mobile-align-left","11":"first","12":"instock","13":"shipping-taxable","14":"product-type-simple"},"_links":{"self":[{"href":"https:\/\/satisfybot.com\/es\/wp-json\/wp\/v2\/product\/2864","targetHints":{"allow":["GET"]}}],"collection":[{"href":"https:\/\/satisfybot.com\/es\/wp-json\/wp\/v2\/product"}],"about":[{"href":"https:\/\/satisfybot.com\/es\/wp-json\/wp\/v2\/types\/product"}],"version-history":[{"count":0,"href":"https:\/\/satisfybot.com\/es\/wp-json\/wp\/v2\/product\/2864\/revisions"}],"wp:featuredmedia":[{"embeddable":true,"href":"https:\/\/satisfybot.com\/es\/wp-json\/wp\/v2\/media\/2866"}],"wp:attachment":[{"href":"https:\/\/satisfybot.com\/es\/wp-json\/wp\/v2\/media?parent=2864"}],"wp:term":[{"taxonomy":"product_brand","embeddable":true,"href":"https:\/\/satisfybot.com\/es\/wp-json\/wp\/v2\/product_brand?post=2864"},{"taxonomy":"product_cat","embeddable":true,"href":"https:\/\/satisfybot.com\/es\/wp-json\/wp\/v2\/product_cat?post=2864"},{"taxonomy":"product_tag","embeddable":true,"href":"https:\/\/satisfybot.com\/es\/wp-json\/wp\/v2\/product_tag?post=2864"}],"curies":[{"name":"wp","href":"https:\/\/api.w.org\/{rel}","templated":true}]}}