{"id":2902,"date":"2023-09-01T06:21:36","date_gmt":"2023-09-01T06:21:36","guid":{"rendered":"https:\/\/satisfybot.com\/?post_type=product&#038;p=2902"},"modified":"2023-09-13T06:21:27","modified_gmt":"2023-09-13T06:21:27","slug":"new-3-5t-cdm6035-hydraulic-crawler-lonking-excavator","status":"publish","type":"product","link":"https:\/\/satisfybot.com\/es\/producto\/new-3-5t-cdm6035-hydraulic-crawler-lonking-excavator\/","title":{"rendered":"Nueva miniexcavadora hidr\u00e1ulica sobre orugas Lonking CDM6035 de 3,5 T y 3,5 toneladas"},"content":{"rendered":"<div class=\"product-title\" data-auto-exp=\"module_title\" data-aplus-ae=\"\" data-spm-anchor-id=\"a2700.details.0.i9.5eea72beLhe8vO\" data-aplus-clk=\"x3_31dc7ff\">\n<h1 data-spm-anchor-id=\"a2700.details.0.i23.5eea72beLhe8vO\">2023 Nuevo producto Lonking 3.5T Excavadora de orugas hidr\u00e1ulica CDM6035<span id=\"title-tag\"><\/span><\/h1>\n<\/div>\n<div id=\"product-review\">\n<div><\/div>\n<\/div>\n<div id=\"product-discuss\"><\/div>\n<div class=\"product-price\" data-auto-exp=\"module_price\" data-aplus-ae=\"\" data-spm-anchor-id=\"a2700.details.0.i10.5eea72beLhe8vO\" data-aplus-clk=\"x4_60e04884\">\n<div class=\"price-list\">\n<div class=\"price-item\"><\/div>\n<\/div>\n<\/div>\n<p><img fetchpriority=\"high\" decoding=\"async\" class=\"aligncenter size-full wp-image-2903\" src=\"https:\/\/satisfybot.com\/wp-content\/uploads\/2023\/09\/5.webp\" alt=\"\" width=\"960\" height=\"640\" srcset=\"https:\/\/satisfybot.com\/wp-content\/uploads\/2023\/09\/5.webp 960w, https:\/\/satisfybot.com\/wp-content\/uploads\/2023\/09\/5-300x200.webp 300w, https:\/\/satisfybot.com\/wp-content\/uploads\/2023\/09\/5-768x512.webp 768w, https:\/\/satisfybot.com\/wp-content\/uploads\/2023\/09\/5-18x12.webp 18w, https:\/\/satisfybot.com\/wp-content\/uploads\/2023\/09\/5-600x400.webp 600w\" sizes=\"(max-width: 960px) 100vw, 960px\" \/> <img decoding=\"async\" class=\"aligncenter size-large wp-image-2904\" src=\"https:\/\/satisfybot.com\/wp-content\/uploads\/2023\/09\/6-1024x683.jpg\" alt=\"\" width=\"1024\" height=\"683\" srcset=\"https:\/\/satisfybot.com\/wp-content\/uploads\/2023\/09\/6-1024x683.jpg 1024w, https:\/\/satisfybot.com\/wp-content\/uploads\/2023\/09\/6-300x200.jpg 300w, https:\/\/satisfybot.com\/wp-content\/uploads\/2023\/09\/6-768x512.jpg 768w, https:\/\/satisfybot.com\/wp-content\/uploads\/2023\/09\/6-1536x1025.jpg 1536w, https:\/\/satisfybot.com\/wp-content\/uploads\/2023\/09\/6-18x12.jpg 18w, https:\/\/satisfybot.com\/wp-content\/uploads\/2023\/09\/6-600x400.jpg 600w, https:\/\/satisfybot.com\/wp-content\/uploads\/2023\/09\/6.jpg 1920w\" sizes=\"(max-width: 1024px) 100vw, 1024px\" \/><\/p>\n<table class=\"datalist\" width=\"100%\" cellspacing=\"0\" cellpadding=\"0\">\n<tbody>\n<tr class=\"firstRow\">\n<th rowspan=\"10\">B\u00e1sico<\/th>\n<td>Peso operativo<\/td>\n<td>2650 kilogramos<\/td>\n<\/tr>\n<tr>\n<td>Capacidad del cuchar\u00f3n est\u00e1ndar<\/td>\n<td>0,08 m\u00b3<\/td>\n<\/tr>\n<tr>\n<td rowspan=\"2\">Ancho del cuchar\u00f3n est\u00e1ndar<\/td>\n<td rowspan=\"2\">580 mil\u00edmetros<\/td>\n<\/tr>\n<tr>\n<td>Velocidad m\u00e1xima de desplazamiento<\/td>\n<td>2,6\/4,4 km\/h<\/td>\n<\/tr>\n<tr>\n<td>Velocidad m\u00e1xima de giro<\/td>\n<td>10 rpm<\/td>\n<\/tr>\n<tr>\n<td>capacidad de grado<\/td>\n<td>30\u00b0<\/td>\n<\/tr>\n<tr>\n<td>Presi\u00f3n del suelo<\/td>\n<td>25,1 kPa<\/td>\n<\/tr>\n<tr>\n<td>Fuerza de tracci\u00f3n m\u00e1xima<\/td>\n<td>30,7 nudos<\/td>\n<\/tr>\n<tr>\n<td>\u00c1ngulo de giro de la pluma (L\/R)<\/td>\n<td>65\u00b0\/50\u00b0<\/td>\n<\/tr>\n<\/tbody>\n<\/table>\n<p>&nbsp;<\/p>\n<table class=\"datalist\" width=\"100%\" cellspacing=\"0\" cellpadding=\"0\">\n<tbody>\n<tr>\n<th rowspan=\"5\">Motor<\/th>\n<td>Marca del motor<\/td>\n<td>YAMAR<\/td>\n<\/tr>\n<tr>\n<td>Modelo de motor<\/td>\n<td>3TNV80-fuente de alimentaci\u00f3n<\/td>\n<\/tr>\n<tr>\n<td>Potencia nominal<\/td>\n<td>14,6kW\/2400rpm<\/td>\n<\/tr>\n<tr>\n<td>Desplazamiento<\/td>\n<td>1,267 litros<\/td>\n<\/tr>\n<tr>\n<td>Dep\u00f3sito de combustible<\/td>\n<td>26 litros<\/td>\n<\/tr>\n<tr>\n<th rowspan=\"6\">Hidr\u00e1ulico<\/th>\n<td>Flujo m\u00e1ximo (total)<\/td>\n<td>2\u00d728,8+19,2+6,5 L\/min<\/td>\n<\/tr>\n<tr>\n<td>Presi\u00f3n m\u00e1xima de trabajo<\/td>\n<td>23,5MPa<\/td>\n<\/tr>\n<tr>\n<td>Presi\u00f3n piloto m\u00e1x.<\/td>\n<td>3,2 MPa<\/td>\n<\/tr>\n<tr>\n<td>Fuerza m\u00e1xima de excavaci\u00f3n del brazo<\/td>\n<td>14(15,8)kN<\/td>\n<\/tr>\n<tr>\n<td>Fuerza m\u00e1xima de excavaci\u00f3n del cuchar\u00f3n<\/td>\n<td>24kN<\/td>\n<\/tr>\n<tr>\n<td>Tanque de aceite hidr\u00e1ulico<\/td>\n<td>41 litros<\/td>\n<\/tr>\n<tr>\n<th rowspan=\"4\">Chasis<\/th>\n<td>Ancho de v\u00eda<\/td>\n<td>300 mil\u00edmetros<\/td>\n<\/tr>\n<tr>\n<td>Tipo de pista<\/td>\n<td>Oruga de acero<\/td>\n<\/tr>\n<tr>\n<td>N\u00famero de rodillos portadores<\/td>\n<td>1 (cada lado)<\/td>\n<\/tr>\n<tr>\n<td>N\u00famero de rodillos inferiores<\/td>\n<td>4 (cada lado)<\/td>\n<\/tr>\n<tr>\n<th rowspan=\"2\">El\u00e9ctrico<\/th>\n<td>voltaje del sistema<\/td>\n<td>12 voltios<\/td>\n<\/tr>\n<tr>\n<td>Capacidad de la bater\u00eda<\/td>\n<td>12 V, 45 Ah<\/td>\n<\/tr>\n<\/tbody>\n<\/table>\n<p>&nbsp;<\/p>\n<p><img decoding=\"async\" class=\"aligncenter size-large wp-image-2905\" src=\"https:\/\/satisfybot.com\/wp-content\/uploads\/2023\/09\/1-1024x683.jpg\" alt=\"\" width=\"1024\" height=\"683\" srcset=\"https:\/\/satisfybot.com\/wp-content\/uploads\/2023\/09\/1-1024x683.jpg 1024w, https:\/\/satisfybot.com\/wp-content\/uploads\/2023\/09\/1-300x200.jpg 300w, https:\/\/satisfybot.com\/wp-content\/uploads\/2023\/09\/1-768x512.jpg 768w, https:\/\/satisfybot.com\/wp-content\/uploads\/2023\/09\/1-1536x1025.jpg 1536w, https:\/\/satisfybot.com\/wp-content\/uploads\/2023\/09\/1-18x12.jpg 18w, https:\/\/satisfybot.com\/wp-content\/uploads\/2023\/09\/1-600x400.jpg 600w, https:\/\/satisfybot.com\/wp-content\/uploads\/2023\/09\/1.jpg 1920w\" sizes=\"(max-width: 1024px) 100vw, 1024px\" \/> <img loading=\"lazy\" decoding=\"async\" class=\"aligncenter size-large wp-image-2906\" src=\"https:\/\/satisfybot.com\/wp-content\/uploads\/2023\/09\/3-1024x683.jpg\" alt=\"\" width=\"1024\" height=\"683\" \/> <img loading=\"lazy\" decoding=\"async\" class=\"aligncenter size-full wp-image-2907\" src=\"https:\/\/satisfybot.com\/wp-content\/uploads\/2023\/09\/3.webp\" alt=\"\" width=\"960\" height=\"640\" srcset=\"https:\/\/satisfybot.com\/wp-content\/uploads\/2023\/09\/3.webp 960w, https:\/\/satisfybot.com\/wp-content\/uploads\/2023\/09\/3-300x200.webp 300w, https:\/\/satisfybot.com\/wp-content\/uploads\/2023\/09\/3-768x512.webp 768w, https:\/\/satisfybot.com\/wp-content\/uploads\/2023\/09\/3-18x12.webp 18w, https:\/\/satisfybot.com\/wp-content\/uploads\/2023\/09\/3-600x400.webp 600w\" sizes=\"(max-width: 960px) 100vw, 960px\" \/> <img loading=\"lazy\" decoding=\"async\" class=\"aligncenter size-large wp-image-2908\" src=\"https:\/\/satisfybot.com\/wp-content\/uploads\/2023\/09\/4-1024x683.jpg\" alt=\"\" width=\"1024\" height=\"683\" srcset=\"https:\/\/satisfybot.com\/wp-content\/uploads\/2023\/09\/4-1024x683.jpg 1024w, https:\/\/satisfybot.com\/wp-content\/uploads\/2023\/09\/4-300x200.jpg 300w, https:\/\/satisfybot.com\/wp-content\/uploads\/2023\/09\/4-768x512.jpg 768w, https:\/\/satisfybot.com\/wp-content\/uploads\/2023\/09\/4-1536x1025.jpg 1536w, https:\/\/satisfybot.com\/wp-content\/uploads\/2023\/09\/4-18x12.jpg 18w, https:\/\/satisfybot.com\/wp-content\/uploads\/2023\/09\/4-600x400.jpg 600w, https:\/\/satisfybot.com\/wp-content\/uploads\/2023\/09\/4.jpg 1920w\" sizes=\"(max-width: 1024px) 100vw, 1024px\" \/><\/p>\n<p>&nbsp;<\/p>\n<p>Nueva miniexcavadora hidr\u00e1ulica sobre orugas Lonking CDM6035 de 3,5 T y 3,5 toneladas,\u00a0<strong><a class=\"row-title\" href=\"https:\/\/satisfybot.com\/wp-admin\/post.php?post=3126&amp;action=edit\">miniexcavadora en venta Miniexcavadora ensacadora 1 tonelada 2 toneladas Excavadora peque\u00f1a Excavadora compacta de 3,5 toneladas EPA CE EURO 5 miniexcavadora sobre orugas<\/a><\/strong><\/p>","protected":false},"excerpt":{"rendered":"<p>2023 New Product Lonking 3.5T Hydraulic Crawler Excavator CDM6035 Basic Operating weight 2650 kg Standard bucket Capacity 0.08 m\u00b3 Standard bucket Width 580 mm Max.Travel speed 2.6\/4.4km\/h Max.Swing speed 10 rpm Grade ability 30\u00b0 Ground pressure 25.1 kPa Max.Traction force 30.7 KN Boom swing angle (L\/R) 65\u00b0\/50\u00b0 &nbsp; Engine Engine brand YANMAR Engine model 3TNV80-PSU [&hellip;]<\/p>","protected":false},"featured_media":2903,"template":"","meta":{"site-sidebar-layout":"default","site-content-layout":"default","ast-site-content-layout":"default","site-content-style":"default","site-sidebar-style":"default","ast-global-header-display":"","ast-banner-title-visibility":"","ast-main-header-display":"","ast-hfb-above-header-display":"","ast-hfb-below-header-display":"","ast-hfb-mobile-header-display":"","site-post-title":"","ast-breadcrumbs-content":"","ast-featured-img":"","footer-sml-layout":"","ast-disable-related-posts":"","theme-transparent-header-meta":"default","adv-header-id-meta":"","stick-header-meta":"","header-above-stick-meta":"","header-main-stick-meta":"","header-below-stick-meta":"","astra-migrate-meta-layouts":"set","ast-page-background-enabled":"default","ast-page-background-meta":{"desktop":{"background-color":"","background-image":"","background-repeat":"repeat","background-position":"center center","background-size":"auto","background-attachment":"scroll","background-type":"","background-media":"","overlay-type":"","overlay-color":"","overlay-opacity":"","overlay-gradient":""},"tablet":{"background-color":"","background-image":"","background-repeat":"repeat","background-position":"center center","background-size":"auto","background-attachment":"scroll","background-type":"","background-media":"","overlay-type":"","overlay-color":"","overlay-opacity":"","overlay-gradient":""},"mobile":{"background-color":"","background-image":"","background-repeat":"repeat","background-position":"center center","background-size":"auto","background-attachment":"scroll","background-type":"","background-media":"","overlay-type":"","overlay-color":"","overlay-opacity":"","overlay-gradient":""}},"ast-content-background-meta":{"desktop":{"background-color":"var(--ast-global-color-5)","background-image":"","background-repeat":"repeat","background-position":"center center","background-size":"auto","background-attachment":"scroll","background-type":"","background-media":"","overlay-type":"","overlay-color":"","overlay-opacity":"","overlay-gradient":""},"tablet":{"background-color":"var(--ast-global-color-5)","background-image":"","background-repeat":"repeat","background-position":"center center","background-size":"auto","background-attachment":"scroll","background-type":"","background-media":"","overlay-type":"","overlay-color":"","overlay-opacity":"","overlay-gradient":""},"mobile":{"background-color":"var(--ast-global-color-5)","background-image":"","background-repeat":"repeat","background-position":"center center","background-size":"auto","background-attachment":"scroll","background-type":"","background-media":"","overlay-type":"","overlay-color":"","overlay-opacity":"","overlay-gradient":""}}},"product_brand":[],"product_cat":[28],"product_tag":[],"class_list":{"0":"post-2902","1":"product","2":"type-product","3":"status-publish","4":"has-post-thumbnail","6":"product_cat-excavator","7":"desktop-align-left","8":"tablet-align-left","9":"mobile-align-left","11":"first","12":"instock","13":"shipping-taxable","14":"product-type-simple"},"_links":{"self":[{"href":"https:\/\/satisfybot.com\/es\/wp-json\/wp\/v2\/product\/2902","targetHints":{"allow":["GET"]}}],"collection":[{"href":"https:\/\/satisfybot.com\/es\/wp-json\/wp\/v2\/product"}],"about":[{"href":"https:\/\/satisfybot.com\/es\/wp-json\/wp\/v2\/types\/product"}],"version-history":[{"count":4,"href":"https:\/\/satisfybot.com\/es\/wp-json\/wp\/v2\/product\/2902\/revisions"}],"predecessor-version":[{"id":3204,"href":"https:\/\/satisfybot.com\/es\/wp-json\/wp\/v2\/product\/2902\/revisions\/3204"}],"wp:featuredmedia":[{"embeddable":true,"href":"https:\/\/satisfybot.com\/es\/wp-json\/wp\/v2\/media\/2903"}],"wp:attachment":[{"href":"https:\/\/satisfybot.com\/es\/wp-json\/wp\/v2\/media?parent=2902"}],"wp:term":[{"taxonomy":"product_brand","embeddable":true,"href":"https:\/\/satisfybot.com\/es\/wp-json\/wp\/v2\/product_brand?post=2902"},{"taxonomy":"product_cat","embeddable":true,"href":"https:\/\/satisfybot.com\/es\/wp-json\/wp\/v2\/product_cat?post=2902"},{"taxonomy":"product_tag","embeddable":true,"href":"https:\/\/satisfybot.com\/es\/wp-json\/wp\/v2\/product_tag?post=2902"}],"curies":[{"name":"wp","href":"https:\/\/api.w.org\/{rel}","templated":true}]}}