{"id":2924,"date":"2023-09-04T02:46:41","date_gmt":"2023-09-04T02:46:41","guid":{"rendered":"https:\/\/satisfybot.com\/?post_type=product&#038;p=2924"},"modified":"2023-09-04T03:16:02","modified_gmt":"2023-09-04T03:16:02","slug":"lonking-6ton-excavator-cdm6060-earthmoving-machinery-crawler-excavator-6ton-mini-excavator-cdm6060","status":"publish","type":"product","link":"https:\/\/satisfybot.com\/es\/producto\/lonking-6ton-excavator-cdm6060-earthmoving-machinery-crawler-excavator-6ton-mini-excavator-cdm6060\/","title":{"rendered":"LONKING Excavadora de 6 toneladas CDM6060 Maquinaria de movimiento de tierras Excavadora sobre orugas 6 toneladas Miniexcavadora CDM6060"},"content":{"rendered":"<p><img decoding=\"async\" class=\"aligncenter size-full wp-image-2919\" src=\"https:\/\/satisfybot.com\/wp-content\/uploads\/2023\/09\/IMG_20230811_150035.heic\" alt=\"\" \/> <img decoding=\"async\" class=\"aligncenter size-full wp-image-2918\" src=\"https:\/\/satisfybot.com\/wp-content\/uploads\/2023\/09\/IMG_20230811_145909.heic\" alt=\"\" \/><\/p>\n<h3>Excavadora LONKING de 6 toneladas CDM6060W Maquinaria de movimiento de tierras Excavadora sobre orugas Miniexcavadora de 6 toneladas<\/h3>\n<p>&nbsp;<\/p>\n<p><img fetchpriority=\"high\" decoding=\"async\" class=\"aligncenter size-full wp-image-2922\" src=\"https:\/\/satisfybot.com\/wp-content\/uploads\/2023\/09\/6060W-4.webp\" alt=\"\" width=\"960\" height=\"948\" srcset=\"https:\/\/satisfybot.com\/wp-content\/uploads\/2023\/09\/6060W-4.webp 960w, https:\/\/satisfybot.com\/wp-content\/uploads\/2023\/09\/6060W-4-300x296.webp 300w, https:\/\/satisfybot.com\/wp-content\/uploads\/2023\/09\/6060W-4-768x758.webp 768w, https:\/\/satisfybot.com\/wp-content\/uploads\/2023\/09\/6060W-4-12x12.webp 12w, https:\/\/satisfybot.com\/wp-content\/uploads\/2023\/09\/6060W-4-600x593.webp 600w, https:\/\/satisfybot.com\/wp-content\/uploads\/2023\/09\/6060W-4-100x100.webp 100w\" sizes=\"(max-width: 960px) 100vw, 960px\" \/><\/p>\n<p><img decoding=\"async\" class=\"aligncenter size-large wp-image-2927\" src=\"https:\/\/satisfybot.com\/wp-content\/uploads\/2023\/09\/IMG_20230811_145624-1024x768.jpg\" alt=\"\" width=\"1024\" height=\"768\" srcset=\"https:\/\/satisfybot.com\/wp-content\/uploads\/2023\/09\/IMG_20230811_145624-1024x768.jpg 1024w, https:\/\/satisfybot.com\/wp-content\/uploads\/2023\/09\/IMG_20230811_145624-300x225.jpg 300w, https:\/\/satisfybot.com\/wp-content\/uploads\/2023\/09\/IMG_20230811_145624-768x576.jpg 768w, https:\/\/satisfybot.com\/wp-content\/uploads\/2023\/09\/IMG_20230811_145624-1536x1152.jpg 1536w, https:\/\/satisfybot.com\/wp-content\/uploads\/2023\/09\/IMG_20230811_145624-16x12.jpg 16w, https:\/\/satisfybot.com\/wp-content\/uploads\/2023\/09\/IMG_20230811_145624-600x450.jpg 600w, https:\/\/satisfybot.com\/wp-content\/uploads\/2023\/09\/IMG_20230811_145624.jpg 1920w\" sizes=\"(max-width: 1024px) 100vw, 1024px\" \/><\/p>\n<h4>Atributos espec\u00edficos de la industria<\/h4>\n<div class=\"structure-table\">\n<div class=\"structure-row\">\n<div class=\"col-left\">Peso operativo<\/div>\n<div class=\"col-right\">6050kg<\/div>\n<\/div>\n<div class=\"structure-row\">\n<div class=\"col-left\">Capacidad de la cuchara<\/div>\n<div class=\"col-right\">0,25m\u00b3<\/div>\n<\/div>\n<div class=\"structure-row\">\n<div class=\"col-left\">Marca del motor<\/div>\n<div class=\"col-right\">YAMAR<\/div>\n<\/div>\n<div class=\"structure-row\">\n<div class=\"col-left\">Fuerza<\/div>\n<div class=\"col-right\">36,5 kw<\/div>\n<\/div>\n<\/div>\n<h4>Otros atributos<\/h4>\n<div class=\"structure-table\">\n<div class=\"structure-row\">\n<div class=\"col-left\">Industrias aplicables<\/div>\n<div class=\"col-right\">Tiendas de ropa, tiendas de materiales de construcci\u00f3n, talleres de reparaci\u00f3n de maquinaria, plantas de fabricaci\u00f3n, granjas, uso dom\u00e9stico, venta minorista, imprentas, trabajos de construcci\u00f3n, energ\u00eda y miner\u00eda<\/div>\n<\/div>\n<div class=\"structure-row\">\n<div class=\"col-left\">Ubicaci\u00f3n de la sala de exposici\u00f3n<\/div>\n<div class=\"col-right\">Ninguno<\/div>\n<\/div>\n<div class=\"structure-row\">\n<div class=\"col-left\">Lugar de origen<\/div>\n<div class=\"col-right\">Shanghai, China<\/div>\n<\/div>\n<div class=\"structure-row\">\n<div class=\"col-left\">Condici\u00f3n<\/div>\n<div class=\"col-right\">Nuevo<\/div>\n<\/div>\n<div class=\"structure-row\">\n<div class=\"col-left\">Garant\u00eda<\/div>\n<div class=\"col-right\">1,5 a\u00f1os<\/div>\n<\/div>\n<div class=\"structure-row\">\n<div class=\"col-left\">Marca del cilindro hidr\u00e1ulico<\/div>\n<div class=\"col-right\">anhelando<\/div>\n<\/div>\n<div class=\"structure-row\">\n<div class=\"col-left\">Marca de bomba hidr\u00e1ulica<\/div>\n<div class=\"col-right\">anhelando<\/div>\n<\/div>\n<div class=\"structure-row\">\n<div class=\"col-left\">Marca de v\u00e1lvula hidr\u00e1ulica<\/div>\n<div class=\"col-right\">anhelando<\/div>\n<\/div>\n<div class=\"structure-row\">\n<div class=\"col-left\">\u00daNICO PUNTO DE VENTA<\/div>\n<div class=\"col-right\">Alta eficiencia operativa<\/div>\n<\/div>\n<div class=\"structure-row\">\n<div class=\"col-left\">Informe de prueba de maquinaria<\/div>\n<div class=\"col-right\">Proporcion\u00f3<\/div>\n<\/div>\n<div class=\"structure-row\">\n<div class=\"col-left\">Inspecci\u00f3n saliente de video<\/div>\n<div class=\"col-right\">Proporcion\u00f3<\/div>\n<\/div>\n<div class=\"structure-row\">\n<div class=\"col-left\">Tipo de comercializaci\u00f3n<\/div>\n<div class=\"col-right\">Nuevo producto 2020<\/div>\n<\/div>\n<div class=\"structure-row\">\n<div class=\"col-left\">Garant\u00eda de los componentes principales.<\/div>\n<div class=\"col-right\">1,5 a\u00f1os<\/div>\n<\/div>\n<div class=\"structure-row\">\n<div class=\"col-left\" data-spm-anchor-id=\"a2700.details.0.i23.78297110CYTFKu\">Componentes principales<\/div>\n<div class=\"col-right\">Recipiente a presi\u00f3n, Motor, Engranajes, Bomba, Cojinete, Caja de cambios<\/div>\n<\/div>\n<div class=\"structure-row\">\n<div class=\"col-left\">Nombre de la marca<\/div>\n<div class=\"col-right\">anhelando<\/div>\n<\/div>\n<div class=\"structure-row\">\n<div class=\"col-left\">Tipo de mudanza<\/div>\n<div class=\"col-right\">Excavadora de orugas<\/div>\n<\/div>\n<div class=\"structure-row\">\n<div class=\"col-left\">Altura m\u00e1xima de excavaci\u00f3n<\/div>\n<div class=\"col-right\">5965 mm<\/div>\n<\/div>\n<div class=\"structure-row\">\n<div class=\"col-left\">Profundidad m\u00e1xima de excavaci\u00f3n<\/div>\n<div class=\"col-right\">3762 mm<\/div>\n<\/div>\n<div class=\"structure-row\">\n<div class=\"col-left\">Radio m\u00e1ximo de excavaci\u00f3n<\/div>\n<div class=\"col-right\">5965MM<\/div>\n<\/div>\n<div class=\"structure-row\">\n<div class=\"col-left\">Velocidad nominal<\/div>\n<div class=\"col-right\">5,5\/2,0 km\/h<\/div>\n<\/div>\n<div class=\"structure-row\">\n<div class=\"col-left\">Servicio postventa proporcionado<\/div>\n<div class=\"col-right\">Ingenieros disponibles para dar servicio a maquinaria en el extranjero.<\/div>\n<\/div>\n<div class=\"structure-row\">\n<div class=\"col-left\">Color<\/div>\n<div class=\"col-right\">Personalizado<\/div>\n<\/div>\n<div class=\"structure-row\">\n<div class=\"col-left\">Garant\u00eda<\/div>\n<div class=\"col-right\" data-spm-anchor-id=\"a2700.details.0.i24.78297110CYTFKu\">12 meses<\/div>\n<\/div>\n<\/div>\n<p><img decoding=\"async\" class=\"aligncenter size-full wp-image-2917\" src=\"https:\/\/satisfybot.com\/wp-content\/uploads\/2023\/09\/IMG_20230811_150041.heic\" alt=\"\" \/> <img decoding=\"async\" class=\"aligncenter size-full wp-image-2918\" src=\"https:\/\/satisfybot.com\/wp-content\/uploads\/2023\/09\/IMG_20230811_145909.heic\" alt=\"\" \/> <img decoding=\"async\" class=\"aligncenter size-large wp-image-2915\" src=\"https:\/\/satisfybot.com\/wp-content\/uploads\/2023\/09\/IMG_20230811_145722-762x1024.jpg\" alt=\"\" width=\"762\" height=\"1024\" srcset=\"https:\/\/satisfybot.com\/wp-content\/uploads\/2023\/09\/IMG_20230811_145722-762x1024.jpg 762w, https:\/\/satisfybot.com\/wp-content\/uploads\/2023\/09\/IMG_20230811_145722-223x300.jpg 223w, https:\/\/satisfybot.com\/wp-content\/uploads\/2023\/09\/IMG_20230811_145722-768x1032.jpg 768w, https:\/\/satisfybot.com\/wp-content\/uploads\/2023\/09\/IMG_20230811_145722-9x12.jpg 9w, https:\/\/satisfybot.com\/wp-content\/uploads\/2023\/09\/IMG_20230811_145722-600x806.jpg 600w, https:\/\/satisfybot.com\/wp-content\/uploads\/2023\/09\/IMG_20230811_145722.jpg 1072w\" sizes=\"(max-width: 762px) 100vw, 762px\" \/> <img decoding=\"async\" class=\"aligncenter size-full wp-image-2916\" src=\"https:\/\/satisfybot.com\/wp-content\/uploads\/2023\/09\/IMG_20230811_145829.heic\" alt=\"\" \/><\/p>\n<p><img decoding=\"async\" class=\"aligncenter size-large wp-image-2915\" src=\"https:\/\/satisfybot.com\/wp-content\/uploads\/2023\/09\/IMG_20230811_145722-762x1024.jpg\" alt=\"\" width=\"762\" height=\"1024\" srcset=\"https:\/\/satisfybot.com\/wp-content\/uploads\/2023\/09\/IMG_20230811_145722-762x1024.jpg 762w, https:\/\/satisfybot.com\/wp-content\/uploads\/2023\/09\/IMG_20230811_145722-223x300.jpg 223w, https:\/\/satisfybot.com\/wp-content\/uploads\/2023\/09\/IMG_20230811_145722-768x1032.jpg 768w, https:\/\/satisfybot.com\/wp-content\/uploads\/2023\/09\/IMG_20230811_145722-9x12.jpg 9w, https:\/\/satisfybot.com\/wp-content\/uploads\/2023\/09\/IMG_20230811_145722-600x806.jpg 600w, https:\/\/satisfybot.com\/wp-content\/uploads\/2023\/09\/IMG_20230811_145722.jpg 1072w\" sizes=\"(max-width: 762px) 100vw, 762px\" \/><\/p>","protected":false},"excerpt":{"rendered":"<p>LONKING 6Ton Excavator CDM6060W Earthmoving Machinery Crawler Excavator 6ton Mini Excavator &nbsp; Industry-specific attributes Operating Weight 6050kg Bucket capacity 0.25m\u00b3 Engine Brand YANMAR Power 36.5kw Other attributes Applicable Industries Garment Shops, Building Material Shops, Machinery Repair Shops, Manufacturing Plant, Farms, Home Use, Retail, Printing Shops, Construction works\u00a0, Energy &amp; Mining Showroom Location None Place of [&hellip;]<\/p>","protected":false},"featured_media":2920,"template":"","meta":{"site-sidebar-layout":"default","site-content-layout":"default","ast-site-content-layout":"default","site-content-style":"default","site-sidebar-style":"default","ast-global-header-display":"","ast-banner-title-visibility":"","ast-main-header-display":"","ast-hfb-above-header-display":"","ast-hfb-below-header-display":"","ast-hfb-mobile-header-display":"","site-post-title":"","ast-breadcrumbs-content":"","ast-featured-img":"","footer-sml-layout":"","ast-disable-related-posts":"","theme-transparent-header-meta":"default","adv-header-id-meta":"","stick-header-meta":"","header-above-stick-meta":"","header-main-stick-meta":"","header-below-stick-meta":"","astra-migrate-meta-layouts":"default","ast-page-background-enabled":"default","ast-page-background-meta":{"desktop":{"background-color":"","background-image":"","background-repeat":"repeat","background-position":"center center","background-size":"auto","background-attachment":"scroll","background-type":"","background-media":"","overlay-type":"","overlay-color":"","overlay-opacity":"","overlay-gradient":""},"tablet":{"background-color":"","background-image":"","background-repeat":"repeat","background-position":"center center","background-size":"auto","background-attachment":"scroll","background-type":"","background-media":"","overlay-type":"","overlay-color":"","overlay-opacity":"","overlay-gradient":""},"mobile":{"background-color":"","background-image":"","background-repeat":"repeat","background-position":"center center","background-size":"auto","background-attachment":"scroll","background-type":"","background-media":"","overlay-type":"","overlay-color":"","overlay-opacity":"","overlay-gradient":""}},"ast-content-background-meta":{"desktop":{"background-color":"var(--ast-global-color-5)","background-image":"","background-repeat":"repeat","background-position":"center center","background-size":"auto","background-attachment":"scroll","background-type":"","background-media":"","overlay-type":"","overlay-color":"","overlay-opacity":"","overlay-gradient":""},"tablet":{"background-color":"var(--ast-global-color-5)","background-image":"","background-repeat":"repeat","background-position":"center center","background-size":"auto","background-attachment":"scroll","background-type":"","background-media":"","overlay-type":"","overlay-color":"","overlay-opacity":"","overlay-gradient":""},"mobile":{"background-color":"var(--ast-global-color-5)","background-image":"","background-repeat":"repeat","background-position":"center center","background-size":"auto","background-attachment":"scroll","background-type":"","background-media":"","overlay-type":"","overlay-color":"","overlay-opacity":"","overlay-gradient":""}}},"product_brand":[],"product_cat":[28],"product_tag":[],"class_list":{"0":"post-2924","1":"product","2":"type-product","3":"status-publish","4":"has-post-thumbnail","6":"product_cat-excavator","7":"desktop-align-left","8":"tablet-align-left","9":"mobile-align-left","11":"first","12":"instock","13":"shipping-taxable","14":"product-type-simple"},"_links":{"self":[{"href":"https:\/\/satisfybot.com\/es\/wp-json\/wp\/v2\/product\/2924","targetHints":{"allow":["GET"]}}],"collection":[{"href":"https:\/\/satisfybot.com\/es\/wp-json\/wp\/v2\/product"}],"about":[{"href":"https:\/\/satisfybot.com\/es\/wp-json\/wp\/v2\/types\/product"}],"version-history":[{"count":3,"href":"https:\/\/satisfybot.com\/es\/wp-json\/wp\/v2\/product\/2924\/revisions"}],"predecessor-version":[{"id":2931,"href":"https:\/\/satisfybot.com\/es\/wp-json\/wp\/v2\/product\/2924\/revisions\/2931"}],"wp:featuredmedia":[{"embeddable":true,"href":"https:\/\/satisfybot.com\/es\/wp-json\/wp\/v2\/media\/2920"}],"wp:attachment":[{"href":"https:\/\/satisfybot.com\/es\/wp-json\/wp\/v2\/media?parent=2924"}],"wp:term":[{"taxonomy":"product_brand","embeddable":true,"href":"https:\/\/satisfybot.com\/es\/wp-json\/wp\/v2\/product_brand?post=2924"},{"taxonomy":"product_cat","embeddable":true,"href":"https:\/\/satisfybot.com\/es\/wp-json\/wp\/v2\/product_cat?post=2924"},{"taxonomy":"product_tag","embeddable":true,"href":"https:\/\/satisfybot.com\/es\/wp-json\/wp\/v2\/product_tag?post=2924"}],"curies":[{"name":"wp","href":"https:\/\/api.w.org\/{rel}","templated":true}]}}