{"id":3030,"date":"2023-09-05T06:34:09","date_gmt":"2023-09-05T06:34:09","guid":{"rendered":"https:\/\/satisfybot.com\/?post_type=product&#038;p=3030"},"modified":"2023-09-07T06:51:51","modified_gmt":"2023-09-07T06:51:51","slug":"new-bulldozer-lonking-loader-backhoe-oem-for-any-brand-cdm816d-cdm818d-cdm820da-cdm926n-cdm928n-cdm932ng-cdm936n-lg820dra-lonking-small-loader-mini-loder","status":"publish","type":"product","link":"https:\/\/satisfybot.com\/es\/producto\/new-bulldozer-lonking-loader-backhoe-oem-for-any-brand-cdm816d-cdm818d-cdm820da-cdm926n-cdm928n-cdm932ng-cdm936n-lg820dra-lonking-small-loader-mini-loder\/","title":{"rendered":"Nueva retroexcavadora cargadora lonking de 1 tonelada y 2 toneladas OEM para cualquier marca CDM816D CDM818D CDM820DA CDM926N CDM928N CDM932NG CDM936N LG820DRA minicargador lonking de cargador peque\u00f1o"},"content":{"rendered":"<div class=\"intro_top fix\">\n<div class=\"left l\">\n<div class=\"en_t\">\n<div class=\"infor\">\n<h1>Nuevo cargador bulldozer lonking, retroexcavadora OEM de 1 tonelada y 2 toneladas para cualquier marca CDM816D CDM818D CDM820DA CDM926N CDM928N CDM932NG CDM936N LG820DRA<\/h1>\n<\/div>\n<div style=\"width: 1920px;\" class=\"wp-video\"><!--[if lt IE 9]><script>document.createElement('video');<\/script><![endif]-->\n<video class=\"wp-video-shortcode\" id=\"video-3030-1\" width=\"1920\" height=\"1080\" preload=\"metadata\" controls=\"controls\"><source type=\"video\/mp4\" src=\"https:\/\/satisfybot.com\/wp-content\/uploads\/2023\/09\/Lonking-5-Ton-Front-Wheel-Loader-Cdm855-In-Stock-Fast-Delivery-Buy-Construction-MachineryLonking-5t-LoaderWindows-Loader-Product-on-Alibaba.com-Google-Chrome-2023-09-06-16-46-17-1.mp4?_=1\" \/><a href=\"https:\/\/satisfybot.com\/wp-content\/uploads\/2023\/09\/Lonking-5-Ton-Front-Wheel-Loader-Cdm855-In-Stock-Fast-Delivery-Buy-Construction-MachineryLonking-5t-LoaderWindows-Loader-Product-on-Alibaba.com-Google-Chrome-2023-09-06-16-46-17-1.mp4\">https:\/\/satisfybot.com\/wp-content\/uploads\/2023\/09\/Lonking-5-Ton-Front-Wheel-Loader-Cdm855-In-Stock-Fast-Delivery-Buy-Construction-MachineryLonking-5t-LoaderWindows-Loader-Product-on-Alibaba.com-Google-Chrome-2023-09-06-16-46-17-1.mp4<\/a><\/video><\/div>\n<div class=\"infor\">\n<p>no es Caterpillar, Doosan, Komatsu, Kobelco, Kubota, Sany; esta deseando<\/p>\n<h4>Par\u00e1metros de configuraci\u00f3n CDM818D<\/h4>\n<\/div>\n<div class=\"content\">\n<div class=\"table-responsive\">\n<table class=\"datalist\" width=\"100%\" cellspacing=\"0\" cellpadding=\"0\">\n<tbody>\n<tr class=\"firstRow\">\n<th rowspan=\"6\">B\u00c1SICO<\/th>\n<td>Capacidad del cuchar\u00f3n<\/td>\n<td>1,05m\u00b3<\/td>\n<\/tr>\n<tr>\n<td>Carga \u00fatil nominal<\/td>\n<td>1800 kilos<\/td>\n<\/tr>\n<tr>\n<td>Peso operativo<\/td>\n<td>5600 kilos<\/td>\n<\/tr>\n<tr>\n<td>Fuerza de tracci\u00f3n<\/td>\n<td>53kN<\/td>\n<\/tr>\n<tr>\n<td>Fuerza de ruptura<\/td>\n<td>52kN<\/td>\n<\/tr>\n<tr>\n<td>L\u00d7An\u00d7Al<\/td>\n<td>5700\u00d72200\u00d72930mm<\/td>\n<\/tr>\n<tr>\n<th rowspan=\"3\">MOTOR<\/th>\n<td>Fabricante\/Modelo<\/td>\n<td>Motor YI TUO (Naci\u00f3n \u2162)<\/td>\n<\/tr>\n<tr>\n<td>Potencia nominal<\/td>\n<td>62,5 kW\/2200 rpm<\/td>\n<\/tr>\n<tr>\n<td>Par nominal<\/td>\n<td>302N\u00b7m\/1400-1600rpm<\/td>\n<\/tr>\n<tr>\n<th rowspan=\"11\">TREN DE IMPULSI\u00d3N<\/th>\n<td>Tipo de transmisi\u00f3n<\/td>\n<td>Servotransmisi\u00f3n del contraeje<\/td>\n<\/tr>\n<tr>\n<td>Tipo de turno<\/td>\n<td>Engranaje recto de cambio hidr\u00e1ulico de eje fijo<\/td>\n<\/tr>\n<tr>\n<td>Presi\u00f3n de transmisi\u00f3n<\/td>\n<td>1,2-1,5MPa<\/td>\n<\/tr>\n<tr>\n<td>Engranaje<\/td>\n<td>2F\/2R<\/td>\n<\/tr>\n<tr>\n<td>Convertidor de par<\/td>\n<td>Monoetapa, monoturbina, 3 elementos<\/td>\n<\/tr>\n<tr>\n<td>Relaci\u00f3n de par<\/td>\n<td>3.7<\/td>\n<\/tr>\n<tr>\n<td>Reductor principal<\/td>\n<td>Reducci\u00f3n de una sola etapa con engranaje c\u00f3nico en espiral<\/td>\n<\/tr>\n<tr>\n<td>Reductor final<\/td>\n<td>Reducci\u00f3n planetaria<\/td>\n<\/tr>\n<tr>\n<td>Neum\u00e1tico<\/td>\n<td>16\/70-20<\/td>\n<\/tr>\n<tr>\n<td>Velocidad de desplazamiento-Adelante<\/td>\n<td>8\/21km\/h<\/td>\n<\/tr>\n<tr>\n<td>Velocidad de desplazamiento-marcha atr\u00e1s<\/td>\n<td>8\/21km\/h<\/td>\n<\/tr>\n<tr>\n<th rowspan=\"3\">SISTEMA DE FRENOS<\/th>\n<td>Freno de servicio<\/td>\n<td>Impulsi\u00f3n neum\u00e1tica, freno en las cuatro ruedas (seco)<\/td>\n<\/tr>\n<tr>\n<td>Ajuste de presi\u00f3n<\/td>\n<td>0,78MPa<\/td>\n<\/tr>\n<tr>\n<td>Freno de mano<\/td>\n<td>Freno de tambor controlado por eje flexible<\/td>\n<\/tr>\n<tr>\n<th rowspan=\"4\">SISTEMA DE DIRECCI\u00d3N<\/th>\n<td>Tipo<\/td>\n<td>Sistema de sensor de carga hidr\u00e1ulica<\/td>\n<\/tr>\n<tr>\n<td>Bomba de direcci\u00f3n<\/td>\n<td>Compartido con bomba de trabajo<\/td>\n<\/tr>\n<tr>\n<td>Presi\u00f3n del sistema<\/td>\n<td>14Mpa<\/td>\n<\/tr>\n<tr>\n<td>\u00c1ngulo de direcci\u00f3n<\/td>\n<td>\u00b135\u00b0<\/td>\n<\/tr>\n<tr>\n<th rowspan=\"6\">SISTEMA HIDR\u00c1ULICO<\/th>\n<td>Tipo<\/td>\n<td>Control piloto<\/td>\n<\/tr>\n<tr>\n<td>Bomba de trabajo<\/td>\n<td>Bomba de engranajes<\/td>\n<\/tr>\n<tr>\n<td>Tasa de flujo<\/td>\n<td>100L\/min\u00b72400rpm<\/td>\n<\/tr>\n<tr>\n<td>V\u00e1lvula de control<\/td>\n<td>2 carretes<\/td>\n<\/tr>\n<tr>\n<td>Presi\u00f3n del sistema<\/td>\n<td>16MPa<\/td>\n<\/tr>\n<tr>\n<td>Tiempo de ciclo (seg.)<\/td>\n<td>9.4<\/td>\n<\/tr>\n<tr>\n<th rowspan=\"2\">SISTEMA ELECTRICO<\/th>\n<td>Voltaje del sistema<\/td>\n<td>24V<\/td>\n<\/tr>\n<tr>\n<td>Bater\u00eda (2 en serie)<\/td>\n<td>2\u00d790Ah<\/td>\n<\/tr>\n<tr>\n<th rowspan=\"4\">CAPACIDAD DE RECARGA DEL SERVICIO<\/th>\n<td>Dep\u00f3sito de combustible<\/td>\n<td>110L<\/td>\n<\/tr>\n<tr>\n<td>Tanque Hidr\u00e1ulico<\/td>\n<td>100L<\/td>\n<\/tr>\n<tr>\n<td>Transmisi\u00f3n<\/td>\n<td>22.5L<\/td>\n<\/tr>\n<tr>\n<td>Eje delantero\/eje trasero<\/td>\n<td>12,2\/12,5L<\/td>\n<\/tr>\n<\/tbody>\n<\/table>\n<h4 class=\"tit\">Control mec\u00e1nico\/control piloto CDM816D<\/h4>\n<div class=\"t_box\">\n<div class=\"con\">\n<ul>\n<li>Potencia nominal 55kW\/2400rpm<\/li>\n<li>Capacidad del cuchar\u00f3n 0,95 m\u00b3<\/li>\n<li>Carga \u00fatil nominal 1600 kg<\/li>\n<li>Peso operativo 5500 kg<\/li>\n<\/ul>\n<\/div>\n<\/div>\n<\/div>\n<\/div>\n<h5><\/h5>\n<h5 class=\"tit\">Cargadora de ruedas subterr\u00e1nea CDM820DA de tipo bajo (cabina cerrada)<\/h5>\n<div class=\"t_box\">\n<div class=\"con\">\n<ul>\n<li>Potencia nominal 66,2 kW\/2200 rpm<\/li>\n<li>Capacidad del cuchar\u00f3n 1,2 m\u00b3<\/li>\n<li>Carga \u00fatil nominal 2000 kg<\/li>\n<li>Peso operativo 6400 kg<\/li>\n<li><\/li>\n<\/ul>\n<p><img fetchpriority=\"high\" decoding=\"async\" class=\"aligncenter size-large wp-image-3033\" src=\"https:\/\/satisfybot.com\/wp-content\/uploads\/2023\/09\/CDM820DA-loader-1024x688.png\" alt=\"\" width=\"1024\" height=\"688\" srcset=\"https:\/\/satisfybot.com\/wp-content\/uploads\/2023\/09\/CDM820DA-loader-1024x688.png 1024w, https:\/\/satisfybot.com\/wp-content\/uploads\/2023\/09\/CDM820DA-loader-300x202.png 300w, https:\/\/satisfybot.com\/wp-content\/uploads\/2023\/09\/CDM820DA-loader-768x516.png 768w, https:\/\/satisfybot.com\/wp-content\/uploads\/2023\/09\/CDM820DA-loader-18x12.png 18w, https:\/\/satisfybot.com\/wp-content\/uploads\/2023\/09\/CDM820DA-loader-600x403.png 600w, https:\/\/satisfybot.com\/wp-content\/uploads\/2023\/09\/CDM820DA-loader.png 1200w\" sizes=\"(max-width: 1024px) 100vw, 1024px\" \/><\/p>\n<ul>\n<li><\/li>\n<\/ul>\n<h4 class=\"tit\">CDM932NGControl mec\u00e1nico Yunnei Nation \u2162 Engnie<\/h4>\n<div class=\"t_box\">\n<div class=\"con\">\n<ul>\n<li>Potencia nominal 60kW\/2200rpm<\/li>\n<li>Capacidad del cuchar\u00f3n 0,8 m\u00b3<\/li>\n<li>Carga \u00fatil nominal 1500 kg<\/li>\n<li>Peso operativo 5230 kg<\/li>\n<\/ul>\n<h4 class=\"tit\">Cargadora de ruedas subterr\u00e1nea de tipo bajo LG820DRA (con dosel)<\/h4>\n<div class=\"t_box\">\n<div class=\"con\">\n<ul>\n<li>Potencia nominal 66,2 kW\/2200 rpm<\/li>\n<li>Capacidad del cuchar\u00f3n 1,2 m\u00b3<\/li>\n<li>Carga \u00fatil nominal 2000 kg<\/li>\n<li>Peso operativo 6200 kg<\/li>\n<\/ul>\n<\/div>\n<\/div>\n<p><img decoding=\"async\" class=\"aligncenter size-large wp-image-3037\" src=\"https:\/\/satisfybot.com\/wp-content\/uploads\/2023\/09\/LD820DRA\uff08Canopy\uff09-1024x688.png\" alt=\"\" width=\"1024\" height=\"688\" srcset=\"https:\/\/satisfybot.com\/wp-content\/uploads\/2023\/09\/LD820DRA\uff08Canopy\uff09-1024x688.png 1024w, https:\/\/satisfybot.com\/wp-content\/uploads\/2023\/09\/LD820DRA\uff08Canopy\uff09-300x202.png 300w, https:\/\/satisfybot.com\/wp-content\/uploads\/2023\/09\/LD820DRA\uff08Canopy\uff09-768x516.png 768w, https:\/\/satisfybot.com\/wp-content\/uploads\/2023\/09\/LD820DRA\uff08Canopy\uff09-18x12.png 18w, https:\/\/satisfybot.com\/wp-content\/uploads\/2023\/09\/LD820DRA\uff08Canopy\uff09-600x403.png 600w, https:\/\/satisfybot.com\/wp-content\/uploads\/2023\/09\/LD820DRA\uff08Canopy\uff09.png 1200w\" sizes=\"(max-width: 1024px) 100vw, 1024px\" \/><\/p>\n<\/div>\n<\/div>\n<p>&nbsp;<\/p>\n<\/div>\n<\/div>\n<\/div>\n<\/div>\n<\/div>\n<div class=\"intro_bott\">\n<div class=\"t_box\">\n<div class=\"con\">\n<div class=\"t_box\">\n<div class=\"con\"><\/div>\n<\/div>\n<\/div>\n<\/div>\n<\/div>","protected":false},"excerpt":{"rendered":"<p>New loader bulldozer lonking loader 1 ton 2 ton backhoe OEM for any brand CDM816D CDM818D CDM820DA CDM926N CDM928N CDM932NG CDM936N LG820DRA it&#8217;s not caterpillar, Doosan, Komatsu, Kobelco, Kubota, Sany; it&#8217;s LONKING CDM818D Configuration parameters BASIC Bucket Capacity 1.05m\u00b3 Rated Payload 1800kg Operating Weight 5600kg Traction Force 53kN Breakout Force 52kN L\u00d7W\u00d7H 5700\u00d72200\u00d72930mm ENGINE Manufacturer\/Model [&hellip;]<\/p>","protected":false},"featured_media":3031,"template":"","meta":{"site-sidebar-layout":"default","site-content-layout":"default","ast-site-content-layout":"default","site-content-style":"default","site-sidebar-style":"default","ast-global-header-display":"","ast-banner-title-visibility":"","ast-main-header-display":"","ast-hfb-above-header-display":"","ast-hfb-below-header-display":"","ast-hfb-mobile-header-display":"","site-post-title":"","ast-breadcrumbs-content":"","ast-featured-img":"","footer-sml-layout":"","ast-disable-related-posts":"","theme-transparent-header-meta":"default","adv-header-id-meta":"","stick-header-meta":"","header-above-stick-meta":"","header-main-stick-meta":"","header-below-stick-meta":"","astra-migrate-meta-layouts":"set","ast-page-background-enabled":"default","ast-page-background-meta":{"desktop":{"background-color":"","background-image":"","background-repeat":"repeat","background-position":"center center","background-size":"auto","background-attachment":"scroll","background-type":"","background-media":"","overlay-type":"","overlay-color":"","overlay-opacity":"","overlay-gradient":""},"tablet":{"background-color":"","background-image":"","background-repeat":"repeat","background-position":"center center","background-size":"auto","background-attachment":"scroll","background-type":"","background-media":"","overlay-type":"","overlay-color":"","overlay-opacity":"","overlay-gradient":""},"mobile":{"background-color":"","background-image":"","background-repeat":"repeat","background-position":"center center","background-size":"auto","background-attachment":"scroll","background-type":"","background-media":"","overlay-type":"","overlay-color":"","overlay-opacity":"","overlay-gradient":""}},"ast-content-background-meta":{"desktop":{"background-color":"var(--ast-global-color-5)","background-image":"","background-repeat":"repeat","background-position":"center center","background-size":"auto","background-attachment":"scroll","background-type":"","background-media":"","overlay-type":"","overlay-color":"","overlay-opacity":"","overlay-gradient":""},"tablet":{"background-color":"var(--ast-global-color-5)","background-image":"","background-repeat":"repeat","background-position":"center center","background-size":"auto","background-attachment":"scroll","background-type":"","background-media":"","overlay-type":"","overlay-color":"","overlay-opacity":"","overlay-gradient":""},"mobile":{"background-color":"var(--ast-global-color-5)","background-image":"","background-repeat":"repeat","background-position":"center center","background-size":"auto","background-attachment":"scroll","background-type":"","background-media":"","overlay-type":"","overlay-color":"","overlay-opacity":"","overlay-gradient":""}}},"product_brand":[],"product_cat":[36],"product_tag":[],"class_list":{"0":"post-3030","1":"product","2":"type-product","3":"status-publish","4":"has-post-thumbnail","6":"product_cat-machinery","7":"desktop-align-left","8":"tablet-align-left","9":"mobile-align-left","11":"first","12":"instock","13":"shipping-taxable","14":"product-type-simple"},"_links":{"self":[{"href":"https:\/\/satisfybot.com\/es\/wp-json\/wp\/v2\/product\/3030","targetHints":{"allow":["GET"]}}],"collection":[{"href":"https:\/\/satisfybot.com\/es\/wp-json\/wp\/v2\/product"}],"about":[{"href":"https:\/\/satisfybot.com\/es\/wp-json\/wp\/v2\/types\/product"}],"version-history":[{"count":5,"href":"https:\/\/satisfybot.com\/es\/wp-json\/wp\/v2\/product\/3030\/revisions"}],"predecessor-version":[{"id":3080,"href":"https:\/\/satisfybot.com\/es\/wp-json\/wp\/v2\/product\/3030\/revisions\/3080"}],"wp:featuredmedia":[{"embeddable":true,"href":"https:\/\/satisfybot.com\/es\/wp-json\/wp\/v2\/media\/3031"}],"wp:attachment":[{"href":"https:\/\/satisfybot.com\/es\/wp-json\/wp\/v2\/media?parent=3030"}],"wp:term":[{"taxonomy":"product_brand","embeddable":true,"href":"https:\/\/satisfybot.com\/es\/wp-json\/wp\/v2\/product_brand?post=3030"},{"taxonomy":"product_cat","embeddable":true,"href":"https:\/\/satisfybot.com\/es\/wp-json\/wp\/v2\/product_cat?post=3030"},{"taxonomy":"product_tag","embeddable":true,"href":"https:\/\/satisfybot.com\/es\/wp-json\/wp\/v2\/product_tag?post=3030"}],"curies":[{"name":"wp","href":"https:\/\/api.w.org\/{rel}","templated":true}]}}