{"id":3081,"date":"2023-09-07T08:14:52","date_gmt":"2023-09-07T08:14:52","guid":{"rendered":"https:\/\/satisfybot.com\/?post_type=product&#038;p=3081"},"modified":"2023-09-08T07:49:47","modified_gmt":"2023-09-08T07:49:47","slug":"lonking-forklift-for-sale-6-ton-7-ton-oem-for-any-famous-brand-cdm932nyc-cdm936nyc-lgft18-lgft28","status":"publish","type":"product","link":"https:\/\/satisfybot.com\/es\/producto\/lonking-forklift-for-sale-6-ton-7-ton-oem-for-any-famous-brand-cdm932nyc-cdm936nyc-lgft18-lgft28\/","title":{"rendered":"Montacargas Lonking a la venta 6 toneladas 7 toneladas CDM932NYC CDM936NYC LGFT18 LGFT28"},"content":{"rendered":"<p>Carretilla elevadora Lonking a la venta 6 toneladas 7 toneladas CDM932NYC CDM936NYC LGFT18 LGFT28 OEM para cualquier marca famosa<\/p>\n<p>&nbsp;<\/p>\n<h6 class=\"tit\">Carretilla elevadora de terreno rugoso CDM932NYC<\/h6>\n<div class=\"t_box\">\n<div class=\"con\">\n<ul>\n<li>Potencia nominal 60kW\/2400rpm<\/li>\n<li>Centro de carga 550 mm<\/li>\n<li>Carga \u00fatil nominal 2500 kg<\/li>\n<li>Peso operativo 5130 kg<\/li>\n<\/ul>\n<h6 class=\"tit\">Carretilla elevadora de terreno rugoso CDM936NYC<\/h6>\n<div class=\"t_box\">\n<div class=\"con\">\n<ul>\n<li>Potencia nominal 85kW\/2400rpm<\/li>\n<li>Centro de carga 550 mm<\/li>\n<li>Carga \u00fatil nominal 3000 kg<\/li>\n<li>Peso operativo 6990 kg<\/li>\n<\/ul>\n<div>\n<table class=\"datalist\" width=\"100%\" cellspacing=\"0\" cellpadding=\"0\">\n<tbody>\n<tr class=\"firstRow\">\n<th rowspan=\"9\">B\u00c1SICO<\/th>\n<td>Carga \u00fatil nominal<\/td>\n<td>3000kg<\/td>\n<\/tr>\n<tr>\n<td>Peso operativo<\/td>\n<td>6990kg<\/td>\n<\/tr>\n<tr>\n<td>Fuerza de tracci\u00f3n<\/td>\n<td>6100 mm<\/td>\n<\/tr>\n<tr>\n<td>Fuerza de ruptura<\/td>\n<td>2130 mm<\/td>\n<\/tr>\n<tr>\n<td>L1\u00d7L2\u00d7H1<\/td>\n<td>5500 mm<\/td>\n<\/tr>\n<tr>\n<td>distancia entre ejes<\/td>\n<td>2670 mm<\/td>\n<\/tr>\n<tr>\n<td>Envergadura<\/td>\n<td>1700 mm<\/td>\n<\/tr>\n<tr>\n<td>Distancia m\u00ednima al suelo (H4)<\/td>\n<td>300 mm<\/td>\n<\/tr>\n<tr>\n<td>Centro de carga (Q)<\/td>\n<td>550 mm<\/td>\n<\/tr>\n<tr>\n<th rowspan=\"5\">MOTOR<\/th>\n<td>Fabricante\/Modelo<\/td>\n<td>YN4EL120 (Naci\u00f3n III)<\/td>\n<\/tr>\n<tr>\n<td>Potencia nominal<\/td>\n<td>85kW\/2400rpm<\/td>\n<\/tr>\n<tr>\n<td>Par nominal<\/td>\n<td>414Nm\/1800-1600rpm<\/td>\n<\/tr>\n<tr>\n<td>Desplazamiento (L)<\/td>\n<td>3.8L<\/td>\n<\/tr>\n<tr>\n<td>El consumo de combustible<\/td>\n<td>238g\/kW\u00b7h<\/td>\n<\/tr>\n<tr>\n<th rowspan=\"11\">TREN DE IMPULSI\u00d3N<\/th>\n<td>Tipo de transmisi\u00f3n<\/td>\n<td>Servotransmisi\u00f3n del contraeje<\/td>\n<\/tr>\n<tr>\n<td>Tipo de turno<\/td>\n<td>Engranaje recto de cambio hidr\u00e1ulico de eje fijo<\/td>\n<\/tr>\n<tr>\n<td>Presi\u00f3n de transmisi\u00f3n<\/td>\n<td>1,1-1,5MPa<\/td>\n<\/tr>\n<tr>\n<td>Engranaje<\/td>\n<td>2F\/2R<\/td>\n<\/tr>\n<tr>\n<td>Convertidor de par<\/td>\n<td>Monoetapa, monoturbina, 3 elementos<\/td>\n<\/tr>\n<tr>\n<td>Relaci\u00f3n de par<\/td>\n<td>3.13<\/td>\n<\/tr>\n<tr>\n<td>Reductor principal<\/td>\n<td>Reducci\u00f3n de una sola etapa con engranaje c\u00f3nico en espiral<\/td>\n<\/tr>\n<tr>\n<td>Reductor final<\/td>\n<td>Reducci\u00f3n planetaria<\/td>\n<\/tr>\n<tr>\n<td>Neum\u00e1tico<\/td>\n<td>16\/70-24<\/td>\n<\/tr>\n<tr>\n<td>Velocidad de desplazamiento-Adelante<\/td>\n<td>8\/25km\/h<\/td>\n<\/tr>\n<tr>\n<td>Velocidad de desplazamiento-marcha atr\u00e1s<\/td>\n<td>8\/25km\/h<\/td>\n<\/tr>\n<tr>\n<th rowspan=\"3\">SISTEMA DE FRENOS<\/th>\n<td>Freno de servicio<\/td>\n<td>Impulsi\u00f3n neum\u00e1tica, freno en las cuatro ruedas (seco)<\/td>\n<\/tr>\n<tr>\n<td>Ajuste de presi\u00f3n<\/td>\n<td>0,78MPa<\/td>\n<\/tr>\n<tr>\n<td>Freno de mano<\/td>\n<td>Calibrador controlado por eje flexible<\/td>\n<\/tr>\n<tr>\n<th rowspan=\"4\">SISTEMA DE DIRECCI\u00d3N<\/th>\n<td>Tipo<\/td>\n<td>Sistema de sensor de carga hidr\u00e1ulica<\/td>\n<\/tr>\n<tr>\n<td>Bomba de direcci\u00f3n<\/td>\n<td>Compartido con bomba de trabajo<\/td>\n<\/tr>\n<tr>\n<td>Presi\u00f3n del sistema<\/td>\n<td>14Mpa<\/td>\n<\/tr>\n<tr>\n<td>\u00c1ngulo de direcci\u00f3n<\/td>\n<td>32\u00b13\u00b0<\/td>\n<\/tr>\n<tr>\n<th rowspan=\"5\">SISTEMA HIDR\u00c1ULICO<\/th>\n<td>Tipo<\/td>\n<td>control piloto<\/td>\n<\/tr>\n<tr>\n<td>Bomba de trabajo<\/td>\n<td>Bomba de engranajes<\/td>\n<\/tr>\n<tr>\n<td>Tasa de flujo<\/td>\n<td>160L\/min\u00b72400rpm<\/td>\n<\/tr>\n<tr>\n<td>V\u00e1lvula de control<\/td>\n<td>2 carretes<\/td>\n<\/tr>\n<tr>\n<td>Presi\u00f3n del sistema<\/td>\n<td>16MPa<\/td>\n<\/tr>\n<tr>\n<th rowspan=\"4\">SISTEMA DE M\u00c1STIL<\/th>\n<td>Altura del m\u00e1stil<\/td>\n<td>2185 (altura de elevaci\u00f3n: 5500 mm)<\/td>\n<\/tr>\n<tr>\n<td>Velocidad m\u00e1xima de elevaci\u00f3n<\/td>\n<td>6s<\/td>\n<\/tr>\n<tr>\n<td>Rango de ajuste de la horquilla (exterior)<\/td>\n<td>1055mm<\/td>\n<\/tr>\n<tr>\n<td>Tama\u00f1o de horquilla STD (L5*W*T)<\/td>\n<td>125X45X1220(mil\u00edmetro)<\/td>\n<\/tr>\n<tr>\n<th rowspan=\"2\">SISTEMA ELECTRICO<\/th>\n<td>Voltaje del sistema<\/td>\n<td>24V<\/td>\n<\/tr>\n<tr>\n<td>Bater\u00eda (2 en serie)<\/td>\n<td>90L<\/td>\n<\/tr>\n<tr>\n<th rowspan=\"4\">CAPACIDAD DE RECARGA DEL SERVICIO<\/th>\n<td>Dep\u00f3sito de combustible<\/td>\n<td>70L<\/td>\n<\/tr>\n<tr>\n<td>Tanque Hidr\u00e1ulico<\/td>\n<td>22.5L<\/td>\n<\/tr>\n<tr>\n<td>Transmisi\u00f3n<\/td>\n<td>24L<\/td>\n<\/tr>\n<tr>\n<td>Eje delantero\/eje trasero<\/td>\n<td>2\u00d780Ah<\/td>\n<\/tr>\n<\/tbody>\n<\/table>\n<\/div>\n<div><\/div>\n<h6 class=\"tit\">LGFT18<\/h6>\n<div class=\"t_box\">\n<div class=\"con\">\n<ul>\n<li>Potencia nominal 162kW\/2200rpm<\/li>\n<li>Capacidad del cuchar\u00f3n 1400\u00d7200\u00d7120 mm<\/li>\n<li>Carga \u00fatil nominal 18000 kg<\/li>\n<li>Peso operativo 23900 kg<\/li>\n<\/ul>\n<h6 class=\"tit\">LGFT28<\/h6>\n<div class=\"t_box\">\n<div class=\"con\">\n<ul>\n<li>Potencia nominal 178kW\/2200rpm<\/li>\n<li>Capacidad del cuchar\u00f3n 1520\u00d7240\u00d7140 mm<\/li>\n<li>Carga \u00fatil nominal 28000 kg<\/li>\n<li>Peso operativo 30100 kg<\/li>\n<\/ul>\n<table class=\"datalist\" width=\"100%\" cellspacing=\"0\" cellpadding=\"0\">\n<tbody>\n<tr class=\"firstRow\">\n<th rowspan=\"12\">B\u00e1sico<\/th>\n<td>Dimensiones de la horquilla<\/td>\n<td>1520\u00d7240\u00d7140<\/td>\n<\/tr>\n<tr>\n<td>Carga \u00fatil nominal<\/td>\n<td>28000 kg (\u00e1ngulo de direcci\u00f3n de 10\u00b0)<\/td>\n<\/tr>\n<tr>\n<td>Peso operativo<\/td>\n<td>30100\u00b1300kg<\/td>\n<\/tr>\n<tr>\n<td>Fuerza de tracci\u00f3n<\/td>\n<td>239\u00b13kN<\/td>\n<\/tr>\n<tr>\n<td>Fuerza de ruptura<\/td>\n<td>320\u00b13kN<\/td>\n<\/tr>\n<tr>\n<td>Dimensiones totales (largo x ancho x alto)<\/td>\n<td>8663\u00d73025\u00d73601mm<\/td>\n<\/tr>\n<tr>\n<td>Altura m\u00e1xima de elevaci\u00f3n horizontal<\/td>\n<td>3200 mm<\/td>\n<\/tr>\n<tr>\n<td>Centro de carga<\/td>\n<td>800 mm<\/td>\n<\/tr>\n<tr>\n<td>Base de la rueda<\/td>\n<td>3965mm<\/td>\n<\/tr>\n<tr>\n<td>Huella<\/td>\n<td>2350 mm<\/td>\n<\/tr>\n<tr>\n<td>\u00c1ngulo de direcci\u00f3n<\/td>\n<td>30\u00b0<\/td>\n<\/tr>\n<tr>\n<td>Trepabilidad<\/td>\n<td>26\u00b0<\/td>\n<\/tr>\n<tr>\n<th rowspan=\"9\">Motor<\/th>\n<td>Fabricante\/Modelo<\/td>\n<td>WEICHAI\/WP10G240E341<\/td>\n<\/tr>\n<tr>\n<td>Potencia nominal<\/td>\n<td>178kW\/2200rpm<\/td>\n<\/tr>\n<tr>\n<td>Tuerca maxima<\/td>\n<td>1100Nm\/1400-1600rpm<\/td>\n<\/tr>\n<tr>\n<td>Di\u00e1metro x carrera (mm)<\/td>\n<td>126\u00d7130mm<\/td>\n<\/tr>\n<tr>\n<td>No. de cilindros\/desplazamiento<\/td>\n<td>6\/9.726L<\/td>\n<\/tr>\n<tr>\n<td>Filtro de aire<\/td>\n<td>Filtro de 3 etapas<\/td>\n<\/tr>\n<tr>\n<td>Alternador<\/td>\n<td>55 amperios<\/td>\n<\/tr>\n<tr>\n<td>Bater\u00eda<\/td>\n<td>2-24V\/120Ah<\/td>\n<\/tr>\n<tr>\n<td>Motor de arranque<\/td>\n<td>24V\/7,5kW<\/td>\n<\/tr>\n<tr>\n<th rowspan=\"12\">CONDUCIR<br \/>\nTREN<\/th>\n<td>Tipo de transmisi\u00f3n<\/td>\n<td>Cambio de poder planetario<\/td>\n<\/tr>\n<tr>\n<td>Tipo de turno<\/td>\n<td>Control de cambio de marcha mec\u00e1nico<\/td>\n<\/tr>\n<tr>\n<td>Presi\u00f3n de transmisi\u00f3n<\/td>\n<td>1,2-1,5MPa<\/td>\n<\/tr>\n<tr>\n<td>Tipo de convertidor de par<\/td>\n<td>Monoetapa, turbina d\u00fao, 4 elementos<\/td>\n<\/tr>\n<tr>\n<td>ejes<\/td>\n<td>R\u00edgido (Delantero) y Oscilante (Trasero)<\/td>\n<\/tr>\n<tr>\n<td>Oscilaci\u00f3n del eje trasero (\u00b0)<\/td>\n<td>\u00b1 10\u00b0<\/td>\n<\/tr>\n<tr>\n<td>Diferencial<\/td>\n<td>Convencional<\/td>\n<\/tr>\n<tr>\n<td>Reductor principal<\/td>\n<td>Bisel en espiral, reducci\u00f3n de 1 etapa<\/td>\n<\/tr>\n<tr>\n<td>Reductor final<\/td>\n<td>Reducci\u00f3n planetaria<\/td>\n<\/tr>\n<tr>\n<td>Llantas<\/td>\n<td>Delantero: 26.5-25-36PR TL<br \/>\nTrasero 26 5 25 28PR TL<\/td>\n<\/tr>\n<tr>\n<td>Velocidad de viaje hacia adelante<\/td>\n<td>0,45\/34 kil\u00f3metros por hora<\/td>\n<\/tr>\n<tr>\n<td>Velocidad de desplazamiento en reversa<\/td>\n<td>12,49 kil\u00f3metros por hora<\/td>\n<\/tr>\n<tr>\n<th rowspan=\"4\">FRENO<br \/>\nSISTEMA<\/th>\n<td>Freno de servicio<\/td>\n<td>Freno seco de doble l\u00ednea<\/td>\n<\/tr>\n<tr>\n<td>Ajuste de presi\u00f3n<\/td>\n<td>0,70-0,78MPa<\/td>\n<\/tr>\n<tr>\n<td>Freno de mano<\/td>\n<td>Freno de pinza accionado por aire<\/td>\n<\/tr>\n<tr>\n<td>Freno de emergencia<\/td>\n<td>Freno de pinza accionado por aire<\/td>\n<\/tr>\n<tr>\n<th rowspan=\"5\">DIRECCION<br \/>\nSISTEMA<\/th>\n<td>Tipo<\/td>\n<td>Sistema de detecci\u00f3n de carga hidr\u00e1ulica<\/td>\n<\/tr>\n<tr>\n<td>Bomba<\/td>\n<td>158L\/min\u00b72200rpm<\/td>\n<\/tr>\n<tr>\n<td>Presi\u00f3n del sistema<\/td>\n<td>16MPa<\/td>\n<\/tr>\n<tr>\n<td>Tipo de cilindro<\/td>\n<td>Doble efecto<\/td>\n<\/tr>\n<tr>\n<td>\u00c1ngulo de direcci\u00f3n<\/td>\n<td>\u00b130\u00b0<\/td>\n<\/tr>\n<tr>\n<th rowspan=\"5\">HIDRAU<br \/>\nLIC<br \/>\nSISTEMA<\/th>\n<td>Tipo<\/td>\n<td>Control de palanca de mando (palanca \u00fanica)<\/td>\n<\/tr>\n<tr>\n<td>Bomba<\/td>\n<td>356L\/min\u00b72200rpm<\/td>\n<\/tr>\n<tr>\n<td>V\u00e1lvula de control<\/td>\n<td>2 carretes<\/td>\n<\/tr>\n<tr>\n<td>Presi\u00f3n del sistema<\/td>\n<td>23MPa<\/td>\n<\/tr>\n<tr>\n<td>Tiempo de ciclo (seg.)<\/td>\n<td>17.9<\/td>\n<\/tr>\n<tr>\n<th rowspan=\"5\">SERVICIO<br \/>\nRELLENAR<br \/>\nCAPACIDAD<br \/>\nY<\/th>\n<td>Tanque de combustible (L)<\/td>\n<td>285L<\/td>\n<\/tr>\n<tr>\n<td>Tanque Hidr\u00e1ulico (L)<\/td>\n<td>270L<\/td>\n<\/tr>\n<tr>\n<td>Cig\u00fce\u00f1al (L)<\/td>\n<td>20L<\/td>\n<\/tr>\n<tr>\n<td>Transmisi\u00f3n (L)<\/td>\n<td>52L<\/td>\n<\/tr>\n<tr>\n<td>Eje delantero\/eje trasero (L)<\/td>\n<td>31L\/31L<\/td>\n<\/tr>\n<\/tbody>\n<\/table>\n<p>es LONKING; No es Bobcat, CASE, Caterpillar (Cat), Doosan, Dynapac, Hitachi, Hyundai, Kato, Kobelco, Komatsu, Kubota, Lliugong, Motor Grader, Sany, Sumitomo, Volvo, Sunward,\u2026<\/p>\n<\/div>\n<\/div>\n<\/div>\n<\/div>\n<\/div>\n<\/div>\n<\/div>\n<\/div>","protected":false},"excerpt":{"rendered":"<p>Lonking Forklift for sale 6 ton 7 ton CDM932NYC CDM936NYC LGFT18 LGFT28 OEM for any famous brand &nbsp; CDM932NYC Rough Terain Forklift Rated Power 60kW\/2400rpm Load Center 550mm Rated Payload 2500kg Operating Weight 5130kg CDM936NYC Rough Terain Forklift Rated Power 85kW\/2400rpm Load Center 550mm Rated Payload 3000kg Operating Weight 6990kg BASIC Rated Payload 3000kg Operating [&hellip;]<\/p>","protected":false},"featured_media":3085,"template":"","meta":{"site-sidebar-layout":"default","site-content-layout":"","ast-site-content-layout":"default","site-content-style":"default","site-sidebar-style":"default","ast-global-header-display":"","ast-banner-title-visibility":"","ast-main-header-display":"","ast-hfb-above-header-display":"","ast-hfb-below-header-display":"","ast-hfb-mobile-header-display":"","site-post-title":"","ast-breadcrumbs-content":"","ast-featured-img":"","footer-sml-layout":"","ast-disable-related-posts":"","theme-transparent-header-meta":"default","adv-header-id-meta":"","stick-header-meta":"","header-above-stick-meta":"","header-main-stick-meta":"","header-below-stick-meta":"","astra-migrate-meta-layouts":"set","ast-page-background-enabled":"default","ast-page-background-meta":{"desktop":{"background-color":"","background-image":"","background-repeat":"repeat","background-position":"center center","background-size":"auto","background-attachment":"scroll","background-type":"","background-media":"","overlay-type":"","overlay-color":"","overlay-opacity":"","overlay-gradient":""},"tablet":{"background-color":"","background-image":"","background-repeat":"repeat","background-position":"center center","background-size":"auto","background-attachment":"scroll","background-type":"","background-media":"","overlay-type":"","overlay-color":"","overlay-opacity":"","overlay-gradient":""},"mobile":{"background-color":"","background-image":"","background-repeat":"repeat","background-position":"center center","background-size":"auto","background-attachment":"scroll","background-type":"","background-media":"","overlay-type":"","overlay-color":"","overlay-opacity":"","overlay-gradient":""}},"ast-content-background-meta":{"desktop":{"background-color":"var(--ast-global-color-5)","background-image":"","background-repeat":"repeat","background-position":"center center","background-size":"auto","background-attachment":"scroll","background-type":"","background-media":"","overlay-type":"","overlay-color":"","overlay-opacity":"","overlay-gradient":""},"tablet":{"background-color":"var(--ast-global-color-5)","background-image":"","background-repeat":"repeat","background-position":"center center","background-size":"auto","background-attachment":"scroll","background-type":"","background-media":"","overlay-type":"","overlay-color":"","overlay-opacity":"","overlay-gradient":""},"mobile":{"background-color":"var(--ast-global-color-5)","background-image":"","background-repeat":"repeat","background-position":"center center","background-size":"auto","background-attachment":"scroll","background-type":"","background-media":"","overlay-type":"","overlay-color":"","overlay-opacity":"","overlay-gradient":""}}},"product_brand":[],"product_cat":[36],"product_tag":[],"class_list":{"0":"post-3081","1":"product","2":"type-product","3":"status-publish","4":"has-post-thumbnail","6":"product_cat-machinery","7":"desktop-align-left","8":"tablet-align-left","9":"mobile-align-left","11":"first","12":"instock","13":"shipping-taxable","14":"product-type-simple"},"_links":{"self":[{"href":"https:\/\/satisfybot.com\/es\/wp-json\/wp\/v2\/product\/3081","targetHints":{"allow":["GET"]}}],"collection":[{"href":"https:\/\/satisfybot.com\/es\/wp-json\/wp\/v2\/product"}],"about":[{"href":"https:\/\/satisfybot.com\/es\/wp-json\/wp\/v2\/types\/product"}],"version-history":[{"count":5,"href":"https:\/\/satisfybot.com\/es\/wp-json\/wp\/v2\/product\/3081\/revisions"}],"predecessor-version":[{"id":3099,"href":"https:\/\/satisfybot.com\/es\/wp-json\/wp\/v2\/product\/3081\/revisions\/3099"}],"wp:featuredmedia":[{"embeddable":true,"href":"https:\/\/satisfybot.com\/es\/wp-json\/wp\/v2\/media\/3085"}],"wp:attachment":[{"href":"https:\/\/satisfybot.com\/es\/wp-json\/wp\/v2\/media?parent=3081"}],"wp:term":[{"taxonomy":"product_brand","embeddable":true,"href":"https:\/\/satisfybot.com\/es\/wp-json\/wp\/v2\/product_brand?post=3081"},{"taxonomy":"product_cat","embeddable":true,"href":"https:\/\/satisfybot.com\/es\/wp-json\/wp\/v2\/product_cat?post=3081"},{"taxonomy":"product_tag","embeddable":true,"href":"https:\/\/satisfybot.com\/es\/wp-json\/wp\/v2\/product_tag?post=3081"}],"curies":[{"name":"wp","href":"https:\/\/api.w.org\/{rel}","templated":true}]}}