{"id":3104,"date":"2023-09-11T05:20:13","date_gmt":"2023-09-11T05:20:13","guid":{"rendered":"https:\/\/satisfybot.com\/?post_type=product&#038;p=3104"},"modified":"2023-09-15T06:20:23","modified_gmt":"2023-09-15T06:20:23","slug":"mini-excavator-mini-digger-bagger-0-8ton-1ton-2ton-small-excavator-3-5ton-compact-excavator-epa-ce-euro-5-pellet-crawler-mini-excavator","status":"publish","type":"product","link":"https:\/\/satisfybot.com\/es\/producto\/mini-excavator-mini-digger-bagger-0-8ton-1ton-2ton-small-excavator-3-5ton-compact-excavator-epa-ce-euro-5-pellet-crawler-mini-excavator\/","title":{"rendered":"Miniexcavadora a la venta Excavadora peque\u00f1a de 0,8 toneladas y 1 tonelada, excavadora compacta, miniexcavadora, embolsadora, excavadora de orugas EPA CE EURO 5"},"content":{"rendered":"<h3><b class=\"magic-10\"><span class=\"magic-25\">Caracter\u00edsticas de la MINI EXCAVADORA Satisfybot:<\/span><\/b><\/h3>\n<p><span class=\"magic-9\" style=\"color: #000000;\"><span class=\"magic-15\">1. Las excavadoras de dimensiones compactas pueden atravesar f\u00e1cilmente pasillos y puertas estrechas. <\/span><\/span><\/p>\n<p><span class=\"magic-9\" style=\"color: #000000;\"><span class=\"magic-15\">2. El tren de rodaje retr\u00e1ctil y la hoja topadora permiten configurar las excavadoras para lograr una excelente estabilidad de trabajo y un rendimiento \u00f3ptimo. <\/span><\/span><\/p>\n<p><span class=\"magic-9\" style=\"color: #000000;\"><span class=\"magic-15\">3. El potente motor y el sistema hidr\u00e1ulico perfectamente adaptado proporcionan un rendimiento eficiente, econ\u00f3mico y confiable para los trabajos m\u00e1s dif\u00edciles. <\/span><\/span><\/p>\n<p><span class=\"magic-9\" style=\"color: #000000;\"><span class=\"magic-15\">4. Las mangueras del cuchar\u00f3n est\u00e1n bien protegidas dentro de la pluma y el cilindro est\u00e1 montado sobre la estructura. <\/span><\/span><\/p>\n<p><span class=\"magic-9\" style=\"color: #000000;\"><span class=\"magic-15\">5. El \u00e1rea del operador es espaciosa y est\u00e1 dise\u00f1ada para brindar comodidad y facilidad de operaci\u00f3n. <\/span><\/span><\/p>\n<p><span class=\"magic-9\" style=\"color: #000000;\"><span class=\"magic-15\">6. El excelente motor (de fabricaci\u00f3n japonesa, italiana y nacional) proporciona una potencia excelente con un uso m\u00ednimo de combustible para una mayor productividad por tanque. Miniexcavadora de orugas china de 0,8 a 3,5 toneladas<\/span><\/span><\/p>\n<p>&nbsp;<\/p>\n<h3>V\u00eddeo de miniexcavadora de 0,8 toneladas y 1 tonelada<\/h3>\n<div style=\"width: 1280px;\" class=\"wp-video\"><!--[if lt IE 9]><script>document.createElement('video');<\/script><![endif]-->\n<video class=\"wp-video-shortcode\" id=\"video-3104-1\" width=\"1280\" height=\"720\" preload=\"metadata\" controls=\"controls\"><source type=\"video\/mp4\" src=\"https:\/\/satisfybot.com\/wp-content\/uploads\/2023\/09\/0.8-ton.mp4?_=1\" \/><a href=\"https:\/\/satisfybot.com\/wp-content\/uploads\/2023\/09\/0.8-ton.mp4\">https:\/\/satisfybot.com\/wp-content\/uploads\/2023\/09\/0.8-ton.mp4<\/a><\/video><\/div>\n<div style=\"width: 1280px;\" class=\"wp-video\"><video class=\"wp-video-shortcode\" id=\"video-3104-2\" width=\"1280\" height=\"720\" preload=\"metadata\" controls=\"controls\"><source type=\"video\/mp4\" src=\"https:\/\/satisfybot.com\/wp-content\/uploads\/2023\/09\/1.0-ton.mp4?_=2\" \/><a href=\"https:\/\/satisfybot.com\/wp-content\/uploads\/2023\/09\/1.0-ton.mp4\">https:\/\/satisfybot.com\/wp-content\/uploads\/2023\/09\/1.0-ton.mp4<\/a><\/video><\/div>\n<p><img fetchpriority=\"high\" decoding=\"async\" class=\"aligncenter wp-image-3115\" src=\"https:\/\/satisfybot.com\/wp-content\/uploads\/2023\/09\/\u53c2\u6570.png\" alt=\"\" width=\"668\" height=\"663\" srcset=\"https:\/\/satisfybot.com\/wp-content\/uploads\/2023\/09\/\u53c2\u6570.png 554w, https:\/\/satisfybot.com\/wp-content\/uploads\/2023\/09\/\u53c2\u6570-300x298.png 300w, https:\/\/satisfybot.com\/wp-content\/uploads\/2023\/09\/\u53c2\u6570-150x150.png 150w, https:\/\/satisfybot.com\/wp-content\/uploads\/2023\/09\/\u53c2\u6570-12x12.png 12w, https:\/\/satisfybot.com\/wp-content\/uploads\/2023\/09\/\u53c2\u6570-100x100.png 100w\" sizes=\"(max-width: 668px) 100vw, 668px\" \/><img decoding=\"async\" class=\"aligncenter size-large wp-image-3118\" src=\"https:\/\/satisfybot.com\/wp-content\/uploads\/2023\/09\/multi-accessories-666x1024.jpg\" alt=\"\" width=\"666\" height=\"1024\" srcset=\"https:\/\/satisfybot.com\/wp-content\/uploads\/2023\/09\/multi-accessories-666x1024.jpg 666w, https:\/\/satisfybot.com\/wp-content\/uploads\/2023\/09\/multi-accessories-195x300.jpg 195w, https:\/\/satisfybot.com\/wp-content\/uploads\/2023\/09\/multi-accessories-768x1181.jpg 768w, https:\/\/satisfybot.com\/wp-content\/uploads\/2023\/09\/multi-accessories-8x12.jpg 8w, https:\/\/satisfybot.com\/wp-content\/uploads\/2023\/09\/multi-accessories-600x923.jpg 600w, https:\/\/satisfybot.com\/wp-content\/uploads\/2023\/09\/multi-accessories.jpg 790w\" sizes=\"(max-width: 666px) 100vw, 666px\" \/><\/p>\n<h3>Ventajas de la miniexcavadora HT08 0.8T<\/h3>\n<p style=\"font-weight: 400;\">1. Dise\u00f1o \u00fanico de estructura de brazo grande<\/p>\n<p style=\"font-weight: 400;\">2. El frente de operaciones est\u00e1 claro.<\/p>\n<p style=\"font-weight: 400;\">La cubierta protectora protege la tuber\u00eda contra la destrucci\u00f3n.<\/p>\n<p style=\"font-weight: 400;\">3.El cilindro del brazo adopta la conocida marca.<\/p>\n<p style=\"font-weight: 400;\">El cilindro est\u00e1 dise\u00f1ado integrado, lo que es m\u00e1s avanzado que la tecnolog\u00eda de soldadura.<\/p>\n<p style=\"font-weight: 400;\">4.Todas las piezas estructurales est\u00e1n finamente procesadas.<\/p>\n<p style=\"font-weight: 400;\">Todas las piezas estructurales est\u00e1n finamente procesadas.<\/p>\n<p style=\"font-weight: 400;\">Se adoptan procesos de acabado de granallado, decapado y horneado.<\/p>\n<p style=\"font-weight: 400;\">La superficie tiene alto brillo y alta adherencia de la pintura.<\/p>\n<p><img decoding=\"async\" class=\"aligncenter size-full wp-image-3220\" src=\"https:\/\/satisfybot.com\/wp-content\/uploads\/2023\/09\/20210618152805_6742.jpg\" alt=\"\" width=\"1000\" height=\"1000\" srcset=\"https:\/\/satisfybot.com\/wp-content\/uploads\/2023\/09\/20210618152805_6742.jpg 1000w, https:\/\/satisfybot.com\/wp-content\/uploads\/2023\/09\/20210618152805_6742-300x300.jpg 300w, https:\/\/satisfybot.com\/wp-content\/uploads\/2023\/09\/20210618152805_6742-150x150.jpg 150w, https:\/\/satisfybot.com\/wp-content\/uploads\/2023\/09\/20210618152805_6742-768x768.jpg 768w, https:\/\/satisfybot.com\/wp-content\/uploads\/2023\/09\/20210618152805_6742-12x12.jpg 12w, https:\/\/satisfybot.com\/wp-content\/uploads\/2023\/09\/20210618152805_6742-600x600.jpg 600w, https:\/\/satisfybot.com\/wp-content\/uploads\/2023\/09\/20210618152805_6742-100x100.jpg 100w\" sizes=\"(max-width: 1000px) 100vw, 1000px\" \/><\/p>\n<h2>Par\u00e1metro de la miniexcavadora HT08 0.8T<\/h2>\n<table style=\"font-weight: 400;\">\n<tbody>\n<tr>\n<td width=\"284\">Par\u00e1metro de rendimiento<\/td>\n<td width=\"284\"><\/td>\n<\/tr>\n<tr>\n<td width=\"284\">Potencia nominal<\/td>\n<td width=\"284\">12HP<\/td>\n<\/tr>\n<tr>\n<td width=\"284\">Capacidad del cuchar\u00f3n<\/td>\n<td width=\"284\">0,025m3<\/td>\n<\/tr>\n<tr>\n<td width=\"284\">Modelo de motor<\/td>\n<td width=\"284\">chang chai 192<\/td>\n<\/tr>\n<tr>\n<td width=\"284\">Peso<\/td>\n<td width=\"284\">650 kilogramos<\/td>\n<\/tr>\n<tr>\n<td width=\"284\">M\u00e1x. fuerza de excavaci\u00f3n<\/td>\n<td width=\"284\">7.5KN<\/td>\n<\/tr>\n<tr>\n<td width=\"284\">Forma de bomba<\/td>\n<td width=\"284\">Bomba de engranaje simple<\/td>\n<\/tr>\n<tr>\n<td width=\"284\">Establecer la presi\u00f3n de trabajo<\/td>\n<td width=\"284\">14Mpa<\/td>\n<\/tr>\n<tr>\n<td width=\"284\">Velocidad de giro<\/td>\n<td width=\"284\">12 rpm<\/td>\n<\/tr>\n<tr>\n<td width=\"284\">Velocidad de viaje<\/td>\n<td width=\"284\">2,2 kil\u00f3metros por hora<\/td>\n<\/tr>\n<tr>\n<td width=\"284\">Trepabilidad<\/td>\n<td width=\"284\">30\u00b0<\/td>\n<\/tr>\n<tr>\n<td width=\"284\">Presi\u00f3n del suelo<\/td>\n<td width=\"284\">19Kpa<\/td>\n<\/tr>\n<tr>\n<td width=\"284\">Rango de trabajo<\/td>\n<td width=\"284\"><\/td>\n<\/tr>\n<tr>\n<td width=\"284\">M\u00e1x. distancia de excavaci\u00f3n<\/td>\n<td width=\"284\">2450 mm<\/td>\n<\/tr>\n<tr>\n<td width=\"284\">Profundidad m\u00e1xima de excavaci\u00f3n<\/td>\n<td width=\"284\">1200 mm<\/td>\n<\/tr>\n<tr>\n<td width=\"284\">Altura m\u00e1xima de excavaci\u00f3n<\/td>\n<td width=\"284\">2350 mm<\/td>\n<\/tr>\n<tr>\n<td width=\"284\">Altura m\u00e1xima de descarga<\/td>\n<td width=\"284\">1600 mm<\/td>\n<\/tr>\n<tr>\n<td width=\"284\">Radio de giro m\u00ednimo<\/td>\n<td width=\"284\">1100 mm<\/td>\n<\/tr>\n<tr>\n<td width=\"284\">M\u00e1x. Mejora de la altura de la hoja topadora<\/td>\n<td width=\"284\">120mm<\/td>\n<\/tr>\n<tr>\n<td width=\"284\">M\u00e1x. Profundidad de excavaci\u00f3n de la hoja topadora<\/td>\n<td width=\"284\">200 mm<\/td>\n<\/tr>\n<tr>\n<td width=\"284\">Dimensiones<\/td>\n<td width=\"284\"><\/td>\n<\/tr>\n<tr>\n<td width=\"284\">Ancho total<\/td>\n<td width=\"284\">720-780 mm<\/td>\n<\/tr>\n<tr>\n<td width=\"284\">Altura total<\/td>\n<td width=\"284\">1300 mm<\/td>\n<\/tr>\n<tr>\n<td width=\"284\">Largo total<\/td>\n<td width=\"284\">2430 mm<\/td>\n<\/tr>\n<tr>\n<td width=\"284\">M\u00edn. claridad del piso<\/td>\n<td width=\"284\">80mm<\/td>\n<\/tr>\n<tr>\n<td width=\"284\">Longitud del terreno de seguimiento<\/td>\n<td width=\"284\">1140 mm<\/td>\n<\/tr>\n<tr>\n<td width=\"284\">Ancho de v\u00eda<\/td>\n<td width=\"284\">150mm<\/td>\n<\/tr>\n<\/tbody>\n<\/table>\n<p>miniexcavadora Mini excavadora ensacadora 1 tonelada 2 toneladas 3 toneladas Excavadora peque\u00f1a Excavadora compacta de 3,5 toneladas EPA CE EURO 5 miniexcavadora de pellets<\/p>\n<p>CE EPA CE EURO5ISO<\/p>","protected":false},"excerpt":{"rendered":"<p><img loading=\"lazy\" decoding=\"async\" class=\"aligncenter size-full wp-image-3119\" src=\"https:\/\/satisfybot.com\/wp-content\/uploads\/2023\/09\/importantimport-components.jpg\" alt=\"\" width=\"790\" height=\"842\" srcset=\"https:\/\/satisfybot.com\/wp-content\/uploads\/2023\/09\/importantimport-components.jpg 790w, https:\/\/satisfybot.com\/wp-content\/uploads\/2023\/09\/importantimport-components-281x300.jpg 281w, https:\/\/satisfybot.com\/wp-content\/uploads\/2023\/09\/importantimport-components-768x819.jpg 768w, https:\/\/satisfybot.com\/wp-content\/uploads\/2023\/09\/importantimport-components-11x12.jpg 11w, https:\/\/satisfybot.com\/wp-content\/uploads\/2023\/09\/importantimport-components-600x639.jpg 600w\" sizes=\"(max-width: 790px) 100vw, 790px\" \/><\/p>","protected":false},"featured_media":3105,"template":"","meta":{"site-sidebar-layout":"default","site-content-layout":"","ast-site-content-layout":"default","site-content-style":"default","site-sidebar-style":"default","ast-global-header-display":"","ast-banner-title-visibility":"","ast-main-header-display":"","ast-hfb-above-header-display":"","ast-hfb-below-header-display":"","ast-hfb-mobile-header-display":"","site-post-title":"","ast-breadcrumbs-content":"","ast-featured-img":"","footer-sml-layout":"","ast-disable-related-posts":"","theme-transparent-header-meta":"default","adv-header-id-meta":"","stick-header-meta":"","header-above-stick-meta":"","header-main-stick-meta":"","header-below-stick-meta":"","astra-migrate-meta-layouts":"set","ast-page-background-enabled":"default","ast-page-background-meta":{"desktop":{"background-color":"","background-image":"","background-repeat":"repeat","background-position":"center center","background-size":"auto","background-attachment":"scroll","background-type":"","background-media":"","overlay-type":"","overlay-color":"","overlay-opacity":"","overlay-gradient":""},"tablet":{"background-color":"","background-image":"","background-repeat":"repeat","background-position":"center center","background-size":"auto","background-attachment":"scroll","background-type":"","background-media":"","overlay-type":"","overlay-color":"","overlay-opacity":"","overlay-gradient":""},"mobile":{"background-color":"","background-image":"","background-repeat":"repeat","background-position":"center center","background-size":"auto","background-attachment":"scroll","background-type":"","background-media":"","overlay-type":"","overlay-color":"","overlay-opacity":"","overlay-gradient":""}},"ast-content-background-meta":{"desktop":{"background-color":"var(--ast-global-color-5)","background-image":"","background-repeat":"repeat","background-position":"center center","background-size":"auto","background-attachment":"scroll","background-type":"","background-media":"","overlay-type":"","overlay-color":"","overlay-opacity":"","overlay-gradient":""},"tablet":{"background-color":"var(--ast-global-color-5)","background-image":"","background-repeat":"repeat","background-position":"center center","background-size":"auto","background-attachment":"scroll","background-type":"","background-media":"","overlay-type":"","overlay-color":"","overlay-opacity":"","overlay-gradient":""},"mobile":{"background-color":"var(--ast-global-color-5)","background-image":"","background-repeat":"repeat","background-position":"center center","background-size":"auto","background-attachment":"scroll","background-type":"","background-media":"","overlay-type":"","overlay-color":"","overlay-opacity":"","overlay-gradient":""}}},"product_brand":[],"product_cat":[28],"product_tag":[],"class_list":{"0":"post-3104","1":"product","2":"type-product","3":"status-publish","4":"has-post-thumbnail","6":"product_cat-excavator","7":"desktop-align-left","8":"tablet-align-left","9":"mobile-align-left","11":"first","12":"instock","13":"shipping-taxable","14":"product-type-simple"},"_links":{"self":[{"href":"https:\/\/satisfybot.com\/es\/wp-json\/wp\/v2\/product\/3104","targetHints":{"allow":["GET"]}}],"collection":[{"href":"https:\/\/satisfybot.com\/es\/wp-json\/wp\/v2\/product"}],"about":[{"href":"https:\/\/satisfybot.com\/es\/wp-json\/wp\/v2\/types\/product"}],"version-history":[{"count":11,"href":"https:\/\/satisfybot.com\/es\/wp-json\/wp\/v2\/product\/3104\/revisions"}],"predecessor-version":[{"id":3231,"href":"https:\/\/satisfybot.com\/es\/wp-json\/wp\/v2\/product\/3104\/revisions\/3231"}],"wp:featuredmedia":[{"embeddable":true,"href":"https:\/\/satisfybot.com\/es\/wp-json\/wp\/v2\/media\/3105"}],"wp:attachment":[{"href":"https:\/\/satisfybot.com\/es\/wp-json\/wp\/v2\/media?parent=3104"}],"wp:term":[{"taxonomy":"product_brand","embeddable":true,"href":"https:\/\/satisfybot.com\/es\/wp-json\/wp\/v2\/product_brand?post=3104"},{"taxonomy":"product_cat","embeddable":true,"href":"https:\/\/satisfybot.com\/es\/wp-json\/wp\/v2\/product_cat?post=3104"},{"taxonomy":"product_tag","embeddable":true,"href":"https:\/\/satisfybot.com\/es\/wp-json\/wp\/v2\/product_tag?post=3104"}],"curies":[{"name":"wp","href":"https:\/\/api.w.org\/{rel}","templated":true}]}}