{"id":3170,"date":"2023-09-12T07:15:38","date_gmt":"2023-09-12T07:15:38","guid":{"rendered":"https:\/\/satisfybot.com\/?post_type=product&#038;p=3170"},"modified":"2023-09-12T07:17:28","modified_gmt":"2023-09-12T07:17:28","slug":"mini-excavator-for-sale-1-8-ton-small-excavator-compact-excavator-mini-digger-epa-ce-euro-5-crawler-mini-excavator","status":"publish","type":"product","link":"https:\/\/satisfybot.com\/es\/producto\/mini-excavator-for-sale-1-8-ton-small-excavator-compact-excavator-mini-digger-epa-ce-euro-5-crawler-mini-excavator\/","title":{"rendered":"Miniexcavadora a la venta Excavadora peque\u00f1a de 1,8 toneladas Excavadora compacta miniexcavadora EPA CE EURO 5 Miniexcavadora sobre orugas"},"content":{"rendered":"<h3><b class=\"magic-10\"><span class=\"magic-25\">Caracter\u00edsticas de la MINI EXCAVADORA Satisfybot:<\/span><\/b><\/h3>\n<p><span class=\"magic-9\"><span class=\"magic-15\">1. Las excavadoras de dimensiones compactas pueden atravesar f\u00e1cilmente pasillos y puertas estrechas.<\/span><\/span><\/p>\n<p><span class=\"magic-9\"><span class=\"magic-15\">2. El tren de rodaje retr\u00e1ctil y la hoja topadora permiten configurar las excavadoras para lograr una excelente estabilidad de trabajo y un rendimiento \u00f3ptimo.<\/span><\/span><\/p>\n<p><span class=\"magic-9\"><span class=\"magic-15\">3. El potente motor y el sistema hidr\u00e1ulico perfectamente adaptado proporcionan un rendimiento eficiente, econ\u00f3mico y confiable para los trabajos m\u00e1s dif\u00edciles.<\/span><\/span><\/p>\n<p><span class=\"magic-9\"><span class=\"magic-15\">4. Las mangueras del cuchar\u00f3n est\u00e1n bien protegidas dentro de la pluma y el cilindro est\u00e1 montado sobre la estructura.<\/span><\/span><\/p>\n<p><span class=\"magic-9\"><span class=\"magic-15\">5. El \u00e1rea del operador es espaciosa y est\u00e1 dise\u00f1ada para brindar comodidad y facilidad de operaci\u00f3n.<\/span><\/span><\/p>\n<p><span class=\"magic-9\"><span class=\"magic-15\">6. Excelente motor (opcional: Kubota, Koop, Laidong) proporciona una potencia excelente con un uso m\u00ednimo de combustible para una mayor productividad por tanque. Miniexcavadora de orugas china de 0,8 a 3,5 toneladas<\/span><\/span><\/p>\n<h3>Demostraci\u00f3n en v\u00eddeo de miniexcavadora de 1,8 toneladas<\/h3>\n<div style=\"width: 720px;\" class=\"wp-video\"><!--[if lt IE 9]><script>document.createElement('video');<\/script><![endif]-->\n<video class=\"wp-video-shortcode\" id=\"video-3170-1\" width=\"720\" height=\"1280\" preload=\"metadata\" controls=\"controls\"><source type=\"video\/mp4\" src=\"https:\/\/satisfybot.com\/wp-content\/uploads\/2023\/09\/dig-demo.mp4?_=1\" \/><a href=\"https:\/\/satisfybot.com\/wp-content\/uploads\/2023\/09\/dig-demo.mp4\">https:\/\/satisfybot.com\/wp-content\/uploads\/2023\/09\/dig-demo.mp4<\/a><\/video><\/div>\n<p><img fetchpriority=\"high\" decoding=\"async\" class=\"aligncenter size-full wp-image-3180\" src=\"https:\/\/satisfybot.com\/wp-content\/uploads\/2023\/09\/H18\u53c2\u6570\u8be6\u60c5.jpg\" alt=\"\" width=\"790\" height=\"991\" srcset=\"https:\/\/satisfybot.com\/wp-content\/uploads\/2023\/09\/H18\u53c2\u6570\u8be6\u60c5.jpg 790w, https:\/\/satisfybot.com\/wp-content\/uploads\/2023\/09\/H18\u53c2\u6570\u8be6\u60c5-239x300.jpg 239w, https:\/\/satisfybot.com\/wp-content\/uploads\/2023\/09\/H18\u53c2\u6570\u8be6\u60c5-768x963.jpg 768w, https:\/\/satisfybot.com\/wp-content\/uploads\/2023\/09\/H18\u53c2\u6570\u8be6\u60c5-10x12.jpg 10w, https:\/\/satisfybot.com\/wp-content\/uploads\/2023\/09\/H18\u53c2\u6570\u8be6\u60c5-600x753.jpg 600w\" sizes=\"(max-width: 790px) 100vw, 790px\" \/><img decoding=\"async\" class=\"aligncenter wp-image-3183\" src=\"https:\/\/satisfybot.com\/wp-content\/uploads\/2023\/09\/H18-parameter-2.png\" alt=\"\" width=\"791\" height=\"1135\" srcset=\"https:\/\/satisfybot.com\/wp-content\/uploads\/2023\/09\/H18-parameter-2.png 617w, https:\/\/satisfybot.com\/wp-content\/uploads\/2023\/09\/H18-parameter-2-209x300.png 209w, https:\/\/satisfybot.com\/wp-content\/uploads\/2023\/09\/H18-parameter-2-8x12.png 8w, https:\/\/satisfybot.com\/wp-content\/uploads\/2023\/09\/H18-parameter-2-600x861.png 600w\" sizes=\"(max-width: 791px) 100vw, 791px\" \/><\/p>\n<p>&nbsp;<\/p>\n<p>Miniexcavadora Mini excavadora ensacadora 1 tonelada 2 toneladas 3 toneladas Excavadora peque\u00f1a Excavadora compacta de 3,5 toneladas EPA CE EURO 5 miniexcavadora sobre orugas<\/p>\n<p>CE EPA CE EURO5ISO<\/p>\n<p>&nbsp;<\/p>","protected":false},"excerpt":{"rendered":"<p>Satisfybot MINI EXCAVATOR Features: 1. Excavators with compact dimensions can easily drive through narrow passages and doors. 2. Retractable undercarriage and dozer blade allow the excavators to be configured for excellent working stability and optimum performance. 3. Powerful engine and perfectly matched hydraulics provide efficient, economical and reliable performance for the toughest of jobs. 4. [&hellip;]<\/p>","protected":false},"featured_media":3172,"template":"","meta":{"site-sidebar-layout":"default","site-content-layout":"","ast-site-content-layout":"default","site-content-style":"default","site-sidebar-style":"default","ast-global-header-display":"","ast-banner-title-visibility":"","ast-main-header-display":"","ast-hfb-above-header-display":"","ast-hfb-below-header-display":"","ast-hfb-mobile-header-display":"","site-post-title":"","ast-breadcrumbs-content":"","ast-featured-img":"","footer-sml-layout":"","ast-disable-related-posts":"","theme-transparent-header-meta":"default","adv-header-id-meta":"","stick-header-meta":"","header-above-stick-meta":"","header-main-stick-meta":"","header-below-stick-meta":"","astra-migrate-meta-layouts":"set","ast-page-background-enabled":"default","ast-page-background-meta":{"desktop":{"background-color":"","background-image":"","background-repeat":"repeat","background-position":"center center","background-size":"auto","background-attachment":"scroll","background-type":"","background-media":"","overlay-type":"","overlay-color":"","overlay-opacity":"","overlay-gradient":""},"tablet":{"background-color":"","background-image":"","background-repeat":"repeat","background-position":"center center","background-size":"auto","background-attachment":"scroll","background-type":"","background-media":"","overlay-type":"","overlay-color":"","overlay-opacity":"","overlay-gradient":""},"mobile":{"background-color":"","background-image":"","background-repeat":"repeat","background-position":"center center","background-size":"auto","background-attachment":"scroll","background-type":"","background-media":"","overlay-type":"","overlay-color":"","overlay-opacity":"","overlay-gradient":""}},"ast-content-background-meta":{"desktop":{"background-color":"var(--ast-global-color-5)","background-image":"","background-repeat":"repeat","background-position":"center center","background-size":"auto","background-attachment":"scroll","background-type":"","background-media":"","overlay-type":"","overlay-color":"","overlay-opacity":"","overlay-gradient":""},"tablet":{"background-color":"var(--ast-global-color-5)","background-image":"","background-repeat":"repeat","background-position":"center center","background-size":"auto","background-attachment":"scroll","background-type":"","background-media":"","overlay-type":"","overlay-color":"","overlay-opacity":"","overlay-gradient":""},"mobile":{"background-color":"var(--ast-global-color-5)","background-image":"","background-repeat":"repeat","background-position":"center center","background-size":"auto","background-attachment":"scroll","background-type":"","background-media":"","overlay-type":"","overlay-color":"","overlay-opacity":"","overlay-gradient":""}}},"product_brand":[],"product_cat":[28],"product_tag":[],"class_list":{"0":"post-3170","1":"product","2":"type-product","3":"status-publish","4":"has-post-thumbnail","6":"product_cat-excavator","7":"desktop-align-left","8":"tablet-align-left","9":"mobile-align-left","11":"first","12":"instock","13":"shipping-taxable","14":"product-type-simple"},"_links":{"self":[{"href":"https:\/\/satisfybot.com\/es\/wp-json\/wp\/v2\/product\/3170","targetHints":{"allow":["GET"]}}],"collection":[{"href":"https:\/\/satisfybot.com\/es\/wp-json\/wp\/v2\/product"}],"about":[{"href":"https:\/\/satisfybot.com\/es\/wp-json\/wp\/v2\/types\/product"}],"version-history":[{"count":2,"href":"https:\/\/satisfybot.com\/es\/wp-json\/wp\/v2\/product\/3170\/revisions"}],"predecessor-version":[{"id":3185,"href":"https:\/\/satisfybot.com\/es\/wp-json\/wp\/v2\/product\/3170\/revisions\/3185"}],"wp:featuredmedia":[{"embeddable":true,"href":"https:\/\/satisfybot.com\/es\/wp-json\/wp\/v2\/media\/3172"}],"wp:attachment":[{"href":"https:\/\/satisfybot.com\/es\/wp-json\/wp\/v2\/media?parent=3170"}],"wp:term":[{"taxonomy":"product_brand","embeddable":true,"href":"https:\/\/satisfybot.com\/es\/wp-json\/wp\/v2\/product_brand?post=3170"},{"taxonomy":"product_cat","embeddable":true,"href":"https:\/\/satisfybot.com\/es\/wp-json\/wp\/v2\/product_cat?post=3170"},{"taxonomy":"product_tag","embeddable":true,"href":"https:\/\/satisfybot.com\/es\/wp-json\/wp\/v2\/product_tag?post=3170"}],"curies":[{"name":"wp","href":"https:\/\/api.w.org\/{rel}","templated":true}]}}