{"id":3237,"date":"2023-09-18T06:30:53","date_gmt":"2023-09-18T06:30:53","guid":{"rendered":"https:\/\/satisfybot.com\/?post_type=product&#038;p=3237"},"modified":"2023-09-18T06:57:29","modified_gmt":"2023-09-18T06:57:29","slug":"mini-excavator-for-sale-2ton-2-5ton-small-excavator-compact-excavator-mini-digger-epa-ce-euro-5-crawler-mini-excavator","status":"publish","type":"product","link":"https:\/\/satisfybot.com\/es\/producto\/mini-excavator-for-sale-2ton-2-5ton-small-excavator-compact-excavator-mini-digger-epa-ce-euro-5-crawler-mini-excavator\/","title":{"rendered":"Miniexcavadora a la venta Excavadora peque\u00f1a de 2 toneladas y 2,5 toneladas Miniexcavadora compacta Miniexcavadora sobre orugas EPA CE EURO 5"},"content":{"rendered":"<h1>Miniexcavadora HT25 2.5T<\/h1>\n<h2><img fetchpriority=\"high\" decoding=\"async\" class=\"aligncenter size-full wp-image-3238\" src=\"https:\/\/satisfybot.com\/wp-content\/uploads\/2023\/09\/Ht25.jpg\" alt=\"\" width=\"800\" height=\"800\" srcset=\"https:\/\/satisfybot.com\/wp-content\/uploads\/2023\/09\/Ht25.jpg 800w, https:\/\/satisfybot.com\/wp-content\/uploads\/2023\/09\/Ht25-300x300.jpg 300w, https:\/\/satisfybot.com\/wp-content\/uploads\/2023\/09\/Ht25-150x150.jpg 150w, https:\/\/satisfybot.com\/wp-content\/uploads\/2023\/09\/Ht25-768x768.jpg 768w, https:\/\/satisfybot.com\/wp-content\/uploads\/2023\/09\/Ht25-12x12.jpg 12w, https:\/\/satisfybot.com\/wp-content\/uploads\/2023\/09\/Ht25-600x600.jpg 600w, https:\/\/satisfybot.com\/wp-content\/uploads\/2023\/09\/Ht25-100x100.jpg 100w\" sizes=\"(max-width: 800px) 100vw, 800px\" \/><\/h2>\n<h2>Par\u00e1metro de miniexcavadora HT25 2.5T<\/h2>\n<table>\n<tbody>\n<tr>\n<td width=\"284\"><strong>Tama\u00f1o de la m\u00e1quina<\/strong><\/td>\n<td width=\"284\"><\/td>\n<\/tr>\n<tr>\n<td width=\"284\">Dimensi\u00f3n total (L*W*H)<\/td>\n<td width=\"284\">4170mm*1300mm*2280mm<\/td>\n<\/tr>\n<tr>\n<td width=\"284\">Base del eje (longitud de la v\u00eda en el suelo)<\/td>\n<td width=\"284\">1230 mm<\/td>\n<\/tr>\n<tr>\n<td width=\"284\">Ancho de v\u00eda<\/td>\n<td width=\"284\">1070 mm<\/td>\n<\/tr>\n<tr>\n<td width=\"284\">Distancia m\u00ednima al suelo<\/td>\n<td width=\"284\">230 mm<\/td>\n<\/tr>\n<tr>\n<td width=\"284\">Radio de giro en la cola<\/td>\n<td width=\"284\">1180 mm<\/td>\n<\/tr>\n<tr>\n<td width=\"284\"><strong>Sistema de seguimiento<\/strong><\/td>\n<td width=\"284\"><\/td>\n<\/tr>\n<tr>\n<td width=\"284\">Velocidad m\u00e1xima de desplazamiento<\/td>\n<td width=\"284\">3,5 kil\u00f3metros por hora<\/td>\n<\/tr>\n<tr>\n<td width=\"284\">Ancho de la zapata<\/td>\n<td width=\"284\">230 mm<\/td>\n<\/tr>\n<tr>\n<td width=\"284\">N\u00famero de zapatas por lado<\/td>\n<td width=\"284\">38 piezas<\/td>\n<\/tr>\n<tr>\n<td width=\"284\">N\u00famero de rodillos superiores por lado<\/td>\n<td width=\"284\">0<\/td>\n<\/tr>\n<tr>\n<td width=\"284\">N\u00famero de rodillos inferiores por lado<\/td>\n<td width=\"284\">4<\/td>\n<\/tr>\n<tr>\n<td width=\"284\"><strong>Par\u00e1metro de rendimiento<\/strong><\/td>\n<td width=\"284\"><\/td>\n<\/tr>\n<tr>\n<td width=\"284\">Capacidad est\u00e1ndar del cuchar\u00f3n<\/td>\n<td width=\"284\">0,1m\u00b3<\/td>\n<\/tr>\n<tr>\n<td width=\"284\">Velocidad de giro<\/td>\n<td width=\"284\">12 rpm<\/td>\n<\/tr>\n<tr>\n<td width=\"284\">M\u00e1x. capacidad de grado<\/td>\n<td width=\"284\">30\u00b0<\/td>\n<\/tr>\n<tr>\n<td width=\"284\">M\u00e1x. Fuerza de excavaci\u00f3n del cuchar\u00f3n<\/td>\n<td width=\"284\">15.3KN<\/td>\n<\/tr>\n<tr>\n<td width=\"284\">M\u00e1x. Fuerza de excavaci\u00f3n del brazo<\/td>\n<td width=\"284\">10.5KN<\/td>\n<\/tr>\n<tr>\n<td width=\"284\">Presi\u00f3n del sistema hidr\u00e1ulico<\/td>\n<td width=\"284\">18Mpa<\/td>\n<\/tr>\n<tr>\n<td width=\"284\">Peso de la m\u00e1quina<\/td>\n<td width=\"284\">2500 kilos<\/td>\n<\/tr>\n<tr>\n<td width=\"284\">Largo del brazo<\/td>\n<td width=\"284\">1000 mm<\/td>\n<\/tr>\n<tr>\n<td width=\"284\"><strong>Motor<\/strong><\/td>\n<td width=\"284\"><\/td>\n<\/tr>\n<tr>\n<td width=\"284\">Est\u00e1ndar de emisi\u00f3n<\/td>\n<td width=\"284\">Euro5\/EPA<\/td>\n<\/tr>\n<tr>\n<td width=\"284\">Modelo de motor<\/td>\n<td width=\"284\">KUOBTA<\/td>\n<\/tr>\n<tr>\n<td width=\"284\">Potencia\/velocidad de rotaci\u00f3n<\/td>\n<td width=\"284\">14,1 kw(20HP)2000rpm<\/td>\n<\/tr>\n<tr>\n<td width=\"284\">Motor opcional<\/td>\n<td width=\"284\">China Laidong 22.1kw, 2300rpm<\/td>\n<\/tr>\n<tr>\n<td width=\"284\">N\u00famero de cilindro<\/td>\n<td width=\"284\">3<\/td>\n<\/tr>\n<tr>\n<td width=\"284\"><strong>Rango de trabajo<\/strong><\/td>\n<td width=\"284\"><\/td>\n<\/tr>\n<tr>\n<td width=\"284\">M\u00e1x. Altura de excavaci\u00f3n<\/td>\n<td width=\"284\">3700 mm<\/td>\n<\/tr>\n<tr>\n<td width=\"284\">M\u00e1x. Altura de descarga<\/td>\n<td width=\"284\">2290 mm<\/td>\n<\/tr>\n<tr>\n<td width=\"284\">M\u00e1x. Profundidad de excavaci\u00f3n<\/td>\n<td width=\"284\">2450 mm<\/td>\n<\/tr>\n<tr>\n<td width=\"284\">M\u00e1x. Profundidad de excavaci\u00f3n vertical<\/td>\n<td width=\"284\">2160 mm<\/td>\n<\/tr>\n<tr>\n<td width=\"284\">M\u00e1x. Radio de excavaci\u00f3n<\/td>\n<td width=\"284\">4370 mm<\/td>\n<\/tr>\n<tr>\n<td width=\"284\">Radio m\u00ednimo de giro<\/td>\n<td width=\"284\">2020 mm<\/td>\n<\/tr>\n<tr>\n<td width=\"284\">M\u00e1x. Altura de elevaci\u00f3n de la hoja<\/td>\n<td width=\"284\">240 mm<\/td>\n<\/tr>\n<tr>\n<td width=\"284\">M\u00e1x. Profundidad de corte de la hoja<\/td>\n<td width=\"284\">310 mm<\/td>\n<\/tr>\n<tr>\n<td width=\"284\">\u00c1ngulo de giro de la pluma (izquierda)<\/td>\n<td width=\"284\">75\u00b0<\/td>\n<\/tr>\n<tr>\n<td width=\"284\">\u00c1ngulo de giro de la pluma (derecha)<\/td>\n<td width=\"284\">45\u00b0<\/td>\n<\/tr>\n<\/tbody>\n<\/table>\n<h2>&#8212;&#8212;&#8212;&#8212;&#8212;&#8212;&#8212;&#8212;&#8212;&#8212;&#8212;&#8212;&#8212;&#8212;&#8212;&#8212;&#8212;&#8212;&#8212;&#8212;&#8212;&#8212;&#8212;&#8212;&#8212;&#8212;&#8212;&#8212;&#8212;&#8212;&#8212;&#8212;&#8212;&#8212;&#8212;&#8212;&#8212;&#8212;&#8212;-<\/h2>\n<h2>Miniexcavadora HT25-2 Im\u00e1genes<\/h2>\n<p><img decoding=\"async\" src=\"https:\/\/www.hightopmachinery.com\/sqEditor\/attached\/image\/20230207\/20230207153747_6031.jpg\" \/><\/p>\n<table style=\"font-weight: 400;\">\n<tbody>\n<tr>\n<td colspan=\"2\" width=\"568\"><strong>Modelo:HT25-2<\/strong><\/td>\n<\/tr>\n<tr>\n<td width=\"284\">Est\u00e1ndar de emisi\u00f3n<\/td>\n<td width=\"284\">Nivel 5\/Etapa V<\/td>\n<\/tr>\n<tr>\n<td width=\"284\">Hacer<\/td>\n<td width=\"284\">KUBOTA<\/td>\n<\/tr>\n<tr>\n<td width=\"284\">Modelo<\/td>\n<td width=\"284\">D1105<\/td>\n<\/tr>\n<tr>\n<td width=\"284\">Potencia\/velocidad de rotaci\u00f3n<\/td>\n<td width=\"284\">14,1 kw (20 CV) a 2000 rpm<\/td>\n<\/tr>\n<tr>\n<td width=\"284\">N\u00famero de cilindro<\/td>\n<td width=\"284\">3<\/td>\n<\/tr>\n<tr>\n<td width=\"284\">Velocidad m\u00e1xima de desplazamiento<\/td>\n<td width=\"284\">3 km-5,5 km\/h<\/td>\n<\/tr>\n<tr>\n<td width=\"284\">Ancho de la zapata<\/td>\n<td width=\"284\">250 mm<\/td>\n<\/tr>\n<tr>\n<td width=\"284\">N\u00famero de zapatas por lado<\/td>\n<td width=\"284\">38 piezas<\/td>\n<\/tr>\n<tr>\n<td width=\"284\">N\u00famero de rodillos superiores por lado<\/td>\n<td width=\"284\">1<\/td>\n<\/tr>\n<tr>\n<td width=\"284\">N\u00famero de rodillos inferiores por lado<\/td>\n<td width=\"284\">3<\/td>\n<\/tr>\n<tr>\n<td colspan=\"2\" width=\"568\"><strong>PAR\u00c1METRO DE RENDIMIENTO<\/strong><\/td>\n<\/tr>\n<tr>\n<td width=\"284\">Capacidad del cuchar\u00f3n est\u00e1ndar<\/td>\n<td width=\"284\">0,07m\u00b3<\/td>\n<\/tr>\n<tr>\n<td width=\"284\">Velocidad de giro<\/td>\n<td width=\"284\">9,5 rpm<\/td>\n<\/tr>\n<tr>\n<td width=\"284\">M\u00e1x. capacidad de grado<\/td>\n<td width=\"284\">35\u00b0<\/td>\n<\/tr>\n<tr>\n<td width=\"284\">Fuerza m\u00e1xima de excavaci\u00f3n del cuchar\u00f3n<\/td>\n<td width=\"284\">19.5KN<\/td>\n<\/tr>\n<tr>\n<td width=\"284\">Fuerza m\u00e1xima de excavaci\u00f3n del brazo<\/td>\n<td width=\"284\">11KN<\/td>\n<\/tr>\n<tr>\n<td width=\"284\">Presi\u00f3n del sistema hidr\u00e1ulico<\/td>\n<td width=\"284\">21,5 MPa<\/td>\n<\/tr>\n<tr>\n<td width=\"284\">Peso de la m\u00e1quina<\/td>\n<td width=\"284\">2480 kilos<\/td>\n<\/tr>\n<tr>\n<td colspan=\"2\" width=\"568\"><strong>TAMA\u00d1O DE LA M\u00c1QUINA<\/strong><\/td>\n<\/tr>\n<tr>\n<td width=\"284\">Dimensi\u00f3n total (L*W*H)<\/td>\n<td width=\"284\">3850*1300\/1500*2290 mm<\/td>\n<\/tr>\n<tr>\n<td width=\"284\">Recuperaci\u00f3n del chasis<\/td>\n<td width=\"284\">1300 mm<\/td>\n<\/tr>\n<tr>\n<td width=\"284\">Extensi\u00f3n del chasis<\/td>\n<td width=\"284\">1500 mm<\/td>\n<\/tr>\n<tr>\n<td width=\"284\">Base del eje (longitud de la v\u00eda en el suelo)<\/td>\n<td width=\"284\">1300 mm<\/td>\n<\/tr>\n<tr>\n<td width=\"284\">Distancia m\u00ednima al suelo<\/td>\n<td width=\"284\">230 mm<\/td>\n<\/tr>\n<tr>\n<td width=\"284\">Radio de giro en la cola<\/td>\n<td width=\"284\">750 mm<\/td>\n<\/tr>\n<tr>\n<td colspan=\"2\" width=\"568\"><strong>Rango de trabajo<\/strong><\/td>\n<\/tr>\n<tr>\n<td width=\"284\">Altura m\u00e1xima de excavaci\u00f3n<\/td>\n<td width=\"284\">3980 mm<\/td>\n<\/tr>\n<tr>\n<td width=\"284\">Altura m\u00e1xima de descarga<\/td>\n<td width=\"284\">2610 mm<\/td>\n<\/tr>\n<tr>\n<td width=\"284\">Profundidad m\u00e1xima de excavaci\u00f3n<\/td>\n<td width=\"284\">2500 mm<\/td>\n<\/tr>\n<tr>\n<td width=\"284\">Profundidad m\u00e1xima de excavaci\u00f3n vertical<\/td>\n<td width=\"284\">2050 mm<\/td>\n<\/tr>\n<tr>\n<td width=\"284\">Radio m\u00e1ximo de excavaci\u00f3n<\/td>\n<td width=\"284\">4130 mm<\/td>\n<\/tr>\n<tr>\n<td width=\"284\">Radio m\u00ednimo de giro<\/td>\n<td width=\"284\">1850 mm<\/td>\n<\/tr>\n<tr>\n<td width=\"284\">Altura m\u00e1xima de elevaci\u00f3n de la hoja<\/td>\n<td width=\"284\">280 mm<\/td>\n<\/tr>\n<tr>\n<td width=\"284\">Profundidad m\u00e1xima de corte de la hoja<\/td>\n<td width=\"284\">310 mm<\/td>\n<\/tr>\n<tr>\n<td width=\"284\">\u00c1ngulo de giro de la pluma (izquierda)<\/td>\n<td width=\"284\">75\u00b0<\/td>\n<\/tr>\n<tr>\n<td width=\"284\">\u00c1ngulo de giro de la pluma (derecha)<\/td>\n<td width=\"284\">55\u00b0<\/td>\n<\/tr>\n<\/tbody>\n<\/table>\n<h3><b class=\"magic-10\"><span class=\"magic-25\">Caracter\u00edsticas de la MINI EXCAVADORA Satisfybot:<\/span><\/b><\/h3>\n<p><span class=\"magic-9\"><span class=\"magic-15\">1. Las excavadoras de dimensiones compactas pueden atravesar f\u00e1cilmente pasillos y puertas estrechas.<\/span><\/span><\/p>\n<p><span class=\"magic-9\"><span class=\"magic-15\">2. El tren de rodaje retr\u00e1ctil y la hoja topadora permiten configurar las excavadoras para lograr una excelente estabilidad de trabajo y un rendimiento \u00f3ptimo.<\/span><\/span><\/p>\n<p><span class=\"magic-9\"><span class=\"magic-15\">3. El potente motor y el sistema hidr\u00e1ulico perfectamente adaptado proporcionan un rendimiento eficiente, econ\u00f3mico y confiable para los trabajos m\u00e1s dif\u00edciles.<\/span><\/span><\/p>\n<p><span class=\"magic-9\"><span class=\"magic-15\">4. Las mangueras del cuchar\u00f3n est\u00e1n bien protegidas dentro de la pluma y el cilindro est\u00e1 montado sobre la estructura.<\/span><\/span><\/p>\n<p><span class=\"magic-9\"><span class=\"magic-15\">5. El \u00e1rea del operador es espaciosa y est\u00e1 dise\u00f1ada para brindar comodidad y facilidad de operaci\u00f3n.<\/span><\/span><\/p>\n<p><span class=\"magic-9\"><span class=\"magic-15\">6. Excelente motor (opcional: Kubota, Koop, Laidong) proporciona una potencia excelente con un uso m\u00ednimo de combustible para una mayor productividad por tanque. Miniexcavadora de orugas china de 0,8 a 3,5 toneladas<\/span><\/span><\/p>\n<p>precio de excavadora peque\u00f1a<br \/>\nexcavadora china<br \/>\nexcavadora china<br \/>\ngato excavadora en venta<br \/>\nSe vende excavadora china<\/p>","protected":false},"excerpt":{"rendered":"<p>HT25 2.5T Mini Excavator HT25 2.5T\u00a0Mini Excavator Parmeter Machine Size Overall dimension (L*W*H) 4170mm*1300mm*2280mm Axle base(Track length on ground) 1230mm Track gauge 1070mm Min.Ground clearance 230mm Swing radius at tail 1180mm Track System Maximum Travel speed 3.5km\/h Width of track shoe 230mm Number of track shoe per side 38pcs Number of upper roller per side [&hellip;]<\/p>","protected":false},"featured_media":3238,"template":"","meta":{"site-sidebar-layout":"default","site-content-layout":"","ast-site-content-layout":"default","site-content-style":"default","site-sidebar-style":"default","ast-global-header-display":"","ast-banner-title-visibility":"","ast-main-header-display":"","ast-hfb-above-header-display":"","ast-hfb-below-header-display":"","ast-hfb-mobile-header-display":"","site-post-title":"","ast-breadcrumbs-content":"","ast-featured-img":"","footer-sml-layout":"","ast-disable-related-posts":"","theme-transparent-header-meta":"default","adv-header-id-meta":"","stick-header-meta":"","header-above-stick-meta":"","header-main-stick-meta":"","header-below-stick-meta":"","astra-migrate-meta-layouts":"set","ast-page-background-enabled":"default","ast-page-background-meta":{"desktop":{"background-color":"","background-image":"","background-repeat":"repeat","background-position":"center center","background-size":"auto","background-attachment":"scroll","background-type":"","background-media":"","overlay-type":"","overlay-color":"","overlay-opacity":"","overlay-gradient":""},"tablet":{"background-color":"","background-image":"","background-repeat":"repeat","background-position":"center center","background-size":"auto","background-attachment":"scroll","background-type":"","background-media":"","overlay-type":"","overlay-color":"","overlay-opacity":"","overlay-gradient":""},"mobile":{"background-color":"","background-image":"","background-repeat":"repeat","background-position":"center center","background-size":"auto","background-attachment":"scroll","background-type":"","background-media":"","overlay-type":"","overlay-color":"","overlay-opacity":"","overlay-gradient":""}},"ast-content-background-meta":{"desktop":{"background-color":"var(--ast-global-color-5)","background-image":"","background-repeat":"repeat","background-position":"center center","background-size":"auto","background-attachment":"scroll","background-type":"","background-media":"","overlay-type":"","overlay-color":"","overlay-opacity":"","overlay-gradient":""},"tablet":{"background-color":"var(--ast-global-color-5)","background-image":"","background-repeat":"repeat","background-position":"center center","background-size":"auto","background-attachment":"scroll","background-type":"","background-media":"","overlay-type":"","overlay-color":"","overlay-opacity":"","overlay-gradient":""},"mobile":{"background-color":"var(--ast-global-color-5)","background-image":"","background-repeat":"repeat","background-position":"center center","background-size":"auto","background-attachment":"scroll","background-type":"","background-media":"","overlay-type":"","overlay-color":"","overlay-opacity":"","overlay-gradient":""}}},"product_brand":[],"product_cat":[28],"product_tag":[],"class_list":{"0":"post-3237","1":"product","2":"type-product","3":"status-publish","4":"has-post-thumbnail","6":"product_cat-excavator","7":"desktop-align-left","8":"tablet-align-left","9":"mobile-align-left","11":"first","12":"instock","13":"shipping-taxable","14":"product-type-simple"},"_links":{"self":[{"href":"https:\/\/satisfybot.com\/es\/wp-json\/wp\/v2\/product\/3237","targetHints":{"allow":["GET"]}}],"collection":[{"href":"https:\/\/satisfybot.com\/es\/wp-json\/wp\/v2\/product"}],"about":[{"href":"https:\/\/satisfybot.com\/es\/wp-json\/wp\/v2\/types\/product"}],"version-history":[{"count":1,"href":"https:\/\/satisfybot.com\/es\/wp-json\/wp\/v2\/product\/3237\/revisions"}],"predecessor-version":[{"id":3241,"href":"https:\/\/satisfybot.com\/es\/wp-json\/wp\/v2\/product\/3237\/revisions\/3241"}],"wp:featuredmedia":[{"embeddable":true,"href":"https:\/\/satisfybot.com\/es\/wp-json\/wp\/v2\/media\/3238"}],"wp:attachment":[{"href":"https:\/\/satisfybot.com\/es\/wp-json\/wp\/v2\/media?parent=3237"}],"wp:term":[{"taxonomy":"product_brand","embeddable":true,"href":"https:\/\/satisfybot.com\/es\/wp-json\/wp\/v2\/product_brand?post=3237"},{"taxonomy":"product_cat","embeddable":true,"href":"https:\/\/satisfybot.com\/es\/wp-json\/wp\/v2\/product_cat?post=3237"},{"taxonomy":"product_tag","embeddable":true,"href":"https:\/\/satisfybot.com\/es\/wp-json\/wp\/v2\/product_tag?post=3237"}],"curies":[{"name":"wp","href":"https:\/\/api.w.org\/{rel}","templated":true}]}}