{"id":2033,"date":"2023-06-25T13:13:29","date_gmt":"2023-06-25T13:13:29","guid":{"rendered":"https:\/\/satisfybot.com\/?post_type=product&#038;p=2033"},"modified":"2023-06-25T13:29:59","modified_gmt":"2023-06-25T13:29:59","slug":"sinotruk-howo-a7-dump-truck","status":"publish","type":"product","link":"https:\/\/satisfybot.com\/fr\/produit\/sinotruk-howo-a7-dump-truck\/","title":{"rendered":"Camion \u00e0 benne basculante Sinotruk Howo A7"},"content":{"rendered":"<p>Qu&#039;est-ce que le camion \u00e0 benne basculante Sinotruk Howo A7?<br \/>\nLa s\u00e9rie Howo A7 est une partie importante de Sinotruk, l&#039;un des principaux fabricants de camions en Chine. Les camions \u00e0 benne basculante Howo sont des v\u00e9hicules sp\u00e9cialement con\u00e7us capables de transporter et de d\u00e9verser des mat\u00e9riaux en vrac tels que du sable, des pierres, du charbon, du minerai, des d\u00e9bris, etc. Ils sont suffisamment solides pour pouvoir traverser le terrain et les routes de montagne qui transportent du fret et des charges lourdes.<\/p>\n<p>Pourquoi choisir le camion benne Sinotruk Howo A7 ?<br \/>\nSi vous recherchez des camions \u00e0 benne fiables, efficaces et \u00e9conomiques, nos camions \u00e0 benne Howo sont le choix id\u00e9al. Il est con\u00e7u pour des conditions de travail difficiles et extr\u00eames avec une capacit\u00e9 \u00e0 toute \u00e9preuve qui assure une stabilit\u00e9, une s\u00e9curit\u00e9, une maniabilit\u00e9 et une stabilit\u00e9 optimales.<\/p>\n<p>Le camion \u00e0 benne basculante Howo est \u00e9conomique en raison de son alliage avanc\u00e9 r\u00e9sistant \u00e0 l&#039;usure, ce qui peut r\u00e9duire le co\u00fbt des pi\u00e8ces d&#039;usure. De plus, la conception de la carrosserie du camion permet un chargement et un d\u00e9chargement faciles, ainsi qu&#039;un acc\u00e8s facile \u00e0 l&#039;arri\u00e8re du camion. De plus, le v\u00e9hicule est dot\u00e9 d&#039;un double empattement, d&#039;une cabine inclin\u00e9e horizontalement et d&#039;une conception \u00e0 double essieu pour assurer une r\u00e9partition uniforme du poids dans tout le camion, augmentant la stabilit\u00e9 et r\u00e9duisant les dommages au camion.<\/p>\n<h2><strong>Sp\u00e9cification du camion \u00e0 benne basculante Sinotruk Howo A7<\/strong><\/h2>\n<table border=\"1\" cellspacing=\"0\" cellpadding=\"0\" align=\"center\">\n<tbody>\n<tr>\n<td class=\"et2\" width=\"277\" height=\"18\">Marque de camion<\/td>\n<td class=\"et2\" width=\"315\">SINOTRUK-HOWO<\/td>\n<\/tr>\n<tr>\n<td class=\"et2\" width=\"277\" height=\"36\">Style de conduite<\/td>\n<td class=\"et2\" width=\"315\">Conduite \u00e0 gauche ou conduite \u00e0 droite<\/td>\n<\/tr>\n<tr>\n<td class=\"et2\" width=\"277\" height=\"18\">Taille du corps de la cargaison (L * W * H, mm)<\/td>\n<td class=\"et2\" width=\"315\">9400\u00d72300\u00d71000mm<\/td>\n<\/tr>\n<tr>\n<td class=\"et2\" width=\"277\" height=\"18\">\u00c9paisseur de la cargaison(mm)<\/td>\n<td class=\"et2\" width=\"315\">Bas : 8, C\u00f4t\u00e9 : 6 mm<\/td>\n<\/tr>\n<tr>\n<td class=\"et2\" width=\"277\" height=\"18\">Ascenseur type de chariot<\/td>\n<td class=\"et2\" width=\"315\">LEVAGE AVANT<\/td>\n<\/tr>\n<tr>\n<td class=\"et2\" width=\"277\" height=\"18\">Poids de chargement(T)<\/td>\n<td class=\"et2\" width=\"315\">25&#8211;70<\/td>\n<\/tr>\n<tr>\n<td class=\"et2\" width=\"277\" height=\"18\">Type de carburant<\/td>\n<td class=\"et2\" width=\"315\">Diesel<\/td>\n<\/tr>\n<tr>\n<td class=\"et2\" width=\"277\" height=\"18\">Puissance du cheval<\/td>\n<td class=\"et2\" width=\"315\">250-450HP<\/td>\n<\/tr>\n<tr>\n<td class=\"et2\" width=\"277\" height=\"18\">\u00c9mission<\/td>\n<td class=\"et2\" width=\"315\">EURO II ou EURO III<\/td>\n<\/tr>\n<tr>\n<td class=\"et2\" width=\"277\" height=\"54\">Mod\u00e8le de moteur<\/td>\n<td class=\"et2\" width=\"315\">WD615, refroidi par eau, quatre temps, 6 cylindres en ligne avec refroidissement par eau, injection directe<\/td>\n<\/tr>\n<tr>\n<td class=\"et2\" width=\"277\" height=\"18\">Transmission<\/td>\n<td class=\"et2\" width=\"315\">HW15710,10 avant et 2 arri\u00e8re<\/td>\n<\/tr>\n<tr>\n<td class=\"et2\" width=\"277\" height=\"36\">Syst\u00e8me de direction<\/td>\n<td class=\"et2\" width=\"315\">ZF8118direction hydraulique avec assistance \u00e9lectrique<\/td>\n<\/tr>\n<tr>\n<td class=\"et2\" width=\"277\" height=\"36\">Essieu avant<\/td>\n<td class=\"et2\" width=\"315\">HF9 , Direction avec poutre \u00e0 double section en T<\/td>\n<\/tr>\n<tr>\n<td class=\"et2\" width=\"277\" height=\"54\">Essieu arri\u00e8re<\/td>\n<td class=\"et2\" width=\"315\">HC16, carter d&#039;essieu press\u00e9, double r\u00e9duction centrale avec blocages de diff\u00e9rentiel entre les essieux et les roues<\/td>\n<\/tr>\n<\/tbody>\n<\/table>\n<h2><strong>Emballage et transport<\/strong><\/h2>\n<p>Habituellement, nos camions peuvent \u00eatre transport\u00e9s par des bateaux roulants ou des vraquiers ou des conteneurs ou des tablettes.<\/p>\n<p>D\u00e9tails d&#039;emballage\u00a0: le roulement ou le vrac est bas\u00e9 sur les navires et les ports de votre pays\/r\u00e9gion. Si le camion est sur le pont, nous pulv\u00e9riserons de la peinture antirouille. Nous mettons g\u00e9n\u00e9ralement le camion dans la cabine.<\/p>\n<p>Delivery details:35-30 days after receiving 15%deposit<\/p>\n<p><img fetchpriority=\"high\" decoding=\"async\" class=\"aligncenter wp-image-2038 size-large\" src=\"https:\/\/satisfybot.com\/wp-content\/uploads\/2023\/06\/\u5fae\u4fe1\u622a\u56fe_20230625211202-1024x654.png\" alt=\"Sinotruk Howo A7 Dump Truck\" width=\"1024\" height=\"654\" srcset=\"https:\/\/satisfybot.com\/wp-content\/uploads\/2023\/06\/\u5fae\u4fe1\u622a\u56fe_20230625211202-1024x654.png 1024w, https:\/\/satisfybot.com\/wp-content\/uploads\/2023\/06\/\u5fae\u4fe1\u622a\u56fe_20230625211202-600x383.png 600w, https:\/\/satisfybot.com\/wp-content\/uploads\/2023\/06\/\u5fae\u4fe1\u622a\u56fe_20230625211202-300x192.png 300w, https:\/\/satisfybot.com\/wp-content\/uploads\/2023\/06\/\u5fae\u4fe1\u622a\u56fe_20230625211202-768x491.png 768w, https:\/\/satisfybot.com\/wp-content\/uploads\/2023\/06\/\u5fae\u4fe1\u622a\u56fe_20230625211202.png 1215w\" sizes=\"(max-width: 1024px) 100vw, 1024px\" \/><\/p>\n<p>&nbsp;<\/p>","protected":false},"excerpt":{"rendered":"<p>What is Sinotruk Howo A7 Dump Truck? The Howo A7 series is an important part of Sinotruk, one of the leading truck manufacturers in China. Howo dump trucks are specially designed vehicles capable of carrying and dumping loose materials such as sand, stones, coal, ore, debris, etc. They are strong enough so they can traverse [&hellip;]<\/p>","protected":false},"featured_media":2059,"template":"","meta":{"site-sidebar-layout":"default","site-content-layout":"default","ast-site-content-layout":"default","site-content-style":"default","site-sidebar-style":"default","ast-global-header-display":"","ast-banner-title-visibility":"","ast-main-header-display":"","ast-hfb-above-header-display":"","ast-hfb-below-header-display":"","ast-hfb-mobile-header-display":"","site-post-title":"","ast-breadcrumbs-content":"","ast-featured-img":"","footer-sml-layout":"","ast-disable-related-posts":"","theme-transparent-header-meta":"default","adv-header-id-meta":"","stick-header-meta":"","header-above-stick-meta":"","header-main-stick-meta":"","header-below-stick-meta":"","astra-migrate-meta-layouts":"default","ast-page-background-enabled":"default","ast-page-background-meta":{"desktop":{"background-color":"","background-image":"","background-repeat":"repeat","background-position":"center center","background-size":"auto","background-attachment":"scroll","background-type":"","background-media":"","overlay-type":"","overlay-color":"","overlay-opacity":"","overlay-gradient":""},"tablet":{"background-color":"","background-image":"","background-repeat":"repeat","background-position":"center center","background-size":"auto","background-attachment":"scroll","background-type":"","background-media":"","overlay-type":"","overlay-color":"","overlay-opacity":"","overlay-gradient":""},"mobile":{"background-color":"","background-image":"","background-repeat":"repeat","background-position":"center center","background-size":"auto","background-attachment":"scroll","background-type":"","background-media":"","overlay-type":"","overlay-color":"","overlay-opacity":"","overlay-gradient":""}},"ast-content-background-meta":{"desktop":{"background-color":"var(--ast-global-color-5)","background-image":"","background-repeat":"repeat","background-position":"center center","background-size":"auto","background-attachment":"scroll","background-type":"","background-media":"","overlay-type":"","overlay-color":"","overlay-opacity":"","overlay-gradient":""},"tablet":{"background-color":"var(--ast-global-color-5)","background-image":"","background-repeat":"repeat","background-position":"center center","background-size":"auto","background-attachment":"scroll","background-type":"","background-media":"","overlay-type":"","overlay-color":"","overlay-opacity":"","overlay-gradient":""},"mobile":{"background-color":"var(--ast-global-color-5)","background-image":"","background-repeat":"repeat","background-position":"center center","background-size":"auto","background-attachment":"scroll","background-type":"","background-media":"","overlay-type":"","overlay-color":"","overlay-opacity":"","overlay-gradient":""}}},"product_brand":[],"product_cat":[23],"product_tag":[],"class_list":{"0":"post-2033","1":"product","2":"type-product","3":"status-publish","4":"has-post-thumbnail","6":"product_cat-dump-truck","7":"desktop-align-left","8":"tablet-align-left","9":"mobile-align-left","11":"first","12":"instock","13":"shipping-taxable","14":"product-type-simple"},"_links":{"self":[{"href":"https:\/\/satisfybot.com\/fr\/wp-json\/wp\/v2\/product\/2033","targetHints":{"allow":["GET"]}}],"collection":[{"href":"https:\/\/satisfybot.com\/fr\/wp-json\/wp\/v2\/product"}],"about":[{"href":"https:\/\/satisfybot.com\/fr\/wp-json\/wp\/v2\/types\/product"}],"version-history":[{"count":0,"href":"https:\/\/satisfybot.com\/fr\/wp-json\/wp\/v2\/product\/2033\/revisions"}],"wp:featuredmedia":[{"embeddable":true,"href":"https:\/\/satisfybot.com\/fr\/wp-json\/wp\/v2\/media\/2059"}],"wp:attachment":[{"href":"https:\/\/satisfybot.com\/fr\/wp-json\/wp\/v2\/media?parent=2033"}],"wp:term":[{"taxonomy":"product_brand","embeddable":true,"href":"https:\/\/satisfybot.com\/fr\/wp-json\/wp\/v2\/product_brand?post=2033"},{"taxonomy":"product_cat","embeddable":true,"href":"https:\/\/satisfybot.com\/fr\/wp-json\/wp\/v2\/product_cat?post=2033"},{"taxonomy":"product_tag","embeddable":true,"href":"https:\/\/satisfybot.com\/fr\/wp-json\/wp\/v2\/product_tag?post=2033"}],"curies":[{"name":"wp","href":"https:\/\/api.w.org\/{rel}","templated":true}]}}