{"id":2039,"date":"2023-06-25T13:17:25","date_gmt":"2023-06-25T13:17:25","guid":{"rendered":"https:\/\/satisfybot.com\/?post_type=product&#038;p=2039"},"modified":"2023-06-25T13:27:17","modified_gmt":"2023-06-25T13:27:17","slug":"sinotruk-howo-heavy-dump-truck","status":"publish","type":"product","link":"https:\/\/satisfybot.com\/fr\/produit\/sinotruk-howo-heavy-dump-truck\/","title":{"rendered":"Camion \u00e0 benne basculante lourd Sinotruk Howo"},"content":{"rendered":"<p>Caract\u00e9ristiques du camion \u00e0 benne basculante lourd Sinotruk Howo<br \/>\nLe camion \u00e0 benne basculante 1.6X4 peut choisir de s&#039;\u00e9lever \u00e0 l&#039;avant ou au milieu, 8 \u00d7 4 est encourag\u00e9 pour le levage avant. Nous vous conseillerons le camion benne le plus appropri\u00e9 en fonction de vos besoins.<br \/>\n2. Cabine simple couchette standard avec climatisation. Dispositif d&#039;essuie-glace avec double bras \u00e0 trois vitesses, pare-brise feuillet\u00e9 avec antenne projet\u00e9e, si\u00e8ge conducteur r\u00e9glable \u00e0 amortissement hydraulique et si\u00e8ge passager \u00e0 r\u00e9glage rigide avec chauffage et ventilation, pare-soleil ext\u00e9rieurs, volets de toit r\u00e9glables avec radio st\u00e9r\u00e9o\/lecteur de cassette, roue de guidage r\u00e9glable, klaxon pneumatique, suspension enti\u00e8rement flottante avec jambes de force \u00e0 2 points.<br \/>\n3. Options de pneus\u00a0: pneus de biais 12.00-20, pneus radiaux 12.00R20, pneus tubeless 12R22.5, 13R22.5 et 315\/80R22.5.<br \/>\n4. Ressort \u00e0 cinq plaques robuste: essieu robuste HF6-HF16, capacit\u00e9 portante robuste, peut aider et tirer des mines lourdes et du sable.<br \/>\n5. Vidage rapide : conception d&#039;attitude particuli\u00e8re, d\u00e9chargement plus propre et plus pratique.<\/p>\n<h2><strong>Sp\u00e9cification du camion \u00e0 benne basculante lourd Sinotruk Howo<\/strong><\/h2>\n<table border=\"1\" cellspacing=\"0\" cellpadding=\"0\" align=\"center\">\n<tbody>\n<tr>\n<td class=\"et2\" width=\"277\" height=\"18\">Mod\u00e8le de camion<\/td>\n<td class=\"et3\" width=\"315\">ZZ3257N3647A<\/td>\n<\/tr>\n<tr>\n<td class=\"et2\" width=\"277\" height=\"18\">Marque de camion<\/td>\n<td class=\"et3\">SINOTRUCK HOWO<\/td>\n<\/tr>\n<tr>\n<td class=\"et2\" width=\"277\" height=\"18\">Taille du corps de la cargaison<\/td>\n<td class=\"et3\">5400*2300*1500mm<\/td>\n<\/tr>\n<tr>\n<td class=\"et2\" width=\"277\" height=\"18\">\u00c9paisseur du corps de la cargaison<\/td>\n<td class=\"et3\">bas : 8 mm ; c\u00f4t\u00e9 : 6 mm<\/td>\n<\/tr>\n<tr>\n<td class=\"et2\" width=\"277\" height=\"18\">Type de chariot \u00e9l\u00e9vateur<\/td>\n<td class=\"et3\">Levage avant<\/td>\n<\/tr>\n<tr>\n<td class=\"et2\" width=\"277\" height=\"18\">Capacit\u00e9 du r\u00e9servoir de carburant<\/td>\n<td class=\"et3\">300L avec bouchon de carburant verrouillable<\/td>\n<\/tr>\n<tr>\n<td class=\"et2\" width=\"277\" height=\"18\">Mod\u00e8le de moteur<\/td>\n<td class=\"et3\">D10.38<\/td>\n<\/tr>\n<tr>\n<td class=\"et2\" width=\"277\" height=\"18\">Cheval-vapeur<\/td>\n<td class=\"et3\">380HP<\/td>\n<\/tr>\n<tr>\n<td class=\"et2\" width=\"277\" height=\"18\">Norme d&#039;\u00e9mission<\/td>\n<td class=\"et3\">EURO4<\/td>\n<\/tr>\n<tr>\n<td class=\"et2\" width=\"277\" height=\"18\">Transmission<\/td>\n<td class=\"et3\">HW19710,10 avant et 2 arri\u00e8re<\/td>\n<\/tr>\n<tr>\n<td class=\"et2\" width=\"277\" height=\"18\">Syst\u00e8me de direction<\/td>\n<td class=\"et3\">ZF8118<\/td>\n<\/tr>\n<tr>\n<td class=\"et2\" width=\"277\" height=\"18\">Conduite<\/td>\n<td class=\"et3\">6*4<\/td>\n<\/tr>\n<tr>\n<td class=\"et2\" width=\"277\" height=\"18\">Essieu avant<\/td>\n<td class=\"et3\">HF9<\/td>\n<\/tr>\n<tr>\n<td class=\"et2\" width=\"277\" height=\"18\">Essieu arri\u00e8re<\/td>\n<td class=\"et3\">HC16<\/td>\n<\/tr>\n<tr>\n<td class=\"et2\" width=\"277\" height=\"18\">Pneu<\/td>\n<td class=\"et3\">12.00R20<\/td>\n<\/tr>\n<tr>\n<td class=\"et2\" width=\"277\" height=\"18\">Taxi<\/td>\n<td class=\"et3\">HW76, un dormeur, avec air conditionn\u00e9<\/td>\n<\/tr>\n<tr>\n<td class=\"et2\" width=\"277\" height=\"18\">Type de conduite<\/td>\n<td class=\"et3\">Conduite \u00e0 gauche<\/td>\n<\/tr>\n<\/tbody>\n<\/table>\n<h2>Application<\/h2>\n<p>Les camions \u00e0 benne basculante Sinotruk Howo ont une puissance puissante et des pneus \u00e0 haute r\u00e9sistance, qui peuvent \u00eatre transport\u00e9s sur diff\u00e9rents tron\u00e7ons de route. Il peut \u00eatre utilis\u00e9 pour le transport routier \u00e0 moyenne et courte distance, le transport de mine de charbon, le transport de sable et le transport de boue urbaine.<\/p>\n<p><img fetchpriority=\"high\" decoding=\"async\" class=\"aligncenter wp-image-2042 size-large\" src=\"https:\/\/satisfybot.com\/wp-content\/uploads\/2023\/06\/Sinotruk-Howo-A7-Dump-Truck-7-1024x370.png\" alt=\"Sinotruk Howo Heavy Dump Truck\" width=\"1024\" height=\"370\" srcset=\"https:\/\/satisfybot.com\/wp-content\/uploads\/2023\/06\/Sinotruk-Howo-A7-Dump-Truck-7-1024x370.png 1024w, https:\/\/satisfybot.com\/wp-content\/uploads\/2023\/06\/Sinotruk-Howo-A7-Dump-Truck-7-600x217.png 600w, https:\/\/satisfybot.com\/wp-content\/uploads\/2023\/06\/Sinotruk-Howo-A7-Dump-Truck-7-300x108.png 300w, https:\/\/satisfybot.com\/wp-content\/uploads\/2023\/06\/Sinotruk-Howo-A7-Dump-Truck-7-768x278.png 768w, https:\/\/satisfybot.com\/wp-content\/uploads\/2023\/06\/Sinotruk-Howo-A7-Dump-Truck-7.png 1264w\" sizes=\"(max-width: 1024px) 100vw, 1024px\" \/><\/p>","protected":false},"excerpt":{"rendered":"<p>Features of Sinotruk Howo heavy Dump Truck 1.6X4 Dump Truck can pick to elevate in the front or middle, 8&#215;4 is encouraged for the front lift. We will advise the most appropriate dump truck for you in accordance with your needs. 2. Standard single-sleeper cab with air conditioner. Windshield wiper device with three-speed dual-arm, laminated [&hellip;]<\/p>","protected":false},"featured_media":2054,"template":"","meta":{"site-sidebar-layout":"default","site-content-layout":"default","ast-site-content-layout":"default","site-content-style":"default","site-sidebar-style":"default","ast-global-header-display":"","ast-banner-title-visibility":"","ast-main-header-display":"","ast-hfb-above-header-display":"","ast-hfb-below-header-display":"","ast-hfb-mobile-header-display":"","site-post-title":"","ast-breadcrumbs-content":"","ast-featured-img":"","footer-sml-layout":"","ast-disable-related-posts":"","theme-transparent-header-meta":"default","adv-header-id-meta":"","stick-header-meta":"","header-above-stick-meta":"","header-main-stick-meta":"","header-below-stick-meta":"","astra-migrate-meta-layouts":"default","ast-page-background-enabled":"default","ast-page-background-meta":{"desktop":{"background-color":"","background-image":"","background-repeat":"repeat","background-position":"center center","background-size":"auto","background-attachment":"scroll","background-type":"","background-media":"","overlay-type":"","overlay-color":"","overlay-opacity":"","overlay-gradient":""},"tablet":{"background-color":"","background-image":"","background-repeat":"repeat","background-position":"center center","background-size":"auto","background-attachment":"scroll","background-type":"","background-media":"","overlay-type":"","overlay-color":"","overlay-opacity":"","overlay-gradient":""},"mobile":{"background-color":"","background-image":"","background-repeat":"repeat","background-position":"center center","background-size":"auto","background-attachment":"scroll","background-type":"","background-media":"","overlay-type":"","overlay-color":"","overlay-opacity":"","overlay-gradient":""}},"ast-content-background-meta":{"desktop":{"background-color":"var(--ast-global-color-5)","background-image":"","background-repeat":"repeat","background-position":"center center","background-size":"auto","background-attachment":"scroll","background-type":"","background-media":"","overlay-type":"","overlay-color":"","overlay-opacity":"","overlay-gradient":""},"tablet":{"background-color":"var(--ast-global-color-5)","background-image":"","background-repeat":"repeat","background-position":"center center","background-size":"auto","background-attachment":"scroll","background-type":"","background-media":"","overlay-type":"","overlay-color":"","overlay-opacity":"","overlay-gradient":""},"mobile":{"background-color":"var(--ast-global-color-5)","background-image":"","background-repeat":"repeat","background-position":"center center","background-size":"auto","background-attachment":"scroll","background-type":"","background-media":"","overlay-type":"","overlay-color":"","overlay-opacity":"","overlay-gradient":""}}},"product_brand":[],"product_cat":[23],"product_tag":[],"class_list":{"0":"post-2039","1":"product","2":"type-product","3":"status-publish","4":"has-post-thumbnail","6":"product_cat-dump-truck","7":"desktop-align-left","8":"tablet-align-left","9":"mobile-align-left","11":"first","12":"instock","13":"shipping-taxable","14":"product-type-simple"},"_links":{"self":[{"href":"https:\/\/satisfybot.com\/fr\/wp-json\/wp\/v2\/product\/2039","targetHints":{"allow":["GET"]}}],"collection":[{"href":"https:\/\/satisfybot.com\/fr\/wp-json\/wp\/v2\/product"}],"about":[{"href":"https:\/\/satisfybot.com\/fr\/wp-json\/wp\/v2\/types\/product"}],"version-history":[{"count":0,"href":"https:\/\/satisfybot.com\/fr\/wp-json\/wp\/v2\/product\/2039\/revisions"}],"wp:featuredmedia":[{"embeddable":true,"href":"https:\/\/satisfybot.com\/fr\/wp-json\/wp\/v2\/media\/2054"}],"wp:attachment":[{"href":"https:\/\/satisfybot.com\/fr\/wp-json\/wp\/v2\/media?parent=2039"}],"wp:term":[{"taxonomy":"product_brand","embeddable":true,"href":"https:\/\/satisfybot.com\/fr\/wp-json\/wp\/v2\/product_brand?post=2039"},{"taxonomy":"product_cat","embeddable":true,"href":"https:\/\/satisfybot.com\/fr\/wp-json\/wp\/v2\/product_cat?post=2039"},{"taxonomy":"product_tag","embeddable":true,"href":"https:\/\/satisfybot.com\/fr\/wp-json\/wp\/v2\/product_tag?post=2039"}],"curies":[{"name":"wp","href":"https:\/\/api.w.org\/{rel}","templated":true}]}}