{"id":2045,"date":"2023-06-25T13:21:39","date_gmt":"2023-06-25T13:21:39","guid":{"rendered":"https:\/\/satisfybot.com\/?post_type=product&#038;p=2045"},"modified":"2023-06-25T13:24:42","modified_gmt":"2023-06-25T13:24:42","slug":"sinotruk-heavy-dump-truck","status":"publish","type":"product","link":"https:\/\/satisfybot.com\/fr\/produit\/sinotruk-heavy-dump-truck\/","title":{"rendered":"Camion \u00e0 benne basculante lourd Sinotruk"},"content":{"rendered":"<p>Sinotruk est une marque de camion de classe mondiale avec des capacit\u00e9s de premi\u00e8re classe et une technologie de pointe. Vous pouvez compter sur la force technique et la qualit\u00e9 des produits de HOWO. Les camions \u00e0 benne basculante lourds Sinotruk conviennent au transport de charbon, de minerai, de terrassement, de mat\u00e9riaux de construction et d&#039;autres marchandises en vrac et en vrac. Il pr\u00e9sente les caract\u00e9ristiques d&#039;une r\u00e9sistance excessive, d&#039;une force de levage robuste, d&#039;une rigidit\u00e9 appropri\u00e9e, d&#039;une excellente t\u00e9nacit\u00e9, d&#039;une capacit\u00e9 portante robuste et d&#039;aucune d\u00e9formation. Toutes les commandes d&#039;\u00e9l\u00e9vation du niveleur fonctionnent de mani\u00e8re fiable et peuvent \u00eatre v\u00e9ritablement d\u00e9couvertes et utilis\u00e9es avec pr\u00e9cision.<\/p>\n<p>Pour les camions \u00e0 benne basculante, nous pouvons fournir diff\u00e9rentes puissances en chevaux et poids de chargement selon les exigences des clients.<br \/>\nEn plus de fournir des camions \u00e0 benne basculante lourds Sinotruk, nous fournissons \u00e9galement Shacman, Dongfeng et Beiben pour r\u00e9pondre aux exigences de la marque des clients.<\/p>\n<h2>Sp\u00e9cification du camion \u00e0 benne basculante lourd Sinotruk<\/h2>\n<table border=\"1\" cellspacing=\"0\" cellpadding=\"0\" align=\"center\">\n<tbody>\n<tr>\n<td class=\"et2\" width=\"277\" height=\"18\">Marque<\/td>\n<td class=\"et2\" width=\"315\">SINOTRUCK HOWO<\/td>\n<\/tr>\n<tr>\n<td class=\"et2\" width=\"277\" height=\"18\">Type de conduite<\/td>\n<td class=\"et2\" width=\"315\">6\u00d74<\/td>\n<\/tr>\n<tr>\n<td class=\"et2\" width=\"277\" height=\"18\">Cabine<\/td>\n<td class=\"et2\" width=\"315\">Dormeur plat et simple<\/td>\n<\/tr>\n<tr>\n<td class=\"et2\" width=\"277\" height=\"18\">Moteur<\/td>\n<td class=\"et2\" width=\"315\">Sinotruk Steyr<\/td>\n<\/tr>\n<tr>\n<td class=\"et2\" width=\"277\" height=\"18\">Normes d&#039;\u00e9mission<\/td>\n<td class=\"et2\" width=\"315\">Euro II<\/td>\n<\/tr>\n<tr>\n<td class=\"et2\" width=\"277\" height=\"18\">Puissance<\/td>\n<td class=\"et2\" width=\"315\">371 ch\/375 ch\/420 ch<\/td>\n<\/tr>\n<tr>\n<td class=\"et2\" width=\"277\" height=\"18\">Sp\u00e9cifications des pneus<\/td>\n<td class=\"et2\" width=\"315\">12.00R20\/12R22.5<\/td>\n<\/tr>\n<tr>\n<td class=\"et2\" width=\"277\" height=\"18\">Dimensions hors tout<\/td>\n<td class=\"et2\" width=\"315\">11\u00d72.5\u00d73.45M<\/td>\n<\/tr>\n<tr>\n<td class=\"et2\" width=\"277\" height=\"18\">Ann\u00e9e de fabrication<\/td>\n<td class=\"et2\" width=\"315\">2010-2017<\/td>\n<\/tr>\n<tr>\n<td class=\"et2\" width=\"277\" height=\"18\">Type de bo\u00eete de vitesses<\/td>\n<td class=\"et2\" width=\"315\">HW19712L<\/td>\n<\/tr>\n<tr>\n<td class=\"et2\" width=\"277\" height=\"18\">Type de transmission<\/td>\n<td class=\"et2\" width=\"315\">Manuel<\/td>\n<\/tr>\n<\/tbody>\n<\/table>\n<h2><strong>Emballage et exp\u00e9dition<\/strong><\/h2>\n<p>1. Nous sommes sp\u00e9cialis\u00e9s dans l&#039;exportation de v\u00e9hicules marins. Nous avons des compagnies maritimes coop\u00e9ratives \u00e0 long terme pour assurer la s\u00e9curit\u00e9 des clients<br \/>\n2. Nous accorderons aux clients un moyen satisfaisant d&#039;approvisionner l&#039;automobile avec le fret le plus agressif. Comme par voie de conteneur ou de navire en vrac.<br \/>\n3. Nous enverrons r\u00e9guli\u00e8rement des informations sur le transport aux clients.<\/p>\n<p><img fetchpriority=\"high\" decoding=\"async\" class=\"aligncenter wp-image-2048 size-large\" src=\"https:\/\/satisfybot.com\/wp-content\/uploads\/2023\/06\/Sinotruk-Heavy-Dump-Truck-4-1024x537.png\" alt=\"Sinotruk Heavy Dump Truck\" width=\"1024\" height=\"537\" srcset=\"https:\/\/satisfybot.com\/wp-content\/uploads\/2023\/06\/Sinotruk-Heavy-Dump-Truck-4-1024x537.png 1024w, https:\/\/satisfybot.com\/wp-content\/uploads\/2023\/06\/Sinotruk-Heavy-Dump-Truck-4-600x315.png 600w, https:\/\/satisfybot.com\/wp-content\/uploads\/2023\/06\/Sinotruk-Heavy-Dump-Truck-4-300x157.png 300w, https:\/\/satisfybot.com\/wp-content\/uploads\/2023\/06\/Sinotruk-Heavy-Dump-Truck-4-768x403.png 768w, https:\/\/satisfybot.com\/wp-content\/uploads\/2023\/06\/Sinotruk-Heavy-Dump-Truck-4.png 1228w\" sizes=\"(max-width: 1024px) 100vw, 1024px\" \/><\/p>\n<h2><strong>Pourquoi nous choisir?<\/strong><\/h2>\n<p>1 Nous sommes l&#039;agent de Sinotruk, et le tarif est tr\u00e8s comp\u00e9titif.<br \/>\n2 Qualit\u00e9: Adoptez la machine d&#039;inspection du China National Heavy Duty Truck Group et effectuez une s\u00e9rie d&#039;inspections avant l&#039;exportation.<br \/>\n3. Garantie : Les trois facteurs cl\u00e9s de l&#039;essieu, de l&#039;ing\u00e9nierie et de la transmission, ou l&#039;assurance de six mois \u00e0 l&#039;int\u00e9rieur de 50 000 km, sont les premiers.<br \/>\n4. Apr\u00e8s-vente : Un groupe de fournisseurs unique en son genre avec des ing\u00e9nieurs techniques est pr\u00e9par\u00e9 \u00e0 tout moment, s&#039;il y a une grande plainte, elle sera aliment\u00e9e \u00e0 nouveau et r\u00e9solue dans les quarante-huit heures.<br \/>\n5 Exp\u00e9dition : Un groupe d&#039;experts en logistique coop\u00e8re avec des entreprises de transport mondiales pour fournir vos camionnettes avec succ\u00e8s.<br \/>\n6. Fournir des composants de rechange et un guide technique gratuit au prix unitaire de fabrication \u00e0 un moment donn\u00e9 du cycle de vie total des v\u00e9hicules et des remorques.<\/p>","protected":false},"excerpt":{"rendered":"<p>Sinotruk is a world-class truck brand with first-class capabilities and top technology. You can rely on HOWO&#8217;s technical strength and product quality. Sinotruk heavy dump trucks are suitable for the transportation of coal, ore, earthwork, building materials, and other bulk and bulk goods. It has the traits of excessive strength, sturdy lifting force, suitable rigidity, [&hellip;]<\/p>","protected":false},"featured_media":2051,"template":"","meta":{"site-sidebar-layout":"default","site-content-layout":"default","ast-site-content-layout":"default","site-content-style":"default","site-sidebar-style":"default","ast-global-header-display":"","ast-banner-title-visibility":"","ast-main-header-display":"","ast-hfb-above-header-display":"","ast-hfb-below-header-display":"","ast-hfb-mobile-header-display":"","site-post-title":"","ast-breadcrumbs-content":"","ast-featured-img":"","footer-sml-layout":"","ast-disable-related-posts":"","theme-transparent-header-meta":"default","adv-header-id-meta":"","stick-header-meta":"","header-above-stick-meta":"","header-main-stick-meta":"","header-below-stick-meta":"","astra-migrate-meta-layouts":"default","ast-page-background-enabled":"default","ast-page-background-meta":{"desktop":{"background-color":"","background-image":"","background-repeat":"repeat","background-position":"center center","background-size":"auto","background-attachment":"scroll","background-type":"","background-media":"","overlay-type":"","overlay-color":"","overlay-opacity":"","overlay-gradient":""},"tablet":{"background-color":"","background-image":"","background-repeat":"repeat","background-position":"center center","background-size":"auto","background-attachment":"scroll","background-type":"","background-media":"","overlay-type":"","overlay-color":"","overlay-opacity":"","overlay-gradient":""},"mobile":{"background-color":"","background-image":"","background-repeat":"repeat","background-position":"center center","background-size":"auto","background-attachment":"scroll","background-type":"","background-media":"","overlay-type":"","overlay-color":"","overlay-opacity":"","overlay-gradient":""}},"ast-content-background-meta":{"desktop":{"background-color":"var(--ast-global-color-5)","background-image":"","background-repeat":"repeat","background-position":"center center","background-size":"auto","background-attachment":"scroll","background-type":"","background-media":"","overlay-type":"","overlay-color":"","overlay-opacity":"","overlay-gradient":""},"tablet":{"background-color":"var(--ast-global-color-5)","background-image":"","background-repeat":"repeat","background-position":"center center","background-size":"auto","background-attachment":"scroll","background-type":"","background-media":"","overlay-type":"","overlay-color":"","overlay-opacity":"","overlay-gradient":""},"mobile":{"background-color":"var(--ast-global-color-5)","background-image":"","background-repeat":"repeat","background-position":"center center","background-size":"auto","background-attachment":"scroll","background-type":"","background-media":"","overlay-type":"","overlay-color":"","overlay-opacity":"","overlay-gradient":""}}},"product_brand":[],"product_cat":[23],"product_tag":[],"class_list":{"0":"post-2045","1":"product","2":"type-product","3":"status-publish","4":"has-post-thumbnail","6":"product_cat-dump-truck","7":"desktop-align-left","8":"tablet-align-left","9":"mobile-align-left","11":"first","12":"instock","13":"shipping-taxable","14":"product-type-simple"},"_links":{"self":[{"href":"https:\/\/satisfybot.com\/fr\/wp-json\/wp\/v2\/product\/2045","targetHints":{"allow":["GET"]}}],"collection":[{"href":"https:\/\/satisfybot.com\/fr\/wp-json\/wp\/v2\/product"}],"about":[{"href":"https:\/\/satisfybot.com\/fr\/wp-json\/wp\/v2\/types\/product"}],"version-history":[{"count":0,"href":"https:\/\/satisfybot.com\/fr\/wp-json\/wp\/v2\/product\/2045\/revisions"}],"wp:featuredmedia":[{"embeddable":true,"href":"https:\/\/satisfybot.com\/fr\/wp-json\/wp\/v2\/media\/2051"}],"wp:attachment":[{"href":"https:\/\/satisfybot.com\/fr\/wp-json\/wp\/v2\/media?parent=2045"}],"wp:term":[{"taxonomy":"product_brand","embeddable":true,"href":"https:\/\/satisfybot.com\/fr\/wp-json\/wp\/v2\/product_brand?post=2045"},{"taxonomy":"product_cat","embeddable":true,"href":"https:\/\/satisfybot.com\/fr\/wp-json\/wp\/v2\/product_cat?post=2045"},{"taxonomy":"product_tag","embeddable":true,"href":"https:\/\/satisfybot.com\/fr\/wp-json\/wp\/v2\/product_tag?post=2045"}],"curies":[{"name":"wp","href":"https:\/\/api.w.org\/{rel}","templated":true}]}}