{"id":2066,"date":"2023-06-25T13:34:48","date_gmt":"2023-06-25T13:34:48","guid":{"rendered":"https:\/\/satisfybot.com\/?post_type=product&#038;p=2066"},"modified":"2023-06-25T13:34:48","modified_gmt":"2023-06-25T13:34:48","slug":"howo-380-dump-truck","status":"publish","type":"product","link":"https:\/\/satisfybot.com\/fr\/produit\/howo-380-dump-truck\/","title":{"rendered":"Camion benne Howo 380"},"content":{"rendered":"<p>Le camion \u00e0 benne basculante HOWO 380 est g\u00e9n\u00e9ralement utilis\u00e9 pour transporter des objets en vrac (tels que du sable, de la terre, des min\u00e9raux, etc.), dans la plupart des cas utilis\u00e9s dans les mines, les sites de d\u00e9veloppement, etc. La capacit\u00e9 du camion \u00e0 benne basculante Howo est de 25 \u00e0 30 tonnes, ce qui peut r\u00e9pondre \u00e0 vos besoins. Divers b\u00e2timents de carrosserie de fret peuvent \u00eatre con\u00e7us et fabriqu\u00e9s en fonction de vos besoins afin qu&#039;ils aient un poids \u00e0 vide l\u00e9ger, une rigidit\u00e9 excessive et une capacit\u00e9 de charge excessive.<\/p>\n<h2><strong>Sp\u00e9cification du camion benne Howo 380<\/strong><\/h2>\n<table border=\"1\" cellspacing=\"0\" cellpadding=\"0\" align=\"center\">\n<tbody>\n<tr>\n<td class=\"et2\" width=\"277\" height=\"18\">Mod\u00e8le de camion<\/td>\n<td class=\"et3\" width=\"315\">ZZ3257N3647A<\/td>\n<\/tr>\n<tr>\n<td class=\"et2\" width=\"277\" height=\"18\">Marque de camion<\/td>\n<td class=\"et3\">SINOTRUCK HOWO<\/td>\n<\/tr>\n<tr>\n<td class=\"et2\" width=\"277\" height=\"18\">Taille du corps de la cargaison<\/td>\n<td class=\"et3\">5400*2300*1500mm<\/td>\n<\/tr>\n<tr>\n<td class=\"et2\" width=\"277\" height=\"18\">\u00c9paisseur du corps de la cargaison<\/td>\n<td class=\"et3\">bas : 8 mm ; c\u00f4t\u00e9 : 6 mm<\/td>\n<\/tr>\n<tr>\n<td class=\"et2\" width=\"277\" height=\"18\">Type de chariot \u00e9l\u00e9vateur<\/td>\n<td class=\"et3\">Levage avant<\/td>\n<\/tr>\n<tr>\n<td class=\"et2\" width=\"277\" height=\"18\">Capacit\u00e9 du r\u00e9servoir de carburant<\/td>\n<td class=\"et3\">300L avec bouchon de carburant verrouillable<\/td>\n<\/tr>\n<tr>\n<td class=\"et2\" width=\"277\" height=\"18\">Mod\u00e8le de moteur<\/td>\n<td class=\"et3\">D10.38<\/td>\n<\/tr>\n<tr>\n<td class=\"et2\" width=\"277\" height=\"18\">Cheval-vapeur<\/td>\n<td class=\"et3\">380HP<\/td>\n<\/tr>\n<tr>\n<td class=\"et2\" width=\"277\" height=\"18\">Norme d&#039;\u00e9mission<\/td>\n<td class=\"et3\">EURO4<\/td>\n<\/tr>\n<tr>\n<td class=\"et2\" width=\"277\" height=\"18\">Transmission<\/td>\n<td class=\"et3\">HW19710,10 avant et 2 arri\u00e8re<\/td>\n<\/tr>\n<tr>\n<td class=\"et2\" width=\"277\" height=\"18\">Syst\u00e8me de direction<\/td>\n<td class=\"et3\">ZF8118<\/td>\n<\/tr>\n<tr>\n<td class=\"et2\" width=\"277\" height=\"18\">Conduite<\/td>\n<td class=\"et3\">6*4<\/td>\n<\/tr>\n<tr>\n<td class=\"et2\" width=\"277\" height=\"18\">Essieu avant<\/td>\n<td class=\"et3\">HF9<\/td>\n<\/tr>\n<tr>\n<td class=\"et2\" width=\"277\" height=\"18\">Essieu arri\u00e8re<\/td>\n<td class=\"et3\">HC16<\/td>\n<\/tr>\n<tr>\n<td class=\"et2\" width=\"277\" height=\"18\">Pneu<\/td>\n<td class=\"et3\">12.00R20<\/td>\n<\/tr>\n<tr>\n<td class=\"et2\" width=\"277\" height=\"18\">Taxi<\/td>\n<td class=\"et3\">HW76, un dormeur, avec air conditionn\u00e9<\/td>\n<\/tr>\n<tr>\n<td class=\"et2\" width=\"277\" height=\"18\">Type de conduite<\/td>\n<td class=\"et3\">Conduite \u00e0 gauche<\/td>\n<\/tr>\n<\/tbody>\n<\/table>\n<h2><strong>Emballage et exp\u00e9dition<\/strong><\/h2>\n<p>D\u00e9tails d&#039;emballage: base Ro-Ro ou en vrac ou conteneur dans le navire et le port de votre pays. Si le camion ou l&#039;ordinateur portable est sur le pont, nous pulv\u00e9riserons gratuitement de la peinture antirouille. Habituellement, nous mettrons le camion ou le bureau dans la cabine.<\/p>\n<p><img fetchpriority=\"high\" decoding=\"async\" class=\"aligncenter size-large wp-image-2071\" src=\"https:\/\/satisfybot.com\/wp-content\/uploads\/2023\/06\/\u5fae\u4fe1\u622a\u56fe_20230625213252-1024x639.png\" alt=\"Howo 380 Dump Truck\" width=\"1024\" height=\"639\" srcset=\"https:\/\/satisfybot.com\/wp-content\/uploads\/2023\/06\/\u5fae\u4fe1\u622a\u56fe_20230625213252-1024x639.png 1024w, https:\/\/satisfybot.com\/wp-content\/uploads\/2023\/06\/\u5fae\u4fe1\u622a\u56fe_20230625213252-600x374.png 600w, https:\/\/satisfybot.com\/wp-content\/uploads\/2023\/06\/\u5fae\u4fe1\u622a\u56fe_20230625213252-300x187.png 300w, https:\/\/satisfybot.com\/wp-content\/uploads\/2023\/06\/\u5fae\u4fe1\u622a\u56fe_20230625213252-768x479.png 768w, https:\/\/satisfybot.com\/wp-content\/uploads\/2023\/06\/\u5fae\u4fe1\u622a\u56fe_20230625213252.png 1247w\" sizes=\"(max-width: 1024px) 100vw, 1024px\" \/><\/p>","protected":false},"excerpt":{"rendered":"<p>HOWO 380 Dump Truck is broadly speaking used to transport bulk objects (such as sand, soil, minerals, etc.), in most cases used in mining, development sites, etc. Howo dump truck ability is 25-30 tons, which can meet your needs. Various cargo physique buildings can be designed and produced in accordance with your necessities so that [&hellip;]<\/p>","protected":false},"featured_media":2069,"template":"","meta":{"site-sidebar-layout":"default","site-content-layout":"default","ast-site-content-layout":"default","site-content-style":"default","site-sidebar-style":"default","ast-global-header-display":"","ast-banner-title-visibility":"","ast-main-header-display":"","ast-hfb-above-header-display":"","ast-hfb-below-header-display":"","ast-hfb-mobile-header-display":"","site-post-title":"","ast-breadcrumbs-content":"","ast-featured-img":"","footer-sml-layout":"","ast-disable-related-posts":"","theme-transparent-header-meta":"default","adv-header-id-meta":"","stick-header-meta":"","header-above-stick-meta":"","header-main-stick-meta":"","header-below-stick-meta":"","astra-migrate-meta-layouts":"default","ast-page-background-enabled":"default","ast-page-background-meta":{"desktop":{"background-color":"","background-image":"","background-repeat":"repeat","background-position":"center center","background-size":"auto","background-attachment":"scroll","background-type":"","background-media":"","overlay-type":"","overlay-color":"","overlay-opacity":"","overlay-gradient":""},"tablet":{"background-color":"","background-image":"","background-repeat":"repeat","background-position":"center center","background-size":"auto","background-attachment":"scroll","background-type":"","background-media":"","overlay-type":"","overlay-color":"","overlay-opacity":"","overlay-gradient":""},"mobile":{"background-color":"","background-image":"","background-repeat":"repeat","background-position":"center center","background-size":"auto","background-attachment":"scroll","background-type":"","background-media":"","overlay-type":"","overlay-color":"","overlay-opacity":"","overlay-gradient":""}},"ast-content-background-meta":{"desktop":{"background-color":"var(--ast-global-color-5)","background-image":"","background-repeat":"repeat","background-position":"center center","background-size":"auto","background-attachment":"scroll","background-type":"","background-media":"","overlay-type":"","overlay-color":"","overlay-opacity":"","overlay-gradient":""},"tablet":{"background-color":"var(--ast-global-color-5)","background-image":"","background-repeat":"repeat","background-position":"center center","background-size":"auto","background-attachment":"scroll","background-type":"","background-media":"","overlay-type":"","overlay-color":"","overlay-opacity":"","overlay-gradient":""},"mobile":{"background-color":"var(--ast-global-color-5)","background-image":"","background-repeat":"repeat","background-position":"center center","background-size":"auto","background-attachment":"scroll","background-type":"","background-media":"","overlay-type":"","overlay-color":"","overlay-opacity":"","overlay-gradient":""}}},"product_brand":[],"product_cat":[23],"product_tag":[],"class_list":{"0":"post-2066","1":"product","2":"type-product","3":"status-publish","4":"has-post-thumbnail","6":"product_cat-dump-truck","7":"desktop-align-left","8":"tablet-align-left","9":"mobile-align-left","11":"first","12":"instock","13":"shipping-taxable","14":"product-type-simple"},"_links":{"self":[{"href":"https:\/\/satisfybot.com\/fr\/wp-json\/wp\/v2\/product\/2066","targetHints":{"allow":["GET"]}}],"collection":[{"href":"https:\/\/satisfybot.com\/fr\/wp-json\/wp\/v2\/product"}],"about":[{"href":"https:\/\/satisfybot.com\/fr\/wp-json\/wp\/v2\/types\/product"}],"version-history":[{"count":0,"href":"https:\/\/satisfybot.com\/fr\/wp-json\/wp\/v2\/product\/2066\/revisions"}],"wp:featuredmedia":[{"embeddable":true,"href":"https:\/\/satisfybot.com\/fr\/wp-json\/wp\/v2\/media\/2069"}],"wp:attachment":[{"href":"https:\/\/satisfybot.com\/fr\/wp-json\/wp\/v2\/media?parent=2066"}],"wp:term":[{"taxonomy":"product_brand","embeddable":true,"href":"https:\/\/satisfybot.com\/fr\/wp-json\/wp\/v2\/product_brand?post=2066"},{"taxonomy":"product_cat","embeddable":true,"href":"https:\/\/satisfybot.com\/fr\/wp-json\/wp\/v2\/product_cat?post=2066"},{"taxonomy":"product_tag","embeddable":true,"href":"https:\/\/satisfybot.com\/fr\/wp-json\/wp\/v2\/product_tag?post=2066"}],"curies":[{"name":"wp","href":"https:\/\/api.w.org\/{rel}","templated":true}]}}