{"id":2072,"date":"2023-06-25T13:41:07","date_gmt":"2023-06-25T13:41:07","guid":{"rendered":"https:\/\/satisfybot.com\/?post_type=product&#038;p=2072"},"modified":"2023-06-25T13:41:08","modified_gmt":"2023-06-25T13:41:08","slug":"used-howo-dump-truck","status":"publish","type":"product","link":"https:\/\/satisfybot.com\/fr\/produit\/used-howo-dump-truck\/","title":{"rendered":"Camion \u00e0 benne basculante Howo d&#039;occasion"},"content":{"rendered":"<p>Nous attachons une importance primordiale \u00e0 l&#039;\u00e9tat universel, aux performances et aux petits caract\u00e8res des camions d&#039;occasion. Avant le transport vers les clients, chaque camion doit ignorer une &quot;r\u00e9solution optimis\u00e9e des camions d&#039;occasion, la d\u00e9tection et le remplacement des composants cl\u00e9s, le d\u00e9bogage complet des camions d&#039;occasion, l&#039;inspection compl\u00e8te des camions d&#039;occasion&quot;, Pour s&#039;assurer de la performance fantastique et globale \u00e9lev\u00e9e de tous les camions d&#039;occasion.<\/p>\n<p>Les camions \u00e0 benne d&#039;occasion peuvent \u00eatre utilis\u00e9s pour transporter des pierres, du sable, des min\u00e9raux, etc., et ont les m\u00eames fonctions que les camions \u00e0 benne neufs, mais \u00e0 un prix moins cher.<\/p>\n<h2><strong>Affichage de Howo utilis\u00e9\u00a0<span class=\"keywords_replace\">Tombereau<\/span><\/strong><\/h2>\n<p>Nous montrons toutes les vraies photos de camions d&#039;occasion. Avant d&#039;\u00eatre livr\u00e9 aux clients, chaque camion d&#039;occasion sera soumis \u00e0 une inspection stricte, en commen\u00e7ant par &quot;la meilleure s\u00e9lection de camions d&#039;occasion, la d\u00e9tection et le remplacement des composants cl\u00e9s&quot;, et enfin &quot;un d\u00e9bogage complet et une inspection compl\u00e8te&quot; pour s&#039;assurer qu&#039;il est livr\u00e9 aux clients. Chaque camion d&#039;occasion est de haute qualit\u00e9 et de bonnes performances devant les clients.<\/p>\n<p><img fetchpriority=\"high\" decoding=\"async\" class=\"aligncenter\" title=\"Camion \u00e0 benne basculante Howo d&#039;occasion\" src=\"https:\/\/bsg-i.nbxc.com\/product\/b4\/aa\/f8\/e494545f97354c69daa785fe88.jpg\" alt=\"Used Howo Dump Truck\" width=\"800\" height=\"435\" \/><\/p>\n<h2><strong>Sp\u00e9cification du camion \u00e0 benne basculante Howo d&#039;occasion<\/strong><\/h2>\n<table border=\"1\" cellspacing=\"0\" cellpadding=\"0\" align=\"center\">\n<tbody>\n<tr>\n<td class=\"et2\" width=\"277\" height=\"18\">Mod\u00e8le de camion<\/td>\n<td class=\"et3\" width=\"315\">ZZ3257N3647A<\/td>\n<\/tr>\n<tr>\n<td class=\"et2\" width=\"277\" height=\"18\">Marque de camion<\/td>\n<td class=\"et3\">SINOTRUCK HOWO<\/td>\n<\/tr>\n<tr>\n<td class=\"et2\" width=\"277\" height=\"18\">Taille du corps de la cargaison<\/td>\n<td class=\"et3\">5400*2300*1400mm<\/td>\n<\/tr>\n<tr>\n<td class=\"et2\" width=\"277\" height=\"18\">\u00c9paisseur du corps de la cargaison<\/td>\n<td class=\"et3\">bas : 8 mm ; c\u00f4t\u00e9 : 3 mm<\/td>\n<\/tr>\n<tr>\n<td class=\"et2\" width=\"277\" height=\"18\">Type de chariot \u00e9l\u00e9vateur<\/td>\n<td class=\"et3\">Levage avant<\/td>\n<\/tr>\n<tr>\n<td class=\"et2\" width=\"277\" height=\"18\">Capacit\u00e9 du r\u00e9servoir de carburant<\/td>\n<td class=\"et3\">300L avec bouchon de carburant verrouillable<\/td>\n<\/tr>\n<tr>\n<td class=\"et2\" width=\"277\" height=\"18\">Mod\u00e8le de moteur<\/td>\n<td class=\"et3\">WD615.47<\/td>\n<\/tr>\n<tr>\n<td class=\"et2\" width=\"277\" height=\"18\">Cheval-vapeur<\/td>\n<td class=\"et3\">375HP, 371HP<\/td>\n<\/tr>\n<tr>\n<td class=\"et2\" width=\"277\" height=\"18\">Norme d&#039;\u00e9mission<\/td>\n<td class=\"et3\">EURO2<\/td>\n<\/tr>\n<tr>\n<td class=\"et2\" width=\"277\" height=\"18\">Transmission<\/td>\n<td class=\"et3\">HW19710,10 avant et 2 arri\u00e8re<\/td>\n<\/tr>\n<tr>\n<td class=\"et2\" width=\"277\" height=\"18\">Syst\u00e8me de direction<\/td>\n<td class=\"et3\">ZF8118<\/td>\n<\/tr>\n<tr>\n<td class=\"et2\" width=\"277\" height=\"18\">Conduite<\/td>\n<td class=\"et3\">6*4<\/td>\n<\/tr>\n<tr>\n<td class=\"et2\" width=\"277\" height=\"18\">Essieu avant<\/td>\n<td class=\"et3\">HF9<\/td>\n<\/tr>\n<tr>\n<td class=\"et2\" width=\"277\" height=\"18\">Essieu arri\u00e8re<\/td>\n<td class=\"et3\">HC16<\/td>\n<\/tr>\n<tr>\n<td class=\"et2\" width=\"277\" height=\"18\">Pneu<\/td>\n<td class=\"et3\">12.00R20, 11 pi\u00e8ces<\/td>\n<\/tr>\n<tr>\n<td class=\"et2\" width=\"277\" height=\"18\">Taxi<\/td>\n<td class=\"et3\">HW76, un dormeur, avec air conditionn\u00e9<\/td>\n<\/tr>\n<tr>\n<td class=\"et2\" width=\"277\" height=\"18\">Type de conduite<\/td>\n<td class=\"et3\">Conduite \u00e0 gauche<\/td>\n<\/tr>\n<\/tbody>\n<\/table>\n<h2><strong>Transport de camion \u00e0 benne basculante Howo d&#039;occasion<\/strong><\/h2>\n<p>1. Exp\u00e9dition \u00e0 l&#039;aide d&#039;un conteneur de si\u00e8ge social de 40 pieds\u00a0: le transport de conteneurs devient de plus en plus c\u00e9l\u00e8bre ces jours-ci en raison du co\u00fbt le moins cher, mais nous voulons d\u00e9monter le ch\u00e2ssis et la cabine du camion pour mettre le camion \u00e0 benne basculante \u00e0 l&#039;int\u00e9rieur du conteneur.<br \/>\n2. Vraquier : Le vraquier est le moyen de transport le plus connu et le moins cher, nous pouvons pulv\u00e9riser de la cire pour le camion avant le transport afin de limiter la corrosion de l&#039;eau de mer.<br \/>\n3. Navire \u00e0 cadre plat : Un conteneur plat peut accueillir un camion \u00e0 benne basculante 8*4.<\/p>\n<div><\/div>","protected":false},"excerpt":{"rendered":"<p>We attach top-notch significance to the universal condition, performance, and small print of used trucks. Before transport to customers, every truck should skip an &#8220;optimized resolution of used trucks, detection, and substitute of key components, all-round debugging of used trucks, complete inspection of used trucks&#8221;, To make sure the high fantastic and overall performance of [&hellip;]<\/p>","protected":false},"featured_media":2075,"template":"","meta":{"site-sidebar-layout":"default","site-content-layout":"default","ast-site-content-layout":"default","site-content-style":"default","site-sidebar-style":"default","ast-global-header-display":"","ast-banner-title-visibility":"","ast-main-header-display":"","ast-hfb-above-header-display":"","ast-hfb-below-header-display":"","ast-hfb-mobile-header-display":"","site-post-title":"","ast-breadcrumbs-content":"","ast-featured-img":"","footer-sml-layout":"","ast-disable-related-posts":"","theme-transparent-header-meta":"default","adv-header-id-meta":"","stick-header-meta":"","header-above-stick-meta":"","header-main-stick-meta":"","header-below-stick-meta":"","astra-migrate-meta-layouts":"default","ast-page-background-enabled":"default","ast-page-background-meta":{"desktop":{"background-color":"","background-image":"","background-repeat":"repeat","background-position":"center center","background-size":"auto","background-attachment":"scroll","background-type":"","background-media":"","overlay-type":"","overlay-color":"","overlay-opacity":"","overlay-gradient":""},"tablet":{"background-color":"","background-image":"","background-repeat":"repeat","background-position":"center center","background-size":"auto","background-attachment":"scroll","background-type":"","background-media":"","overlay-type":"","overlay-color":"","overlay-opacity":"","overlay-gradient":""},"mobile":{"background-color":"","background-image":"","background-repeat":"repeat","background-position":"center center","background-size":"auto","background-attachment":"scroll","background-type":"","background-media":"","overlay-type":"","overlay-color":"","overlay-opacity":"","overlay-gradient":""}},"ast-content-background-meta":{"desktop":{"background-color":"var(--ast-global-color-5)","background-image":"","background-repeat":"repeat","background-position":"center center","background-size":"auto","background-attachment":"scroll","background-type":"","background-media":"","overlay-type":"","overlay-color":"","overlay-opacity":"","overlay-gradient":""},"tablet":{"background-color":"var(--ast-global-color-5)","background-image":"","background-repeat":"repeat","background-position":"center center","background-size":"auto","background-attachment":"scroll","background-type":"","background-media":"","overlay-type":"","overlay-color":"","overlay-opacity":"","overlay-gradient":""},"mobile":{"background-color":"var(--ast-global-color-5)","background-image":"","background-repeat":"repeat","background-position":"center center","background-size":"auto","background-attachment":"scroll","background-type":"","background-media":"","overlay-type":"","overlay-color":"","overlay-opacity":"","overlay-gradient":""}}},"product_brand":[],"product_cat":[23],"product_tag":[],"class_list":{"0":"post-2072","1":"product","2":"type-product","3":"status-publish","4":"has-post-thumbnail","6":"product_cat-dump-truck","7":"desktop-align-left","8":"tablet-align-left","9":"mobile-align-left","11":"first","12":"instock","13":"shipping-taxable","14":"product-type-simple"},"_links":{"self":[{"href":"https:\/\/satisfybot.com\/fr\/wp-json\/wp\/v2\/product\/2072","targetHints":{"allow":["GET"]}}],"collection":[{"href":"https:\/\/satisfybot.com\/fr\/wp-json\/wp\/v2\/product"}],"about":[{"href":"https:\/\/satisfybot.com\/fr\/wp-json\/wp\/v2\/types\/product"}],"version-history":[{"count":0,"href":"https:\/\/satisfybot.com\/fr\/wp-json\/wp\/v2\/product\/2072\/revisions"}],"wp:featuredmedia":[{"embeddable":true,"href":"https:\/\/satisfybot.com\/fr\/wp-json\/wp\/v2\/media\/2075"}],"wp:attachment":[{"href":"https:\/\/satisfybot.com\/fr\/wp-json\/wp\/v2\/media?parent=2072"}],"wp:term":[{"taxonomy":"product_brand","embeddable":true,"href":"https:\/\/satisfybot.com\/fr\/wp-json\/wp\/v2\/product_brand?post=2072"},{"taxonomy":"product_cat","embeddable":true,"href":"https:\/\/satisfybot.com\/fr\/wp-json\/wp\/v2\/product_cat?post=2072"},{"taxonomy":"product_tag","embeddable":true,"href":"https:\/\/satisfybot.com\/fr\/wp-json\/wp\/v2\/product_tag?post=2072"}],"curies":[{"name":"wp","href":"https:\/\/api.w.org\/{rel}","templated":true}]}}