{"id":2077,"date":"2023-06-25T13:47:11","date_gmt":"2023-06-25T13:47:11","guid":{"rendered":"https:\/\/satisfybot.com\/?post_type=product&#038;p=2077"},"modified":"2023-06-25T13:47:12","modified_gmt":"2023-06-25T13:47:12","slug":"oil-tanker-trucks","status":"publish","type":"product","link":"https:\/\/satisfybot.com\/fr\/produit\/oil-tanker-trucks\/","title":{"rendered":"Camions p\u00e9troliers"},"content":{"rendered":"<h2>Camions p\u00e9troliers<\/h2>\n<p>Prix du camion-citerne SINOTRUCK HOWO 4X2, bienvenue \u00e0 nous demander. Une \u00e9quipe exp\u00e9riment\u00e9e et technologique personnalise les meilleures productions pour les clients. Nos camions sont vendus \u00e0 chaud sur le march\u00e9 international, comme le march\u00e9 africain (Tanzanie, Kenya, Angola, Alg\u00e9rie, etc.). Transport courte distance avec une seule cabine couch\u00e9e. Transport longue distance avec cabine double couchette.<\/p>\n<p><img fetchpriority=\"high\" decoding=\"async\" class=\"aligncenter\" title=\"Camions p\u00e9troliers\" src=\"https:\/\/bsg-i.nbxc.com\/product\/77\/e5\/b6\/7d55d72d814a029456f6a89aa6.png\" alt=\"Oil Tanker Trucks\" width=\"800\" height=\"796\" \/><\/p>\n<p>Selon diff\u00e9rents objectifs et environnements d&#039;utilisation, il a une vari\u00e9t\u00e9 de fonctions de ravitaillement en carburant ou de transport d&#039;huile, y compris l&#039;aspiration d&#039;huile, le pompage d&#039;huile, le sous-chargement multiple d&#039;huile, le sous-d\u00e9chargement et d&#039;autres fonctions. La partie sp\u00e9ciale du p\u00e9trolier se compose du corps du r\u00e9servoir, de la prise de force, de l&#039;arbre de transmission, de la pompe \u00e0 huile \u00e0 engrenages, du syst\u00e8me de r\u00e9seau de canalisations et d&#039;autres composants. Le syst\u00e8me de r\u00e9seau de canalisations se compose d&#039;une pompe \u00e0 huile, d&#039;un robinet \u00e0 tournant sph\u00e9rique \u00e0 trois voies \u00e0 quatre positions, d&#039;un robinet \u00e0 tournant sph\u00e9rique \u00e0 deux voies, d&#039;un tamis filtrant et d&#039;un pipeline.<\/p>","protected":false},"excerpt":{"rendered":"<p>Oil tanker trucks SINOTRUCK HOWO 4X2 oil Tanker Truck price ,welcome to ask us .Experienced and technological team customize the best productions for customers.Our trucks are hot sale in the international market,such as Africa market(Tanzania,Kenya,Angola,Algeria and so on).Mid-east,South-Asia (Burma,Vietnamese,Thailand&#8230;) and South America market.Depending on the use, we can also use a different cab. Short distance [&hellip;]<\/p>","protected":false},"featured_media":2078,"template":"","meta":{"site-sidebar-layout":"default","site-content-layout":"default","ast-site-content-layout":"default","site-content-style":"default","site-sidebar-style":"default","ast-global-header-display":"","ast-banner-title-visibility":"","ast-main-header-display":"","ast-hfb-above-header-display":"","ast-hfb-below-header-display":"","ast-hfb-mobile-header-display":"","site-post-title":"","ast-breadcrumbs-content":"","ast-featured-img":"","footer-sml-layout":"","ast-disable-related-posts":"","theme-transparent-header-meta":"default","adv-header-id-meta":"","stick-header-meta":"","header-above-stick-meta":"","header-main-stick-meta":"","header-below-stick-meta":"","astra-migrate-meta-layouts":"default","ast-page-background-enabled":"default","ast-page-background-meta":{"desktop":{"background-color":"","background-image":"","background-repeat":"repeat","background-position":"center center","background-size":"auto","background-attachment":"scroll","background-type":"","background-media":"","overlay-type":"","overlay-color":"","overlay-opacity":"","overlay-gradient":""},"tablet":{"background-color":"","background-image":"","background-repeat":"repeat","background-position":"center center","background-size":"auto","background-attachment":"scroll","background-type":"","background-media":"","overlay-type":"","overlay-color":"","overlay-opacity":"","overlay-gradient":""},"mobile":{"background-color":"","background-image":"","background-repeat":"repeat","background-position":"center center","background-size":"auto","background-attachment":"scroll","background-type":"","background-media":"","overlay-type":"","overlay-color":"","overlay-opacity":"","overlay-gradient":""}},"ast-content-background-meta":{"desktop":{"background-color":"var(--ast-global-color-5)","background-image":"","background-repeat":"repeat","background-position":"center center","background-size":"auto","background-attachment":"scroll","background-type":"","background-media":"","overlay-type":"","overlay-color":"","overlay-opacity":"","overlay-gradient":""},"tablet":{"background-color":"var(--ast-global-color-5)","background-image":"","background-repeat":"repeat","background-position":"center center","background-size":"auto","background-attachment":"scroll","background-type":"","background-media":"","overlay-type":"","overlay-color":"","overlay-opacity":"","overlay-gradient":""},"mobile":{"background-color":"var(--ast-global-color-5)","background-image":"","background-repeat":"repeat","background-position":"center center","background-size":"auto","background-attachment":"scroll","background-type":"","background-media":"","overlay-type":"","overlay-color":"","overlay-opacity":"","overlay-gradient":""}}},"product_brand":[],"product_cat":[24],"product_tag":[],"class_list":{"0":"post-2077","1":"product","2":"type-product","3":"status-publish","4":"has-post-thumbnail","6":"product_cat-tank-truck","7":"desktop-align-left","8":"tablet-align-left","9":"mobile-align-left","11":"first","12":"instock","13":"shipping-taxable","14":"product-type-simple"},"_links":{"self":[{"href":"https:\/\/satisfybot.com\/fr\/wp-json\/wp\/v2\/product\/2077","targetHints":{"allow":["GET"]}}],"collection":[{"href":"https:\/\/satisfybot.com\/fr\/wp-json\/wp\/v2\/product"}],"about":[{"href":"https:\/\/satisfybot.com\/fr\/wp-json\/wp\/v2\/types\/product"}],"version-history":[{"count":0,"href":"https:\/\/satisfybot.com\/fr\/wp-json\/wp\/v2\/product\/2077\/revisions"}],"wp:featuredmedia":[{"embeddable":true,"href":"https:\/\/satisfybot.com\/fr\/wp-json\/wp\/v2\/media\/2078"}],"wp:attachment":[{"href":"https:\/\/satisfybot.com\/fr\/wp-json\/wp\/v2\/media?parent=2077"}],"wp:term":[{"taxonomy":"product_brand","embeddable":true,"href":"https:\/\/satisfybot.com\/fr\/wp-json\/wp\/v2\/product_brand?post=2077"},{"taxonomy":"product_cat","embeddable":true,"href":"https:\/\/satisfybot.com\/fr\/wp-json\/wp\/v2\/product_cat?post=2077"},{"taxonomy":"product_tag","embeddable":true,"href":"https:\/\/satisfybot.com\/fr\/wp-json\/wp\/v2\/product_tag?post=2077"}],"curies":[{"name":"wp","href":"https:\/\/api.w.org\/{rel}","templated":true}]}}