{"id":2085,"date":"2023-06-25T13:56:15","date_gmt":"2023-06-25T13:56:15","guid":{"rendered":"https:\/\/satisfybot.com\/?post_type=product&#038;p=2085"},"modified":"2023-06-25T13:56:27","modified_gmt":"2023-06-25T13:56:27","slug":"fuel-tank-truck","status":"publish","type":"product","link":"https:\/\/satisfybot.com\/fr\/produit\/fuel-tank-truck\/","title":{"rendered":"Camion-citerne de carburant"},"content":{"rendered":"<p><strong><span class=\"keywords_replace\">Camion-citerne de carburant<\/span><\/strong><\/p>\n<p>SP\u00c9CIFICATIONS du p\u00e9trolier SINOTRUK HOWO 10 roues 22000 litres\u00a0<span class=\"keywords_replace\">Camion-citerne d&#039;huile<\/span>, Il peut \u00eatre utilis\u00e9 comme station-service mobile,Applicable \u00e0 chaque station-service.Notre camion utilise une cabine HOWO76 avec une couchette et un climatiseur, une commande avant tout en acier, une inclinaison hydraulique de 55\u00ba vers l&#039;avant, un syst\u00e8me d&#039;essuie-glace \u00e0 2 bras \u00e0 trois vitesses, un pare-brise lamin\u00e9 avec antenne radio coul\u00e9e, un si\u00e8ge conducteur r\u00e9glable \u00e0 amortissement hydraulique et un si\u00e8ge passager rigide r\u00e9glable, avec syst\u00e8me de chauffage et de ventilation, pare-soleil ext\u00e9rieur, volet de toit r\u00e9glable, avec radio\/cassette st\u00e9r\u00e9o, ceintures de s\u00e9curit\u00e9 et volant r\u00e9glable, klaxon pneumatique, avec support 4 points suspension enti\u00e8rement flottante et amortisseurs .<\/p>\n<table class=\"aliDataTable\" border=\"1\" cellspacing=\"0\" cellpadding=\"0\">\n<tbody>\n<tr>\n<td colspan=\"5\">Mod\u00e8le de camion<\/td>\n<td colspan=\"2\">ZZ5317M4667C<\/td>\n<\/tr>\n<tr>\n<td colspan=\"5\">Marque de camion<\/td>\n<td colspan=\"2\">SINOTRUK\u2014Combustible HOWO\u00a0<span class=\"keywords_replace\">Camion citerne<\/span><\/td>\n<\/tr>\n<tr>\n<td colspan=\"5\">Type de conduite<\/td>\n<td colspan=\"2\">Conduite \u00e0 gauche<\/td>\n<\/tr>\n<tr>\n<td colspan=\"5\">Dimension(Lx W xH)(d\u00e9charg\u00e9(mm)<\/td>\n<td colspan=\"2\">11980x2496x3700<\/td>\n<\/tr>\n<tr>\n<td colspan=\"5\">Dimension int\u00e9rieure du chariot (Lxlxh)(mm)<\/td>\n<td colspan=\"2\">9150*2400*1500<\/td>\n<\/tr>\n<tr>\n<td colspan=\"5\">Angle d&#039;approche\/angle de d\u00e9part (\u00b0)<\/p>\n<p align=\"left\">\n<\/td>\n<td colspan=\"2\">19\/19<\/td>\n<\/tr>\n<tr>\n<td colspan=\"5\">Base de piste F\/R(mm)<\/td>\n<td colspan=\"2\">2022\/1830<\/td>\n<\/tr>\n<tr>\n<td colspan=\"5\">Capacit\u00e9 du r\u00e9servoir( m3 )<\/td>\n<td colspan=\"2\">37<\/td>\n<\/tr>\n<tr>\n<td colspan=\"5\">Moyen<\/td>\n<td colspan=\"2\">De l&#039;essence<\/td>\n<\/tr>\n<tr>\n<td colspan=\"2\" rowspan=\"4\">Pompe \u00e0 huile \u00e0 engrenages<\/td>\n<td colspan=\"3\">Mod\u00e8le<\/td>\n<td colspan=\"2\">76YCB-40(F)<\/td>\n<\/tr>\n<tr>\n<td colspan=\"3\">flux m3\/h<\/td>\n<td colspan=\"2\">40<\/td>\n<\/tr>\n<tr>\n<td colspan=\"3\">Calibre entr\u00e9e\/sortie mm<\/td>\n<td colspan=\"2\">76<\/td>\n<\/tr>\n<tr>\n<td colspan=\"3\">tr\/min tr\/min<\/td>\n<td colspan=\"2\">960<\/td>\n<\/tr>\n<tr>\n<td colspan=\"7\">Remarques\u00a0: mod\u00e8le de pompe \u00e0 huile avec F, repr\u00e9sentant la soupape de d\u00e9charge, utilis\u00e9 pour les camions-citernes avec pistolet \u00e0 huile.<\/td>\n<\/tr>\n<tr>\n<td colspan=\"6\">Empattement (mm)<\/td>\n<td valign=\"top\">1800+4600+1350<\/td>\n<\/tr>\n<tr>\n<td colspan=\"6\">Vitesse maximale(km\/h)<\/td>\n<td valign=\"top\">90<\/td>\n<\/tr>\n<tr>\n<td colspan=\"6\">Poids \u00e0 vide (kg)<\/td>\n<td valign=\"top\">16360<\/td>\n<\/tr>\n<tr>\n<td colspan=\"6\">Poids de chargement (kg)<\/td>\n<td valign=\"top\">31000<\/td>\n<\/tr>\n<tr>\n<td rowspan=\"4\">Moteur<\/p>\n<p align=\"left\">(Technologie Steyr, fabriqu\u00e9e en Chine)<\/p>\n<\/td>\n<td colspan=\"5\">Mod\u00e8le<\/td>\n<td valign=\"top\">WD615, refroidi par eau, quatre temps, 6 cylindres en ligne avec refroidissement par eau, turbocompress\u00e9 et refroidissement interm\u00e9diaire, injection directe<\/td>\n<\/tr>\n<tr>\n<td colspan=\"5\" valign=\"top\">Type de carburant<\/td>\n<td valign=\"top\">Diesel<\/td>\n<\/tr>\n<tr>\n<td colspan=\"5\" valign=\"top\">Puissance en chevaux, max(kw\/tr\/min)<\/td>\n<td>266HP. 290HP, 336HP<\/td>\n<\/tr>\n<tr>\n<td colspan=\"5\">\u00c9mission<\/td>\n<td>EUROII<\/td>\n<\/tr>\n<tr>\n<td colspan=\"6\" valign=\"top\">Capacit\u00e9 du r\u00e9servoir de carburant(L)<\/td>\n<td>300<\/td>\n<\/tr>\n<tr>\n<td colspan=\"3\">Transmission<\/td>\n<td colspan=\"3\">Mod\u00e8le<\/td>\n<td valign=\"top\">HW13710CL, 10 avant et 2 arri\u00e8re<\/td>\n<\/tr>\n<tr>\n<td colspan=\"3\" rowspan=\"3\">Syst\u00e8me de freinage<\/p>\n<p align=\"left\">\n<\/td>\n<td colspan=\"3\">Frein de service<\/td>\n<td>Frein \u00e0 air comprim\u00e9 \u00e0 double circuit<\/td>\n<\/tr>\n<tr>\n<td colspan=\"3\">Frein \u00e0 main<\/td>\n<td>\u00e9nergie du ressort, air comprim\u00e9 fonctionnant sur les roues arri\u00e8re<\/p>\n<p align=\"left\">\n<\/td>\n<\/tr>\n<tr>\n<td colspan=\"3\">Frein auxiliaire<\/td>\n<td>Frein moteur sur \u00e9chappement<\/td>\n<\/tr>\n<tr>\n<td colspan=\"3\">Syst\u00e8me de direction<\/p>\n<p>&nbsp;<\/td>\n<td colspan=\"3\">Mod\u00e8le<\/td>\n<td>ZF8098<\/td>\n<\/tr>\n<tr>\n<td colspan=\"3\">Essieu avant<\/td>\n<td colspan=\"4\" valign=\"top\">HF7<\/td>\n<\/tr>\n<tr>\n<td colspan=\"3\">Essieu arri\u00e8re<\/td>\n<td colspan=\"4\" valign=\"top\">MCY13Q<\/td>\n<\/tr>\n<tr>\n<td colspan=\"3\">Couleur<\/td>\n<td colspan=\"4\" valign=\"top\">Facultatif<\/td>\n<\/tr>\n<tr>\n<td colspan=\"3\">Pneu<\/td>\n<td colspan=\"4\" valign=\"top\">11.00-20 \/ 12.00-20\/ 295\/80R22.5<\/td>\n<\/tr>\n<tr>\n<td colspan=\"3\">Quantit\u00e9 de pneus<\/td>\n<td colspan=\"4\" valign=\"top\">12+1 r\u00e9serve<\/td>\n<\/tr>\n<tr>\n<td colspan=\"3\" rowspan=\"3\">Syst\u00e8me \u00e9lectrique<\/p>\n<p>&nbsp;<\/td>\n<td>Batterie<\/td>\n<td colspan=\"3\" valign=\"top\">2X12V\/165Ah<\/td>\n<\/tr>\n<tr>\n<td>Alternateur<\/td>\n<td colspan=\"3\" valign=\"top\">28V-1500kw<\/td>\n<\/tr>\n<tr>\n<td>Entr\u00e9e<\/td>\n<td colspan=\"3\" valign=\"top\">7.5Kw\/24V<\/td>\n<\/tr>\n<tr>\n<td colspan=\"3\">Taxi<\/td>\n<td colspan=\"4\" valign=\"top\">Cabine HOWO76 avec une couchette et climatiseur, commande avanc\u00e9e tout acier, inclinable hydrauliquement \u00e0 55\u00ba vers l&#039;avant, syst\u00e8me d&#039;essuie-glace \u00e0 2 bras \u00e0 trois vitesses, pare-brise feuillet\u00e9 avec antenne radio encastr\u00e9e, si\u00e8ge conducteur r\u00e9glable \u00e0 amortissement hydraulique et si\u00e8ge passager rigide r\u00e9glable, avec syst\u00e8me de chauffage et de ventilation, pare-soleil ext\u00e9rieur, volet de toit r\u00e9glable, avec radio st\u00e9r\u00e9o\/enregistreur de cassette, ceintures de s\u00e9curit\u00e9 et volant r\u00e9glable, klaxon pneumatique, avec 4- point d&#039;appui suspension et amortisseurs enti\u00e8rement flottants<\/td>\n<\/tr>\n<\/tbody>\n<\/table>\n<p>&nbsp;<\/p>","protected":false},"excerpt":{"rendered":"<p>Fuel Tank Truck SPECIFICATION Of SINOTRUK HOWO 10 wheeler 22000 liters fuel oil tanker\u00a0Oil Tank Truck,It can be used as a mobile gas station,Applicable to each gas station.Our truck use\u00a0HOWO76 cab with one sleeper and air conditioner, all-steel forward control,55\u00bahydraulically tiltable to the front, 2- arm windscreen wiper system with three speeds, laminated windscreen with [&hellip;]<\/p>","protected":false},"featured_media":2086,"template":"","meta":{"site-sidebar-layout":"default","site-content-layout":"default","ast-site-content-layout":"default","site-content-style":"default","site-sidebar-style":"default","ast-global-header-display":"","ast-banner-title-visibility":"","ast-main-header-display":"","ast-hfb-above-header-display":"","ast-hfb-below-header-display":"","ast-hfb-mobile-header-display":"","site-post-title":"","ast-breadcrumbs-content":"","ast-featured-img":"","footer-sml-layout":"","ast-disable-related-posts":"","theme-transparent-header-meta":"default","adv-header-id-meta":"","stick-header-meta":"","header-above-stick-meta":"","header-main-stick-meta":"","header-below-stick-meta":"","astra-migrate-meta-layouts":"default","ast-page-background-enabled":"default","ast-page-background-meta":{"desktop":{"background-color":"","background-image":"","background-repeat":"repeat","background-position":"center center","background-size":"auto","background-attachment":"scroll","background-type":"","background-media":"","overlay-type":"","overlay-color":"","overlay-opacity":"","overlay-gradient":""},"tablet":{"background-color":"","background-image":"","background-repeat":"repeat","background-position":"center center","background-size":"auto","background-attachment":"scroll","background-type":"","background-media":"","overlay-type":"","overlay-color":"","overlay-opacity":"","overlay-gradient":""},"mobile":{"background-color":"","background-image":"","background-repeat":"repeat","background-position":"center center","background-size":"auto","background-attachment":"scroll","background-type":"","background-media":"","overlay-type":"","overlay-color":"","overlay-opacity":"","overlay-gradient":""}},"ast-content-background-meta":{"desktop":{"background-color":"var(--ast-global-color-5)","background-image":"","background-repeat":"repeat","background-position":"center center","background-size":"auto","background-attachment":"scroll","background-type":"","background-media":"","overlay-type":"","overlay-color":"","overlay-opacity":"","overlay-gradient":""},"tablet":{"background-color":"var(--ast-global-color-5)","background-image":"","background-repeat":"repeat","background-position":"center center","background-size":"auto","background-attachment":"scroll","background-type":"","background-media":"","overlay-type":"","overlay-color":"","overlay-opacity":"","overlay-gradient":""},"mobile":{"background-color":"var(--ast-global-color-5)","background-image":"","background-repeat":"repeat","background-position":"center center","background-size":"auto","background-attachment":"scroll","background-type":"","background-media":"","overlay-type":"","overlay-color":"","overlay-opacity":"","overlay-gradient":""}}},"product_brand":[],"product_cat":[24],"product_tag":[],"class_list":{"0":"post-2085","1":"product","2":"type-product","3":"status-publish","4":"has-post-thumbnail","6":"product_cat-tank-truck","7":"desktop-align-left","8":"tablet-align-left","9":"mobile-align-left","11":"first","12":"instock","13":"shipping-taxable","14":"product-type-simple"},"_links":{"self":[{"href":"https:\/\/satisfybot.com\/fr\/wp-json\/wp\/v2\/product\/2085","targetHints":{"allow":["GET"]}}],"collection":[{"href":"https:\/\/satisfybot.com\/fr\/wp-json\/wp\/v2\/product"}],"about":[{"href":"https:\/\/satisfybot.com\/fr\/wp-json\/wp\/v2\/types\/product"}],"version-history":[{"count":0,"href":"https:\/\/satisfybot.com\/fr\/wp-json\/wp\/v2\/product\/2085\/revisions"}],"wp:featuredmedia":[{"embeddable":true,"href":"https:\/\/satisfybot.com\/fr\/wp-json\/wp\/v2\/media\/2086"}],"wp:attachment":[{"href":"https:\/\/satisfybot.com\/fr\/wp-json\/wp\/v2\/media?parent=2085"}],"wp:term":[{"taxonomy":"product_brand","embeddable":true,"href":"https:\/\/satisfybot.com\/fr\/wp-json\/wp\/v2\/product_brand?post=2085"},{"taxonomy":"product_cat","embeddable":true,"href":"https:\/\/satisfybot.com\/fr\/wp-json\/wp\/v2\/product_cat?post=2085"},{"taxonomy":"product_tag","embeddable":true,"href":"https:\/\/satisfybot.com\/fr\/wp-json\/wp\/v2\/product_tag?post=2085"}],"curies":[{"name":"wp","href":"https:\/\/api.w.org\/{rel}","templated":true}]}}