{"id":2087,"date":"2023-06-25T14:02:11","date_gmt":"2023-06-25T14:02:11","guid":{"rendered":"https:\/\/satisfybot.com\/?post_type=product&#038;p=2087"},"modified":"2023-06-25T14:02:12","modified_gmt":"2023-06-25T14:02:12","slug":"beiben-8x4-tractor-unit","status":"publish","type":"product","link":"https:\/\/satisfybot.com\/fr\/produit\/beiben-8x4-tractor-unit\/","title":{"rendered":"Tracteur Beiben 8\u00d74"},"content":{"rendered":"<p>Nous proposons \u00e0 la vente des tracteurs Beiben 8\u00d74. Nous avons eu beaucoup de succ\u00e8s au S\u00e9n\u00e9gal, au Mali, en Guin\u00e9e, en Sierra Leone, au Burkina Faso, au Lib\u00e9ria, au B\u00e9nin, au Cameroun, au Togo et en R\u00e9publique d\u00e9mocratique du Congo.<\/p>\n<p>Le tracteur routier Beiben 8\u00d74 a une structure fiable, une capacit\u00e9 de charge \u00e9lev\u00e9e et une \u00e9nergie cin\u00e9tique compl\u00e8te. Il convient au remorquage de diverses semi-remorques utilis\u00e9es dans les activit\u00e9s logistiques, les chantiers de construction et les zones mini\u00e8res. Il peut r\u00e9pondre aux exigences de diverses conditions routi\u00e8res.<\/p>\n<p><strong>Sp\u00e9cification du tracteur Beiben 8 \u00d7 4<\/strong><\/p>\n<p>&nbsp;<\/p>\n<table border=\"1\" cellspacing=\"0\" cellpadding=\"0\" align=\"center\">\n<tbody>\n<tr>\n<td class=\"et3\" width=\"459\" height=\"18\">Marque<\/td>\n<td class=\"et3\" width=\"358\">T\u00eate de camion Beiben<\/td>\n<\/tr>\n<tr>\n<td class=\"et3\" width=\"459\" height=\"18\">Dimension<\/td>\n<td class=\"et3\" width=\"358\">7135\u00d72495\u00d73180(mm)<\/td>\n<\/tr>\n<tr>\n<td class=\"et3\" width=\"459\" height=\"18\">Angle d&#039;approche\/angle de d\u00e9part<\/td>\n<td class=\"et3\" width=\"358\">26\/64\u00b0<\/td>\n<\/tr>\n<tr>\n<td class=\"et3\" width=\"459\" height=\"18\">Porte-\u00e0-faux (avant\/arri\u00e8re)<\/td>\n<td class=\"et3\" width=\"358\">1410\/825mm<\/td>\n<\/tr>\n<tr>\n<td class=\"et3\" width=\"459\" height=\"18\">Empattement<\/td>\n<td class=\"et3\" width=\"358\">3450+1450mm<\/td>\n<\/tr>\n<tr>\n<td class=\"et3\" width=\"459\" height=\"18\">vitesse maximale<\/td>\n<td class=\"et3\" width=\"358\">99km\/h<\/td>\n<\/tr>\n<tr>\n<td class=\"et3\" width=\"459\" height=\"18\">Batterie<\/td>\n<td class=\"et3\" width=\"358\">2X12V\/135Ah<\/td>\n<\/tr>\n<tr>\n<td class=\"et3\" width=\"459\" height=\"18\">G\u00e9n\u00e9rateur<\/td>\n<td class=\"et3\" width=\"358\">28V-35A<\/td>\n<\/tr>\n<tr>\n<td class=\"et3\" width=\"459\" height=\"36\">Embrayage<\/td>\n<td class=\"et3\" width=\"358\">\u222e430, disque de friction sec unique, suralimentation hydraulique<\/td>\n<\/tr>\n<tr>\n<td class=\"et3\" width=\"459\" height=\"18\">Syst\u00e8me de freinage<\/td>\n<td class=\"et3\" width=\"358\">Frein de service, Frein auxiliaire, Frein de stationnement<\/td>\n<\/tr>\n<tr>\n<td class=\"et3\" width=\"459\" height=\"36\">Syst\u00e8me de suspension arri\u00e8re<\/td>\n<td class=\"et3\" width=\"358\">Ressort de stabilisation non autonome, syst\u00e8me de suspension d&#039;\u00e9quilibre, 13 pi\u00e8ces<\/td>\n<\/tr>\n<tr>\n<td class=\"et3\" width=\"459\" height=\"54\">Syst\u00e8me de suspension avant<\/td>\n<td class=\"et3\" width=\"358\">Ressort \u00e0 lames non autoportant, amortisseur t\u00e9lescopique avec suspension de barre stabilisatrice, 13 pi\u00e8ces<\/td>\n<\/tr>\n<\/tbody>\n<\/table>\n<p>&nbsp;<\/p>\n<h2><strong>Notre service<\/strong><\/h2>\n<p>(1) Garantie\u00a0: Chaque produit est couvert par une p\u00e9riode de garantie d&#039;un an\/2000\u00a0heures de travail, pendant laquelle, s&#039;il y a un d\u00e9faut de mat\u00e9riau ou de fabrication, et que la pi\u00e8ce de rechange est en \u00e9tat de marche, nous r\u00e9parerons ou remplacerons gratuitement la pi\u00e8ce d\u00e9fectueuse.<\/p>\n<p>(2) Pi\u00e8ces de rechange : Nous nous engageons \u00e0 fournir \u00e0 nos clients des pi\u00e8ces de rechange d&#039;origine de la plus haute qualit\u00e9, d&#039;un ajustement pr\u00e9cis et d&#039;un bon fonctionnement.<\/p>\n<p>(3) Installation et maintenance\u00a0: Nous pouvons fournir l&#039;installation globale de machines complexes, vous permettant de d\u00e9marrer la solution pour le fonctionnement normal de <span class=\"keywords_replace\">Machines de construction<\/span>. Apr\u00e8s l&#039;installation, nous inspecterons l&#039;ensemble de la machine et de l&#039;\u00e9quipement d&#039;exploitation, et vous fournirons un rapport de donn\u00e9es de test d&#039;installation et de fonctionnement.<\/p>\n<p>(4) Formation\u00a0: Nous fournissons des installations compl\u00e8tes et un environnement confortable, et pouvons fournir des services de formation pour diff\u00e9rents utilisateurs. Les cours de formation comprennent une formation sur les produits, une formation sur l&#039;exploitation, des connaissances en maintenance, une formation sur les connaissances techniques, une formation sur les normes, les lois et r\u00e9glementations et d&#039;autres formations, toutes adapt\u00e9es en fonction de vos besoins individuels.<\/p>","protected":false},"excerpt":{"rendered":"<p>We offer Beiben 8&#215;4 tractor units for sale. We have had great success in Senegal, Mali, Guinea, Sierra Leone, Burkina Faso, Liberia, Benin, Cameroon, Togo, and the Democratic Republic of the Congo. The Beiben 8&#215;4 tractor unit has a reliable structure, strong carrying capacity, and full kinetic energy. It is suitable for towing various semi-trailers [&hellip;]<\/p>","protected":false},"featured_media":2088,"template":"","meta":{"site-sidebar-layout":"default","site-content-layout":"default","ast-site-content-layout":"default","site-content-style":"default","site-sidebar-style":"default","ast-global-header-display":"","ast-banner-title-visibility":"","ast-main-header-display":"","ast-hfb-above-header-display":"","ast-hfb-below-header-display":"","ast-hfb-mobile-header-display":"","site-post-title":"","ast-breadcrumbs-content":"","ast-featured-img":"","footer-sml-layout":"","ast-disable-related-posts":"","theme-transparent-header-meta":"default","adv-header-id-meta":"","stick-header-meta":"","header-above-stick-meta":"","header-main-stick-meta":"","header-below-stick-meta":"","astra-migrate-meta-layouts":"default","ast-page-background-enabled":"default","ast-page-background-meta":{"desktop":{"background-color":"","background-image":"","background-repeat":"repeat","background-position":"center center","background-size":"auto","background-attachment":"scroll","background-type":"","background-media":"","overlay-type":"","overlay-color":"","overlay-opacity":"","overlay-gradient":""},"tablet":{"background-color":"","background-image":"","background-repeat":"repeat","background-position":"center center","background-size":"auto","background-attachment":"scroll","background-type":"","background-media":"","overlay-type":"","overlay-color":"","overlay-opacity":"","overlay-gradient":""},"mobile":{"background-color":"","background-image":"","background-repeat":"repeat","background-position":"center center","background-size":"auto","background-attachment":"scroll","background-type":"","background-media":"","overlay-type":"","overlay-color":"","overlay-opacity":"","overlay-gradient":""}},"ast-content-background-meta":{"desktop":{"background-color":"var(--ast-global-color-5)","background-image":"","background-repeat":"repeat","background-position":"center center","background-size":"auto","background-attachment":"scroll","background-type":"","background-media":"","overlay-type":"","overlay-color":"","overlay-opacity":"","overlay-gradient":""},"tablet":{"background-color":"var(--ast-global-color-5)","background-image":"","background-repeat":"repeat","background-position":"center center","background-size":"auto","background-attachment":"scroll","background-type":"","background-media":"","overlay-type":"","overlay-color":"","overlay-opacity":"","overlay-gradient":""},"mobile":{"background-color":"var(--ast-global-color-5)","background-image":"","background-repeat":"repeat","background-position":"center center","background-size":"auto","background-attachment":"scroll","background-type":"","background-media":"","overlay-type":"","overlay-color":"","overlay-opacity":"","overlay-gradient":""}}},"product_brand":[],"product_cat":[25],"product_tag":[],"class_list":{"0":"post-2087","1":"product","2":"type-product","3":"status-publish","4":"has-post-thumbnail","6":"product_cat-tractor-truck","7":"desktop-align-left","8":"tablet-align-left","9":"mobile-align-left","11":"first","12":"instock","13":"shipping-taxable","14":"product-type-simple"},"_links":{"self":[{"href":"https:\/\/satisfybot.com\/fr\/wp-json\/wp\/v2\/product\/2087","targetHints":{"allow":["GET"]}}],"collection":[{"href":"https:\/\/satisfybot.com\/fr\/wp-json\/wp\/v2\/product"}],"about":[{"href":"https:\/\/satisfybot.com\/fr\/wp-json\/wp\/v2\/types\/product"}],"version-history":[{"count":0,"href":"https:\/\/satisfybot.com\/fr\/wp-json\/wp\/v2\/product\/2087\/revisions"}],"wp:featuredmedia":[{"embeddable":true,"href":"https:\/\/satisfybot.com\/fr\/wp-json\/wp\/v2\/media\/2088"}],"wp:attachment":[{"href":"https:\/\/satisfybot.com\/fr\/wp-json\/wp\/v2\/media?parent=2087"}],"wp:term":[{"taxonomy":"product_brand","embeddable":true,"href":"https:\/\/satisfybot.com\/fr\/wp-json\/wp\/v2\/product_brand?post=2087"},{"taxonomy":"product_cat","embeddable":true,"href":"https:\/\/satisfybot.com\/fr\/wp-json\/wp\/v2\/product_cat?post=2087"},{"taxonomy":"product_tag","embeddable":true,"href":"https:\/\/satisfybot.com\/fr\/wp-json\/wp\/v2\/product_tag?post=2087"}],"curies":[{"name":"wp","href":"https:\/\/api.w.org\/{rel}","templated":true}]}}