{"id":2092,"date":"2023-06-25T14:05:14","date_gmt":"2023-06-25T14:05:14","guid":{"rendered":"https:\/\/satisfybot.com\/?post_type=product&#038;p=2092"},"modified":"2023-06-25T14:05:14","modified_gmt":"2023-06-25T14:05:14","slug":"beiben-8x4-tractor-unit-2","status":"publish","type":"product","link":"https:\/\/satisfybot.com\/fr\/produit\/beiben-8x4-tractor-unit-2\/","title":{"rendered":"Tracteur Beiben 8\u00d74"},"content":{"rendered":"<p>T\u00eate de tracteur Shacman, Shaanxi Steam Dragon est un v\u00e9hicule haut de gamme \u00e0 forte obligation, remplace r\u00e9ellement les produits import\u00e9s. Ce mannequin est le mannequin de la coop\u00e9ration technique sino-allemande, l&#039;automobile compl\u00e8te est con\u00e7ue \u00e0 l&#039;aide de l&#039;entreprise masculine allemande, affichant le style europ\u00e9en. Connu sous le nom de \u00ab rassembler la technologie allemande, informer la tendance des transports \u00bb.<\/p>\n<p><img decoding=\"async\" class=\"aligncenter\" title=\"T\u00eate de tracteur Shacman 2 Jpg\" src=\"https:\/\/bsg-i.nbxc.com\/product\/88\/56\/a3\/fb64b45237eb9430f24e0cc0f3.jpg\" alt=\"Shacman Tractor Head 2 Jpg\" \/><\/p>\n<p>Shacman\u00a0<span class=\"keywords_replace\">Camion tracteur<\/span>\u00a0L&#039;Institut de recherche en ing\u00e9nierie automobile du Shaanxi a r\u00e9alis\u00e9 avec efficacit\u00e9 l&#039;objectif de croquis l\u00e9ger du tracteur F3000 gr\u00e2ce \u00e0 une analyse syst\u00e9matique. Dans le cadre des n\u00e9cessit\u00e9s de g\u00e9n\u00e9ralisation, de s\u00e9rialisation et de ne plus modifier la configuration et la structure uniques de la voiture, l&#039;Institut de recherche en ing\u00e9nierie automobile du Shaanxi a r\u00e9duit le poids de la voiture gr\u00e2ce \u00e0 l&#039;optimisation de la topologie et \u00e0 l&#039;\u00e9valuation de la pression des pi\u00e8ces automobiles. Le poids du SX4187NR361 a \u00e9t\u00e9 r\u00e9duit de 400\u00a0kg, du SX4257NR279 de 670\u00a0kg et du SX4257NR324 de 750\u00a0kg gr\u00e2ce \u00e0 l&#039;ajustement structurel des pi\u00e8ces automobiles, \u00e0 l&#039;utilisation de nouveaux mat\u00e9riaux, au sch\u00e9ma de correspondance ultime de la transmission et \u00e0 l&#039;utilit\u00e9 de l&#039;analyse \u00e9lectrique CAE. . Parmi eux, la demande du march\u00e9 du tracteur 6\u00d74 est la plus pressante. En \u00e9valuant la pes\u00e9e avant et apr\u00e8s la transformation du v\u00e9hicule mod\u00e8le, la v\u00e9ritable pes\u00e9e de l&#039;automobile mod\u00e8le est de 8,59 t (avec pneu de secours et selle, environ 100 L de carburant), et la configuration g\u00e9n\u00e9rale avant la r\u00e9duction de poids est d&#039;environ 9,4 t. La r\u00e9duction de poids appropri\u00e9e du tracteur 6 \u00d7 4 est de 760 kg.<\/p>\n<p><img decoding=\"async\" class=\"aligncenter\" title=\"t\u00eate de tracteur shacman\" src=\"https:\/\/bsg-i.nbxc.com\/product\/ab\/ca\/fb\/7a02024740477f259fee5fb277.jpg\" alt=\"shacman tractor head\" \/><\/p>\n<p>Diagramme de camion tracteur Shacman cabine excessive avec climatisation. Il est g\u00e9n\u00e9ralement utilis\u00e9 pour le transport de longue dur\u00e9e. filtre, syst\u00e8me de refroidissement F3000, silencieux rectangulaire, selle quatre-vingt-dix tous les jours, plaque de montage plate, batterie sans entretien 165 Ah, pare-chocs m\u00e9tallique, p\u00e9dale articul\u00e9e, logo SHACMAN, signes en anglais.<\/p>\n<p><img decoding=\"async\" class=\"aligncenter\" title=\"t\u00eate de tracteur shacman\" src=\"https:\/\/bsg-i.nbxc.com\/product\/f1\/db\/1f\/3017c014f7b0c7ee8cf04b922f.jpg\" alt=\"shacman tractor head\" \/><\/p>\n<p><strong><u>sp\u00e9cification<\/u><\/strong><\/p>\n<p>&nbsp;<\/p>\n<table class=\"ke-zeroborder\" border=\"0\" width=\"577\" cellspacing=\"0\" cellpadding=\"0\">\n<tbody>\n<tr>\n<td class=\"et2\" colspan=\"2\" width=\"577\" height=\"34\">Shacman X3000 550cv\u00a0<span class=\"keywords_replace\">Camion tracteur 6\u00d74<\/span><\/td>\n<\/tr>\n<tr>\n<td class=\"et4\" height=\"27\">Vitesse maximum:<\/td>\n<td class=\"et4\">110km\/h<\/td>\n<\/tr>\n<tr>\n<td class=\"et4\" height=\"27\">Capacit\u00e9 de chargement:<\/td>\n<td class=\"et4\">40000kg<\/td>\n<\/tr>\n<tr>\n<td class=\"et4\" height=\"27\">Type de cabine\u00a0:<\/td>\n<td class=\"et4\">Haut<\/td>\n<\/tr>\n<tr>\n<td class=\"et4\" height=\"27\">Personnes:<\/td>\n<td class=\"et4\">3<\/td>\n<\/tr>\n<tr>\n<td class=\"et4\" height=\"27\">Moteur:<\/td>\n<td class=\"et4\">WeichaiWP13.550E501<\/td>\n<\/tr>\n<tr>\n<td class=\"et4\" height=\"27\">Puissance du moteur:<\/td>\n<td class=\"et4\">405kw<\/td>\n<\/tr>\n<tr>\n<td class=\"et4\" height=\"27\">Couple maxi\u00a0:<\/td>\n<td class=\"et4\">2550N\u00b7m<\/td>\n<\/tr>\n<tr>\n<td class=\"et4\" height=\"27\">Cheval-vapeur\u00a0:<\/td>\n<td class=\"et4\">550cv<\/td>\n<\/tr>\n<tr>\n<td class=\"et4\" height=\"27\">\u00c9mission:<\/td>\n<td class=\"et4\">5 euros<\/td>\n<\/tr>\n<\/tbody>\n<\/table>","protected":false},"excerpt":{"rendered":"<p>Shacman tractor head,Shaanxi Steam Dragon is a high-end heavy obligation vehicle, is a actual replacement for imported products. This mannequin is the mannequin of Sino-German technical cooperation, the complete automobile is designed by using the German man company, displaying the European style. Known as &#8220;gather German technology, information the transport trend.&#8221; Shacman\u00a0Tractor Truck\u00a0Shaanxi Automobile Engineering [&hellip;]<\/p>","protected":false},"featured_media":2095,"template":"","meta":{"site-sidebar-layout":"default","site-content-layout":"default","ast-site-content-layout":"default","site-content-style":"default","site-sidebar-style":"default","ast-global-header-display":"","ast-banner-title-visibility":"","ast-main-header-display":"","ast-hfb-above-header-display":"","ast-hfb-below-header-display":"","ast-hfb-mobile-header-display":"","site-post-title":"","ast-breadcrumbs-content":"","ast-featured-img":"","footer-sml-layout":"","ast-disable-related-posts":"","theme-transparent-header-meta":"default","adv-header-id-meta":"","stick-header-meta":"","header-above-stick-meta":"","header-main-stick-meta":"","header-below-stick-meta":"","astra-migrate-meta-layouts":"default","ast-page-background-enabled":"default","ast-page-background-meta":{"desktop":{"background-color":"","background-image":"","background-repeat":"repeat","background-position":"center center","background-size":"auto","background-attachment":"scroll","background-type":"","background-media":"","overlay-type":"","overlay-color":"","overlay-opacity":"","overlay-gradient":""},"tablet":{"background-color":"","background-image":"","background-repeat":"repeat","background-position":"center center","background-size":"auto","background-attachment":"scroll","background-type":"","background-media":"","overlay-type":"","overlay-color":"","overlay-opacity":"","overlay-gradient":""},"mobile":{"background-color":"","background-image":"","background-repeat":"repeat","background-position":"center center","background-size":"auto","background-attachment":"scroll","background-type":"","background-media":"","overlay-type":"","overlay-color":"","overlay-opacity":"","overlay-gradient":""}},"ast-content-background-meta":{"desktop":{"background-color":"var(--ast-global-color-5)","background-image":"","background-repeat":"repeat","background-position":"center center","background-size":"auto","background-attachment":"scroll","background-type":"","background-media":"","overlay-type":"","overlay-color":"","overlay-opacity":"","overlay-gradient":""},"tablet":{"background-color":"var(--ast-global-color-5)","background-image":"","background-repeat":"repeat","background-position":"center center","background-size":"auto","background-attachment":"scroll","background-type":"","background-media":"","overlay-type":"","overlay-color":"","overlay-opacity":"","overlay-gradient":""},"mobile":{"background-color":"var(--ast-global-color-5)","background-image":"","background-repeat":"repeat","background-position":"center center","background-size":"auto","background-attachment":"scroll","background-type":"","background-media":"","overlay-type":"","overlay-color":"","overlay-opacity":"","overlay-gradient":""}}},"product_brand":[],"product_cat":[25],"product_tag":[],"class_list":{"0":"post-2092","1":"product","2":"type-product","3":"status-publish","4":"has-post-thumbnail","6":"product_cat-tractor-truck","7":"desktop-align-left","8":"tablet-align-left","9":"mobile-align-left","11":"first","12":"instock","13":"shipping-taxable","14":"product-type-simple"},"_links":{"self":[{"href":"https:\/\/satisfybot.com\/fr\/wp-json\/wp\/v2\/product\/2092","targetHints":{"allow":["GET"]}}],"collection":[{"href":"https:\/\/satisfybot.com\/fr\/wp-json\/wp\/v2\/product"}],"about":[{"href":"https:\/\/satisfybot.com\/fr\/wp-json\/wp\/v2\/types\/product"}],"version-history":[{"count":0,"href":"https:\/\/satisfybot.com\/fr\/wp-json\/wp\/v2\/product\/2092\/revisions"}],"wp:featuredmedia":[{"embeddable":true,"href":"https:\/\/satisfybot.com\/fr\/wp-json\/wp\/v2\/media\/2095"}],"wp:attachment":[{"href":"https:\/\/satisfybot.com\/fr\/wp-json\/wp\/v2\/media?parent=2092"}],"wp:term":[{"taxonomy":"product_brand","embeddable":true,"href":"https:\/\/satisfybot.com\/fr\/wp-json\/wp\/v2\/product_brand?post=2092"},{"taxonomy":"product_cat","embeddable":true,"href":"https:\/\/satisfybot.com\/fr\/wp-json\/wp\/v2\/product_cat?post=2092"},{"taxonomy":"product_tag","embeddable":true,"href":"https:\/\/satisfybot.com\/fr\/wp-json\/wp\/v2\/product_tag?post=2092"}],"curies":[{"name":"wp","href":"https:\/\/api.w.org\/{rel}","templated":true}]}}