{"id":2097,"date":"2023-06-25T14:10:45","date_gmt":"2023-06-25T14:10:45","guid":{"rendered":"https:\/\/satisfybot.com\/?post_type=product&#038;p=2097"},"modified":"2023-06-25T14:14:10","modified_gmt":"2023-06-25T14:14:10","slug":"dongfeng-tractor-head","status":"publish","type":"product","link":"https:\/\/satisfybot.com\/fr\/produit\/dongfeng-tractor-head\/","title":{"rendered":"T\u00eate de tracteur Dongfeng"},"content":{"rendered":"<h3 style=\"font-weight: 400; text-align: center;\">T\u00eate de tracteur Dongfeng<\/h3>\n<p><img fetchpriority=\"high\" decoding=\"async\" class=\"aligncenter wp-image-2098\" src=\"https:\/\/satisfybot.com\/wp-content\/uploads\/2023\/06\/0af6af46250b108dad27858126.jpg\" alt=\"Dongfeng Tractor Head\" width=\"1200\" height=\"800\" srcset=\"https:\/\/satisfybot.com\/wp-content\/uploads\/2023\/06\/0af6af46250b108dad27858126.jpg 800w, https:\/\/satisfybot.com\/wp-content\/uploads\/2023\/06\/0af6af46250b108dad27858126-600x400.jpg 600w, https:\/\/satisfybot.com\/wp-content\/uploads\/2023\/06\/0af6af46250b108dad27858126-300x200.jpg 300w, https:\/\/satisfybot.com\/wp-content\/uploads\/2023\/06\/0af6af46250b108dad27858126-768x512.jpg 768w\" sizes=\"(max-width: 1200px) 100vw, 1200px\" \/><\/p>\n<p style=\"font-weight: 400;\">Dongfeng Tractor Truck adopte une conception \u00e0 ressorts \u00e0 lames multiples et peut \u00eatre \u00e9quip\u00e9 d&#039;un moteur Weichai de 300 ~ 480 hP, qui peut essentiellement r\u00e9pondre \u00e0 vos divers besoins automobiles.<\/p>\n<p><img decoding=\"async\" class=\"aligncenter wp-image-2100\" src=\"https:\/\/satisfybot.com\/wp-content\/uploads\/2023\/06\/9179e5a127c7baa63b6c52e842.jpg\" alt=\"Dongfeng Tractor Head\" width=\"1100\" height=\"744\" srcset=\"https:\/\/satisfybot.com\/wp-content\/uploads\/2023\/06\/9179e5a127c7baa63b6c52e842.jpg 686w, https:\/\/satisfybot.com\/wp-content\/uploads\/2023\/06\/9179e5a127c7baa63b6c52e842-600x406.jpg 600w, https:\/\/satisfybot.com\/wp-content\/uploads\/2023\/06\/9179e5a127c7baa63b6c52e842-300x203.jpg 300w\" sizes=\"(max-width: 1100px) 100vw, 1100px\" \/><\/p>\n<p><b><strong>Caract\u00e9ristiques et avantages de\u00a0<\/strong><\/b><b><strong>Camion tracteur Dongfeng<\/strong><\/b><br \/>\n1. Dongfeng Tractor Truck utilise un moteur haute puissance Weichai, un compresseur d&#039;air de d\u00e9chargement \u00e0 double cylindre, avec une forte puissance.<br \/>\n2. La cabine du camion tracteur Dongfeng utilise une nouvelle conception de cabine de style europ\u00e9en, une optimisation CFD compl\u00e8te et une r\u00e9sistance inf\u00e9rieure.<br \/>\n3. L&#039;essieu Hande de 7,5 tonnes et l&#039;essieu 2,714 sans entretien de 13 tonnes ont une capacit\u00e9 portante sup\u00e9rieure \u00e0 celle d&#039;un essieu \u00e0 simple r\u00e9duction.<br \/>\n4. Dongfeng Tractor Truck Tipper Truck est assembl\u00e9 \u00e0 partir des meilleures pi\u00e8ces du monde.<\/p>\n<p><b><strong>Caract\u00e9ristiques<\/strong><\/b><\/p>\n<table>\n<tbody>\n<tr>\n<td colspan=\"4\" width=\"978\">Moteur<\/td>\n<\/tr>\n<tr>\n<td width=\"192\">Mod\u00e8le<\/td>\n<td width=\"295\">WP10.340E32<\/td>\n<td width=\"175\">Marque<\/td>\n<td width=\"316\">Camion tracteur Dongfeng<\/td>\n<\/tr>\n<tr>\n<td width=\"192\">\u00c9mission<\/td>\n<td width=\"295\">Euro II<\/td>\n<td width=\"175\">Marque du moteur<\/td>\n<td width=\"316\">WEICHAI<\/td>\n<\/tr>\n<tr>\n<td width=\"192\">Type de carburant<\/td>\n<td width=\"295\">Diesel<\/td>\n<td width=\"175\">Cylindr\u00e9e du moteur<\/td>\n<td width=\"316\">11.596 litres<\/td>\n<\/tr>\n<tr>\n<td colspan=\"4\" width=\"978\">Ch\u00e2ssis<\/td>\n<\/tr>\n<tr>\n<td width=\"192\">Essieu<\/td>\n<td width=\"295\">Essieu avant MAN 7,5 tonnes<\/td>\n<td colspan=\"2\" width=\"491\">Essieu arri\u00e8re \u00e0 double r\u00e9duction STR de 13 tonnes, rapport\u00a0: 5,73<\/td>\n<\/tr>\n<tr>\n<td width=\"192\">Cabine<\/td>\n<td width=\"295\">Cabine plate de camion de tracteur de Dongfeng, un dormeur, climatiseur<\/td>\n<td width=\"175\">Max. vitesse de course (km\/h)<\/td>\n<td width=\"316\">77<\/td>\n<\/tr>\n<\/tbody>\n<\/table>\n<p><b><strong>P<\/strong><\/b><b><strong>acking &amp; S<\/strong><\/b><b><strong>hanche<\/strong><\/b><\/p>\n<p><img decoding=\"async\" class=\"aligncenter wp-image-2099\" src=\"https:\/\/satisfybot.com\/wp-content\/uploads\/2023\/06\/0d9312e54956a736606398b78c-1024x418.jpg\" alt=\"Dongfeng Tractor Head\" width=\"1200\" height=\"490\" srcset=\"https:\/\/satisfybot.com\/wp-content\/uploads\/2023\/06\/0d9312e54956a736606398b78c-1024x418.jpg 1024w, https:\/\/satisfybot.com\/wp-content\/uploads\/2023\/06\/0d9312e54956a736606398b78c-600x245.jpg 600w, https:\/\/satisfybot.com\/wp-content\/uploads\/2023\/06\/0d9312e54956a736606398b78c-300x123.jpg 300w, https:\/\/satisfybot.com\/wp-content\/uploads\/2023\/06\/0d9312e54956a736606398b78c-768x314.jpg 768w, https:\/\/satisfybot.com\/wp-content\/uploads\/2023\/06\/0d9312e54956a736606398b78c.jpg 1200w\" sizes=\"(max-width: 1200px) 100vw, 1200px\" \/><\/p>\n<p><b><strong>Habituellement, nos camions \u00e0 benne basculante peuvent \u00eatre transport\u00e9s par roulier ou vraquier ou conteneur.<\/strong><\/b><br \/>\n<b><strong>D\u00e9tails d&#039;emballage : Ro-Ro ou en vrac sur les navires et les ports de votre pays. Si le camion est sur le pont, nous pulv\u00e9riserons gratuitement de la peinture antirouille. Habituellement, nous mettrons le camion dans la cabine.<\/strong><\/b><\/p>","protected":false},"excerpt":{"rendered":"<p>Dongfeng Tractor Head Dongfeng\u00a0Tractor Truck\u00a0adopts multi-leaf spring design, and can be geared up with 300~480 hP Weichai engine, which can essentially meet your a variety of automobile needs.Dongfeng Tractor Truck\u00a0vehicles bought via our enterprise now not solely consist of\u00a0Dongfeng Tractor Truck,\u00a0Dongfeng Tractor Truck\u00a0heavy-duty dump trucks, however additionally dump vans on sale. Features and advantages of\u00a0Dongfeng [&hellip;]<\/p>","protected":false},"featured_media":2101,"template":"","meta":{"site-sidebar-layout":"default","site-content-layout":"default","ast-site-content-layout":"default","site-content-style":"default","site-sidebar-style":"default","ast-global-header-display":"","ast-banner-title-visibility":"","ast-main-header-display":"","ast-hfb-above-header-display":"","ast-hfb-below-header-display":"","ast-hfb-mobile-header-display":"","site-post-title":"","ast-breadcrumbs-content":"","ast-featured-img":"","footer-sml-layout":"","ast-disable-related-posts":"","theme-transparent-header-meta":"default","adv-header-id-meta":"","stick-header-meta":"","header-above-stick-meta":"","header-main-stick-meta":"","header-below-stick-meta":"","astra-migrate-meta-layouts":"default","ast-page-background-enabled":"default","ast-page-background-meta":{"desktop":{"background-color":"","background-image":"","background-repeat":"repeat","background-position":"center center","background-size":"auto","background-attachment":"scroll","background-type":"","background-media":"","overlay-type":"","overlay-color":"","overlay-opacity":"","overlay-gradient":""},"tablet":{"background-color":"","background-image":"","background-repeat":"repeat","background-position":"center center","background-size":"auto","background-attachment":"scroll","background-type":"","background-media":"","overlay-type":"","overlay-color":"","overlay-opacity":"","overlay-gradient":""},"mobile":{"background-color":"","background-image":"","background-repeat":"repeat","background-position":"center center","background-size":"auto","background-attachment":"scroll","background-type":"","background-media":"","overlay-type":"","overlay-color":"","overlay-opacity":"","overlay-gradient":""}},"ast-content-background-meta":{"desktop":{"background-color":"var(--ast-global-color-5)","background-image":"","background-repeat":"repeat","background-position":"center center","background-size":"auto","background-attachment":"scroll","background-type":"","background-media":"","overlay-type":"","overlay-color":"","overlay-opacity":"","overlay-gradient":""},"tablet":{"background-color":"var(--ast-global-color-5)","background-image":"","background-repeat":"repeat","background-position":"center center","background-size":"auto","background-attachment":"scroll","background-type":"","background-media":"","overlay-type":"","overlay-color":"","overlay-opacity":"","overlay-gradient":""},"mobile":{"background-color":"var(--ast-global-color-5)","background-image":"","background-repeat":"repeat","background-position":"center center","background-size":"auto","background-attachment":"scroll","background-type":"","background-media":"","overlay-type":"","overlay-color":"","overlay-opacity":"","overlay-gradient":""}}},"product_brand":[],"product_cat":[25],"product_tag":[],"class_list":{"0":"post-2097","1":"product","2":"type-product","3":"status-publish","4":"has-post-thumbnail","6":"product_cat-tractor-truck","7":"desktop-align-left","8":"tablet-align-left","9":"mobile-align-left","11":"first","12":"instock","13":"shipping-taxable","14":"product-type-simple"},"_links":{"self":[{"href":"https:\/\/satisfybot.com\/fr\/wp-json\/wp\/v2\/product\/2097","targetHints":{"allow":["GET"]}}],"collection":[{"href":"https:\/\/satisfybot.com\/fr\/wp-json\/wp\/v2\/product"}],"about":[{"href":"https:\/\/satisfybot.com\/fr\/wp-json\/wp\/v2\/types\/product"}],"version-history":[{"count":0,"href":"https:\/\/satisfybot.com\/fr\/wp-json\/wp\/v2\/product\/2097\/revisions"}],"wp:featuredmedia":[{"embeddable":true,"href":"https:\/\/satisfybot.com\/fr\/wp-json\/wp\/v2\/media\/2101"}],"wp:attachment":[{"href":"https:\/\/satisfybot.com\/fr\/wp-json\/wp\/v2\/media?parent=2097"}],"wp:term":[{"taxonomy":"product_brand","embeddable":true,"href":"https:\/\/satisfybot.com\/fr\/wp-json\/wp\/v2\/product_brand?post=2097"},{"taxonomy":"product_cat","embeddable":true,"href":"https:\/\/satisfybot.com\/fr\/wp-json\/wp\/v2\/product_cat?post=2097"},{"taxonomy":"product_tag","embeddable":true,"href":"https:\/\/satisfybot.com\/fr\/wp-json\/wp\/v2\/product_tag?post=2097"}],"curies":[{"name":"wp","href":"https:\/\/api.w.org\/{rel}","templated":true}]}}