{"id":2103,"date":"2023-06-25T14:13:53","date_gmt":"2023-06-25T14:13:53","guid":{"rendered":"https:\/\/satisfybot.com\/?post_type=product&#038;p=2103"},"modified":"2023-06-25T14:13:54","modified_gmt":"2023-06-25T14:13:54","slug":"howo-371-tractor-head","status":"publish","type":"product","link":"https:\/\/satisfybot.com\/fr\/produit\/howo-371-tractor-head\/","title":{"rendered":"T\u00eate de tracteur Howo 371"},"content":{"rendered":"<h2 style=\"font-weight: 400; text-align: center;\">T\u00eate de tracteur Howo 371<\/h2>\n<p><img fetchpriority=\"high\" decoding=\"async\" class=\"aligncenter size-large wp-image-2104\" src=\"https:\/\/satisfybot.com\/wp-content\/uploads\/2023\/06\/ac26a15ee50077ac5847a442ae-1024x1024.webp\" alt=\"Howo 371 Tractor Head\" width=\"1024\" height=\"1024\" srcset=\"https:\/\/satisfybot.com\/wp-content\/uploads\/2023\/06\/ac26a15ee50077ac5847a442ae-1024x1024.webp 1024w, https:\/\/satisfybot.com\/wp-content\/uploads\/2023\/06\/ac26a15ee50077ac5847a442ae-300x300.webp 300w, https:\/\/satisfybot.com\/wp-content\/uploads\/2023\/06\/ac26a15ee50077ac5847a442ae-scaled-100x100.webp 100w, https:\/\/satisfybot.com\/wp-content\/uploads\/2023\/06\/ac26a15ee50077ac5847a442ae-scaled-600x600.webp 600w, https:\/\/satisfybot.com\/wp-content\/uploads\/2023\/06\/ac26a15ee50077ac5847a442ae-150x150.webp 150w, https:\/\/satisfybot.com\/wp-content\/uploads\/2023\/06\/ac26a15ee50077ac5847a442ae-768x768.webp 768w, https:\/\/satisfybot.com\/wp-content\/uploads\/2023\/06\/ac26a15ee50077ac5847a442ae-1536x1536.webp 1536w, https:\/\/satisfybot.com\/wp-content\/uploads\/2023\/06\/ac26a15ee50077ac5847a442ae-2048x2048.webp 2048w\" sizes=\"(max-width: 1024px) 100vw, 1024px\" \/><\/p>\n<p style=\"font-weight: 400;\">Howo Truck adopte une conception \u00e0 ressorts \u00e0 lames multiples et peut \u00eatre \u00e9quip\u00e9 d&#039;un moteur Weichai de 300 ~ 480 ch, qui peut essentiellement r\u00e9pondre \u00e0 vos divers besoins automobiles.<\/p>\n<p><b><strong>Caract\u00e9ristiques et avantages du camion Howo<\/strong><\/b><br \/>\n1. Howo Truck utilise un moteur haute puissance Weichai, un compresseur d&#039;air de d\u00e9chargement \u00e0 double cylindre, avec une forte puissance.<br \/>\n2. La cabine du camion Howo utilise une nouvelle conception de cabine de style europ\u00e9en, une optimisation CFD compl\u00e8te et une r\u00e9sistance plus faible.<br \/>\n3. L&#039;essieu Hande de 7,5 tonnes et l&#039;essieu 2,714 sans entretien de 13 tonnes ont une capacit\u00e9 portante sup\u00e9rieure \u00e0 celle d&#039;un essieu \u00e0 simple r\u00e9duction.<br \/>\n4. Howo Truck est assembl\u00e9 \u00e0 partir des meilleures pi\u00e8ces du monde.<\/p>\n<p><b><strong>Caract\u00e9ristiques<\/strong><\/b><\/p>\n<table>\n<tbody>\n<tr>\n<td colspan=\"4\" width=\"978\">Moteur<\/td>\n<\/tr>\n<tr>\n<td width=\"192\">Mod\u00e8le<\/td>\n<td width=\"295\">WP10.340E32<\/td>\n<td width=\"175\">Marque<\/td>\n<td width=\"316\">Camion Howo<\/td>\n<\/tr>\n<tr>\n<td width=\"192\">\u00c9mission<\/td>\n<td width=\"295\">Euro II<\/td>\n<td width=\"175\">Marque du moteur<\/td>\n<td width=\"316\">WEICHAI<\/td>\n<\/tr>\n<tr>\n<td width=\"192\">Type de carburant<\/td>\n<td width=\"295\">Diesel<\/td>\n<td width=\"175\">Cylindr\u00e9e du moteur<\/td>\n<td width=\"316\">11.596 litres<\/td>\n<\/tr>\n<tr>\n<td colspan=\"4\" width=\"978\">Ch\u00e2ssis<\/td>\n<\/tr>\n<tr>\n<td width=\"192\">Essieu<\/td>\n<td width=\"295\">Essieu avant MAN 7,5 tonnes<\/td>\n<td colspan=\"2\" width=\"491\">Essieu arri\u00e8re \u00e0 double r\u00e9duction STR de 13 tonnes, rapport\u00a0: 5,73<\/td>\n<\/tr>\n<tr>\n<td width=\"192\">Cabine<\/td>\n<td width=\"295\">Cabine plate pour camion Howo, une couchette, climatiseur<\/td>\n<td width=\"175\">Max. vitesse de course (km\/h)<\/td>\n<td width=\"316\">77<\/td>\n<\/tr>\n<\/tbody>\n<\/table>\n<p><b><strong>P<\/strong><\/b><b><strong>acking &amp; S<\/strong><\/b><b><strong>hanche<\/strong><\/b><\/p>\n<p><img decoding=\"async\" class=\"aligncenter size-large wp-image-2099\" src=\"https:\/\/satisfybot.com\/wp-content\/uploads\/2023\/06\/0d9312e54956a736606398b78c-1024x418.jpg\" alt=\"Dongfeng Tractor Head\" width=\"1024\" height=\"418\" srcset=\"https:\/\/satisfybot.com\/wp-content\/uploads\/2023\/06\/0d9312e54956a736606398b78c-1024x418.jpg 1024w, https:\/\/satisfybot.com\/wp-content\/uploads\/2023\/06\/0d9312e54956a736606398b78c-600x245.jpg 600w, https:\/\/satisfybot.com\/wp-content\/uploads\/2023\/06\/0d9312e54956a736606398b78c-300x123.jpg 300w, https:\/\/satisfybot.com\/wp-content\/uploads\/2023\/06\/0d9312e54956a736606398b78c-768x314.jpg 768w, https:\/\/satisfybot.com\/wp-content\/uploads\/2023\/06\/0d9312e54956a736606398b78c.jpg 1200w\" sizes=\"(max-width: 1024px) 100vw, 1024px\" \/><\/p>\n<p><b><strong>Habituellement, nos camions \u00e0 benne basculante peuvent \u00eatre transport\u00e9s par roulier ou vraquier ou conteneur.<\/strong><\/b><br \/>\n<b><strong>D\u00e9tails d&#039;emballage : Ro-Ro ou en vrac sur les navires et les ports de votre pays. Si le camion est sur le pont, nous pulv\u00e9riserons gratuitement de la peinture antirouille. Habituellement, nous mettrons le camion dans la cabine.<\/strong><\/b><\/p>","protected":false},"excerpt":{"rendered":"<p>Howo 371 Tractor Head Howo Truck adopts multi-leaf spring design, and can be geared up with 300~480 hP Weichai engine, which can essentially meet your a variety of automobile needs.Howo\u00a0vehicles bought via our enterprise now not solely consist of\u00a0Howo\u00a0tractor trucks,\u00a0Howo\u00a0trucks, however additionally\u00a0Howo Truck\u00a0vans on sale. Features and advantages of\u00a0Howo Truck 1.\u00a0Howo Truck\u00a0uses Weichai high-power engine, [&hellip;]<\/p>","protected":false},"featured_media":2105,"template":"","meta":{"site-sidebar-layout":"default","site-content-layout":"default","ast-site-content-layout":"default","site-content-style":"default","site-sidebar-style":"default","ast-global-header-display":"","ast-banner-title-visibility":"","ast-main-header-display":"","ast-hfb-above-header-display":"","ast-hfb-below-header-display":"","ast-hfb-mobile-header-display":"","site-post-title":"","ast-breadcrumbs-content":"","ast-featured-img":"","footer-sml-layout":"","ast-disable-related-posts":"","theme-transparent-header-meta":"default","adv-header-id-meta":"","stick-header-meta":"","header-above-stick-meta":"","header-main-stick-meta":"","header-below-stick-meta":"","astra-migrate-meta-layouts":"default","ast-page-background-enabled":"default","ast-page-background-meta":{"desktop":{"background-color":"","background-image":"","background-repeat":"repeat","background-position":"center center","background-size":"auto","background-attachment":"scroll","background-type":"","background-media":"","overlay-type":"","overlay-color":"","overlay-opacity":"","overlay-gradient":""},"tablet":{"background-color":"","background-image":"","background-repeat":"repeat","background-position":"center center","background-size":"auto","background-attachment":"scroll","background-type":"","background-media":"","overlay-type":"","overlay-color":"","overlay-opacity":"","overlay-gradient":""},"mobile":{"background-color":"","background-image":"","background-repeat":"repeat","background-position":"center center","background-size":"auto","background-attachment":"scroll","background-type":"","background-media":"","overlay-type":"","overlay-color":"","overlay-opacity":"","overlay-gradient":""}},"ast-content-background-meta":{"desktop":{"background-color":"var(--ast-global-color-5)","background-image":"","background-repeat":"repeat","background-position":"center center","background-size":"auto","background-attachment":"scroll","background-type":"","background-media":"","overlay-type":"","overlay-color":"","overlay-opacity":"","overlay-gradient":""},"tablet":{"background-color":"var(--ast-global-color-5)","background-image":"","background-repeat":"repeat","background-position":"center center","background-size":"auto","background-attachment":"scroll","background-type":"","background-media":"","overlay-type":"","overlay-color":"","overlay-opacity":"","overlay-gradient":""},"mobile":{"background-color":"var(--ast-global-color-5)","background-image":"","background-repeat":"repeat","background-position":"center center","background-size":"auto","background-attachment":"scroll","background-type":"","background-media":"","overlay-type":"","overlay-color":"","overlay-opacity":"","overlay-gradient":""}}},"product_brand":[],"product_cat":[25],"product_tag":[],"class_list":{"0":"post-2103","1":"product","2":"type-product","3":"status-publish","4":"has-post-thumbnail","6":"product_cat-tractor-truck","7":"desktop-align-left","8":"tablet-align-left","9":"mobile-align-left","11":"first","12":"instock","13":"shipping-taxable","14":"product-type-simple"},"_links":{"self":[{"href":"https:\/\/satisfybot.com\/fr\/wp-json\/wp\/v2\/product\/2103","targetHints":{"allow":["GET"]}}],"collection":[{"href":"https:\/\/satisfybot.com\/fr\/wp-json\/wp\/v2\/product"}],"about":[{"href":"https:\/\/satisfybot.com\/fr\/wp-json\/wp\/v2\/types\/product"}],"version-history":[{"count":0,"href":"https:\/\/satisfybot.com\/fr\/wp-json\/wp\/v2\/product\/2103\/revisions"}],"wp:featuredmedia":[{"embeddable":true,"href":"https:\/\/satisfybot.com\/fr\/wp-json\/wp\/v2\/media\/2105"}],"wp:attachment":[{"href":"https:\/\/satisfybot.com\/fr\/wp-json\/wp\/v2\/media?parent=2103"}],"wp:term":[{"taxonomy":"product_brand","embeddable":true,"href":"https:\/\/satisfybot.com\/fr\/wp-json\/wp\/v2\/product_brand?post=2103"},{"taxonomy":"product_cat","embeddable":true,"href":"https:\/\/satisfybot.com\/fr\/wp-json\/wp\/v2\/product_cat?post=2103"},{"taxonomy":"product_tag","embeddable":true,"href":"https:\/\/satisfybot.com\/fr\/wp-json\/wp\/v2\/product_tag?post=2103"}],"curies":[{"name":"wp","href":"https:\/\/api.w.org\/{rel}","templated":true}]}}