{"id":2109,"date":"2023-06-25T14:16:56","date_gmt":"2023-06-25T14:16:56","guid":{"rendered":"https:\/\/satisfybot.com\/?post_type=product&#038;p=2109"},"modified":"2023-06-25T14:17:09","modified_gmt":"2023-06-25T14:17:09","slug":"howo-a7-420-tractor-truck","status":"publish","type":"product","link":"https:\/\/satisfybot.com\/fr\/produit\/howo-a7-420-tractor-truck\/","title":{"rendered":"Camion tracteur Howo A7 420"},"content":{"rendered":"<p>Nous fournissons Howo A7 420\u00a0<span class=\"keywords_replace\">Camions tracteurs \u00e0 vendre<\/span>. Nous avons obtenu de grands succ\u00e8s au S\u00e9n\u00e9gal, au Burkina Faso, en Guin\u00e9e, en Sierra Leone, au Lib\u00e9ria, au B\u00e9nin, au Cameroun, au Togo, en R\u00e9publique d\u00e9mocratique du Congo et en R\u00e9publique d\u00e9mocratique du Congo.<\/p>\n<p>Le Howo A7 420\u00a0<span class=\"keywords_replace\">Camion tracteur<\/span>\u00a0est un produit \u00e9prouv\u00e9 de Sinotruck, qui se caract\u00e9rise par une structure fiable, une grande capacit\u00e9 de chargement, une excellente puissance de 420 ch et des performances fiables. Ce mod\u00e8le peut r\u00e9pondre aux exigences des diff\u00e9rentes conditions routi\u00e8res. Ce mod\u00e8le peut satisfaire votre besoin de transport routier longue distance.<\/p>\n<h2><strong>Sp\u00e9cification du camion tracteur Howo A7 420<\/strong><\/h2>\n<p>&nbsp;<\/p>\n<table border=\"1\" cellspacing=\"0\" cellpadding=\"0\" align=\"center\">\n<tbody>\n<tr>\n<td class=\"et2\" width=\"235\" height=\"54\">Cabine<\/td>\n<td class=\"et3\" width=\"459\">Type de conduite 6\u00d74 LHD<\/td>\n<td class=\"et3\" width=\"358\">Cabine standard, avec un lit et climatisation, relevable hydrauliquement \u00e0 70\u00b0 vers l&#039;avant comme photo ci-jointe pour la r\u00e9f.<\/td>\n<\/tr>\n<tr>\n<td class=\"et2\" rowspan=\"3\" height=\"54\">Dimensions principales du v\u00e9hicule<\/td>\n<td class=\"et3\" width=\"459\">Dimensions hors tout (L x l x H) mm<\/td>\n<td class=\"et3\" width=\"358\">6900x2500x3350<\/td>\n<\/tr>\n<tr>\n<td class=\"et3\" width=\"459\">Empattement (mm)<\/td>\n<td class=\"et3\" width=\"358\">3200+1400<\/td>\n<\/tr>\n<tr>\n<td class=\"et3\" width=\"459\">Voie de roue (avant\/arri\u00e8re) (mm)<\/td>\n<td class=\"et3\" width=\"358\">2022\/1830<\/td>\n<\/tr>\n<tr>\n<td class=\"et2\" rowspan=\"4\" height=\"72\">Poids en kg<\/td>\n<td class=\"et3\" width=\"459\">Tare<\/td>\n<td class=\"et3\" width=\"358\">9210<\/td>\n<\/tr>\n<tr>\n<td class=\"et3\" width=\"459\">Capacit\u00e9 de transport<\/td>\n<td class=\"et3\" width=\"358\">45000<\/td>\n<\/tr>\n<tr>\n<td class=\"et3\" width=\"459\">Capacit\u00e9 de chargement des essieux avant<\/td>\n<td class=\"et3\" width=\"358\">1&#215;9000<\/td>\n<\/tr>\n<tr>\n<td class=\"et3\" width=\"459\">Capacit\u00e9 de charge des essieux arri\u00e8re<\/td>\n<td class=\"et3\" width=\"358\">2&#215;16000<\/td>\n<\/tr>\n<tr>\n<td class=\"et2\" rowspan=\"5\" height=\"126\">Moteur<\/td>\n<td class=\"et3\" width=\"459\">Marque<\/td>\n<td class=\"et3\" width=\"358\">Sinotruk<\/td>\n<\/tr>\n<tr>\n<td class=\"et3\" width=\"459\">Mod\u00e8le<\/td>\n<td class=\"et3\" width=\"358\">WD615.47<\/td>\n<\/tr>\n<tr>\n<td class=\"et3\" width=\"459\">Taper<\/td>\n<td class=\"et3\" width=\"358\">Injection directe 4 temps, 6 cylindres en ligne avec refroidissement par eau, suralimentation et refroidissement interm\u00e9diaire<\/td>\n<\/tr>\n<tr>\n<td class=\"et3\" width=\"459\">Puissance du cheval (HP)<\/td>\n<td class=\"et3\" width=\"358\">371HP<\/td>\n<\/tr>\n<tr>\n<td class=\"et3\" width=\"459\">Norme d&#039;\u00e9mission<\/td>\n<td class=\"et3\" width=\"358\">Euro 2<\/td>\n<\/tr>\n<tr>\n<td class=\"et2\" height=\"18\">Bo\u00eete de vitesses<\/td>\n<td class=\"et3\" colspan=\"2\" width=\"817\">HW19710, 10 vitesses avant et 2 vitesses arri\u00e8re<\/td>\n<\/tr>\n<tr>\n<td class=\"et2\" height=\"18\">Embrayage<\/td>\n<td class=\"et3\" colspan=\"2\" width=\"817\">Embrayage \u00e0 diaphragme renforc\u00e9, diam\u00e8tre 430mm<\/td>\n<\/tr>\n<tr>\n<td class=\"et2\" height=\"18\">L&#039;appareil \u00e0 gouverner<\/td>\n<td class=\"et3\" colspan=\"2\" width=\"817\">ZF 8098, direction assist\u00e9e, direction hydraulique avec assistance \u00e9lectrique<\/td>\n<\/tr>\n<tr>\n<td class=\"et2\" height=\"18\">R\u00e9servoir de carburant (L)<\/td>\n<td class=\"et3\" colspan=\"2\" width=\"817\">400<\/td>\n<\/tr>\n<tr>\n<td class=\"et2\" height=\"18\">Pneu<\/td>\n<td class=\"et3\" colspan=\"2\" width=\"817\">Pneu 12R22.5 11 pi\u00e8ces dont un pneu de secours,<\/td>\n<\/tr>\n<tr>\n<td class=\"et2\" height=\"18\">Freins<\/td>\n<td class=\"et3\" colspan=\"2\" width=\"817\">Frein de service : frein \u00e0 air comprim\u00e9 \u00e0 double circuit<br \/>\nFrein de stationnement\u00a0: (frein d&#039;urgence)\u00a0: \u00e9nergie du ressort, air comprim\u00e9 agissant sur les roues arri\u00e8re<br \/>\nFrein auxiliaire : frein sur \u00e9chappement moteur<\/td>\n<\/tr>\n<\/tbody>\n<\/table>\n<p>&nbsp;<\/p>\n<h2><strong>Emballage et exp\u00e9dition<\/strong><\/h2>\n<p>1) Cire : afin d&#039;\u00e9viter que le corps ne soit corrod\u00e9 par l&#039;eau de mer lors du transport, la cire est pulv\u00e9ris\u00e9e.<br \/>\n2) Transport\u00a0: des fournisseurs de fret bien connus fournissent des services logistiques fiables. Le processus de transport est s\u00fbr et rapide.<\/p>\n<p><img fetchpriority=\"high\" decoding=\"async\" class=\"aligncenter size-large wp-image-2099\" src=\"https:\/\/satisfybot.com\/wp-content\/uploads\/2023\/06\/0d9312e54956a736606398b78c-1024x418.jpg\" alt=\"Dongfeng Tractor Head\" width=\"1024\" height=\"418\" srcset=\"https:\/\/satisfybot.com\/wp-content\/uploads\/2023\/06\/0d9312e54956a736606398b78c-1024x418.jpg 1024w, https:\/\/satisfybot.com\/wp-content\/uploads\/2023\/06\/0d9312e54956a736606398b78c-600x245.jpg 600w, https:\/\/satisfybot.com\/wp-content\/uploads\/2023\/06\/0d9312e54956a736606398b78c-300x123.jpg 300w, https:\/\/satisfybot.com\/wp-content\/uploads\/2023\/06\/0d9312e54956a736606398b78c-768x314.jpg 768w, https:\/\/satisfybot.com\/wp-content\/uploads\/2023\/06\/0d9312e54956a736606398b78c.jpg 1200w\" sizes=\"(max-width: 1024px) 100vw, 1024px\" \/><\/p>\n<h2><strong>Notre avantage<\/strong><\/h2>\n<p>1. Usine : nous avons notre propre usine et des travailleurs qualifi\u00e9s, une riche \u00e9quipe de conception exp\u00e9riment\u00e9e et un bon service apr\u00e8s-vente.<br \/>\n2. Qualit\u00e9 et prix : Certification de qualit\u00e9 des produits SGS CCC ISO. Et assurer la haute qualit\u00e9 de vos produits requis. De plus, nous parvenons \u00e0 contr\u00f4ler les co\u00fbts et \u00e0 \u00e9conomiser chaque centime pour votre f\u00eate.<br \/>\n3. Adapt\u00e9 aux besoins du client : Nous pouvons fournir de divers genres de camions et remorques sp\u00e9ciaux et de diverses machines pour vos choix. De plus, nous pouvons le personnaliser selon vos besoins sp\u00e9cifiques.<\/p>\n<p>4. Exp\u00e9rience : Plus de 20 ans d&#039;exp\u00e9rience en tant que fabricant.<\/p>","protected":false},"excerpt":{"rendered":"<p>We supply Howo A7 420\u00a0Tractor Trucks for Sale. We have achieved great success in Senegal, Burkina Faso, Guinea, Sierra Leone, Liberia, Benin, Cameroon, Togo, the Democratic Republic of Congo, and the Democratic Republic of Congo. The Howo A7 420\u00a0Tractor Truck\u00a0is a proven product of Sinotruck, which features a reliable structure, great loading capacity, excellent power [&hellip;]<\/p>","protected":false},"featured_media":2110,"template":"","meta":{"site-sidebar-layout":"default","site-content-layout":"default","ast-site-content-layout":"default","site-content-style":"default","site-sidebar-style":"default","ast-global-header-display":"","ast-banner-title-visibility":"","ast-main-header-display":"","ast-hfb-above-header-display":"","ast-hfb-below-header-display":"","ast-hfb-mobile-header-display":"","site-post-title":"","ast-breadcrumbs-content":"","ast-featured-img":"","footer-sml-layout":"","ast-disable-related-posts":"","theme-transparent-header-meta":"default","adv-header-id-meta":"","stick-header-meta":"","header-above-stick-meta":"","header-main-stick-meta":"","header-below-stick-meta":"","astra-migrate-meta-layouts":"default","ast-page-background-enabled":"default","ast-page-background-meta":{"desktop":{"background-color":"","background-image":"","background-repeat":"repeat","background-position":"center center","background-size":"auto","background-attachment":"scroll","background-type":"","background-media":"","overlay-type":"","overlay-color":"","overlay-opacity":"","overlay-gradient":""},"tablet":{"background-color":"","background-image":"","background-repeat":"repeat","background-position":"center center","background-size":"auto","background-attachment":"scroll","background-type":"","background-media":"","overlay-type":"","overlay-color":"","overlay-opacity":"","overlay-gradient":""},"mobile":{"background-color":"","background-image":"","background-repeat":"repeat","background-position":"center center","background-size":"auto","background-attachment":"scroll","background-type":"","background-media":"","overlay-type":"","overlay-color":"","overlay-opacity":"","overlay-gradient":""}},"ast-content-background-meta":{"desktop":{"background-color":"var(--ast-global-color-5)","background-image":"","background-repeat":"repeat","background-position":"center center","background-size":"auto","background-attachment":"scroll","background-type":"","background-media":"","overlay-type":"","overlay-color":"","overlay-opacity":"","overlay-gradient":""},"tablet":{"background-color":"var(--ast-global-color-5)","background-image":"","background-repeat":"repeat","background-position":"center center","background-size":"auto","background-attachment":"scroll","background-type":"","background-media":"","overlay-type":"","overlay-color":"","overlay-opacity":"","overlay-gradient":""},"mobile":{"background-color":"var(--ast-global-color-5)","background-image":"","background-repeat":"repeat","background-position":"center center","background-size":"auto","background-attachment":"scroll","background-type":"","background-media":"","overlay-type":"","overlay-color":"","overlay-opacity":"","overlay-gradient":""}}},"product_brand":[],"product_cat":[25],"product_tag":[],"class_list":{"0":"post-2109","1":"product","2":"type-product","3":"status-publish","4":"has-post-thumbnail","6":"product_cat-tractor-truck","7":"desktop-align-left","8":"tablet-align-left","9":"mobile-align-left","11":"first","12":"instock","13":"shipping-taxable","14":"product-type-simple"},"_links":{"self":[{"href":"https:\/\/satisfybot.com\/fr\/wp-json\/wp\/v2\/product\/2109","targetHints":{"allow":["GET"]}}],"collection":[{"href":"https:\/\/satisfybot.com\/fr\/wp-json\/wp\/v2\/product"}],"about":[{"href":"https:\/\/satisfybot.com\/fr\/wp-json\/wp\/v2\/types\/product"}],"version-history":[{"count":0,"href":"https:\/\/satisfybot.com\/fr\/wp-json\/wp\/v2\/product\/2109\/revisions"}],"wp:featuredmedia":[{"embeddable":true,"href":"https:\/\/satisfybot.com\/fr\/wp-json\/wp\/v2\/media\/2110"}],"wp:attachment":[{"href":"https:\/\/satisfybot.com\/fr\/wp-json\/wp\/v2\/media?parent=2109"}],"wp:term":[{"taxonomy":"product_brand","embeddable":true,"href":"https:\/\/satisfybot.com\/fr\/wp-json\/wp\/v2\/product_brand?post=2109"},{"taxonomy":"product_cat","embeddable":true,"href":"https:\/\/satisfybot.com\/fr\/wp-json\/wp\/v2\/product_cat?post=2109"},{"taxonomy":"product_tag","embeddable":true,"href":"https:\/\/satisfybot.com\/fr\/wp-json\/wp\/v2\/product_tag?post=2109"}],"curies":[{"name":"wp","href":"https:\/\/api.w.org\/{rel}","templated":true}]}}