{"id":2119,"date":"2023-06-25T14:24:16","date_gmt":"2023-06-25T14:24:16","guid":{"rendered":"https:\/\/satisfybot.com\/?post_type=product&#038;p=2119"},"modified":"2023-06-25T14:24:16","modified_gmt":"2023-06-25T14:24:16","slug":"howo-6x4-cargo-truck","status":"publish","type":"product","link":"https:\/\/satisfybot.com\/fr\/produit\/howo-6x4-cargo-truck\/","title":{"rendered":"Camion de fret Howo 6 \u00d7 4"},"content":{"rendered":"<p>Nous sommes un Howo 6\u00d74\u00a0<span class=\"keywords_replace\">Camion de marchandises<\/span>\u00a0fabricant en Chine. Des camions, des camions \u00e0 benne basculante, des tracteurs, des camions malaxeurs \u00e0 b\u00e9ton, des camions-citernes et d&#039;autres camions Sinotruk sont disponibles pour les clients. Nos camions lourds adoptent les normes d&#039;\u00e9missions Euro II et Euro III, une \u00e9conomie de carburant \u00e9lev\u00e9e et une grande fiabilit\u00e9. Nous avons le choix entre des camions de fret 4\u00d72, 6\u00d74 et 8\u00d74.<\/p>\n<div><img decoding=\"async\" class=\"aligncenter\" title=\"Camion de fret Howo 6x4\" src=\"https:\/\/bsg-i.nbxc.com\/product\/67\/68\/b2\/3ecf9edd394dca3b25a7357542.jpg\" alt=\"Howo 6x4 Cargo Truck\" \/><\/div>\n<p>Les camions de fret Howo 6 \u00d7 4 sont principalement utilis\u00e9s pour transporter des marchandises. Il se compose principalement de deux types\u00a0: les camions de fret r\u00e9guliers et les camions multi-cargos. Un camion de fret commun peut avoir un arri\u00e8re ouvert (dalle) ou un arri\u00e8re ferm\u00e9, o\u00f9 la cargaison est empil\u00e9e. Les camions de fret utilitaires sont \u00e9galement con\u00e7us pour transporter des marchandises. Il dispose g\u00e9n\u00e9ralement de plusieurs si\u00e8ges fixes ou rabattables et peut accueillir 3 passagers ou plus.<\/p>\n<h2><strong>Sp\u00e9cification du camion de fret Howo 6 \u00d7 4<\/strong><\/h2>\n<p>&nbsp;<\/p>\n<table border=\"1\" cellspacing=\"0\" cellpadding=\"0\" align=\"center\">\n<tbody>\n<tr>\n<td class=\"et2\" width=\"217\" height=\"18\">Mod\u00e8le de camion<\/td>\n<td class=\"et2\" width=\"661\">ZZ1257S4641 LHD<\/td>\n<\/tr>\n<tr>\n<td class=\"et2\" height=\"18\">Dimension (LxlxH)<\/td>\n<td class=\"et2\">10350x2496x3718mm<\/td>\n<\/tr>\n<tr>\n<td class=\"et2\" height=\"18\">Cargaison de dimension ext\u00e9rieure<\/td>\n<td class=\"et2\">7500x2300x1400mm<\/td>\n<\/tr>\n<tr>\n<td class=\"et2\" height=\"18\">Cargaison \u00e0 l&#039;int\u00e9rieur de la dimension<\/td>\n<td class=\"et2\">7400x2300x(800+600)mm<\/td>\n<\/tr>\n<tr>\n<td class=\"et2\" height=\"18\">\u00c9paisseur de la cargaison(mm)<\/td>\n<td class=\"et2\">Bas : 3 mm, c\u00f4t\u00e9 : 1,5 mm, la plaque de corps d\u00e9tachable<\/td>\n<\/tr>\n<tr>\n<td class=\"et2\" height=\"18\">Empattement (mm)<\/td>\n<td class=\"et2\">4600+1350<\/td>\n<\/tr>\n<tr>\n<td class=\"et2\" height=\"18\">Vitesse maximale(km\/h)<\/td>\n<td class=\"et2\">902<\/td>\n<\/tr>\n<tr>\n<td class=\"et2\" height=\"18\">Poids de chargement (kg)<\/td>\n<td class=\"et2\">24m3<\/td>\n<\/tr>\n<tr>\n<td class=\"et2\" height=\"18\">Mod\u00e8le<\/td>\n<td class=\"et2\">WD615.47, refroidi par eau, quatre temps, 6 cylindres en ligne avec refroidissement par eau,<\/td>\n<\/tr>\n<tr>\n<td class=\"et2\" height=\"18\">Type de carburant<\/td>\n<td class=\"et2\">Diesel<\/td>\n<\/tr>\n<tr>\n<td class=\"et2\" height=\"18\">Puissance du cheval<\/td>\n<td class=\"et2\">371 ch<\/td>\n<\/tr>\n<tr>\n<td class=\"et2\" height=\"18\">\u00c9mission<\/td>\n<td class=\"et2\">Euro2<\/td>\n<\/tr>\n<tr>\n<td class=\"et2\" height=\"18\">Capacit\u00e9 du r\u00e9servoir de carburant (L)<\/td>\n<td class=\"et2\">300<\/td>\n<\/tr>\n<tr>\n<td class=\"et2\" height=\"18\">Transmission<\/td>\n<td class=\"et2\">HW19710<\/td>\n<\/tr>\n<tr>\n<td class=\"et2\" height=\"18\">Syst\u00e8me de freinage<\/td>\n<td class=\"et2\">syst\u00e8me de freinage<\/td>\n<\/tr>\n<tr>\n<td class=\"et2\" height=\"18\">Syst\u00e8me de direction<\/td>\n<td class=\"et2\">ZF8118, \u00e9nergie de ressort, air comprim\u00e9 fonctionnant sur les roues arri\u00e8re<\/td>\n<\/tr>\n<tr>\n<td class=\"et2\" height=\"18\">Essieu avant<\/td>\n<td class=\"et2\">Type de tambour HF9, direction avec poutre \u00e0 double section en T<\/td>\n<\/tr>\n<tr>\n<td class=\"et2\" height=\"18\">Essieu arri\u00e8re<\/td>\n<td class=\"et2\">HC16<\/td>\n<\/tr>\n<tr>\n<td class=\"et2\" height=\"18\">Couleur<\/td>\n<td class=\"et2\">Couleur comme exigence du client<\/td>\n<\/tr>\n<tr>\n<td class=\"et2\" height=\"18\">Pneu<\/td>\n<td class=\"et2\">1200R20 TR668 10+1<\/td>\n<\/tr>\n<tr>\n<td class=\"et2\" height=\"18\">Syst\u00e8me \u00e9lectrique<\/td>\n<td class=\"et2\">2X12V\/165Ah,28V-1500kw,7.5Kw\/24V<\/td>\n<\/tr>\n<\/tbody>\n<\/table>\n<p>&nbsp;<\/p>\n<h2><strong>Emballage et exp\u00e9dition<\/strong><\/h2>\n<p>Nous avons une ligne de transport mature, qui peut \u00eatre transport\u00e9e \u00e0 destination par remorque, chemin de fer et transport maritime.<\/p>\n<p><img fetchpriority=\"high\" decoding=\"async\" class=\"aligncenter size-large wp-image-2099\" src=\"https:\/\/satisfybot.com\/wp-content\/uploads\/2023\/06\/0d9312e54956a736606398b78c-1024x418.jpg\" alt=\"Dongfeng Tractor Head\" width=\"1024\" height=\"418\" srcset=\"https:\/\/satisfybot.com\/wp-content\/uploads\/2023\/06\/0d9312e54956a736606398b78c-1024x418.jpg 1024w, https:\/\/satisfybot.com\/wp-content\/uploads\/2023\/06\/0d9312e54956a736606398b78c-600x245.jpg 600w, https:\/\/satisfybot.com\/wp-content\/uploads\/2023\/06\/0d9312e54956a736606398b78c-300x123.jpg 300w, https:\/\/satisfybot.com\/wp-content\/uploads\/2023\/06\/0d9312e54956a736606398b78c-768x314.jpg 768w, https:\/\/satisfybot.com\/wp-content\/uploads\/2023\/06\/0d9312e54956a736606398b78c.jpg 1200w\" sizes=\"(max-width: 1024px) 100vw, 1024px\" \/><\/p>","protected":false},"excerpt":{"rendered":"<p>We are a Howo 6&#215;4\u00a0Cargo Truck\u00a0manufacturer in China. Trucks, dump trucks, tractors, concrete mixer trucks, tank trucks, and other Sinotruk trucks are available for customers. Our heavy-duty trucks adopt Euro II and Euro III standard emissions, high fuel economy, and high reliability. We have 4&#215;2, 6&#215;4, and 8&#215;4 drive cargo trucks for you to choose [&hellip;]<\/p>","protected":false},"featured_media":2123,"template":"","meta":{"site-sidebar-layout":"default","site-content-layout":"default","ast-site-content-layout":"default","site-content-style":"default","site-sidebar-style":"default","ast-global-header-display":"","ast-banner-title-visibility":"","ast-main-header-display":"","ast-hfb-above-header-display":"","ast-hfb-below-header-display":"","ast-hfb-mobile-header-display":"","site-post-title":"","ast-breadcrumbs-content":"","ast-featured-img":"","footer-sml-layout":"","ast-disable-related-posts":"","theme-transparent-header-meta":"default","adv-header-id-meta":"","stick-header-meta":"","header-above-stick-meta":"","header-main-stick-meta":"","header-below-stick-meta":"","astra-migrate-meta-layouts":"default","ast-page-background-enabled":"default","ast-page-background-meta":{"desktop":{"background-color":"","background-image":"","background-repeat":"repeat","background-position":"center center","background-size":"auto","background-attachment":"scroll","background-type":"","background-media":"","overlay-type":"","overlay-color":"","overlay-opacity":"","overlay-gradient":""},"tablet":{"background-color":"","background-image":"","background-repeat":"repeat","background-position":"center center","background-size":"auto","background-attachment":"scroll","background-type":"","background-media":"","overlay-type":"","overlay-color":"","overlay-opacity":"","overlay-gradient":""},"mobile":{"background-color":"","background-image":"","background-repeat":"repeat","background-position":"center center","background-size":"auto","background-attachment":"scroll","background-type":"","background-media":"","overlay-type":"","overlay-color":"","overlay-opacity":"","overlay-gradient":""}},"ast-content-background-meta":{"desktop":{"background-color":"var(--ast-global-color-5)","background-image":"","background-repeat":"repeat","background-position":"center center","background-size":"auto","background-attachment":"scroll","background-type":"","background-media":"","overlay-type":"","overlay-color":"","overlay-opacity":"","overlay-gradient":""},"tablet":{"background-color":"var(--ast-global-color-5)","background-image":"","background-repeat":"repeat","background-position":"center center","background-size":"auto","background-attachment":"scroll","background-type":"","background-media":"","overlay-type":"","overlay-color":"","overlay-opacity":"","overlay-gradient":""},"mobile":{"background-color":"var(--ast-global-color-5)","background-image":"","background-repeat":"repeat","background-position":"center center","background-size":"auto","background-attachment":"scroll","background-type":"","background-media":"","overlay-type":"","overlay-color":"","overlay-opacity":"","overlay-gradient":""}}},"product_brand":[],"product_cat":[26],"product_tag":[],"class_list":{"0":"post-2119","1":"product","2":"type-product","3":"status-publish","4":"has-post-thumbnail","6":"product_cat-cargo-truck","7":"desktop-align-left","8":"tablet-align-left","9":"mobile-align-left","11":"first","12":"instock","13":"shipping-taxable","14":"product-type-simple"},"_links":{"self":[{"href":"https:\/\/satisfybot.com\/fr\/wp-json\/wp\/v2\/product\/2119","targetHints":{"allow":["GET"]}}],"collection":[{"href":"https:\/\/satisfybot.com\/fr\/wp-json\/wp\/v2\/product"}],"about":[{"href":"https:\/\/satisfybot.com\/fr\/wp-json\/wp\/v2\/types\/product"}],"version-history":[{"count":0,"href":"https:\/\/satisfybot.com\/fr\/wp-json\/wp\/v2\/product\/2119\/revisions"}],"wp:featuredmedia":[{"embeddable":true,"href":"https:\/\/satisfybot.com\/fr\/wp-json\/wp\/v2\/media\/2123"}],"wp:attachment":[{"href":"https:\/\/satisfybot.com\/fr\/wp-json\/wp\/v2\/media?parent=2119"}],"wp:term":[{"taxonomy":"product_brand","embeddable":true,"href":"https:\/\/satisfybot.com\/fr\/wp-json\/wp\/v2\/product_brand?post=2119"},{"taxonomy":"product_cat","embeddable":true,"href":"https:\/\/satisfybot.com\/fr\/wp-json\/wp\/v2\/product_cat?post=2119"},{"taxonomy":"product_tag","embeddable":true,"href":"https:\/\/satisfybot.com\/fr\/wp-json\/wp\/v2\/product_tag?post=2119"}],"curies":[{"name":"wp","href":"https:\/\/api.w.org\/{rel}","templated":true}]}}