{"id":2124,"date":"2023-06-25T14:29:44","date_gmt":"2023-06-25T14:29:44","guid":{"rendered":"https:\/\/satisfybot.com\/?post_type=product&#038;p=2124"},"modified":"2023-06-25T14:29:45","modified_gmt":"2023-06-25T14:29:45","slug":"3-axles-side-wall-grain-farm-fence-trailer","status":"publish","type":"product","link":"https:\/\/satisfybot.com\/fr\/produit\/3-axles-side-wall-grain-farm-fence-trailer\/","title":{"rendered":"Remorque de cl\u00f4ture de ferme c\u00e9r\u00e9ali\u00e8re \u00e0 paroi lat\u00e9rale \u00e0 3 essieux"},"content":{"rendered":"<p><strong>3 essieux 40T 60T Drop Side Wall Remorque de cl\u00f4ture de ferme de c\u00e9r\u00e9ales<\/strong><\/p>\n<p><strong>Description du produit:<\/strong><\/p>\n<p>Les remorques de transport de c\u00e9r\u00e9ales sont des remorques utilis\u00e9es pour transporter des produits en vrac tels que des c\u00e9r\u00e9ales qui sont tir\u00e9es par des camions-tracteurs. Ces remorques sont largement utilis\u00e9es dans toute l&#039;Afrique pour transporter des produits agricoles et toute autre marchandise pouvant \u00eatre transport\u00e9e et manutentionn\u00e9e en vrac par des remorques. Chengda la poutre est en acier de construction \u00e0 haute r\u00e9sistance Q345B, la poutre transversale est automatiquement soud\u00e9e \u00e0 l&#039;arc submerg\u00e9 et la structure principale de la poutre longitudinale a le meilleur effet de roulement. Et nous fournissons les essieux et les syst\u00e8mes de suspension de marque bien connus, des performances \u00e9lev\u00e9es et une utilisation fiable, garantissant les bonnes performances de l&#039;ensemble du v\u00e9hicule.<\/p>\n<p>Remorques de cl\u00f4ture 3 essieux 40T avec cl\u00f4ture haute (ci-dessous)<\/p>\n<p><img fetchpriority=\"high\" decoding=\"async\" class=\"aligncenter size-full wp-image-2128\" src=\"https:\/\/satisfybot.com\/wp-content\/uploads\/2023\/06\/4283bc1a34bc8f0218f6273f69.jpg\" alt=\"Advantages:1. The frame body is Q345B high-strength structural steel, the cross-beam is automatically submerged arc welding, and the main longitudinal beam structure has the best bearing effect.2. Well-known brand axles and suspension systems, high performance and reliable use, guarantee the good performance of the whole vehicle.3. The trailers floor is checker plate, this will keep the other bulk cargo more stable, like the bags, or long stuff.4. We offer Fence trailers with various customization options.Specification:Overall dimension 11500*2500*3600mmLoading capacity 40TTyre and quantity 12R22.5 12setsLanding gear 28TPlatform plate 3mm Checkered steel plateBrake system Dual Line braking system ,none ABS.Brake air chamber Four double and two single chamberPacking and Delievery:We provide Roro shipment and Bulk shipment, anyone you can choose.\" width=\"1000\" height=\"1000\" srcset=\"https:\/\/satisfybot.com\/wp-content\/uploads\/2023\/06\/4283bc1a34bc8f0218f6273f69.jpg 1000w, https:\/\/satisfybot.com\/wp-content\/uploads\/2023\/06\/4283bc1a34bc8f0218f6273f69-300x300.jpg 300w, https:\/\/satisfybot.com\/wp-content\/uploads\/2023\/06\/4283bc1a34bc8f0218f6273f69-100x100.jpg 100w, https:\/\/satisfybot.com\/wp-content\/uploads\/2023\/06\/4283bc1a34bc8f0218f6273f69-600x600.jpg 600w, https:\/\/satisfybot.com\/wp-content\/uploads\/2023\/06\/4283bc1a34bc8f0218f6273f69-150x150.jpg 150w, https:\/\/satisfybot.com\/wp-content\/uploads\/2023\/06\/4283bc1a34bc8f0218f6273f69-768x768.jpg 768w\" sizes=\"(max-width: 1000px) 100vw, 1000px\" \/><\/p>\n<p><strong>Avantages :<\/strong><br \/>\n1. Le corps du ch\u00e2ssis est en acier de construction \u00e0 haute r\u00e9sistance Q345B, la traverse est automatiquement soud\u00e9e \u00e0 l&#039;arc submerg\u00e9 et la structure principale de la poutre longitudinale a le meilleur effet de roulement.<br \/>\n2. Des essieux et des syst\u00e8mes de suspension de marque bien connus, des performances \u00e9lev\u00e9es et une utilisation fiable, garantissent les bonnes performances de l&#039;ensemble du v\u00e9hicule.<\/p>\n<p>3. Le plancher de la remorque est en t\u00f4le stri\u00e9e, ce qui maintiendra les autres cargaisons en vrac plus stables, comme les sacs ou les objets longs.<br \/>\n4. Nous proposons des remorques Fence avec diverses options de personnalisation.<\/p>\n<p><strong>Sp\u00e9cification:<\/strong><\/p>\n<p>Dimension globale 11500*2500*3600mm<br \/>\nCapacit\u00e9 de chargement 40T<br \/>\nPneu et quantit\u00e9 12R22.5 12sets<\/p>\n<p>Train d&#039;atterrissage 28T<br \/>\nPlaque de plate-forme 3mm Plaque d&#039;acier quadrill\u00e9e<br \/>\nSyst\u00e8me de freinage Syst\u00e8me de freinage Dual Line, aucun ABS.<\/p>\n<p>Chambre \u00e0 air de frein Quatre chambres doubles et deux chambres simples<\/p>\n<p><strong>Emballage et livraison :<\/strong><\/p>\n<p>Nous fournissons l&#039;exp\u00e9dition Roro et l&#039;exp\u00e9dition en vrac, n&#039;importe qui que vous pouvez choisir.<\/p>\n<p><img decoding=\"async\" class=\"aligncenter size-large wp-image-2099\" src=\"https:\/\/satisfybot.com\/wp-content\/uploads\/2023\/06\/0d9312e54956a736606398b78c-1024x418.jpg\" alt=\"Dongfeng Tractor Head\" width=\"1024\" height=\"418\" srcset=\"https:\/\/satisfybot.com\/wp-content\/uploads\/2023\/06\/0d9312e54956a736606398b78c-1024x418.jpg 1024w, https:\/\/satisfybot.com\/wp-content\/uploads\/2023\/06\/0d9312e54956a736606398b78c-600x245.jpg 600w, https:\/\/satisfybot.com\/wp-content\/uploads\/2023\/06\/0d9312e54956a736606398b78c-300x123.jpg 300w, https:\/\/satisfybot.com\/wp-content\/uploads\/2023\/06\/0d9312e54956a736606398b78c-768x314.jpg 768w, https:\/\/satisfybot.com\/wp-content\/uploads\/2023\/06\/0d9312e54956a736606398b78c.jpg 1200w\" sizes=\"(max-width: 1024px) 100vw, 1024px\" \/><\/p>","protected":false},"excerpt":{"rendered":"<p>3 Axles 40T 60T Drop Side Wall Grain Farm Fence Trailer Product Description: Grain transport trailers are trailers used to transport bulk commodities such as grains that are pulled by truck tractors. These trailers are widely used throughout Africa to transport agricultural products and any other commodities that can be transported and handled in bulk [&hellip;]<\/p>","protected":false},"featured_media":2125,"template":"","meta":{"site-sidebar-layout":"default","site-content-layout":"default","ast-site-content-layout":"default","site-content-style":"default","site-sidebar-style":"default","ast-global-header-display":"","ast-banner-title-visibility":"","ast-main-header-display":"","ast-hfb-above-header-display":"","ast-hfb-below-header-display":"","ast-hfb-mobile-header-display":"","site-post-title":"","ast-breadcrumbs-content":"","ast-featured-img":"","footer-sml-layout":"","ast-disable-related-posts":"","theme-transparent-header-meta":"default","adv-header-id-meta":"","stick-header-meta":"","header-above-stick-meta":"","header-main-stick-meta":"","header-below-stick-meta":"","astra-migrate-meta-layouts":"default","ast-page-background-enabled":"default","ast-page-background-meta":{"desktop":{"background-color":"","background-image":"","background-repeat":"repeat","background-position":"center center","background-size":"auto","background-attachment":"scroll","background-type":"","background-media":"","overlay-type":"","overlay-color":"","overlay-opacity":"","overlay-gradient":""},"tablet":{"background-color":"","background-image":"","background-repeat":"repeat","background-position":"center center","background-size":"auto","background-attachment":"scroll","background-type":"","background-media":"","overlay-type":"","overlay-color":"","overlay-opacity":"","overlay-gradient":""},"mobile":{"background-color":"","background-image":"","background-repeat":"repeat","background-position":"center center","background-size":"auto","background-attachment":"scroll","background-type":"","background-media":"","overlay-type":"","overlay-color":"","overlay-opacity":"","overlay-gradient":""}},"ast-content-background-meta":{"desktop":{"background-color":"var(--ast-global-color-5)","background-image":"","background-repeat":"repeat","background-position":"center center","background-size":"auto","background-attachment":"scroll","background-type":"","background-media":"","overlay-type":"","overlay-color":"","overlay-opacity":"","overlay-gradient":""},"tablet":{"background-color":"var(--ast-global-color-5)","background-image":"","background-repeat":"repeat","background-position":"center center","background-size":"auto","background-attachment":"scroll","background-type":"","background-media":"","overlay-type":"","overlay-color":"","overlay-opacity":"","overlay-gradient":""},"mobile":{"background-color":"var(--ast-global-color-5)","background-image":"","background-repeat":"repeat","background-position":"center center","background-size":"auto","background-attachment":"scroll","background-type":"","background-media":"","overlay-type":"","overlay-color":"","overlay-opacity":"","overlay-gradient":""}}},"product_brand":[],"product_cat":[26],"product_tag":[],"class_list":{"0":"post-2124","1":"product","2":"type-product","3":"status-publish","4":"has-post-thumbnail","6":"product_cat-cargo-truck","7":"desktop-align-left","8":"tablet-align-left","9":"mobile-align-left","11":"first","12":"instock","13":"shipping-taxable","14":"product-type-simple"},"_links":{"self":[{"href":"https:\/\/satisfybot.com\/fr\/wp-json\/wp\/v2\/product\/2124","targetHints":{"allow":["GET"]}}],"collection":[{"href":"https:\/\/satisfybot.com\/fr\/wp-json\/wp\/v2\/product"}],"about":[{"href":"https:\/\/satisfybot.com\/fr\/wp-json\/wp\/v2\/types\/product"}],"version-history":[{"count":0,"href":"https:\/\/satisfybot.com\/fr\/wp-json\/wp\/v2\/product\/2124\/revisions"}],"wp:featuredmedia":[{"embeddable":true,"href":"https:\/\/satisfybot.com\/fr\/wp-json\/wp\/v2\/media\/2125"}],"wp:attachment":[{"href":"https:\/\/satisfybot.com\/fr\/wp-json\/wp\/v2\/media?parent=2124"}],"wp:term":[{"taxonomy":"product_brand","embeddable":true,"href":"https:\/\/satisfybot.com\/fr\/wp-json\/wp\/v2\/product_brand?post=2124"},{"taxonomy":"product_cat","embeddable":true,"href":"https:\/\/satisfybot.com\/fr\/wp-json\/wp\/v2\/product_cat?post=2124"},{"taxonomy":"product_tag","embeddable":true,"href":"https:\/\/satisfybot.com\/fr\/wp-json\/wp\/v2\/product_tag?post=2124"}],"curies":[{"name":"wp","href":"https:\/\/api.w.org\/{rel}","templated":true}]}}