{"id":2129,"date":"2023-06-25T14:42:27","date_gmt":"2023-06-25T14:42:27","guid":{"rendered":"https:\/\/satisfybot.com\/?post_type=product&#038;p=2129"},"modified":"2023-06-25T14:42:27","modified_gmt":"2023-06-25T14:42:27","slug":"sinotruk-howo-6x4-diesel-engine-cargo-truck","status":"publish","type":"product","link":"https:\/\/satisfybot.com\/fr\/produit\/sinotruk-howo-6x4-diesel-engine-cargo-truck\/","title":{"rendered":"Camion de cargaison de moteur diesel de Sinotruk Howo 6X4"},"content":{"rendered":"<h2>Camion de fret \u00e0 moteur diesel Sinotruk Howo 6 \u00d7 4<\/h2>\n<p>Le camion HOWO est un produit tr\u00e8s pratique. Il peut personnaliser la taille du seau en fonction des diff\u00e9rents besoins de transport des clients. En plus de transporter des marchandises l\u00e9g\u00e8res, des conteneurs, il peut \u00e9galement transporter toutes sortes de volailles. Prix raisonnable et assurance qualit\u00e9.<\/p>\n<p>Nous ne fournissons pas seulement des camions, nous avons \u00e9galement des usines de remorques. Non seulement la remorque compl\u00e8te, mais \u00e9galement toutes sortes de semi-remorques. Comme la remorque citerne \u00e0 carburant \u00e0 3 essieux, la plus populaire au Malawi, la semi-remorque \u00e0 plat \u00e0 3 essieux est une vente chaude en Tanzanie. Et d&#039;autres produits de vente chauds comme la remorque en vrac de ciment, la remorque citerne \u00e0 eau, la semi-remorque surbaiss\u00e9e, etc.<\/p>\n<p><img fetchpriority=\"high\" decoding=\"async\" class=\"aligncenter size-full wp-image-2137\" src=\"https:\/\/satisfybot.com\/wp-content\/uploads\/2023\/06\/6d943e5830fcf80afe74b30067.jpg@4e_500w_500h.src_watermark2textd3d3LmNoZW5nZGFzZW1pdHJhaWxlci5jb20t75colorI0ZGRkZGRgsize19p9_95Q.jpg\" alt=\"\" width=\"500\" height=\"500\" srcset=\"https:\/\/satisfybot.com\/wp-content\/uploads\/2023\/06\/6d943e5830fcf80afe74b30067.jpg@4e_500w_500h.src_watermark2textd3d3LmNoZW5nZGFzZW1pdHJhaWxlci5jb20t75colorI0ZGRkZGRgsize19p9_95Q.jpg 500w, https:\/\/satisfybot.com\/wp-content\/uploads\/2023\/06\/6d943e5830fcf80afe74b30067.jpg@4e_500w_500h.src_watermark2textd3d3LmNoZW5nZGFzZW1pdHJhaWxlci5jb20t75colorI0ZGRkZGRgsize19p9_95Q-300x300.jpg 300w, https:\/\/satisfybot.com\/wp-content\/uploads\/2023\/06\/6d943e5830fcf80afe74b30067.jpg@4e_500w_500h.src_watermark2textd3d3LmNoZW5nZGFzZW1pdHJhaWxlci5jb20t75colorI0ZGRkZGRgsize19p9_95Q-100x100.jpg 100w, https:\/\/satisfybot.com\/wp-content\/uploads\/2023\/06\/6d943e5830fcf80afe74b30067.jpg@4e_500w_500h.src_watermark2textd3d3LmNoZW5nZGFzZW1pdHJhaWxlci5jb20t75colorI0ZGRkZGRgsize19p9_95Q-150x150.jpg 150w\" sizes=\"(max-width: 500px) 100vw, 500px\" \/><\/p>\n<h2>Emballage:<\/h2>\n<p class=\"p\">1.Container : qui est le moins cher et le plus rapide, mais non disponible pour les bennes 8*4<\/p>\n<p class=\"p\">Navire cargo 2.Bulk: ce qui est mieux pour les gros \u00e9quipements de construction<br \/>\nNavire \u00e0 cr\u00e9maill\u00e8re 3.Flat: ce qui est mieux pour une plus grande machine et pas besoin de d\u00e9monter<br \/>\nNavire 4.RO RO: ce qui est bon pour chaque machine et plus rapide.<br \/>\nVous pouvez compter sur vos propres besoins pour choisir un favori.<br \/>\nLivraison : Dans les 7 jours ouvrables apr\u00e8s confirmation<\/p>\n<p><img decoding=\"async\" class=\"aligncenter size-large wp-image-2048\" src=\"https:\/\/satisfybot.com\/wp-content\/uploads\/2023\/06\/Sinotruk-Heavy-Dump-Truck-4-1024x537.png\" alt=\"Sinotruk Heavy Dump Truck\" width=\"1024\" height=\"537\" srcset=\"https:\/\/satisfybot.com\/wp-content\/uploads\/2023\/06\/Sinotruk-Heavy-Dump-Truck-4-1024x537.png 1024w, https:\/\/satisfybot.com\/wp-content\/uploads\/2023\/06\/Sinotruk-Heavy-Dump-Truck-4-600x315.png 600w, https:\/\/satisfybot.com\/wp-content\/uploads\/2023\/06\/Sinotruk-Heavy-Dump-Truck-4-300x157.png 300w, https:\/\/satisfybot.com\/wp-content\/uploads\/2023\/06\/Sinotruk-Heavy-Dump-Truck-4-768x403.png 768w, https:\/\/satisfybot.com\/wp-content\/uploads\/2023\/06\/Sinotruk-Heavy-Dump-Truck-4.png 1228w\" sizes=\"(max-width: 1024px) 100vw, 1024px\" \/><\/p>\n<p>&nbsp;<\/p>","protected":false},"excerpt":{"rendered":"<p>Sinotruk Howo 6&#215;4 Diesel Engine Cargo Truck HOWO truck is a very practical product. It can customize the size of the bucket according to the different transportation needs of customers. In addition to carrying light goods, container goods, it can also carry all kinds of poultry. Reasonable price and quality assurance. We not only provide [&hellip;]<\/p>","protected":false},"featured_media":2122,"template":"","meta":{"site-sidebar-layout":"default","site-content-layout":"default","ast-site-content-layout":"default","site-content-style":"default","site-sidebar-style":"default","ast-global-header-display":"","ast-banner-title-visibility":"","ast-main-header-display":"","ast-hfb-above-header-display":"","ast-hfb-below-header-display":"","ast-hfb-mobile-header-display":"","site-post-title":"","ast-breadcrumbs-content":"","ast-featured-img":"","footer-sml-layout":"","ast-disable-related-posts":"","theme-transparent-header-meta":"default","adv-header-id-meta":"","stick-header-meta":"","header-above-stick-meta":"","header-main-stick-meta":"","header-below-stick-meta":"","astra-migrate-meta-layouts":"default","ast-page-background-enabled":"default","ast-page-background-meta":{"desktop":{"background-color":"","background-image":"","background-repeat":"repeat","background-position":"center center","background-size":"auto","background-attachment":"scroll","background-type":"","background-media":"","overlay-type":"","overlay-color":"","overlay-opacity":"","overlay-gradient":""},"tablet":{"background-color":"","background-image":"","background-repeat":"repeat","background-position":"center center","background-size":"auto","background-attachment":"scroll","background-type":"","background-media":"","overlay-type":"","overlay-color":"","overlay-opacity":"","overlay-gradient":""},"mobile":{"background-color":"","background-image":"","background-repeat":"repeat","background-position":"center center","background-size":"auto","background-attachment":"scroll","background-type":"","background-media":"","overlay-type":"","overlay-color":"","overlay-opacity":"","overlay-gradient":""}},"ast-content-background-meta":{"desktop":{"background-color":"var(--ast-global-color-5)","background-image":"","background-repeat":"repeat","background-position":"center center","background-size":"auto","background-attachment":"scroll","background-type":"","background-media":"","overlay-type":"","overlay-color":"","overlay-opacity":"","overlay-gradient":""},"tablet":{"background-color":"var(--ast-global-color-5)","background-image":"","background-repeat":"repeat","background-position":"center center","background-size":"auto","background-attachment":"scroll","background-type":"","background-media":"","overlay-type":"","overlay-color":"","overlay-opacity":"","overlay-gradient":""},"mobile":{"background-color":"var(--ast-global-color-5)","background-image":"","background-repeat":"repeat","background-position":"center center","background-size":"auto","background-attachment":"scroll","background-type":"","background-media":"","overlay-type":"","overlay-color":"","overlay-opacity":"","overlay-gradient":""}}},"product_brand":[],"product_cat":[26],"product_tag":[],"class_list":{"0":"post-2129","1":"product","2":"type-product","3":"status-publish","4":"has-post-thumbnail","6":"product_cat-cargo-truck","7":"desktop-align-left","8":"tablet-align-left","9":"mobile-align-left","11":"first","12":"instock","13":"shipping-taxable","14":"product-type-simple"},"_links":{"self":[{"href":"https:\/\/satisfybot.com\/fr\/wp-json\/wp\/v2\/product\/2129","targetHints":{"allow":["GET"]}}],"collection":[{"href":"https:\/\/satisfybot.com\/fr\/wp-json\/wp\/v2\/product"}],"about":[{"href":"https:\/\/satisfybot.com\/fr\/wp-json\/wp\/v2\/types\/product"}],"version-history":[{"count":0,"href":"https:\/\/satisfybot.com\/fr\/wp-json\/wp\/v2\/product\/2129\/revisions"}],"wp:featuredmedia":[{"embeddable":true,"href":"https:\/\/satisfybot.com\/fr\/wp-json\/wp\/v2\/media\/2122"}],"wp:attachment":[{"href":"https:\/\/satisfybot.com\/fr\/wp-json\/wp\/v2\/media?parent=2129"}],"wp:term":[{"taxonomy":"product_brand","embeddable":true,"href":"https:\/\/satisfybot.com\/fr\/wp-json\/wp\/v2\/product_brand?post=2129"},{"taxonomy":"product_cat","embeddable":true,"href":"https:\/\/satisfybot.com\/fr\/wp-json\/wp\/v2\/product_cat?post=2129"},{"taxonomy":"product_tag","embeddable":true,"href":"https:\/\/satisfybot.com\/fr\/wp-json\/wp\/v2\/product_tag?post=2129"}],"curies":[{"name":"wp","href":"https:\/\/api.w.org\/{rel}","templated":true}]}}