{"id":2140,"date":"2023-06-25T14:47:33","date_gmt":"2023-06-25T14:47:33","guid":{"rendered":"https:\/\/satisfybot.com\/?post_type=product&#038;p=2140"},"modified":"2023-06-25T14:47:34","modified_gmt":"2023-06-25T14:47:34","slug":"howo-transit-mixer-truck","status":"publish","type":"product","link":"https:\/\/satisfybot.com\/fr\/produit\/howo-transit-mixer-truck\/","title":{"rendered":"Camion malaxeur Howo Transit"},"content":{"rendered":"<p>Le camion malaxeur de transit Sinotruk Howo est un v\u00e9hicule \u00e0 usage sp\u00e9cial pour maintenir la consistance du b\u00e9ton lors du transport du b\u00e9ton ou sur le chantier de construction.<\/p>\n<h2><strong>Caract\u00e9ristiques du camion malaxeur Howo Transit<\/strong><\/h2>\n<p>Le camion malaxeur Howo Transit adopte un ch\u00e2ssis HOWO, \u00e9quip\u00e9 d&#039;une cabine simple couchette HW76 ou d&#039;une cabine HW70, d\u00e9di\u00e9e \u00e0 l&#039;exportation \u00c9quip\u00e9 d&#039;un moteur auto-d\u00e9velopp\u00e9 Euro 2 ou \u00e0 rampe commune \u00e9lectronique, Euro III et Euro IV Sinotruk, direction ZF standard import\u00e9e d&#039;Allemagne, bo\u00eetes de vitesses HOWO 10 et 12, essieu avant HF9 tonnes, essieu arri\u00e8re HC16 ou AC16, avec une grande capacit\u00e9 de charge pour r\u00e9pondre aux besoins des clients.<\/p>\n<p>Le r\u00e9servoir de m\u00e9lange est constitu\u00e9 d&#039;une plaque d&#039;acier \u00e0 haute r\u00e9sistance et r\u00e9sistante \u00e0 l&#039;usure, et le moule \u00e0 cage est int\u00e9gralement form\u00e9 pour assurer la coaxialit\u00e9 et le faux-rond circonf\u00e9rentiel de la bride, du cylindre de section transversale et du roulement, et assurer le bon fonctionnement du v\u00e9hicule. Le corps du r\u00e9servoir adopte des lames h\u00e9lico\u00efdales doubles \u00e0 densit\u00e9 mod\u00e9r\u00e9e. La porte avant conique est sym\u00e9trique \u00e0 la plaque d&#039;agitation et les lames et les lames de guidage sont install\u00e9es \u00e0 l&#039;embouchure du r\u00e9servoir pour rendre le mat\u00e9riau plus rapide.<\/p>\n<p>Nos camions malaxeurs adoptent des syst\u00e8mes hydrauliques import\u00e9s, tels que des pompes et des moteurs am\u00e9ricains et des r\u00e9ducteurs de marque italienne. Facile \u00e0 entretenir et \u00e0 entretenir.<\/p>","protected":false},"excerpt":{"rendered":"<p>Sinotruk Howo transit mixer truck is a special-purpose vehicle to keep the consistency of concrete when transporting concrete or at the construction site. Features of Howo transit mixer truck Howo transit mixer truck adopts HOWO chassis, equipped with HW76 single-berth cab or HW70 cab, dedicated for export Equipped with Euro 2 or electronic common rail, [&hellip;]<\/p>","protected":false},"featured_media":2143,"template":"","meta":{"site-sidebar-layout":"default","site-content-layout":"default","ast-site-content-layout":"default","site-content-style":"default","site-sidebar-style":"default","ast-global-header-display":"","ast-banner-title-visibility":"","ast-main-header-display":"","ast-hfb-above-header-display":"","ast-hfb-below-header-display":"","ast-hfb-mobile-header-display":"","site-post-title":"","ast-breadcrumbs-content":"","ast-featured-img":"","footer-sml-layout":"","ast-disable-related-posts":"","theme-transparent-header-meta":"default","adv-header-id-meta":"","stick-header-meta":"","header-above-stick-meta":"","header-main-stick-meta":"","header-below-stick-meta":"","astra-migrate-meta-layouts":"default","ast-page-background-enabled":"default","ast-page-background-meta":{"desktop":{"background-color":"","background-image":"","background-repeat":"repeat","background-position":"center center","background-size":"auto","background-attachment":"scroll","background-type":"","background-media":"","overlay-type":"","overlay-color":"","overlay-opacity":"","overlay-gradient":""},"tablet":{"background-color":"","background-image":"","background-repeat":"repeat","background-position":"center center","background-size":"auto","background-attachment":"scroll","background-type":"","background-media":"","overlay-type":"","overlay-color":"","overlay-opacity":"","overlay-gradient":""},"mobile":{"background-color":"","background-image":"","background-repeat":"repeat","background-position":"center center","background-size":"auto","background-attachment":"scroll","background-type":"","background-media":"","overlay-type":"","overlay-color":"","overlay-opacity":"","overlay-gradient":""}},"ast-content-background-meta":{"desktop":{"background-color":"var(--ast-global-color-5)","background-image":"","background-repeat":"repeat","background-position":"center center","background-size":"auto","background-attachment":"scroll","background-type":"","background-media":"","overlay-type":"","overlay-color":"","overlay-opacity":"","overlay-gradient":""},"tablet":{"background-color":"var(--ast-global-color-5)","background-image":"","background-repeat":"repeat","background-position":"center center","background-size":"auto","background-attachment":"scroll","background-type":"","background-media":"","overlay-type":"","overlay-color":"","overlay-opacity":"","overlay-gradient":""},"mobile":{"background-color":"var(--ast-global-color-5)","background-image":"","background-repeat":"repeat","background-position":"center center","background-size":"auto","background-attachment":"scroll","background-type":"","background-media":"","overlay-type":"","overlay-color":"","overlay-opacity":"","overlay-gradient":""}}},"product_brand":[],"product_cat":[27],"product_tag":[],"class_list":{"0":"post-2140","1":"product","2":"type-product","3":"status-publish","4":"has-post-thumbnail","6":"product_cat-cement-truck","7":"desktop-align-left","8":"tablet-align-left","9":"mobile-align-left","11":"first","12":"instock","13":"shipping-taxable","14":"product-type-simple"},"_links":{"self":[{"href":"https:\/\/satisfybot.com\/fr\/wp-json\/wp\/v2\/product\/2140","targetHints":{"allow":["GET"]}}],"collection":[{"href":"https:\/\/satisfybot.com\/fr\/wp-json\/wp\/v2\/product"}],"about":[{"href":"https:\/\/satisfybot.com\/fr\/wp-json\/wp\/v2\/types\/product"}],"version-history":[{"count":0,"href":"https:\/\/satisfybot.com\/fr\/wp-json\/wp\/v2\/product\/2140\/revisions"}],"wp:featuredmedia":[{"embeddable":true,"href":"https:\/\/satisfybot.com\/fr\/wp-json\/wp\/v2\/media\/2143"}],"wp:attachment":[{"href":"https:\/\/satisfybot.com\/fr\/wp-json\/wp\/v2\/media?parent=2140"}],"wp:term":[{"taxonomy":"product_brand","embeddable":true,"href":"https:\/\/satisfybot.com\/fr\/wp-json\/wp\/v2\/product_brand?post=2140"},{"taxonomy":"product_cat","embeddable":true,"href":"https:\/\/satisfybot.com\/fr\/wp-json\/wp\/v2\/product_cat?post=2140"},{"taxonomy":"product_tag","embeddable":true,"href":"https:\/\/satisfybot.com\/fr\/wp-json\/wp\/v2\/product_tag?post=2140"}],"curies":[{"name":"wp","href":"https:\/\/api.w.org\/{rel}","templated":true}]}}