{"id":2144,"date":"2023-06-25T14:50:34","date_gmt":"2023-06-25T14:50:34","guid":{"rendered":"https:\/\/satisfybot.com\/?post_type=product&#038;p=2144"},"modified":"2023-06-25T14:50:37","modified_gmt":"2023-06-25T14:50:37","slug":"howo-concrete-mixer-truck","status":"publish","type":"product","link":"https:\/\/satisfybot.com\/fr\/produit\/howo-concrete-mixer-truck\/","title":{"rendered":"Camion malaxeur \u00e0 b\u00e9ton Howo"},"content":{"rendered":"<p>Le Howo\u00a0<span class=\"keywords_replace\">Camion malaxeur \u00e0 b\u00e9ton<\/span>\u00a0est compos\u00e9 d&#039;un ch\u00e2ssis de camion et d&#039;un dispositif de m\u00e9lange et de transport de b\u00e9ton, et le r\u00e9servoir de m\u00e9lange continue de rouler pendant le transport. C&#039;est un v\u00e9hicule \u00e0 usage sp\u00e9cial qui combine les fonctions de m\u00e9lange et de transport de b\u00e9ton.<\/p>\n<h2><strong>Caract\u00e9ristiques du camion malaxeur \u00e0 b\u00e9ton Howo<\/strong><\/h2>\n<p>1. Le camion malaxeur \u00e0 b\u00e9ton Howo a une belle apparence, un m\u00e9lange uniforme, une vitesse d&#039;alimentation et de d\u00e9chargement plus rapide et un faible taux r\u00e9siduel, ce qui garantit pleinement la qualit\u00e9 du b\u00e9ton.<br \/>\n2. La configuration des trois composants hydrauliques est \u00e9galement tr\u00e8s \u00e9lev\u00e9e. Le r\u00e9ducteur, la pompe \u00e0 huile hydraulique, le moteur, le radiateur \u00e0 caloduc, etc. de marques internationales et de renomm\u00e9e mondiale sont utilis\u00e9s. Il pr\u00e9sente les avantages d&#039;une performance fiable, d&#039;une longue dur\u00e9e de vie et d&#039;une efficacit\u00e9 de travail \u00e9lev\u00e9e.<\/p>\n<div><img decoding=\"async\" class=\"aligncenter\" title=\"Camion malaxeur \u00e0 b\u00e9ton Howo\" src=\"https:\/\/bsg-i.nbxc.com\/product\/3d\/07\/77\/5787f6b391d4d2b14d2b11cb97.jpg\" alt=\"Howo Concrete Mixer Truck\" \/><\/div>\n<h2><strong>Sp\u00e9cification du camion malaxeur \u00e0 b\u00e9ton Howo<\/strong><\/h2>\n<table border=\"1\" cellspacing=\"0\" cellpadding=\"0\" align=\"center\">\n<tbody>\n<tr>\n<td width=\"226\" height=\"18\">Nom du produit<\/td>\n<td class=\"et2\" width=\"460\">Camion b\u00e9tonni\u00e8re Howo<\/td>\n<\/tr>\n<tr>\n<td height=\"18\">Num\u00e9ro de mod\u00e8le<\/td>\n<td class=\"et2\">ZZ1257N3847<\/td>\n<\/tr>\n<tr>\n<td height=\"18\">Moteur<\/td>\n<td class=\"et2\">336CV(EURO II), 340CV(EURO III), 340CV (EURO IV)<\/td>\n<\/tr>\n<tr>\n<td height=\"18\">Bo\u00eete de vitesses<\/td>\n<td class=\"et2\">HW19710, 10 avant et 2 arri\u00e8re<\/td>\n<\/tr>\n<tr>\n<td height=\"18\">Pilotage<\/td>\n<td class=\"et2\">Direction hydraulique ZF8118 avec assistance \u00e9lectrique<\/td>\n<\/tr>\n<tr>\n<td height=\"18\">Essieu moteur<\/td>\n<td class=\"et2\">HC16, 16 tonnes double r\u00e9duction<\/td>\n<\/tr>\n<tr>\n<td height=\"18\">Empattement(mm)<\/td>\n<td class=\"et2\">3800+1350<\/td>\n<\/tr>\n<tr>\n<td height=\"18\">Pneu<\/td>\n<td class=\"et2\">12.00.R20 Pneu radial, 11 unit\u00e9s, une pi\u00e8ce de rechange<\/td>\n<\/tr>\n<tr>\n<td height=\"18\">Essieu avant<\/td>\n<td class=\"et2\">HF9 9000Kgs<\/td>\n<\/tr>\n<tr>\n<td height=\"18\">D\u00e9placement<\/td>\n<td class=\"et2\">9.726L<\/td>\n<\/tr>\n<tr>\n<td height=\"18\">Dimension globale (L*W*H)<\/td>\n<td class=\"et2\">9025*2496*3950mm<\/td>\n<\/tr>\n<tr>\n<td height=\"18\">Vitesse maximale(km\/h)<\/td>\n<td class=\"et2\">90<\/td>\n<\/tr>\n<tr>\n<td height=\"18\">Capacit\u00e9 du r\u00e9servoir de carburant(L)<\/td>\n<td class=\"et2\">300<\/td>\n<\/tr>\n<tr>\n<td height=\"18\">Couleur<\/td>\n<td class=\"et2\">Rouge, vert, bleu, jaune, blanc, etc.<\/td>\n<\/tr>\n<tr>\n<td height=\"18\">Volume g\u00e9om\u00e9trique<\/td>\n<td class=\"et2\">16.5m3<\/td>\n<\/tr>\n<tr>\n<td height=\"18\">Capacit\u00e9 d&#039;agitation<\/td>\n<td class=\"et2\">10m3<\/td>\n<\/tr>\n<tr>\n<td height=\"18\">Tambour tournant<\/td>\n<td class=\"et2\">14\u00b0<\/td>\n<\/tr>\n<tr>\n<td height=\"18\">Vitesse de rotation de l&#039;agitateur<\/td>\n<td class=\"et2\">0-14r\/min<\/td>\n<\/tr>\n<tr>\n<td height=\"18\">Vitesse d&#039;alimentation<\/td>\n<td class=\"et2\">&gt;3.5m3\/min<\/td>\n<\/tr>\n<tr>\n<td height=\"18\">Volume du r\u00e9servoir d&#039;eau<\/td>\n<td class=\"et2\">400L<\/td>\n<\/tr>\n<tr>\n<td height=\"18\">D\u00e9charge reste ratio<\/td>\n<td class=\"et2\">&lt;0.2%<\/td>\n<\/tr>\n<\/tbody>\n<\/table>","protected":false},"excerpt":{"rendered":"<p>The Howo\u00a0Concrete Mixer Truck\u00a0is composed of a truck chassis and a concrete mixing and conveying device, and the mixing tank keeps rolling during transportation. It is a special-purpose vehicle that combines the functions of concrete mixing and conveying. Features of Howo Concrete Mixer Truck 1. The Howo concrete mixer truck has a beautiful appearance, even [&hellip;]<\/p>","protected":false},"featured_media":2148,"template":"","meta":{"site-sidebar-layout":"default","site-content-layout":"default","ast-site-content-layout":"default","site-content-style":"default","site-sidebar-style":"default","ast-global-header-display":"","ast-banner-title-visibility":"","ast-main-header-display":"","ast-hfb-above-header-display":"","ast-hfb-below-header-display":"","ast-hfb-mobile-header-display":"","site-post-title":"","ast-breadcrumbs-content":"","ast-featured-img":"","footer-sml-layout":"","ast-disable-related-posts":"","theme-transparent-header-meta":"default","adv-header-id-meta":"","stick-header-meta":"","header-above-stick-meta":"","header-main-stick-meta":"","header-below-stick-meta":"","astra-migrate-meta-layouts":"default","ast-page-background-enabled":"default","ast-page-background-meta":{"desktop":{"background-color":"","background-image":"","background-repeat":"repeat","background-position":"center center","background-size":"auto","background-attachment":"scroll","background-type":"","background-media":"","overlay-type":"","overlay-color":"","overlay-opacity":"","overlay-gradient":""},"tablet":{"background-color":"","background-image":"","background-repeat":"repeat","background-position":"center center","background-size":"auto","background-attachment":"scroll","background-type":"","background-media":"","overlay-type":"","overlay-color":"","overlay-opacity":"","overlay-gradient":""},"mobile":{"background-color":"","background-image":"","background-repeat":"repeat","background-position":"center center","background-size":"auto","background-attachment":"scroll","background-type":"","background-media":"","overlay-type":"","overlay-color":"","overlay-opacity":"","overlay-gradient":""}},"ast-content-background-meta":{"desktop":{"background-color":"var(--ast-global-color-5)","background-image":"","background-repeat":"repeat","background-position":"center center","background-size":"auto","background-attachment":"scroll","background-type":"","background-media":"","overlay-type":"","overlay-color":"","overlay-opacity":"","overlay-gradient":""},"tablet":{"background-color":"var(--ast-global-color-5)","background-image":"","background-repeat":"repeat","background-position":"center center","background-size":"auto","background-attachment":"scroll","background-type":"","background-media":"","overlay-type":"","overlay-color":"","overlay-opacity":"","overlay-gradient":""},"mobile":{"background-color":"var(--ast-global-color-5)","background-image":"","background-repeat":"repeat","background-position":"center center","background-size":"auto","background-attachment":"scroll","background-type":"","background-media":"","overlay-type":"","overlay-color":"","overlay-opacity":"","overlay-gradient":""}}},"product_brand":[],"product_cat":[27],"product_tag":[],"class_list":{"0":"post-2144","1":"product","2":"type-product","3":"status-publish","4":"has-post-thumbnail","6":"product_cat-cement-truck","7":"desktop-align-left","8":"tablet-align-left","9":"mobile-align-left","11":"first","12":"instock","13":"shipping-taxable","14":"product-type-simple"},"_links":{"self":[{"href":"https:\/\/satisfybot.com\/fr\/wp-json\/wp\/v2\/product\/2144","targetHints":{"allow":["GET"]}}],"collection":[{"href":"https:\/\/satisfybot.com\/fr\/wp-json\/wp\/v2\/product"}],"about":[{"href":"https:\/\/satisfybot.com\/fr\/wp-json\/wp\/v2\/types\/product"}],"version-history":[{"count":0,"href":"https:\/\/satisfybot.com\/fr\/wp-json\/wp\/v2\/product\/2144\/revisions"}],"wp:featuredmedia":[{"embeddable":true,"href":"https:\/\/satisfybot.com\/fr\/wp-json\/wp\/v2\/media\/2148"}],"wp:attachment":[{"href":"https:\/\/satisfybot.com\/fr\/wp-json\/wp\/v2\/media?parent=2144"}],"wp:term":[{"taxonomy":"product_brand","embeddable":true,"href":"https:\/\/satisfybot.com\/fr\/wp-json\/wp\/v2\/product_brand?post=2144"},{"taxonomy":"product_cat","embeddable":true,"href":"https:\/\/satisfybot.com\/fr\/wp-json\/wp\/v2\/product_cat?post=2144"},{"taxonomy":"product_tag","embeddable":true,"href":"https:\/\/satisfybot.com\/fr\/wp-json\/wp\/v2\/product_tag?post=2144"}],"curies":[{"name":"wp","href":"https:\/\/api.w.org\/{rel}","templated":true}]}}