{"id":2149,"date":"2023-06-25T14:53:33","date_gmt":"2023-06-25T14:53:33","guid":{"rendered":"https:\/\/satisfybot.com\/?post_type=product&#038;p=2149"},"modified":"2023-06-25T14:53:34","modified_gmt":"2023-06-25T14:53:34","slug":"ready-mix-concrete-truck","status":"publish","type":"product","link":"https:\/\/satisfybot.com\/fr\/produit\/ready-mix-concrete-truck\/","title":{"rendered":"Camion de b\u00e9ton pr\u00eat \u00e0 l&#039;emploi"},"content":{"rendered":"<p><span class=\"keywords_replace\">Camion \u00e0 b\u00e9ton pr\u00eat \u00e0 l&#039;emploi Howo<\/span>\u00a0adopte un coefficient de remplissage \u00e9lev\u00e9 du tambour en acier et une conception parfaite de la lame de m\u00e9lange pour am\u00e9liorer l&#039;effet de m\u00e9lange du b\u00e9ton. Le centre de gravit\u00e9 inf\u00e9rieur du\u00a0<span class=\"keywords_replace\">Camion de ciment<\/span>\u00a0assure une meilleure position de conduite et une r\u00e9partition plus \u00e9quilibr\u00e9e de la charge.<\/p>\n<div><img fetchpriority=\"high\" decoding=\"async\" class=\"aligncenter\" title=\"camion de b\u00e9ton pr\u00eat \u00e0 l&#039;emploi\" src=\"https:\/\/bsg-i.nbxc.com\/product\/6e\/11\/3d\/38be382ac9a32c9f1f4604913d.jpg\" alt=\"ready mix concrete truck\" width=\"700\" height=\"572\" \/><\/div>\n<p><strong>Howo pr\u00eat\u00a0<span class=\"keywords_replace\">M\u00e9langer le camion \u00e0 b\u00e9ton<\/span>\u00a0caract\u00e9ristiques<\/strong><br \/>\n1. Le mat\u00e9riel de la citerne du HOWO\u00a0<span class=\"keywords_replace\">Camion malaxeur \u00e0 b\u00e9ton<\/span>\u00a0adopte une plaque d&#039;acier sp\u00e9ciale r\u00e9sistante \u00e0 l&#039;usure, qui garantit pleinement la r\u00e9sistance \u00e0 l&#039;usure de la citerne.<br \/>\n2. Le camion malaxeur \u00e0 b\u00e9ton HOWO introduit une technologie de pointe et des styles populaires d&#039;Europe pour rendre l&#039;ensemble du v\u00e9hicule unique. Le camion malaxeur \u00e0 b\u00e9ton HOWO a une structure compacte et raisonnable.<br \/>\n3. Le camion malaxeur \u00e0 b\u00e9ton a une belle apparence et un fonctionnement stable.<br \/>\n4. Le tambour m\u00e9langeur peut continuer \u00e0 tourner pour \u00e9viter l&#039;apparition de ph\u00e9nom\u00e8nes ind\u00e9sirables tels que la dispersion et la pr\u00e9cipitation du coulis de ciment.<\/p>\n<div><img decoding=\"async\" class=\"aligncenter\" title=\"camion de b\u00e9ton pr\u00eat \u00e0 l&#039;emploi\" src=\"https:\/\/bsg-i.nbxc.com\/product\/da\/96\/00\/99344a6232e9a59b79b296d824.jpg\" alt=\"ready mix concrete truck\" width=\"700\" height=\"700\" \/><\/div>\n<div><\/div>\n<h2><\/h2>\n<h2><strong>Param\u00e8tres du camion de b\u00e9ton pr\u00eat \u00e0 l&#039;emploi<\/strong><\/h2>\n<table border=\"1\" cellspacing=\"0\" cellpadding=\"0\" align=\"center\">\n<tbody>\n<tr>\n<td width=\"226\" height=\"18\">Taper<\/td>\n<td class=\"et2\" width=\"460\">Camion \u00e0 b\u00e9ton pr\u00eat \u00e0 l&#039;emploi Howo<\/td>\n<\/tr>\n<tr>\n<td height=\"18\">Dimension hors tout<\/td>\n<td class=\"et2\">8800\u00d72490\u00d73800 millim\u00e8tres<\/td>\n<\/tr>\n<tr>\n<td height=\"18\">Pompe m\u00e9langeur<\/td>\n<td class=\"et2\">Eaton (marque am\u00e9ricaine)<\/td>\n<\/tr>\n<tr>\n<td height=\"18\">R\u00e9ducteur de vitesse<\/td>\n<td class=\"et2\">Bonfiglioli (marque italienne)<\/td>\n<\/tr>\n<tr>\n<td height=\"18\">\u00c9mission<\/td>\n<td class=\"et2\">ERUO2, EURO3, EURO 4<\/td>\n<\/tr>\n<tr>\n<td height=\"18\">Conduire<\/td>\n<td class=\"et2\">Conduite \u00e0 gauche ou Conduite \u00e0 droite<\/td>\n<\/tr>\n<tr>\n<td height=\"18\">Pneu<\/td>\n<td class=\"et2\">1200R20<\/td>\n<\/tr>\n<tr>\n<td height=\"18\">Cuve \u00e0 mazout<\/td>\n<td class=\"et2\">400L<\/td>\n<\/tr>\n<tr>\n<td height=\"18\">Taxi<\/td>\n<td class=\"et2\">Cabine HW76, une couchette avec A\/C<\/td>\n<\/tr>\n<tr>\n<td height=\"18\">Couleur<\/td>\n<td class=\"et2\">Facultatif<\/td>\n<\/tr>\n<\/tbody>\n<\/table>\n<p>&nbsp;<\/p>\n<p>&nbsp;<\/p>","protected":false},"excerpt":{"rendered":"<p>Howo Ready Mix Concrete Truck\u00a0adopts a high steel drum replenishment coefficient and perfect mixing blade design to make the concrete mixing effect better. The lower center of gravity of the\u00a0Cement Truck\u00a0ensures a better driving position and a more balanced load distribution. Howo ready\u00a0Mix Concrete Truck\u00a0features 1. The tanker material of the HOWO\u00a0Concrete Mixer Truck\u00a0adopts a [&hellip;]<\/p>","protected":false},"featured_media":2153,"template":"","meta":{"site-sidebar-layout":"default","site-content-layout":"default","ast-site-content-layout":"default","site-content-style":"default","site-sidebar-style":"default","ast-global-header-display":"","ast-banner-title-visibility":"","ast-main-header-display":"","ast-hfb-above-header-display":"","ast-hfb-below-header-display":"","ast-hfb-mobile-header-display":"","site-post-title":"","ast-breadcrumbs-content":"","ast-featured-img":"","footer-sml-layout":"","ast-disable-related-posts":"","theme-transparent-header-meta":"default","adv-header-id-meta":"","stick-header-meta":"","header-above-stick-meta":"","header-main-stick-meta":"","header-below-stick-meta":"","astra-migrate-meta-layouts":"default","ast-page-background-enabled":"default","ast-page-background-meta":{"desktop":{"background-color":"","background-image":"","background-repeat":"repeat","background-position":"center center","background-size":"auto","background-attachment":"scroll","background-type":"","background-media":"","overlay-type":"","overlay-color":"","overlay-opacity":"","overlay-gradient":""},"tablet":{"background-color":"","background-image":"","background-repeat":"repeat","background-position":"center center","background-size":"auto","background-attachment":"scroll","background-type":"","background-media":"","overlay-type":"","overlay-color":"","overlay-opacity":"","overlay-gradient":""},"mobile":{"background-color":"","background-image":"","background-repeat":"repeat","background-position":"center center","background-size":"auto","background-attachment":"scroll","background-type":"","background-media":"","overlay-type":"","overlay-color":"","overlay-opacity":"","overlay-gradient":""}},"ast-content-background-meta":{"desktop":{"background-color":"var(--ast-global-color-5)","background-image":"","background-repeat":"repeat","background-position":"center center","background-size":"auto","background-attachment":"scroll","background-type":"","background-media":"","overlay-type":"","overlay-color":"","overlay-opacity":"","overlay-gradient":""},"tablet":{"background-color":"var(--ast-global-color-5)","background-image":"","background-repeat":"repeat","background-position":"center center","background-size":"auto","background-attachment":"scroll","background-type":"","background-media":"","overlay-type":"","overlay-color":"","overlay-opacity":"","overlay-gradient":""},"mobile":{"background-color":"var(--ast-global-color-5)","background-image":"","background-repeat":"repeat","background-position":"center center","background-size":"auto","background-attachment":"scroll","background-type":"","background-media":"","overlay-type":"","overlay-color":"","overlay-opacity":"","overlay-gradient":""}}},"product_brand":[],"product_cat":[27],"product_tag":[],"class_list":{"0":"post-2149","1":"product","2":"type-product","3":"status-publish","4":"has-post-thumbnail","6":"product_cat-cement-truck","7":"desktop-align-left","8":"tablet-align-left","9":"mobile-align-left","11":"first","12":"instock","13":"shipping-taxable","14":"product-type-simple"},"_links":{"self":[{"href":"https:\/\/satisfybot.com\/fr\/wp-json\/wp\/v2\/product\/2149","targetHints":{"allow":["GET"]}}],"collection":[{"href":"https:\/\/satisfybot.com\/fr\/wp-json\/wp\/v2\/product"}],"about":[{"href":"https:\/\/satisfybot.com\/fr\/wp-json\/wp\/v2\/types\/product"}],"version-history":[{"count":0,"href":"https:\/\/satisfybot.com\/fr\/wp-json\/wp\/v2\/product\/2149\/revisions"}],"wp:featuredmedia":[{"embeddable":true,"href":"https:\/\/satisfybot.com\/fr\/wp-json\/wp\/v2\/media\/2153"}],"wp:attachment":[{"href":"https:\/\/satisfybot.com\/fr\/wp-json\/wp\/v2\/media?parent=2149"}],"wp:term":[{"taxonomy":"product_brand","embeddable":true,"href":"https:\/\/satisfybot.com\/fr\/wp-json\/wp\/v2\/product_brand?post=2149"},{"taxonomy":"product_cat","embeddable":true,"href":"https:\/\/satisfybot.com\/fr\/wp-json\/wp\/v2\/product_cat?post=2149"},{"taxonomy":"product_tag","embeddable":true,"href":"https:\/\/satisfybot.com\/fr\/wp-json\/wp\/v2\/product_tag?post=2149"}],"curies":[{"name":"wp","href":"https:\/\/api.w.org\/{rel}","templated":true}]}}