{"id":2154,"date":"2023-06-25T14:57:19","date_gmt":"2023-06-25T14:57:19","guid":{"rendered":"https:\/\/satisfybot.com\/?post_type=product&#038;p=2154"},"modified":"2023-06-25T14:57:20","modified_gmt":"2023-06-25T14:57:20","slug":"lorry-cement","status":"publish","type":"product","link":"https:\/\/satisfybot.com\/fr\/produit\/lorry-cement\/","title":{"rendered":"Camion Ciment"},"content":{"rendered":"<p>Nos mati\u00e8res premi\u00e8res et pi\u00e8ces OEM, y compris les essieux, les suspensions et les pneus, sont achet\u00e9es de mani\u00e8re centralis\u00e9e par Chengda Group, et chaque n\u0153ud sera strictement inspect\u00e9. De plus, des \u00e9quipements de pointe, et pas seulement des ouvriers, sont utilis\u00e9s tout au long du processus de production pour garantir la qualit\u00e9 du soudage.<\/p>\n<p>Mod\u00e8le de cage : le cylindre est en acier \u00e0 haute r\u00e9sistance r\u00e9sistant \u00e0 l&#039;usure, et la forme g\u00e9n\u00e9rale du moule de cage assure la coaxialit\u00e9 de la bride, du cylindre de segment, du chemin de roulement et du rond-point pour assurer le bon fonctionnement du v\u00e9hicule.<\/p>\n<p>Lames h\u00e9lico\u00efdales doubles: des lames h\u00e9lico\u00efdales doubles sont utilis\u00e9es dans le r\u00e9servoir, avec une densit\u00e9 mod\u00e9r\u00e9e, la boule de porte au c\u00f4ne avant est sym\u00e9trique, et les lames doubles et les lames de guidage de d\u00e9charge sont install\u00e9es \u00e0 l&#039;embouchure du r\u00e9servoir afin que le mat\u00e9riau soit plus uniforme et le la vitesse est plus rapide.<\/p>\n<p>Pompe m\u00e9langeuse, r\u00e9ducteur, moteur de marque bien connue : pompe m\u00e9langeuse Eaton (marque am\u00e9ricaine), moteur Eaton (marque am\u00e9ricaine), r\u00e9ducteur Bonfiglioli (marque italienne)<\/p>\n<h2><strong>Param\u00e8tres du camion ciment<\/strong><\/h2>\n<table border=\"1\" cellspacing=\"0\" cellpadding=\"0\" align=\"center\">\n<tbody>\n<tr>\n<td width=\"226\" height=\"18\">Taper<\/td>\n<td class=\"et2\" width=\"460\">Ciment camion Howo<\/td>\n<\/tr>\n<tr>\n<td height=\"18\">Dimension hors tout<\/td>\n<td class=\"et2\">8800\u00d72490\u00d73800 millim\u00e8tres<\/td>\n<\/tr>\n<tr>\n<td height=\"18\">Pompe m\u00e9langeur<\/td>\n<td class=\"et2\">Eaton (marque am\u00e9ricaine)<\/td>\n<\/tr>\n<tr>\n<td height=\"18\">R\u00e9ducteur de vitesse<\/td>\n<td class=\"et2\">Bonfiglioli (marque italienne)<\/td>\n<\/tr>\n<tr>\n<td height=\"18\">\u00c9mission<\/td>\n<td class=\"et2\">ERUO2, EURO3, EURO 4<\/td>\n<\/tr>\n<tr>\n<td height=\"18\">Conduire<\/td>\n<td class=\"et2\">Conduite \u00e0 gauche ou Conduite \u00e0 droite<\/td>\n<\/tr>\n<tr>\n<td height=\"18\">Pneu<\/td>\n<td class=\"et2\">1200R20<\/td>\n<\/tr>\n<tr>\n<td height=\"18\">Cuve \u00e0 mazout<\/td>\n<td class=\"et2\">400L<\/td>\n<\/tr>\n<tr>\n<td height=\"18\">Taxi<\/td>\n<td class=\"et2\">Cabine HW76, une couchette avec A\/C<\/td>\n<\/tr>\n<tr>\n<td height=\"18\">Couleur<\/td>\n<td class=\"et2\">Facultatif<\/td>\n<\/tr>\n<\/tbody>\n<\/table>\n<p><strong>Emballage et exp\u00e9dition<\/strong><\/p>\n<p>Nous transportons du ciment par camion en vrac, conteneurs ou ro to ro. Notre usine a une coop\u00e9ration \u00e0 long terme avec les agences maritimes et peut vous fournir le fret le plus bas.<\/p>\n<p>&nbsp;<\/p>\n<p><img fetchpriority=\"high\" decoding=\"async\" class=\"aligncenter\" title=\"camion ciment\" src=\"https:\/\/bsg-i.nbxc.com\/product\/5e\/c2\/fc\/ad8760bb5ce6acaaaae3e755a5.jpg\" alt=\"lorry cement\" width=\"700\" height=\"221\" \/><\/p>","protected":false},"excerpt":{"rendered":"<p>Our raw materials and OEM parts, including axles, suspensions, and tires, are centrally purchased by Chengda Group, and every node will be strictly inspected. In addition, advanced equipment, not just workers, is employed throughout the production process to ensure welding quality. Cage model: The cylinder is made of high-strength wear-resistant steel, and the overall shape [&hellip;]<\/p>","protected":false},"featured_media":2155,"template":"","meta":{"site-sidebar-layout":"default","site-content-layout":"default","ast-site-content-layout":"default","site-content-style":"default","site-sidebar-style":"default","ast-global-header-display":"","ast-banner-title-visibility":"","ast-main-header-display":"","ast-hfb-above-header-display":"","ast-hfb-below-header-display":"","ast-hfb-mobile-header-display":"","site-post-title":"","ast-breadcrumbs-content":"","ast-featured-img":"","footer-sml-layout":"","ast-disable-related-posts":"","theme-transparent-header-meta":"default","adv-header-id-meta":"","stick-header-meta":"","header-above-stick-meta":"","header-main-stick-meta":"","header-below-stick-meta":"","astra-migrate-meta-layouts":"default","ast-page-background-enabled":"default","ast-page-background-meta":{"desktop":{"background-color":"","background-image":"","background-repeat":"repeat","background-position":"center center","background-size":"auto","background-attachment":"scroll","background-type":"","background-media":"","overlay-type":"","overlay-color":"","overlay-opacity":"","overlay-gradient":""},"tablet":{"background-color":"","background-image":"","background-repeat":"repeat","background-position":"center center","background-size":"auto","background-attachment":"scroll","background-type":"","background-media":"","overlay-type":"","overlay-color":"","overlay-opacity":"","overlay-gradient":""},"mobile":{"background-color":"","background-image":"","background-repeat":"repeat","background-position":"center center","background-size":"auto","background-attachment":"scroll","background-type":"","background-media":"","overlay-type":"","overlay-color":"","overlay-opacity":"","overlay-gradient":""}},"ast-content-background-meta":{"desktop":{"background-color":"var(--ast-global-color-5)","background-image":"","background-repeat":"repeat","background-position":"center center","background-size":"auto","background-attachment":"scroll","background-type":"","background-media":"","overlay-type":"","overlay-color":"","overlay-opacity":"","overlay-gradient":""},"tablet":{"background-color":"var(--ast-global-color-5)","background-image":"","background-repeat":"repeat","background-position":"center center","background-size":"auto","background-attachment":"scroll","background-type":"","background-media":"","overlay-type":"","overlay-color":"","overlay-opacity":"","overlay-gradient":""},"mobile":{"background-color":"var(--ast-global-color-5)","background-image":"","background-repeat":"repeat","background-position":"center center","background-size":"auto","background-attachment":"scroll","background-type":"","background-media":"","overlay-type":"","overlay-color":"","overlay-opacity":"","overlay-gradient":""}}},"product_brand":[],"product_cat":[27],"product_tag":[],"class_list":{"0":"post-2154","1":"product","2":"type-product","3":"status-publish","4":"has-post-thumbnail","6":"product_cat-cement-truck","7":"desktop-align-left","8":"tablet-align-left","9":"mobile-align-left","11":"first","12":"instock","13":"shipping-taxable","14":"product-type-simple"},"_links":{"self":[{"href":"https:\/\/satisfybot.com\/fr\/wp-json\/wp\/v2\/product\/2154","targetHints":{"allow":["GET"]}}],"collection":[{"href":"https:\/\/satisfybot.com\/fr\/wp-json\/wp\/v2\/product"}],"about":[{"href":"https:\/\/satisfybot.com\/fr\/wp-json\/wp\/v2\/types\/product"}],"version-history":[{"count":0,"href":"https:\/\/satisfybot.com\/fr\/wp-json\/wp\/v2\/product\/2154\/revisions"}],"wp:featuredmedia":[{"embeddable":true,"href":"https:\/\/satisfybot.com\/fr\/wp-json\/wp\/v2\/media\/2155"}],"wp:attachment":[{"href":"https:\/\/satisfybot.com\/fr\/wp-json\/wp\/v2\/media?parent=2154"}],"wp:term":[{"taxonomy":"product_brand","embeddable":true,"href":"https:\/\/satisfybot.com\/fr\/wp-json\/wp\/v2\/product_brand?post=2154"},{"taxonomy":"product_cat","embeddable":true,"href":"https:\/\/satisfybot.com\/fr\/wp-json\/wp\/v2\/product_cat?post=2154"},{"taxonomy":"product_tag","embeddable":true,"href":"https:\/\/satisfybot.com\/fr\/wp-json\/wp\/v2\/product_tag?post=2154"}],"curies":[{"name":"wp","href":"https:\/\/api.w.org\/{rel}","templated":true}]}}