{"id":2159,"date":"2023-06-25T15:01:36","date_gmt":"2023-06-25T15:01:36","guid":{"rendered":"https:\/\/satisfybot.com\/?post_type=product&#038;p=2159"},"modified":"2023-06-25T15:01:50","modified_gmt":"2023-06-25T15:01:50","slug":"cement-mixer-lorry","status":"publish","type":"product","link":"https:\/\/satisfybot.com\/fr\/produit\/cement-mixer-lorry\/","title":{"rendered":"Camion B\u00e9tonni\u00e8re"},"content":{"rendered":"<p>Nous pouvons produire des camions malaxeurs Foton, des camions malaxeurs s\u00e9rie Dongfeng, des camions malaxeurs Faw, Steyr, Howo et des camions malaxeurs Benbei.\u00a0<span class=\"keywords_replace\">Camion malaxeur \u00e0 b\u00e9ton<\/span>\u00a0nomme aussi camion b\u00e9tonni\u00e8re. Nous avons un avantage technologique et pouvons fournir des camions malaxeurs de bonne qualit\u00e9.<\/p>\n<h2>Caract\u00e9ristiques du camion b\u00e9tonni\u00e8re Foton<\/h2>\n<p>Le camion b\u00e9tonni\u00e8re est confortable \u00e0 conduire. Faites pivoter le corps avec une nouvelle ceinture tendance \u00e0 faible tra\u00een\u00e9e. Une faible r\u00e9sistance au vent entra\u00eene une consommation d&#039;\u00e9nergie r\u00e9duite et une plus grande \u00e9conomie de carburant. Les angles de vision gauche et droit du verre tremp\u00e9 incurv\u00e9 panoramique sont 15 degr\u00e9s plus larges que les mod\u00e8les similaires. Le corps du r\u00e9servoir du m\u00e9langeur est en acier alli\u00e9 au mangan\u00e8se (Q345) \u00e0 haute r\u00e9sistance. La lame de m\u00e9lange est une lame \u00e0 double h\u00e9lice \u00e9paissie de mani\u00e8re logarithmique, qui est plus r\u00e9sistante \u00e0 l&#039;usure. La lame int\u00e9rieure est en acier alli\u00e9 \u00e0 grain fin (520JJ) avec une conception d&#039;angle unique pour un m\u00e9lange plus uniforme et un rendement de laitier plus faible. T\u00eate en acier alli\u00e9 \u00e9paissi de haute qualit\u00e9 r\u00e9sistant \u00e0 l&#039;usure, plus stable et dense.<\/p>\n<p>Le r\u00e9servoir de carburant du camion malaxeur est lisse et de grande taille, et le corps du r\u00e9servoir est lisse et sans brusquerie. L&#039;alimentation en eau pneumatique est utilis\u00e9e pour le nettoyage rapide de l&#039;ext\u00e9rieur du tambour m\u00e9langeur et de la tr\u00e9mie d&#039;alimentation, ainsi que pour le nettoyage du corps. La voiture est \u00e9quip\u00e9e d&#039;un tuyau de 15 m de long pour un nettoyage facile du r\u00e9servoir de carburant ; il y a aussi un tuyau d&#039;eau derri\u00e8re le corps, qui est reli\u00e9 au r\u00e9servoir d&#039;eau et pr\u00eat pour une utilisation externe.<\/p>\n<div><img decoding=\"async\" class=\"aligncenter\" title=\"camion b\u00e9tonni\u00e8re\" src=\"https:\/\/bsg-i.nbxc.com\/product\/6a\/d9\/9f\/7d8b56b003eda6356c3f1b5ca5.jpg\" alt=\"cement mixer lorry\" \/><\/div>\n<p>Le levier de commande du camion malaxeur est flexible et trois en un. Les tiges de commande gauche et droite et les poign\u00e9es de commande \u00e0 la queue sont \u00e9galement install\u00e9es dans la cabine pour contr\u00f4ler la direction avant et arri\u00e8re et la vitesse du tambour d&#039;agitation, afin de compl\u00e9ter les actions d&#039;alimentation, de d\u00e9charge et d&#039;agitation. Le levier de commande est flexible et pratique \u00e0 utiliser et r\u00e9alise le fonctionnement trois en un des ports gauche, droit et d&#039;alimentation.<\/p>\n<p>L&#039;alimentation auxiliaire de l&#039;escalier m\u00e9canique de s\u00e9curit\u00e9 du camion malaxeur est s\u00fbre et fiable. Il est fait de mat\u00e9riaux de haute qualit\u00e9 et s\u00fbrs. L&#039;escalator de s\u00e9curit\u00e9 est \u00e9quip\u00e9 de mains courantes de s\u00e9curit\u00e9 sup\u00e9rieures et inf\u00e9rieures pour faciliter l&#039;op\u00e9ration d&#039;alimentation et le rin\u00e7age de la goulotte de la tr\u00e9mie d&#039;alimentation, etc., pour v\u00e9rifier l&#039;\u00e9tat du r\u00e9servoir et d&#039;autres op\u00e9rations de s\u00e9curit\u00e9.<\/p>\n<p><img decoding=\"async\" class=\"aligncenter\" title=\"camion b\u00e9tonni\u00e8re\" src=\"https:\/\/bsg-i.nbxc.com\/product\/db\/26\/ea\/22962043b8a9e08069269d18dd.jpg\" alt=\"cement mixer lorry\" \/><\/p>\n<h2>Param\u00e8tres du camion malaxeur \u00e0 ciment<\/h2>\n<table border=\"1\" cellspacing=\"0\" cellpadding=\"0\" align=\"center\">\n<tbody>\n<tr>\n<td class=\"et2\" width=\"110\" height=\"18\">Description<\/td>\n<td class=\"et2\" width=\"235\">B\u00e9tonni\u00e8re FOTON 10cbm<\/td>\n<td class=\"et2\" width=\"92\">Mod\u00e8le<\/td>\n<td class=\"et2\" width=\"181\">b\u00e9tonni\u00e8re 10cbm<\/td>\n<\/tr>\n<tr>\n<td class=\"et2\" height=\"18\">Moteur<\/td>\n<td class=\"et2\">Weicha\u00ef 336cv<\/td>\n<td class=\"et2\">Dimension<\/td>\n<td class=\"et2\">8500x2500x3850mm<\/td>\n<\/tr>\n<tr>\n<td class=\"et2\" height=\"18\">Transmission<\/td>\n<td class=\"et2\">9 transitaire + 2 inverseur<\/td>\n<td class=\"et2\">Volume<\/td>\n<td class=\"et2\">b\u00e9tonni\u00e8re 10cbm<\/td>\n<\/tr>\n<tr>\n<td class=\"et2\" height=\"18\">Essieu avant<\/td>\n<td class=\"et2\">7,5 tonnes<\/td>\n<td class=\"et2\">Cabine<\/td>\n<td class=\"et2\">Shacman F3000<\/td>\n<\/tr>\n<tr>\n<td class=\"et2\" height=\"18\">Essieu arri\u00e8re<\/td>\n<td class=\"et2\">16 tonnes<\/td>\n<td class=\"et2\">Frein<\/td>\n<td class=\"et2\">Frein pneumatique<\/td>\n<\/tr>\n<tr>\n<td class=\"et2\" height=\"18\">Empattement<\/td>\n<td class=\"et2\">3850+1350mm<\/td>\n<td class=\"et2\">Pilotage<\/td>\n<td class=\"et2\">Assistante de direction<\/td>\n<\/tr>\n<tr>\n<td class=\"et2\" height=\"18\">Essieu<\/td>\n<td class=\"et2\">3(essieu)<\/td>\n<td class=\"et2\">Vitesse<\/td>\n<td class=\"et2\">83(km\/h)<\/td>\n<\/tr>\n<tr>\n<td class=\"et2\" height=\"18\">Mod\u00e8le de lecteur<\/td>\n<td class=\"et2\">(6\u00d74)<\/td>\n<td class=\"et2\">Option<\/td>\n<td class=\"et2\">abdos<\/td>\n<\/tr>\n<tr>\n<td class=\"et2\" height=\"18\">Nombre de pneus<\/td>\n<td class=\"et2\">11<\/td>\n<td class=\"et2\">Mod\u00e8le de pneu<\/td>\n<td class=\"et2\">12.00R20\/12.00-20<\/td>\n<\/tr>\n<\/tbody>\n<\/table>\n<h2>Application du camion malaxeur \u00e0 ciment<\/h2>\n<p>En tant que v\u00e9hicule de transport sp\u00e9cial, la fonction principale du camion malaxeur \u00e0 ciment est de m\u00e9langer le ciment, le sable et l&#039;eau \u00e0 travers le r\u00e9servoir de m\u00e9lange et de livrer le b\u00e9ton pr\u00e9fabriqu\u00e9 au chantier de construction. Parall\u00e8lement, la qualit\u00e9 du b\u00e9ton doit \u00eatre garantie.<\/p>\n<p><img decoding=\"async\" class=\"aligncenter\" title=\"camion b\u00e9tonni\u00e8re\" src=\"https:\/\/bsg-i.nbxc.com\/product\/03\/a0\/d3\/e85133b5df53975e1e3af6f55a.jpg\" alt=\"cement mixer lorry\" \/><\/p>\n<h2>Pourquoi nous choisir?<\/h2>\n<p>1. Plus de 15 ans d&#039;exp\u00e9rience de fabricant professionnel.<br \/>\n2. Protocole CCC ISO9001.<br \/>\n3. Les petites commandes sont acceptables.<br \/>\n4. Nous acceptons l&#039;inspection 100%, bienvenue dans notre usine \u00e0 tout moment.<br \/>\nP\u00e9riode de garantie de qualit\u00e9 de 5,12 mois.<\/p>","protected":false},"excerpt":{"rendered":"<p>We can produce Foton Concrete mixer trucks, Dongfeng series Concrete mixer trucks, Faw, Steyr, Howo concrete mixer trucks, and Benbei Concrete Mixer trucks.\u00a0Concrete Mixer Truck\u00a0also names cement mixer lorry. We have an advantage of technology and can provide good quality mixer trucks. Features of Foton\u00a0cement mixer lorry The cement mixer lorry is comfortable to ride. [&hellip;]<\/p>","protected":false},"featured_media":2163,"template":"","meta":{"site-sidebar-layout":"default","site-content-layout":"default","ast-site-content-layout":"default","site-content-style":"default","site-sidebar-style":"default","ast-global-header-display":"","ast-banner-title-visibility":"","ast-main-header-display":"","ast-hfb-above-header-display":"","ast-hfb-below-header-display":"","ast-hfb-mobile-header-display":"","site-post-title":"","ast-breadcrumbs-content":"","ast-featured-img":"","footer-sml-layout":"","ast-disable-related-posts":"","theme-transparent-header-meta":"default","adv-header-id-meta":"","stick-header-meta":"","header-above-stick-meta":"","header-main-stick-meta":"","header-below-stick-meta":"","astra-migrate-meta-layouts":"default","ast-page-background-enabled":"default","ast-page-background-meta":{"desktop":{"background-color":"","background-image":"","background-repeat":"repeat","background-position":"center center","background-size":"auto","background-attachment":"scroll","background-type":"","background-media":"","overlay-type":"","overlay-color":"","overlay-opacity":"","overlay-gradient":""},"tablet":{"background-color":"","background-image":"","background-repeat":"repeat","background-position":"center center","background-size":"auto","background-attachment":"scroll","background-type":"","background-media":"","overlay-type":"","overlay-color":"","overlay-opacity":"","overlay-gradient":""},"mobile":{"background-color":"","background-image":"","background-repeat":"repeat","background-position":"center center","background-size":"auto","background-attachment":"scroll","background-type":"","background-media":"","overlay-type":"","overlay-color":"","overlay-opacity":"","overlay-gradient":""}},"ast-content-background-meta":{"desktop":{"background-color":"var(--ast-global-color-5)","background-image":"","background-repeat":"repeat","background-position":"center center","background-size":"auto","background-attachment":"scroll","background-type":"","background-media":"","overlay-type":"","overlay-color":"","overlay-opacity":"","overlay-gradient":""},"tablet":{"background-color":"var(--ast-global-color-5)","background-image":"","background-repeat":"repeat","background-position":"center center","background-size":"auto","background-attachment":"scroll","background-type":"","background-media":"","overlay-type":"","overlay-color":"","overlay-opacity":"","overlay-gradient":""},"mobile":{"background-color":"var(--ast-global-color-5)","background-image":"","background-repeat":"repeat","background-position":"center center","background-size":"auto","background-attachment":"scroll","background-type":"","background-media":"","overlay-type":"","overlay-color":"","overlay-opacity":"","overlay-gradient":""}}},"product_brand":[],"product_cat":[27],"product_tag":[],"class_list":{"0":"post-2159","1":"product","2":"type-product","3":"status-publish","4":"has-post-thumbnail","6":"product_cat-cement-truck","7":"desktop-align-left","8":"tablet-align-left","9":"mobile-align-left","11":"first","12":"instock","13":"shipping-taxable","14":"product-type-simple"},"_links":{"self":[{"href":"https:\/\/satisfybot.com\/fr\/wp-json\/wp\/v2\/product\/2159","targetHints":{"allow":["GET"]}}],"collection":[{"href":"https:\/\/satisfybot.com\/fr\/wp-json\/wp\/v2\/product"}],"about":[{"href":"https:\/\/satisfybot.com\/fr\/wp-json\/wp\/v2\/types\/product"}],"version-history":[{"count":0,"href":"https:\/\/satisfybot.com\/fr\/wp-json\/wp\/v2\/product\/2159\/revisions"}],"wp:featuredmedia":[{"embeddable":true,"href":"https:\/\/satisfybot.com\/fr\/wp-json\/wp\/v2\/media\/2163"}],"wp:attachment":[{"href":"https:\/\/satisfybot.com\/fr\/wp-json\/wp\/v2\/media?parent=2159"}],"wp:term":[{"taxonomy":"product_brand","embeddable":true,"href":"https:\/\/satisfybot.com\/fr\/wp-json\/wp\/v2\/product_brand?post=2159"},{"taxonomy":"product_cat","embeddable":true,"href":"https:\/\/satisfybot.com\/fr\/wp-json\/wp\/v2\/product_cat?post=2159"},{"taxonomy":"product_tag","embeddable":true,"href":"https:\/\/satisfybot.com\/fr\/wp-json\/wp\/v2\/product_tag?post=2159"}],"curies":[{"name":"wp","href":"https:\/\/api.w.org\/{rel}","templated":true}]}}