{"id":2186,"date":"2023-06-25T15:23:00","date_gmt":"2023-06-25T15:23:00","guid":{"rendered":"https:\/\/satisfybot.com\/?post_type=product&#038;p=2186"},"modified":"2023-06-25T15:23:01","modified_gmt":"2023-06-25T15:23:01","slug":"tipper-semi-trailer","status":"publish","type":"product","link":"https:\/\/satisfybot.com\/fr\/produit\/tipper-semi-trailer\/","title":{"rendered":"Semi-remorque \u00e0 benne basculante"},"content":{"rendered":"<p>Semi-remorque \u00e0 benne basculante<\/p>\n<p>Capacit\u00e9 de chargement 40-80 tonnes<\/p>\n<p>Essieu 3-6 pi\u00e8ces, essieu 13T\/16T FUWA\/BPW en option<\/p>\n<p>Pneu 12.00R20\/ 315\/80R22.5\/ 12R22.5\/ 13R22.5 en option<\/p>\n<p>Dimensions (Lxlxh) 9750 \u00e0 12000 mm x 2500 x 3200 mm, en option<\/p>\n<p>Tare 10 tonnes \u00e0 12 tonnes<\/p>\n<p>Jantes 8.5-20, 9.0-20<\/p>\n<p>Syst\u00e8me de suspension Suspension \u00e0 ressort \u00e0 lames \/ suspension pneumatique, en option<\/p>\n<p>Syst\u00e8me de freinage Syst\u00e8me de freinage pneumatique \u00e0 double conduite avec soupape de relais d&#039;urgence WABCO<\/p>\n<p>Hauteur du faisceau principal 500 mm Q345<\/p>\n<p>Ch\u00e2ssis sup\u00e9rieur 14 mm, inf\u00e9rieur 16 mm. Bande m\u00e9diane 12 mm, en option<\/p>\n<p>\u00c9paisseur de la benne Bas 8 mm C\u00f4t\u00e9 6 mm, en option<\/p>\n<p>Cylindre hydraulique marque HYVA<\/p>\n<p>Kingpin 2\u2032 ou 3.5\u2032 interchangeable<\/p>\n<p>Train d&#039;atterrissage 28 tonnes, op\u00e9ration manuelle \u00e0 deux vitesses<\/p>\n<p>Syst\u00e8me \u00e9lectrique 1. Tension : 24 V 2. Prise : 7 voies (faisceau \u00e0 7 fils) Norme allemande<\/p>\n<p>Feux et r\u00e9flecteurs Feu arri\u00e8re, r\u00e9flecteur arri\u00e8re, clignotant, catadioptre lat\u00e9ral, antibrouillard, \u00e9clairage de plaque d&#039;immatriculation<\/p>\n<p>Peinture Grenaillage selon la norme SA 2.5 avant l&#039;application de l&#039;appr\u00eat, couche de finition en polyur\u00e9thane. DFT total pas moins de 100 \u03bcm\u00a0; n&#039;importe quelle couleur sera disponible<\/p>\n<p>Bo\u00eete \u00e0 outils Une bo\u00eete \u00e0 outils avec un ensemble d&#039;outils de remorque standard<\/p>\n<p>Porte-roue de secours Une pi\u00e8ce ou deux pi\u00e8ces<\/p>","protected":false},"excerpt":{"rendered":"<p>Articles Semi-remorque \u00e0 benne basculante Capacit\u00e9 de chargement 40-80 tonnes Essieu 3-6 pi\u00e8ces, essieu 13T\/16T FUWA\/BPW en option Pneu 12.00R20\/ 315\/80R22.5\/ 12R22.5\/ 13R22.5 en option Dimensions (L x l x H) 9750 \u00e0 12000 mm x 2500 x 3200 mm, en option Poids \u00e0 vide 10 tonnes \u00e0 12 tonnes Jantes 8.5-20, 9.0-20 Syst\u00e8me de suspension Suspension \u00e0 ressort \u00e0 lames\/suspension pneumatique, en option Syst\u00e8me de freinage Syst\u00e8me de freinage pneumatique \u00e0 double conduite avec valve de relais d&#039;urgence WABCO Hauteur de la poutre principale 500 mm Ch\u00e2ssis Q345 sup\u00e9rieur 14 mm, inf\u00e9rieur 16 mm. \u00c9paisseur de la benne : 12 mm (en option) Fond : 8 mm C\u00f4t\u00e9 : 6 mm (en option) V\u00e9rin hydraulique Pivot de marque HYVA interchangeable de 2 pi ou 3,5 pi Train d&#039;atterrissage 28 tonnes, commande manuelle \u00e0 deux vitesses Syst\u00e8me \u00e9lectrique 1. Tension : 24 V 2. Prise : 7 voies (faisceau de 7 fils) Norme allemande Feux et r\u00e9flecteurs Feu arri\u00e8re, r\u00e9flecteur arri\u00e8re, clignotant, r\u00e9flecteur lat\u00e9ral, feu antibrouillard, \u00e9clairage de plaque d&#039;immatriculation Peinture Grenaillage selon la norme SA 2,5 avant application de l&#039;appr\u00eat, couche de finition en polyur\u00e9thane. Epaisseur totale du film sec (FSP) non inf\u00e9rieure \u00e0 100 \u03bcm ; toutes les couleurs seront disponibles Bo\u00eete \u00e0 outils Une bo\u00eete \u00e0 outils avec un jeu d&#039;outils de remorque standard Porte-roue de secours Une pi\u00e8ce ou deux pi\u00e8ces<\/p>","protected":false},"featured_media":2187,"template":"","meta":{"site-sidebar-layout":"default","site-content-layout":"default","ast-site-content-layout":"default","site-content-style":"default","site-sidebar-style":"default","ast-global-header-display":"","ast-banner-title-visibility":"","ast-main-header-display":"","ast-hfb-above-header-display":"","ast-hfb-below-header-display":"","ast-hfb-mobile-header-display":"","site-post-title":"","ast-breadcrumbs-content":"","ast-featured-img":"","footer-sml-layout":"","ast-disable-related-posts":"","theme-transparent-header-meta":"default","adv-header-id-meta":"","stick-header-meta":"","header-above-stick-meta":"","header-main-stick-meta":"","header-below-stick-meta":"","astra-migrate-meta-layouts":"default","ast-page-background-enabled":"default","ast-page-background-meta":{"desktop":{"background-color":"","background-image":"","background-repeat":"repeat","background-position":"center center","background-size":"auto","background-attachment":"scroll","background-type":"","background-media":"","overlay-type":"","overlay-color":"","overlay-opacity":"","overlay-gradient":""},"tablet":{"background-color":"","background-image":"","background-repeat":"repeat","background-position":"center center","background-size":"auto","background-attachment":"scroll","background-type":"","background-media":"","overlay-type":"","overlay-color":"","overlay-opacity":"","overlay-gradient":""},"mobile":{"background-color":"","background-image":"","background-repeat":"repeat","background-position":"center center","background-size":"auto","background-attachment":"scroll","background-type":"","background-media":"","overlay-type":"","overlay-color":"","overlay-opacity":"","overlay-gradient":""}},"ast-content-background-meta":{"desktop":{"background-color":"var(--ast-global-color-5)","background-image":"","background-repeat":"repeat","background-position":"center center","background-size":"auto","background-attachment":"scroll","background-type":"","background-media":"","overlay-type":"","overlay-color":"","overlay-opacity":"","overlay-gradient":""},"tablet":{"background-color":"var(--ast-global-color-5)","background-image":"","background-repeat":"repeat","background-position":"center center","background-size":"auto","background-attachment":"scroll","background-type":"","background-media":"","overlay-type":"","overlay-color":"","overlay-opacity":"","overlay-gradient":""},"mobile":{"background-color":"var(--ast-global-color-5)","background-image":"","background-repeat":"repeat","background-position":"center center","background-size":"auto","background-attachment":"scroll","background-type":"","background-media":"","overlay-type":"","overlay-color":"","overlay-opacity":"","overlay-gradient":""}}},"product_brand":[],"product_cat":[30],"product_tag":[],"class_list":{"0":"post-2186","1":"product","2":"type-product","3":"status-publish","4":"has-post-thumbnail","6":"product_cat-semi-trailer","7":"desktop-align-left","8":"tablet-align-left","9":"mobile-align-left","11":"first","12":"instock","13":"shipping-taxable","14":"product-type-simple"},"_links":{"self":[{"href":"https:\/\/satisfybot.com\/fr\/wp-json\/wp\/v2\/product\/2186","targetHints":{"allow":["GET"]}}],"collection":[{"href":"https:\/\/satisfybot.com\/fr\/wp-json\/wp\/v2\/product"}],"about":[{"href":"https:\/\/satisfybot.com\/fr\/wp-json\/wp\/v2\/types\/product"}],"version-history":[{"count":0,"href":"https:\/\/satisfybot.com\/fr\/wp-json\/wp\/v2\/product\/2186\/revisions"}],"wp:featuredmedia":[{"embeddable":true,"href":"https:\/\/satisfybot.com\/fr\/wp-json\/wp\/v2\/media\/2187"}],"wp:attachment":[{"href":"https:\/\/satisfybot.com\/fr\/wp-json\/wp\/v2\/media?parent=2186"}],"wp:term":[{"taxonomy":"product_brand","embeddable":true,"href":"https:\/\/satisfybot.com\/fr\/wp-json\/wp\/v2\/product_brand?post=2186"},{"taxonomy":"product_cat","embeddable":true,"href":"https:\/\/satisfybot.com\/fr\/wp-json\/wp\/v2\/product_cat?post=2186"},{"taxonomy":"product_tag","embeddable":true,"href":"https:\/\/satisfybot.com\/fr\/wp-json\/wp\/v2\/product_tag?post=2186"}],"curies":[{"name":"wp","href":"https:\/\/api.w.org\/{rel}","templated":true}]}}