{"id":2191,"date":"2023-06-25T15:26:53","date_gmt":"2023-06-25T15:26:53","guid":{"rendered":"https:\/\/satisfybot.com\/?post_type=product&#038;p=2191"},"modified":"2023-06-25T15:26:54","modified_gmt":"2023-06-25T15:26:54","slug":"flat-bed-4-axles-semi-trailer-for-sale","status":"publish","type":"product","link":"https:\/\/satisfybot.com\/fr\/produit\/flat-bed-4-axles-semi-trailer-for-sale\/","title":{"rendered":"Semi-remorque \u00e0 plat 4 essieux \u00e0 vendre"},"content":{"rendered":"<p><strong>Semi-remorque \u00e0 plat 4 essieux \u00e0 vendre<\/strong><\/p>\n<p>Sp\u00e9cification:<\/p>\n<p><strong>Dimension<\/strong><\/p>\n<p>(L*W*H\/mm) 12400*2500*1500<\/p>\n<p><strong>Faisceau principal<\/strong><\/p>\n<p>\u2606 Robuste et durable con\u00e7u, optant pour l&#039;acier \u00e0 haute r\u00e9sistance Q345.<\/p>\n<p>\u2606 500 mm de hauteur ; Bride sup\u00e9rieure 16*140mm\u00a0; Bride m\u00e9diane 6mm; Bride inf\u00e9rieure 16*140mm, Poutre lat\u00e9rale 18<\/p>\n<p><strong>Tare<\/strong>: devrait \u00eatre entre 5800 et 6200kg<\/p>\n<p><strong>Plancher en acier<\/strong>\u00a03 mm.<\/p>\n<p><strong>Capacit\u00e9<\/strong>: 40T<\/p>\n<p><strong>Pivot central<\/strong>\u00a0\u2606 JOST marque 2\u2033 style soud\u00e9 standard<\/p>\n<p><strong>Train d&#039;atterrissage<\/strong>\u00a0\u2606 Train d&#039;atterrissage robuste FUWA 19\u2033<\/p>\n<p><strong>Essieu<\/strong>\u00a0\u2606 Quatre essieux 13T de marque FUWA, 10 trous.<\/p>\n<p><strong>Suspension<\/strong>\u00a0\u2606Syst\u00e8me am\u00e9ricain 90*16mm, 10 pi\u00e8ces<\/p>\n<p><strong>Pneu (jante de roue)<\/strong><\/p>\n<p>\u26069 unit\u00e9s de pneus en acier 10.00R20, comprennent un pneu de secours.<\/p>\n<p>\u26069 unit\u00e9s de jante 7.5-20<\/p>\n<p><strong>Verrouillage par torsion<\/strong>\u00a0\u2606 12 num\u00e9ros de verrou tournant ISO pour 2 x 6 m ; Conteneur 1 * 40 pieds, conteneur 1 * 20 \u2032, les serrures centrales peuvent \u00eatre pos\u00e9es.<\/p>\n<p><strong>Frein<\/strong><\/p>\n<p>\u2606 Une unit\u00e9 de vanne relais WABCO RE 6\u00a0; deux unit\u00e9s de chambre de frein \u00e0 ressort T30\/30\u00a0; deux unit\u00e9s de T30<\/p>\n<p>Chambre de frein \u00e0 ressort.<\/p>\n<p>\u2606 Une unit\u00e9 de r\u00e9servoir d&#039;air fiable de 45 litres de marque locale.<\/p>\n<p><strong>\u00c9lectrique:<\/strong>\u00a0\u2606Prise ISO \u00e0 7 broches de circuit 24v standard international; Feu arri\u00e8re avec clignotant, feu stop et r\u00e9flecteur,<\/p>\n<p>lampe lat\u00e9rale, etc. Un ensemble de c\u00e2ble standard \u00e0 6 conducteurs.<\/p>\n<p><strong>Peinture:<\/strong><\/p>\n<p>\u2606 Sablage traitant la rouille propre<\/p>\n<p>\u26061 couche d&#039;appr\u00eat anticorrosion, 2 couches de peinture ur\u00e9thane de finition<\/p>\n<p>\u2606couleur: Jaune<\/p>\n<p><strong>Autre:\u00a0<\/strong>\u2606 Un support de roue de secours\u00a0;<\/p>\n<p>\u2606 Distant du pivot d&#039;attelage \u00e0 la partie avant\u00a0: 450\u00a0mm<\/p>\n<p><strong>Emballage<\/strong><strong>\u00a0<\/strong>\u2606 Coupez la partie arri\u00e8re de la remorque et chargez-la dans un conteneur 40HQ, installez-la par vis dans la destination.<\/p>\n<p>\u2606 Un conteneur porte\u00a0<strong>deux unit\u00e9s<\/strong>.<\/p>\n<p><strong>Terme de paiement<\/strong>: T\/T 30% de la valeur totale comme avance et 70% par LC au moment de la livraison.<\/p>","protected":false},"excerpt":{"rendered":"<p>Flat Bed 4 Axles Semi Trailer for sale Specification: Dimension (L*W*H\/mm) 12400*2500*1500 Main Beam \u2606Heavy duty and extra durability designed, opting for high tensile steel Q345. \u2606500mm height; Top flange 16*140mm; Middle flange 6mm; Bottom flange 16*140mm, Side beam 18 Tare Weight: should be within 5800 to 6200kg Floor Steel\u00a03mm. Capacity: 40T King pin\u00a0\u2606JOST brand [&hellip;]<\/p>","protected":false},"featured_media":2193,"template":"","meta":{"site-sidebar-layout":"default","site-content-layout":"default","ast-site-content-layout":"default","site-content-style":"default","site-sidebar-style":"default","ast-global-header-display":"","ast-banner-title-visibility":"","ast-main-header-display":"","ast-hfb-above-header-display":"","ast-hfb-below-header-display":"","ast-hfb-mobile-header-display":"","site-post-title":"","ast-breadcrumbs-content":"","ast-featured-img":"","footer-sml-layout":"","ast-disable-related-posts":"","theme-transparent-header-meta":"default","adv-header-id-meta":"","stick-header-meta":"","header-above-stick-meta":"","header-main-stick-meta":"","header-below-stick-meta":"","astra-migrate-meta-layouts":"default","ast-page-background-enabled":"default","ast-page-background-meta":{"desktop":{"background-color":"","background-image":"","background-repeat":"repeat","background-position":"center center","background-size":"auto","background-attachment":"scroll","background-type":"","background-media":"","overlay-type":"","overlay-color":"","overlay-opacity":"","overlay-gradient":""},"tablet":{"background-color":"","background-image":"","background-repeat":"repeat","background-position":"center center","background-size":"auto","background-attachment":"scroll","background-type":"","background-media":"","overlay-type":"","overlay-color":"","overlay-opacity":"","overlay-gradient":""},"mobile":{"background-color":"","background-image":"","background-repeat":"repeat","background-position":"center center","background-size":"auto","background-attachment":"scroll","background-type":"","background-media":"","overlay-type":"","overlay-color":"","overlay-opacity":"","overlay-gradient":""}},"ast-content-background-meta":{"desktop":{"background-color":"var(--ast-global-color-5)","background-image":"","background-repeat":"repeat","background-position":"center center","background-size":"auto","background-attachment":"scroll","background-type":"","background-media":"","overlay-type":"","overlay-color":"","overlay-opacity":"","overlay-gradient":""},"tablet":{"background-color":"var(--ast-global-color-5)","background-image":"","background-repeat":"repeat","background-position":"center center","background-size":"auto","background-attachment":"scroll","background-type":"","background-media":"","overlay-type":"","overlay-color":"","overlay-opacity":"","overlay-gradient":""},"mobile":{"background-color":"var(--ast-global-color-5)","background-image":"","background-repeat":"repeat","background-position":"center center","background-size":"auto","background-attachment":"scroll","background-type":"","background-media":"","overlay-type":"","overlay-color":"","overlay-opacity":"","overlay-gradient":""}}},"product_brand":[],"product_cat":[30],"product_tag":[],"class_list":{"0":"post-2191","1":"product","2":"type-product","3":"status-publish","4":"has-post-thumbnail","6":"product_cat-semi-trailer","7":"desktop-align-left","8":"tablet-align-left","9":"mobile-align-left","11":"first","12":"instock","13":"shipping-taxable","14":"product-type-simple"},"_links":{"self":[{"href":"https:\/\/satisfybot.com\/fr\/wp-json\/wp\/v2\/product\/2191","targetHints":{"allow":["GET"]}}],"collection":[{"href":"https:\/\/satisfybot.com\/fr\/wp-json\/wp\/v2\/product"}],"about":[{"href":"https:\/\/satisfybot.com\/fr\/wp-json\/wp\/v2\/types\/product"}],"version-history":[{"count":0,"href":"https:\/\/satisfybot.com\/fr\/wp-json\/wp\/v2\/product\/2191\/revisions"}],"wp:featuredmedia":[{"embeddable":true,"href":"https:\/\/satisfybot.com\/fr\/wp-json\/wp\/v2\/media\/2193"}],"wp:attachment":[{"href":"https:\/\/satisfybot.com\/fr\/wp-json\/wp\/v2\/media?parent=2191"}],"wp:term":[{"taxonomy":"product_brand","embeddable":true,"href":"https:\/\/satisfybot.com\/fr\/wp-json\/wp\/v2\/product_brand?post=2191"},{"taxonomy":"product_cat","embeddable":true,"href":"https:\/\/satisfybot.com\/fr\/wp-json\/wp\/v2\/product_cat?post=2191"},{"taxonomy":"product_tag","embeddable":true,"href":"https:\/\/satisfybot.com\/fr\/wp-json\/wp\/v2\/product_tag?post=2191"}],"curies":[{"name":"wp","href":"https:\/\/api.w.org\/{rel}","templated":true}]}}