{"id":2195,"date":"2023-06-25T15:59:43","date_gmt":"2023-06-25T15:59:43","guid":{"rendered":"https:\/\/satisfybot.com\/?post_type=product&#038;p=2195"},"modified":"2023-06-26T13:12:39","modified_gmt":"2023-06-26T13:12:39","slug":"howo-6x4-sinotruk-steyr-high-quality-truck","status":"publish","type":"product","link":"https:\/\/satisfybot.com\/fr\/produit\/howo-6x4-sinotruk-steyr-high-quality-truck\/","title":{"rendered":"Camion de haute qualit\u00e9 HOWO 6 \u00d7 4 Sinotruk Steyr"},"content":{"rendered":"<div class=\"J_module\">\n<div id=\"ali-anchor-AliMagic-f2cqj9\" class=\"magic-0\" data-section=\"AliMagic-f2cqj9\" data-section-title=\"Product Description\" data-spm-anchor-id=\"a2700.details.0.i34.76921774qANaHd\"><strong>Description du produit<\/strong><\/div>\n<\/div>\n<div class=\"J_module\">\n<div class=\"icbu-pc-detailManyImage magic-1\">\n<div class=\"magic-2\"><img decoding=\"async\" class=\"magic-3\" src=\"https:\/\/sc04.alicdn.com\/kf\/S1118d882e92e48b3a4001eebaabb22cbz\/272953331\/S1118d882e92e48b3a4001eebaabb22cbz.jpg\" data-src=\"\/\/sc04.alicdn.com\/kf\/S1118d882e92e48b3a4001eebaabb22cbz\/272953331\/S1118d882e92e48b3a4001eebaabb22cbz.jpg\" \/><\/div>\n<div class=\"magic-2\"><img decoding=\"async\" class=\"magic-3\" src=\"https:\/\/sc04.alicdn.com\/kf\/Sfbc62db492e64b4999aa9fb9883a1cfe3\/272953331\/Sfbc62db492e64b4999aa9fb9883a1cfe3.jpg\" data-src=\"\/\/sc04.alicdn.com\/kf\/Sfbc62db492e64b4999aa9fb9883a1cfe3\/272953331\/Sfbc62db492e64b4999aa9fb9883a1cfe3.jpg\" \/><\/div>\n<div class=\"magic-2\"><img decoding=\"async\" class=\"magic-3\" src=\"https:\/\/sc04.alicdn.com\/kf\/S80c84166f181498f9e527984289164982\/272953331\/S80c84166f181498f9e527984289164982.jpg\" data-src=\"\/\/sc04.alicdn.com\/kf\/S80c84166f181498f9e527984289164982\/272953331\/S80c84166f181498f9e527984289164982.jpg\" \/><\/div>\n<div class=\"magic-2\"><img decoding=\"async\" class=\"magic-3\" src=\"https:\/\/sc04.alicdn.com\/kf\/S03d7b10c1682438bb0307a6a4feb2ecct\/272953331\/S03d7b10c1682438bb0307a6a4feb2ecct.jpg\" data-src=\"\/\/sc04.alicdn.com\/kf\/S03d7b10c1682438bb0307a6a4feb2ecct\/272953331\/S03d7b10c1682438bb0307a6a4feb2ecct.jpg\" \/><\/div>\n<\/div>\n<\/div>\n<div class=\"J_module\">\n<div id=\"ali-anchor-AliMagic-hlirdu\" class=\"magic-0\" data-section=\"AliMagic-hlirdu\" data-section-title=\"Specification\">sp\u00e9cification<\/div>\n<\/div>\n<div class=\"J_module\">\n<div class=\"ife-detail-decorate-table\">\n<table class=\"has-title all magic-4\">\n<tbody>\n<tr>\n<td colspan=\"1\" rowspan=\"1\">\n<div class=\"magic-5\">article<\/div>\n<\/td>\n<td colspan=\"1\" rowspan=\"1\">\n<div class=\"magic-6\">valeur<\/div>\n<\/td>\n<\/tr>\n<tr>\n<td colspan=\"1\" rowspan=\"1\">\n<div class=\"magic-5\">Lieu d&#039;origine<\/div>\n<\/td>\n<td colspan=\"1\" rowspan=\"1\">\n<div class=\"magic-6\">Chine<\/div>\n<\/td>\n<\/tr>\n<tr>\n<td colspan=\"1\" rowspan=\"1\">\n<div class=\"magic-5\">Poids (kg)<\/div>\n<\/td>\n<td colspan=\"1\" rowspan=\"1\">\n<div class=\"magic-6\">15500KG<\/div>\n<\/td>\n<\/tr>\n<tr>\n<td colspan=\"1\" rowspan=\"1\">\n<div class=\"magic-5\">Inspection de sortie vid\u00e9o<\/div>\n<\/td>\n<td colspan=\"1\" rowspan=\"1\">\n<div class=\"magic-6\">Fourni<\/div>\n<\/td>\n<\/tr>\n<tr>\n<td colspan=\"1\" rowspan=\"1\">\n<div class=\"magic-5\">Rapport d&#039;essai de machines<\/div>\n<\/td>\n<td colspan=\"1\" rowspan=\"1\">\n<div class=\"magic-6\">Fourni<\/div>\n<\/td>\n<\/tr>\n<tr>\n<td colspan=\"1\" rowspan=\"1\">\n<div class=\"magic-5\">Composants principaux<\/div>\n<\/td>\n<td colspan=\"1\" rowspan=\"1\">\n<div class=\"magic-6\">Vitesse, Moteur<\/div>\n<\/td>\n<\/tr>\n<tr>\n<td colspan=\"1\" rowspan=\"1\">\n<div class=\"magic-5\">Secteurs applicables<\/div>\n<\/td>\n<td colspan=\"1\" rowspan=\"1\">\n<div class=\"magic-6\">Magasins de mat\u00e9riaux de construction, Fermes, Travaux de construction, \u00c9nergie et mines, Autre<\/div>\n<\/td>\n<\/tr>\n<tr>\n<td colspan=\"1\" rowspan=\"1\">\n<div class=\"magic-5\">Emplacement de la salle d&#039;exposition<\/div>\n<\/td>\n<td colspan=\"1\" rowspan=\"1\">\n<div class=\"magic-6\">Aucun<\/div>\n<\/td>\n<\/tr>\n<tr>\n<td colspan=\"1\" rowspan=\"1\">\n<div class=\"magic-5\">Ann\u00e9e<\/div>\n<\/td>\n<td colspan=\"1\" rowspan=\"1\">\n<div class=\"magic-6\">2017<\/div>\n<\/td>\n<\/tr>\n<tr>\n<td colspan=\"1\" rowspan=\"1\">\n<div class=\"magic-5\"><\/div>\n<\/td>\n<td colspan=\"1\" rowspan=\"1\">\n<div class=\"magic-6\"><\/div>\n<\/td>\n<\/tr>\n<\/tbody>\n<\/table>\n<\/div>\n<\/div>\n<div class=\"J_module\"><\/div>\n<div class=\"J_module\">\n<div class=\"icbu-pc-detailVideoShow magic-7 J_module\" data-magic=\" \" data-magic-status=\"done\">\n<div class=\"icbu-pc-detailVideoShow\" data-reactroot=\"\">\n<div class=\"bc-react-video-player singleton undefined venus-component-video\" data-spm-anchor-id=\"a2700.details.0.i13.76921774qANaHd\">\n<div class=\"bc-video-player\">\n<div class=\"control-bar\"><\/div>\n<\/div>\n<\/div>\n<\/div>\n<\/div>\n<\/div>\n<div class=\"J_module\">\n<div class=\"icbu-pc-images magic-8\">\n<div>\n<div class=\"flex-layout-v\">\n<div class=\"flex-layout-h magic-8\">\n<div class=\"magic-9\"><img decoding=\"async\" class=\"magic-10\" src=\"https:\/\/sc04.alicdn.com\/kf\/S564ce6c38902461585417ecd8d686f1fa\/272953331\/S564ce6c38902461585417ecd8d686f1fa.jpg\" data-src=\"\/\/sc04.alicdn.com\/kf\/S564ce6c38902461585417ecd8d686f1fa\/272953331\/S564ce6c38902461585417ecd8d686f1fa.jpg\" \/><\/div>\n<div class=\"magic-11\"><img decoding=\"async\" class=\"magic-10\" src=\"https:\/\/sc04.alicdn.com\/kf\/Sd1da29c0040848ab9e8e823bf9fc64d9b\/272953331\/Sd1da29c0040848ab9e8e823bf9fc64d9b.jpg\" data-src=\"\/\/sc04.alicdn.com\/kf\/Sd1da29c0040848ab9e8e823bf9fc64d9b\/272953331\/Sd1da29c0040848ab9e8e823bf9fc64d9b.jpg\" \/><\/div>\n<div class=\"magic-11\"><img decoding=\"async\" class=\"magic-10\" src=\"https:\/\/sc04.alicdn.com\/kf\/S2ada77124afe456ab7816a812fb35ff0T\/272953331\/S2ada77124afe456ab7816a812fb35ff0T.jpg\" data-src=\"\/\/sc04.alicdn.com\/kf\/S2ada77124afe456ab7816a812fb35ff0T\/272953331\/S2ada77124afe456ab7816a812fb35ff0T.jpg\" \/><\/div>\n<\/div>\n<\/div>\n<\/div>\n<\/div>\n<\/div>\n<div class=\"J_module\">\n<div class=\"detail-decorate-json-renderer-container\">\n<div class=\"magic-12\">\n<div class=\"magic-13\">\n<div class=\"magic-14\">\n<div class=\"magic-15\">Shanghai Francium Trading Co., Ltd. est un fabricant professionnel de camions \u00e0 benne basculante. \u00c0 l&#039;heure actuelle, les produits de la soci\u00e9t\u00e9 couvrent une large gamme de s\u00e9ries de machines de construction et de s\u00e9ries de fabrication de v\u00e9hicules intelligents. La soci\u00e9t\u00e9 s&#039;efforce de d\u00e9velopper des industries de fabrication comp\u00e9titives de machines de construction, de nouveaux \u00e9quipements \u00e9nerg\u00e9tiques, d&#039;ensembles complets d&#039;\u00e9quipements de protection de l&#039;environnement, d&#039;\u00e9quipements sp\u00e9ciaux p\u00e9troliers, de v\u00e9hicules sp\u00e9ciaux et d&#039;autres \u00e9quipements de haute technologie.<\/div>\n<\/div>\n<\/div>\n<\/div>\n<\/div>\n<\/div>\n<div class=\"J_module\">\n<div id=\"ali-anchor-AliMagic-cqwchy\" class=\"magic-0\" data-section=\"AliMagic-cqwchy\" data-section-title=\"FAQ\">FAQ<\/div>\n<\/div>\n<div class=\"J_module\">\n<div class=\"detail-decorate-json-renderer-container\">\n<div class=\"magic-12\">\n<div class=\"magic-13\">\n<div class=\"magic-14\">\n<div class=\"magic-15\"><b>1. qui sommes-nous ?<\/b><br \/>\nNous sommes bas\u00e9s \u00e0 Shanghai, en Chine, \u00e0 partir de 1995, vendons en Afrique (25.00%), en Am\u00e9rique du Nord (20.00%), en Europe du Nord (15.00%), en Asie du Sud-Est (15.00%), en Am\u00e9rique du Sud (15.00%), en Europe de l&#039;Est (10.00%). Il y a au total environ 101 \u00e0 200 personnes dans notre bureau.<\/div>\n<div class=\"magic-15\"><b>2. comment pouvons-nous garantir la qualit\u00e9 ?<\/b><br \/>\nToujours un \u00e9chantillon de pr\u00e9-production avant la production en s\u00e9rie\u00a0;<br \/>\nInspection toujours finale avant exp\u00e9dition\u00a0;<b>3. Que pouvez-vous acheter chez nous ?<\/b><br \/>\nCamion \u00e0 benne basculante, camion<\/p>\n<p><b>4. Pourquoi devriez-vous acheter chez nous et non chez d&#039;autres fournisseurs ?<\/b><br \/>\nLa soci\u00e9t\u00e9 ind\u00e9pendante de recherche et d\u00e9veloppement de production de camions \u00e0 benne basculante est l&#039;une des premi\u00e8res productions nationales de fabricants professionnels de machines de construction.<\/p>\n<p><b>5. Quels services pouvons-nous fournir ?<\/b><br \/>\nConditions de livraison accept\u00e9es\u00a0: FOB\u00a0;<br \/>\nDevise de paiement accept\u00e9e\u00a0:\u00a0null\u00a0;<br \/>\nType de paiement accept\u00e9 : T\/T, L\/C, PayPal, Western Union ;<br \/>\nLangue parl\u00e9e\u00a0: anglais, espagnol, japonais, portugais, allemand, arabe, fran\u00e7ais, russe, cor\u00e9en, hindi, italien<\/p>\n<\/div>\n<\/div>\n<\/div>\n<\/div>\n<\/div>\n<\/div>","protected":false},"excerpt":{"rendered":"<p>Product Description Specification item value Place of Origin China Weight (KG) 15500KG Video outgoing-inspection Provided Machinery Test Report Provided Core Components Gear, Engine Applicable Industries Building Material Shops, Farms, Construction works\u00a0, Energy &amp; Mining, Other Showroom Location None Year 2017 Shanghai Francium Trading Co., Ltd. is a professional manufacturer of Tipper trucks. At present, the [&hellip;]<\/p>","protected":false},"featured_media":2200,"template":"","meta":{"site-sidebar-layout":"default","site-content-layout":"default","ast-site-content-layout":"default","site-content-style":"default","site-sidebar-style":"default","ast-global-header-display":"","ast-banner-title-visibility":"","ast-main-header-display":"","ast-hfb-above-header-display":"","ast-hfb-below-header-display":"","ast-hfb-mobile-header-display":"","site-post-title":"","ast-breadcrumbs-content":"","ast-featured-img":"","footer-sml-layout":"","ast-disable-related-posts":"","theme-transparent-header-meta":"default","adv-header-id-meta":"","stick-header-meta":"","header-above-stick-meta":"","header-main-stick-meta":"","header-below-stick-meta":"","astra-migrate-meta-layouts":"default","ast-page-background-enabled":"default","ast-page-background-meta":{"desktop":{"background-color":"","background-image":"","background-repeat":"repeat","background-position":"center center","background-size":"auto","background-attachment":"scroll","background-type":"","background-media":"","overlay-type":"","overlay-color":"","overlay-opacity":"","overlay-gradient":""},"tablet":{"background-color":"","background-image":"","background-repeat":"repeat","background-position":"center center","background-size":"auto","background-attachment":"scroll","background-type":"","background-media":"","overlay-type":"","overlay-color":"","overlay-opacity":"","overlay-gradient":""},"mobile":{"background-color":"","background-image":"","background-repeat":"repeat","background-position":"center center","background-size":"auto","background-attachment":"scroll","background-type":"","background-media":"","overlay-type":"","overlay-color":"","overlay-opacity":"","overlay-gradient":""}},"ast-content-background-meta":{"desktop":{"background-color":"var(--ast-global-color-5)","background-image":"","background-repeat":"repeat","background-position":"center center","background-size":"auto","background-attachment":"scroll","background-type":"","background-media":"","overlay-type":"","overlay-color":"","overlay-opacity":"","overlay-gradient":""},"tablet":{"background-color":"var(--ast-global-color-5)","background-image":"","background-repeat":"repeat","background-position":"center center","background-size":"auto","background-attachment":"scroll","background-type":"","background-media":"","overlay-type":"","overlay-color":"","overlay-opacity":"","overlay-gradient":""},"mobile":{"background-color":"var(--ast-global-color-5)","background-image":"","background-repeat":"repeat","background-position":"center center","background-size":"auto","background-attachment":"scroll","background-type":"","background-media":"","overlay-type":"","overlay-color":"","overlay-opacity":"","overlay-gradient":""}}},"product_brand":[],"product_cat":[23],"product_tag":[],"class_list":{"0":"post-2195","1":"product","2":"type-product","3":"status-publish","4":"has-post-thumbnail","6":"product_cat-dump-truck","7":"desktop-align-left","8":"tablet-align-left","9":"mobile-align-left","11":"first","12":"instock","13":"shipping-taxable","14":"product-type-simple"},"_links":{"self":[{"href":"https:\/\/satisfybot.com\/fr\/wp-json\/wp\/v2\/product\/2195","targetHints":{"allow":["GET"]}}],"collection":[{"href":"https:\/\/satisfybot.com\/fr\/wp-json\/wp\/v2\/product"}],"about":[{"href":"https:\/\/satisfybot.com\/fr\/wp-json\/wp\/v2\/types\/product"}],"version-history":[{"count":0,"href":"https:\/\/satisfybot.com\/fr\/wp-json\/wp\/v2\/product\/2195\/revisions"}],"wp:featuredmedia":[{"embeddable":true,"href":"https:\/\/satisfybot.com\/fr\/wp-json\/wp\/v2\/media\/2200"}],"wp:attachment":[{"href":"https:\/\/satisfybot.com\/fr\/wp-json\/wp\/v2\/media?parent=2195"}],"wp:term":[{"taxonomy":"product_brand","embeddable":true,"href":"https:\/\/satisfybot.com\/fr\/wp-json\/wp\/v2\/product_brand?post=2195"},{"taxonomy":"product_cat","embeddable":true,"href":"https:\/\/satisfybot.com\/fr\/wp-json\/wp\/v2\/product_cat?post=2195"},{"taxonomy":"product_tag","embeddable":true,"href":"https:\/\/satisfybot.com\/fr\/wp-json\/wp\/v2\/product_tag?post=2195"}],"curies":[{"name":"wp","href":"https:\/\/api.w.org\/{rel}","templated":true}]}}