{"id":2360,"date":"2023-06-30T16:00:09","date_gmt":"2023-06-30T16:00:09","guid":{"rendered":"https:\/\/satisfybot.com\/?post_type=product&#038;p=2360"},"modified":"2023-06-30T16:06:08","modified_gmt":"2023-06-30T16:06:08","slug":"sinotruk-10-wheel-howo-mining-tipper-truck","status":"publish","type":"product","link":"https:\/\/satisfybot.com\/fr\/produit\/sinotruk-10-wheel-howo-mining-tipper-truck\/","title":{"rendered":"camion benne mini\u00e8re howo sinotruk 10 roues"},"content":{"rendered":"<p>SINOTRUK HOWO 6 * 4 Benne LHD<\/p>\n<p>Mod\u00e8le : ZZ3257N3647A<\/p>\n<p>Moteur : 336cv EUROII<\/p>\n<p>Transmission : HW19710,10 vers l&#039;avant,<\/p>\n<p>2 invers\u00e9s<\/p>\n<p>Essieu avant\u00a0: HF9, frein \u00e0 tambour<\/p>\n<p>Essieu arri\u00e8re\u00a0: HC16, rapport de d\u00e9multiplication 5,73<\/p>\n<p>Direction\u00a0: ZF8118<\/p>\n<p>Pneus\u00a0: 12.00R20, avec un pneu de secours<\/p>\n<p>Camion-citerne de carburant\u00a0: 300\u00a0L<\/p>\n<p>Cabine HW76 avec couchette simple, avec A\/C<\/p>\n<p>Taille de cargaison : 5400*2300*1500mm<\/p>\n<p>Ascenseur moyen de type T, type fort<\/p>\n<p>bas 8mm, c\u00f4t\u00e9 6mm.<\/p>\n<p>&nbsp;<\/p>\n<table width=\"700\" cellspacing=\"0\">\n<tbody>\n<tr class=\"firstRow\">\n<td colspan=\"2\" valign=\"top\" width=\"700\">\u00a0\u00a0\u00a0\u00a0\u00a0\u00a0\u00a0\u00a0\u00a0\u00a0\u00a0\u00a0\u00a0\u00a0\u00a0\u00a0\u00a0\u00a0\u00a0\u00a0\u00a0\u00a0\u00a0Camion \u00e0 benne basculante Sinotruk howo 6 * 4<\/td>\n<\/tr>\n<tr>\n<td valign=\"top\" width=\"121\">Mod\u00e8le de ch\u00e2ssis<\/td>\n<td valign=\"top\" width=\"579\">ZZ3257N3647A1 (type de conduite \u00e0 gauche)<\/td>\n<\/tr>\n<tr>\n<td valign=\"top\" width=\"121\">Ann\u00e9e de production<\/td>\n<td valign=\"top\" width=\"579\">2018, nouveau camion<\/td>\n<\/tr>\n<tr>\n<td valign=\"top\" width=\"121\">Cabine<\/td>\n<td valign=\"top\" width=\"579\">Cabine HW76, avec une couchette et deux si\u00e8ges, syst\u00e8me d&#039;essuie-glace \u00e0 2 bras \u00e0 trois vitesses, si\u00e8ge conducteur r\u00e9glable amorti, avec syst\u00e8me de chauffage et de ventilation, pare-soleil ext\u00e9rieur, ceintures de s\u00e9curit\u00e9, volant r\u00e9glable, klaxon \u00e0 air, climatiseur , avec traverse stabilisateur, avec support 4 points suspension enti\u00e8rement flottante + amortisseur. Marque du moteur : Moteur diesel \u00e0 injection directe 4 temps SINOTRUK Diesel<\/td>\n<\/tr>\n<tr>\n<td valign=\"top\" width=\"121\">Moteur<\/td>\n<td valign=\"top\" width=\"579\">Marque : SINOTRUK<\/p>\n<p>Moteur diesel 4 temps \u00e0 injection directe<\/p>\n<p>Mod\u00e8le de moteur : WD615.47, Euro 2, 336 CV<\/p>\n<p>6 cylindres en ligne avec refroidissement par eau, suralimentation et refroidissement interm\u00e9diaire Cylindr\u00e9e : 9,726 L<\/td>\n<\/tr>\n<tr>\n<td valign=\"top\" width=\"121\">Transmission<\/td>\n<td valign=\"top\" width=\"579\">HW19710, 10F &amp; 2R, avec rapport de prise de force : 14,28, 10,62, 7,87, 5,88, 4,38, 3,27, 2,43, 1,80, 1,34, 1,00, 13,91(R1), 3,18(R2)<\/td>\n<\/tr>\n<tr>\n<td valign=\"top\" width=\"121\">Pilotage<\/td>\n<td valign=\"top\" width=\"579\">Direction assist\u00e9e ZF, mod\u00e8le ZF8118, direction hydraulique avec assistance \u00e9lectrique<\/td>\n<\/tr>\n<tr>\n<td valign=\"top\" width=\"121\">Essieu avant<\/td>\n<td valign=\"top\" width=\"579\">HF9, 1 \u00d7 9000 KGS Direction avec poutre \u00e0 double section en T<\/td>\n<\/tr>\n<tr>\n<td valign=\"top\" width=\"121\">Essieu arri\u00e8re<\/td>\n<td valign=\"top\" width=\"579\">HC16, 2\u00d716000 KG<\/p>\n<p>Carter d&#039;essieu press\u00e9, r\u00e9duction simple centrale avec r\u00e9duction de moyeu et avec blocages de diff\u00e9rentiel entre les roues et les essieux.<\/p>\n<p>Rapport\u00a0: 5,73<\/td>\n<\/tr>\n<tr>\n<td valign=\"top\" width=\"121\">Arbre de transmission<\/td>\n<td valign=\"top\" width=\"579\">Arbre de transmission \u00e0 double cardan avec bride d&#039;accouplement en forme d&#039;engrenage<\/td>\n<\/tr>\n<tr>\n<td valign=\"top\" width=\"121\">Ch\u00e2ssis<\/td>\n<td valign=\"top\" width=\"579\">Ch\u00e2ssis : Ch\u00e2ssis en \u00e9chelle parall\u00e8le profil\u00e9 en U avec section de 300x80x8mm+8, et sous-ch\u00e2ssis renforc\u00e9 toutes les traverses rivet\u00e9es \u00e0 froid<\/p>\n<p>Suspension avant\u00a0: 10\u00a0ressorts \u00e0 lames semi-elliptiques, amortisseur hydraulique t\u00e9lescopique \u00e0 double effet et stabilisateur<\/p>\n<p>Suspension arri\u00e8re : ressorts semi-elliptiques \u00e0 15 lames, ressort de bogie et stabilisateur<\/td>\n<\/tr>\n<tr>\n<td valign=\"top\" width=\"121\">Frein<\/td>\n<td valign=\"top\" width=\"579\">Frein de service : frein \u00e0 air comprim\u00e9 \u00e0 double circuit<\/p>\n<p>Frein de stationnement (frein d&#039;urgence) : \u00e9nergie du ressort, air comprim\u00e9 agissant sur l&#039;arbre avant et les roues arri\u00e8re<\/p>\n<p>Frein auxiliaire\u00a0: frein d&#039;\u00e9chappement du moteur<\/td>\n<\/tr>\n<tr>\n<td valign=\"top\" width=\"121\">\u00c9lectricit\u00e9<\/td>\n<td valign=\"top\" width=\"579\">Tension de fonctionnement : 24 V, mise \u00e0 la terre n\u00e9gative<\/p>\n<p>D\u00e9marreur : 24 V, 5,4 Kw<\/p>\n<p>Alternateur\u00a0: triphas\u00e9, 28\u00a0V, 1\u00a0500\u00a0W<\/p>\n<p>Batteries : 2 x 12 V, 165 Ah<\/p>\n<p>Allume-cigare, klaxon, phares, antibrouillards, feux stop, clignotants et feu de recul<\/td>\n<\/tr>\n<tr>\n<td valign=\"top\" width=\"121\">R\u00e9servoir d&#039;essence<\/td>\n<td valign=\"top\" width=\"579\">\u00a0300L<\/td>\n<\/tr>\n<tr>\n<td valign=\"top\" width=\"121\">Pneu<\/td>\n<td valign=\"top\" width=\"579\">12.00R20, pneu radial 10+1<\/td>\n<\/tr>\n<tr>\n<td valign=\"top\" width=\"121\">Couleur<\/td>\n<td valign=\"top\" width=\"579\">Jaune<\/td>\n<\/tr>\n<tr>\n<td valign=\"top\" width=\"121\">Caisse de chargement<\/td>\n<td valign=\"top\" width=\"579\">5400x2300x1500mm. 18,63 m\u00e8tres cubes. Plancher 8 mm C\u00f4t\u00e9 6 mm.<\/td>\n<\/tr>\n<tr>\n<td valign=\"top\" width=\"121\">Dimension hors tout<\/td>\n<td valign=\"top\" width=\"579\">8400*2550*3500 millim\u00e8tres<\/td>\n<\/tr>\n<\/tbody>\n<\/table>","protected":false},"excerpt":{"rendered":"<p>SINOTRUK HOWO 6*4 Tipper LHD Model:ZZ3257N3647A Engine:336hp EUROII Transmission:HW19710,10 forward, 2 reverse Front axle:HF9,drum type brake Rear axle:HC16, gear ratio 5.73 Steering:ZF8118 Tires:12.00R20, with one spare tire Fuel tanker:300L HW76 Cab with single bunk, with A\/C Cargo size:5400*2300*1500mm T type middle lift, strong type bottom 8mm,side 6mm. &nbsp; \u00a0\u00a0\u00a0\u00a0\u00a0\u00a0\u00a0\u00a0\u00a0\u00a0\u00a0\u00a0\u00a0\u00a0\u00a0\u00a0\u00a0\u00a0\u00a0\u00a0\u00a0\u00a0\u00a0Sinotruk howo 6*4 dump truck Chassis model [&hellip;]<\/p>","protected":false},"featured_media":2362,"template":"","meta":{"site-sidebar-layout":"default","site-content-layout":"default","ast-site-content-layout":"default","site-content-style":"default","site-sidebar-style":"default","ast-global-header-display":"","ast-banner-title-visibility":"","ast-main-header-display":"","ast-hfb-above-header-display":"","ast-hfb-below-header-display":"","ast-hfb-mobile-header-display":"","site-post-title":"","ast-breadcrumbs-content":"","ast-featured-img":"","footer-sml-layout":"","ast-disable-related-posts":"","theme-transparent-header-meta":"default","adv-header-id-meta":"","stick-header-meta":"","header-above-stick-meta":"","header-main-stick-meta":"","header-below-stick-meta":"","astra-migrate-meta-layouts":"default","ast-page-background-enabled":"default","ast-page-background-meta":{"desktop":{"background-color":"","background-image":"","background-repeat":"repeat","background-position":"center center","background-size":"auto","background-attachment":"scroll","background-type":"","background-media":"","overlay-type":"","overlay-color":"","overlay-opacity":"","overlay-gradient":""},"tablet":{"background-color":"","background-image":"","background-repeat":"repeat","background-position":"center center","background-size":"auto","background-attachment":"scroll","background-type":"","background-media":"","overlay-type":"","overlay-color":"","overlay-opacity":"","overlay-gradient":""},"mobile":{"background-color":"","background-image":"","background-repeat":"repeat","background-position":"center center","background-size":"auto","background-attachment":"scroll","background-type":"","background-media":"","overlay-type":"","overlay-color":"","overlay-opacity":"","overlay-gradient":""}},"ast-content-background-meta":{"desktop":{"background-color":"var(--ast-global-color-5)","background-image":"","background-repeat":"repeat","background-position":"center center","background-size":"auto","background-attachment":"scroll","background-type":"","background-media":"","overlay-type":"","overlay-color":"","overlay-opacity":"","overlay-gradient":""},"tablet":{"background-color":"var(--ast-global-color-5)","background-image":"","background-repeat":"repeat","background-position":"center center","background-size":"auto","background-attachment":"scroll","background-type":"","background-media":"","overlay-type":"","overlay-color":"","overlay-opacity":"","overlay-gradient":""},"mobile":{"background-color":"var(--ast-global-color-5)","background-image":"","background-repeat":"repeat","background-position":"center center","background-size":"auto","background-attachment":"scroll","background-type":"","background-media":"","overlay-type":"","overlay-color":"","overlay-opacity":"","overlay-gradient":""}}},"product_brand":[],"product_cat":[23],"product_tag":[],"class_list":{"0":"post-2360","1":"product","2":"type-product","3":"status-publish","4":"has-post-thumbnail","6":"product_cat-dump-truck","7":"desktop-align-left","8":"tablet-align-left","9":"mobile-align-left","11":"first","12":"instock","13":"shipping-taxable","14":"product-type-simple"},"_links":{"self":[{"href":"https:\/\/satisfybot.com\/fr\/wp-json\/wp\/v2\/product\/2360","targetHints":{"allow":["GET"]}}],"collection":[{"href":"https:\/\/satisfybot.com\/fr\/wp-json\/wp\/v2\/product"}],"about":[{"href":"https:\/\/satisfybot.com\/fr\/wp-json\/wp\/v2\/types\/product"}],"version-history":[{"count":0,"href":"https:\/\/satisfybot.com\/fr\/wp-json\/wp\/v2\/product\/2360\/revisions"}],"wp:featuredmedia":[{"embeddable":true,"href":"https:\/\/satisfybot.com\/fr\/wp-json\/wp\/v2\/media\/2362"}],"wp:attachment":[{"href":"https:\/\/satisfybot.com\/fr\/wp-json\/wp\/v2\/media?parent=2360"}],"wp:term":[{"taxonomy":"product_brand","embeddable":true,"href":"https:\/\/satisfybot.com\/fr\/wp-json\/wp\/v2\/product_brand?post=2360"},{"taxonomy":"product_cat","embeddable":true,"href":"https:\/\/satisfybot.com\/fr\/wp-json\/wp\/v2\/product_cat?post=2360"},{"taxonomy":"product_tag","embeddable":true,"href":"https:\/\/satisfybot.com\/fr\/wp-json\/wp\/v2\/product_tag?post=2360"}],"curies":[{"name":"wp","href":"https:\/\/api.w.org\/{rel}","templated":true}]}}