{"id":2363,"date":"2023-06-30T16:09:51","date_gmt":"2023-06-30T16:09:51","guid":{"rendered":"https:\/\/satisfybot.com\/?post_type=product&#038;p=2363"},"modified":"2023-06-30T16:09:51","modified_gmt":"2023-06-30T16:09:51","slug":"sinotruk-howo-8x4-u-shape-mining-tipper-truck-40-50-ton","status":"publish","type":"product","link":"https:\/\/satisfybot.com\/fr\/produit\/sinotruk-howo-8x4-u-shape-mining-tipper-truck-40-50-ton\/","title":{"rendered":"Sinotruk HOWO 8\u00d74 Camion benne mini\u00e8re en forme de U 40-50 tonnes"},"content":{"rendered":"<p>Sinotruk HOWO 8\u00d74 Camion benne mini\u00e8re en forme de U 40-50 tonnes<\/p>\n<p>Sp\u00e9cification principale\u00a0:<\/p>\n<ol class=\"list-paddingleft-2\">\n<li>Cabine HW76 avec une couchette\u00a0;<\/li>\n<li>Moteur Weichai : 420 CV ;<\/li>\n<li>Godet en forme de U sp\u00e9cialement con\u00e7u pour le transport minier\u00a0;<\/li>\n<li>Godet robuste de grande \u00e9paisseur, fond 12 mm et c\u00f4t\u00e9 10 mm<\/li>\n<\/ol>\n<table width=\"556\">\n<tbody>\n<tr class=\"firstRow\">\n<td valign=\"center\" width=\"114\"><a name=\"OLE_LINK2\"><\/a>Mod\u00e8le<\/td>\n<td colspan=\"2\" valign=\"center\" width=\"441\">ZZ3317V3567W<\/td>\n<\/tr>\n<tr>\n<td valign=\"center\" width=\"114\">Type de lecteur<\/td>\n<td colspan=\"2\" valign=\"center\" width=\"441\">Conduite \u00e0 gauche 8\u00d74<\/td>\n<\/tr>\n<tr>\n<td rowspan=\"2\" valign=\"center\" width=\"114\">Taxi<\/td>\n<td valign=\"center\" width=\"161\">Taper<\/td>\n<td valign=\"center\" width=\"281\">Cabine HW76 avec une couchette<\/td>\n<\/tr>\n<tr>\n<td valign=\"center\" width=\"161\">\u00c9quipements<\/td>\n<td valign=\"center\" width=\"281\">2 lunette arri\u00e8re, claire-voie m\u00e9canique, cabine \u00e0 suspension hydraulique, fauteuil hydraulique avec ceintures de s\u00e9curit\u00e9, une couchette, cabine d&#039;inversion hydraulique, avec USB, peut lire la radiodiffusion et l&#039;audio au format MP3, \u00e9quip\u00e9 de la climatisation<\/td>\n<\/tr>\n<tr>\n<td rowspan=\"4\" valign=\"center\" width=\"114\">V\u00e9hicule principal<br \/>\nDimensions<\/td>\n<td valign=\"center\" width=\"161\">L xlxh<\/td>\n<td valign=\"center\" width=\"281\">10245\u00d72496\u00d73170<\/td>\n<\/tr>\n<tr>\n<td valign=\"center\" width=\"161\">Empattement(mm)<\/td>\n<td valign=\"center\" width=\"281\">1800+3500+1350<\/td>\n<\/tr>\n<tr>\n<td valign=\"center\" width=\"161\">Camion avant\/arri\u00e8re(mm)<\/td>\n<td valign=\"center\" width=\"281\">1500\/2095<\/td>\n<\/tr>\n<tr>\n<td valign=\"center\" width=\"161\">Approche\/D\u00e9part(\u00b0)<\/td>\n<td valign=\"center\" width=\"281\">19\/18<\/td>\n<\/tr>\n<tr>\n<td rowspan=\"2\" valign=\"center\" width=\"114\">Lester<\/td>\n<td valign=\"center\" width=\"161\">Masse \u00e0 vide (kg)<\/td>\n<td valign=\"center\" width=\"281\">14860 kilogrammes<\/td>\n<\/tr>\n<tr>\n<td valign=\"center\" width=\"161\">Masse totale (kg)<\/td>\n<td valign=\"center\" width=\"281\">31000kg<\/td>\n<\/tr>\n<tr>\n<td rowspan=\"5\" valign=\"center\" width=\"114\">Moteur<\/td>\n<td valign=\"center\" width=\"161\">Marque<\/td>\n<td valign=\"center\" width=\"281\">SINOTRUK<\/td>\n<\/tr>\n<tr>\n<td valign=\"center\" width=\"161\">Mod\u00e8le<\/td>\n<td valign=\"center\" width=\"281\">D12.42<\/td>\n<\/tr>\n<tr>\n<td valign=\"center\" width=\"161\">Puissance(kw\/CV)<\/td>\n<td valign=\"center\" width=\"281\">309\/420<\/td>\n<\/tr>\n<tr>\n<td valign=\"center\" width=\"161\">D\u00e9placement(L)<\/td>\n<td valign=\"center\" width=\"281\">11.596<\/td>\n<\/tr>\n<tr>\n<td valign=\"center\" width=\"161\">Norme d&#039;\u00e9mission<\/td>\n<td valign=\"center\" width=\"281\">Euro II<\/td>\n<\/tr>\n<tr>\n<td rowspan=\"4\" valign=\"center\" width=\"114\">Transmission<\/td>\n<td valign=\"center\" width=\"161\">Marque<\/td>\n<td valign=\"center\" width=\"281\">SINOTRUK<\/td>\n<\/tr>\n<tr>\n<td valign=\"center\" width=\"161\">Mod\u00e8le<\/td>\n<td valign=\"center\" width=\"281\">HW19710<\/td>\n<\/tr>\n<tr>\n<td valign=\"center\" width=\"161\">Type de contr\u00f4le<\/td>\n<td valign=\"center\" width=\"281\">Manuel<\/td>\n<\/tr>\n<tr>\n<td valign=\"center\" width=\"161\">Changement de vitesse<\/td>\n<td valign=\"center\" width=\"281\">10 vitesses avant et 2 vitesses de r\u00e9serve<\/td>\n<\/tr>\n<tr>\n<td valign=\"center\" width=\"114\">Embrayage<\/td>\n<td valign=\"center\" width=\"161\">Diam\u00e8tre(mm)<\/td>\n<td valign=\"center\" width=\"281\">430<\/td>\n<\/tr>\n<tr>\n<td valign=\"center\" width=\"114\">Pilotage<\/td>\n<td colspan=\"2\" valign=\"center\" width=\"441\">ZF8118<\/td>\n<\/tr>\n<tr>\n<td rowspan=\"3\" valign=\"center\" width=\"114\">Essieux<\/td>\n<td valign=\"center\" width=\"161\">Marque<\/td>\n<td valign=\"center\" width=\"281\">SINOTRUK<\/td>\n<\/tr>\n<tr>\n<td valign=\"center\" width=\"161\">Essieu avant<\/td>\n<td valign=\"center\" width=\"281\">HF9<\/td>\n<\/tr>\n<tr>\n<td valign=\"center\" width=\"161\">Essieu arri\u00e8re<\/td>\n<td valign=\"center\" width=\"281\">HC16, avec rapport 4,8<\/td>\n<\/tr>\n<tr>\n<td valign=\"center\" width=\"114\">Pneus<\/td>\n<td valign=\"center\" width=\"161\">Tapez (norme)<\/td>\n<td valign=\"center\" width=\"281\">12.00R20<\/td>\n<\/tr>\n<tr>\n<td rowspan=\"3\" valign=\"center\" width=\"114\">Corps de d\u00e9charge<\/td>\n<td valign=\"center\" width=\"161\">Dimension de la cargaison (mm)<\/td>\n<td valign=\"center\" width=\"281\">7300x2300x1200, 20CBM<\/td>\n<\/tr>\n<tr>\n<td valign=\"center\" width=\"161\">\u00c9paisseur de l&#039;acier du corps<\/td>\n<td valign=\"center\" width=\"281\">Sol 12mm, c\u00f4t\u00e9 10mm<\/td>\n<\/tr>\n<tr>\n<td valign=\"center\" width=\"161\">Type de levage<\/td>\n<td valign=\"center\" width=\"281\">Basculement avant<\/td>\n<\/tr>\n<\/tbody>\n<\/table>","protected":false},"excerpt":{"rendered":"<p>Sinotruk HOWO 8&#215;4 U Shape Mining Tipper Truck 40-50 Ton Main Spec.: HW76 cab with one sleeper; Weichai engine: 420HP; U-shape bucket specilied designed for mining transportation; Strong bucket with big thickness, floor 12mm and side 10mm Model ZZ3317V3567W Drive\u00a0type 8&#215;4 Left Hand Drive Cab Type HW76\u00a0cab\u00a0with\u00a0one sleeper Equipments 2rear window, mechanical clerestory, hydraulic suspension [&hellip;]<\/p>","protected":false},"featured_media":2364,"template":"","meta":{"site-sidebar-layout":"default","site-content-layout":"default","ast-site-content-layout":"default","site-content-style":"default","site-sidebar-style":"default","ast-global-header-display":"","ast-banner-title-visibility":"","ast-main-header-display":"","ast-hfb-above-header-display":"","ast-hfb-below-header-display":"","ast-hfb-mobile-header-display":"","site-post-title":"","ast-breadcrumbs-content":"","ast-featured-img":"","footer-sml-layout":"","ast-disable-related-posts":"","theme-transparent-header-meta":"default","adv-header-id-meta":"","stick-header-meta":"","header-above-stick-meta":"","header-main-stick-meta":"","header-below-stick-meta":"","astra-migrate-meta-layouts":"default","ast-page-background-enabled":"default","ast-page-background-meta":{"desktop":{"background-color":"","background-image":"","background-repeat":"repeat","background-position":"center center","background-size":"auto","background-attachment":"scroll","background-type":"","background-media":"","overlay-type":"","overlay-color":"","overlay-opacity":"","overlay-gradient":""},"tablet":{"background-color":"","background-image":"","background-repeat":"repeat","background-position":"center center","background-size":"auto","background-attachment":"scroll","background-type":"","background-media":"","overlay-type":"","overlay-color":"","overlay-opacity":"","overlay-gradient":""},"mobile":{"background-color":"","background-image":"","background-repeat":"repeat","background-position":"center center","background-size":"auto","background-attachment":"scroll","background-type":"","background-media":"","overlay-type":"","overlay-color":"","overlay-opacity":"","overlay-gradient":""}},"ast-content-background-meta":{"desktop":{"background-color":"var(--ast-global-color-5)","background-image":"","background-repeat":"repeat","background-position":"center center","background-size":"auto","background-attachment":"scroll","background-type":"","background-media":"","overlay-type":"","overlay-color":"","overlay-opacity":"","overlay-gradient":""},"tablet":{"background-color":"var(--ast-global-color-5)","background-image":"","background-repeat":"repeat","background-position":"center center","background-size":"auto","background-attachment":"scroll","background-type":"","background-media":"","overlay-type":"","overlay-color":"","overlay-opacity":"","overlay-gradient":""},"mobile":{"background-color":"var(--ast-global-color-5)","background-image":"","background-repeat":"repeat","background-position":"center center","background-size":"auto","background-attachment":"scroll","background-type":"","background-media":"","overlay-type":"","overlay-color":"","overlay-opacity":"","overlay-gradient":""}}},"product_brand":[],"product_cat":[23],"product_tag":[],"class_list":{"0":"post-2363","1":"product","2":"type-product","3":"status-publish","4":"has-post-thumbnail","6":"product_cat-dump-truck","7":"desktop-align-left","8":"tablet-align-left","9":"mobile-align-left","11":"first","12":"instock","13":"shipping-taxable","14":"product-type-simple"},"_links":{"self":[{"href":"https:\/\/satisfybot.com\/fr\/wp-json\/wp\/v2\/product\/2363","targetHints":{"allow":["GET"]}}],"collection":[{"href":"https:\/\/satisfybot.com\/fr\/wp-json\/wp\/v2\/product"}],"about":[{"href":"https:\/\/satisfybot.com\/fr\/wp-json\/wp\/v2\/types\/product"}],"version-history":[{"count":0,"href":"https:\/\/satisfybot.com\/fr\/wp-json\/wp\/v2\/product\/2363\/revisions"}],"wp:featuredmedia":[{"embeddable":true,"href":"https:\/\/satisfybot.com\/fr\/wp-json\/wp\/v2\/media\/2364"}],"wp:attachment":[{"href":"https:\/\/satisfybot.com\/fr\/wp-json\/wp\/v2\/media?parent=2363"}],"wp:term":[{"taxonomy":"product_brand","embeddable":true,"href":"https:\/\/satisfybot.com\/fr\/wp-json\/wp\/v2\/product_brand?post=2363"},{"taxonomy":"product_cat","embeddable":true,"href":"https:\/\/satisfybot.com\/fr\/wp-json\/wp\/v2\/product_cat?post=2363"},{"taxonomy":"product_tag","embeddable":true,"href":"https:\/\/satisfybot.com\/fr\/wp-json\/wp\/v2\/product_tag?post=2363"}],"curies":[{"name":"wp","href":"https:\/\/api.w.org\/{rel}","templated":true}]}}