{"id":2365,"date":"2023-06-30T16:13:53","date_gmt":"2023-06-30T16:13:53","guid":{"rendered":"https:\/\/satisfybot.com\/?post_type=product&#038;p=2365"},"modified":"2023-06-30T16:13:53","modified_gmt":"2023-06-30T16:13:53","slug":"china-engineering-vehicle-sinotruk-howo-8x4-off-road-dump-trucks","status":"publish","type":"product","link":"https:\/\/satisfybot.com\/fr\/produit\/china-engineering-vehicle-sinotruk-howo-8x4-off-road-dump-trucks\/","title":{"rendered":"Chine V\u00e9hicule d&#039;ing\u00e9nierie Sinotruk HOWO 8 \u00d7 4 Camions \u00e0 benne basculante hors route"},"content":{"rendered":"<p><strong>Chine V\u00e9hicule d&#039;ing\u00e9nierie Sinotruk HOWO 8 \u00d7 4 Camions \u00e0 benne basculante hors route<\/strong><\/p>\n<p>Sp\u00e9cification principale\u00a0:<\/p>\n<p>1. La cabine HW76 ou la cabine HW70 sont facultatives ;<\/p>\n<p>2. Le moteur Weichai, 290 ch, 336 ch, 371 ch, 420 ch est facultatif\u00a0;<\/p>\n<p>3. \u00c9paisseur de la caisse : plancher 12 mm et c\u00f4t\u00e9 8 mm pour une utilisation mini\u00e8re ou plancher 8 mm et c\u00f4t\u00e9 6 mm pour un usage courant.<\/p>\n<p>4. Dimensions du corps de chargement : 6200 mm, 6500 mm, 6800 mm, 7000 mm, 7300 mm, 7800 mm, 8200 mm, 8500 mm*2300 mm*1500 mm ou faire selon vos besoins.<\/p>\n<p>Description du produit:<\/p>\n<table width=\"556\">\n<tbody>\n<tr class=\"firstRow\">\n<td valign=\"center\" width=\"114\"><a name=\"OLE_LINK1\"><\/a>Mod\u00e8le<\/td>\n<td colspan=\"3\" valign=\"center\" width=\"441\">ZZ3317N4867A<\/td>\n<\/tr>\n<tr>\n<td valign=\"center\" width=\"114\">Type de lecteur<\/td>\n<td colspan=\"3\" valign=\"center\" width=\"441\">Conduite \u00e0 gauche 8\u00d74<\/td>\n<\/tr>\n<tr>\n<td rowspan=\"2\" valign=\"center\" width=\"114\">Taxi<\/td>\n<td valign=\"center\" width=\"161\">Taper<\/td>\n<td colspan=\"2\" valign=\"center\" width=\"281\">HW76, toit plat avec un lit de couchage<\/td>\n<\/tr>\n<tr>\n<td valign=\"center\" width=\"161\">\u00c9quipements<\/td>\n<td colspan=\"2\" valign=\"center\" width=\"281\">2 vitres arri\u00e8re, claire-voie m\u00e9canique, cabine \u00e0 suspension hydraulique, fauteuil hydraulique avec ceinture de s\u00e9curit\u00e9, un lit de couchage, cabine d&#039;inversion hydraulique, avec USB, peut lire la diffusion radio et audio au format MP3, \u00e9quip\u00e9 de la climatisation<\/td>\n<\/tr>\n<tr>\n<td rowspan=\"4\" valign=\"center\" width=\"114\">V\u00e9hicule principal<br \/>\nDimensions<\/td>\n<td valign=\"center\" width=\"161\">L xlxh<\/td>\n<td colspan=\"2\" valign=\"center\" width=\"281\">10745\u00d72496\u00d73406<\/td>\n<\/tr>\n<tr>\n<td valign=\"center\" width=\"161\">Empattement(mm)<\/td>\n<td colspan=\"2\" valign=\"center\" width=\"281\">1800+4800+1350<\/td>\n<\/tr>\n<tr>\n<td valign=\"center\" width=\"161\">Camion avant\/arri\u00e8re(mm)<\/td>\n<td colspan=\"2\" valign=\"center\" width=\"281\">1500\/2295<\/td>\n<\/tr>\n<tr>\n<td valign=\"center\" width=\"161\">Approche\/D\u00e9part(\u00b0)<\/td>\n<td colspan=\"2\" valign=\"center\" width=\"281\">19\/17<\/td>\n<\/tr>\n<tr>\n<td rowspan=\"2\" valign=\"center\" width=\"114\">Lester<\/td>\n<td valign=\"center\" width=\"161\">Masse \u00e0 vide (kg)<\/td>\n<td colspan=\"2\" valign=\"center\" width=\"281\">15480 kilogrammes<\/td>\n<\/tr>\n<tr>\n<td valign=\"center\" width=\"161\">Masse totale (kg)<\/td>\n<td colspan=\"2\" valign=\"center\" width=\"281\">31000kg<\/td>\n<\/tr>\n<tr>\n<td rowspan=\"5\" valign=\"center\" width=\"114\">Moteur<\/td>\n<td valign=\"center\" width=\"161\">Marque<\/td>\n<td colspan=\"2\" valign=\"center\" width=\"281\">SINOTRUK<\/td>\n<\/tr>\n<tr>\n<td valign=\"center\" width=\"161\">Mod\u00e8le<\/td>\n<td colspan=\"2\" valign=\"center\" width=\"281\">WP615.47<\/td>\n<\/tr>\n<tr>\n<td valign=\"center\" width=\"161\">Puissance(kw\/CV)<\/td>\n<td colspan=\"2\" valign=\"center\" width=\"281\">273\/371<\/td>\n<\/tr>\n<tr>\n<td valign=\"center\" width=\"161\">D\u00e9placement(L)<\/td>\n<td colspan=\"2\" valign=\"center\" width=\"281\">9.726<\/td>\n<\/tr>\n<tr>\n<td valign=\"center\" width=\"161\">Norme d&#039;\u00e9mission<\/td>\n<td colspan=\"2\" valign=\"center\" width=\"281\">Euro II<\/td>\n<\/tr>\n<tr>\n<td rowspan=\"4\" valign=\"center\" width=\"114\">Transmission<\/td>\n<td valign=\"center\" width=\"161\">Marque<\/td>\n<td colspan=\"2\" valign=\"center\" width=\"281\">SINOTRUK<\/td>\n<\/tr>\n<tr>\n<td valign=\"center\" width=\"161\">Mod\u00e8le<\/td>\n<td colspan=\"2\" valign=\"center\" width=\"281\">HW19710<\/td>\n<\/tr>\n<tr>\n<td valign=\"center\" width=\"161\">Type de contr\u00f4le<\/td>\n<td colspan=\"2\" valign=\"center\" width=\"281\">Manuel<\/td>\n<\/tr>\n<tr>\n<td valign=\"center\" width=\"161\">Changement de vitesse<\/td>\n<td colspan=\"2\" valign=\"center\" width=\"281\">10 vitesses avant et 2 vitesses de r\u00e9serve<\/td>\n<\/tr>\n<tr>\n<td valign=\"center\" width=\"114\">Embrayage<\/td>\n<td valign=\"center\" width=\"161\">Diam\u00e8tre(mm)<\/td>\n<td colspan=\"2\" valign=\"center\" width=\"281\">430<\/td>\n<\/tr>\n<tr>\n<td valign=\"center\" width=\"114\">Pilotage<\/td>\n<td colspan=\"3\" valign=\"center\" width=\"441\">ZF8118<\/td>\n<\/tr>\n<tr>\n<td rowspan=\"3\" valign=\"center\" width=\"114\">Essieux<\/td>\n<td valign=\"center\" width=\"161\">Marque<\/td>\n<td colspan=\"2\" valign=\"center\" width=\"281\">SINOTRUK<\/td>\n<\/tr>\n<tr>\n<td valign=\"center\" width=\"161\">Essieu avant<\/td>\n<td colspan=\"2\" valign=\"center\" width=\"281\">HF9<\/td>\n<\/tr>\n<tr>\n<td valign=\"center\" width=\"161\">Essieu arri\u00e8re<\/td>\n<td colspan=\"2\" valign=\"center\" width=\"281\">HC16<\/td>\n<\/tr>\n<tr>\n<td valign=\"center\" width=\"114\">Pneus<\/td>\n<td valign=\"center\" width=\"161\">Tapez (norme)<\/td>\n<td colspan=\"2\" valign=\"center\" width=\"281\">12.00R20<\/td>\n<\/tr>\n<tr>\n<td rowspan=\"3\" valign=\"center\" width=\"114\">Corps de d\u00e9charge<\/td>\n<td colspan=\"2\" valign=\"center\" width=\"170\">Dimension de la cargaison (mm)<\/td>\n<td valign=\"center\" width=\"271\">8500x2300x1600<\/td>\n<\/tr>\n<tr>\n<td colspan=\"2\" valign=\"center\" width=\"170\">\u00c9paisseur de l&#039;acier du corps<\/td>\n<td valign=\"center\" width=\"271\">\u00c9tage8, c\u00f4t\u00e9 6<\/td>\n<\/tr>\n<tr>\n<td colspan=\"2\" valign=\"center\" width=\"170\">Type de levage<\/td>\n<td valign=\"center\" width=\"271\">Basculement avant<\/td>\n<\/tr>\n<\/tbody>\n<\/table>","protected":false},"excerpt":{"rendered":"<p>China Engineering Vehicle Sinotruk HOWO 8&#215;4 Off Road Dump Trucks Main Spec.: 1. HW76 cab or HW70 cab are optional; 2. Weichai engine, 290hp, 336hp, 371hp, 420hp are optional; 3. Thickness of cargo body: floor 12mm and side 8mm for mining use or floor 8mm and side 6mm for common use. 4. Dimensions of cargo [&hellip;]<\/p>","protected":false},"featured_media":2366,"template":"","meta":{"site-sidebar-layout":"default","site-content-layout":"default","ast-site-content-layout":"default","site-content-style":"default","site-sidebar-style":"default","ast-global-header-display":"","ast-banner-title-visibility":"","ast-main-header-display":"","ast-hfb-above-header-display":"","ast-hfb-below-header-display":"","ast-hfb-mobile-header-display":"","site-post-title":"","ast-breadcrumbs-content":"","ast-featured-img":"","footer-sml-layout":"","ast-disable-related-posts":"","theme-transparent-header-meta":"default","adv-header-id-meta":"","stick-header-meta":"","header-above-stick-meta":"","header-main-stick-meta":"","header-below-stick-meta":"","astra-migrate-meta-layouts":"default","ast-page-background-enabled":"default","ast-page-background-meta":{"desktop":{"background-color":"","background-image":"","background-repeat":"repeat","background-position":"center center","background-size":"auto","background-attachment":"scroll","background-type":"","background-media":"","overlay-type":"","overlay-color":"","overlay-opacity":"","overlay-gradient":""},"tablet":{"background-color":"","background-image":"","background-repeat":"repeat","background-position":"center center","background-size":"auto","background-attachment":"scroll","background-type":"","background-media":"","overlay-type":"","overlay-color":"","overlay-opacity":"","overlay-gradient":""},"mobile":{"background-color":"","background-image":"","background-repeat":"repeat","background-position":"center center","background-size":"auto","background-attachment":"scroll","background-type":"","background-media":"","overlay-type":"","overlay-color":"","overlay-opacity":"","overlay-gradient":""}},"ast-content-background-meta":{"desktop":{"background-color":"var(--ast-global-color-5)","background-image":"","background-repeat":"repeat","background-position":"center center","background-size":"auto","background-attachment":"scroll","background-type":"","background-media":"","overlay-type":"","overlay-color":"","overlay-opacity":"","overlay-gradient":""},"tablet":{"background-color":"var(--ast-global-color-5)","background-image":"","background-repeat":"repeat","background-position":"center center","background-size":"auto","background-attachment":"scroll","background-type":"","background-media":"","overlay-type":"","overlay-color":"","overlay-opacity":"","overlay-gradient":""},"mobile":{"background-color":"var(--ast-global-color-5)","background-image":"","background-repeat":"repeat","background-position":"center center","background-size":"auto","background-attachment":"scroll","background-type":"","background-media":"","overlay-type":"","overlay-color":"","overlay-opacity":"","overlay-gradient":""}}},"product_brand":[],"product_cat":[23],"product_tag":[],"class_list":{"0":"post-2365","1":"product","2":"type-product","3":"status-publish","4":"has-post-thumbnail","6":"product_cat-dump-truck","7":"desktop-align-left","8":"tablet-align-left","9":"mobile-align-left","11":"first","12":"instock","13":"shipping-taxable","14":"product-type-simple"},"_links":{"self":[{"href":"https:\/\/satisfybot.com\/fr\/wp-json\/wp\/v2\/product\/2365","targetHints":{"allow":["GET"]}}],"collection":[{"href":"https:\/\/satisfybot.com\/fr\/wp-json\/wp\/v2\/product"}],"about":[{"href":"https:\/\/satisfybot.com\/fr\/wp-json\/wp\/v2\/types\/product"}],"version-history":[{"count":0,"href":"https:\/\/satisfybot.com\/fr\/wp-json\/wp\/v2\/product\/2365\/revisions"}],"wp:featuredmedia":[{"embeddable":true,"href":"https:\/\/satisfybot.com\/fr\/wp-json\/wp\/v2\/media\/2366"}],"wp:attachment":[{"href":"https:\/\/satisfybot.com\/fr\/wp-json\/wp\/v2\/media?parent=2365"}],"wp:term":[{"taxonomy":"product_brand","embeddable":true,"href":"https:\/\/satisfybot.com\/fr\/wp-json\/wp\/v2\/product_brand?post=2365"},{"taxonomy":"product_cat","embeddable":true,"href":"https:\/\/satisfybot.com\/fr\/wp-json\/wp\/v2\/product_cat?post=2365"},{"taxonomy":"product_tag","embeddable":true,"href":"https:\/\/satisfybot.com\/fr\/wp-json\/wp\/v2\/product_tag?post=2365"}],"curies":[{"name":"wp","href":"https:\/\/api.w.org\/{rel}","templated":true}]}}