{"id":2381,"date":"2023-07-01T02:25:22","date_gmt":"2023-07-01T02:25:22","guid":{"rendered":"https:\/\/satisfybot.com\/?post_type=product&#038;p=2381"},"modified":"2023-07-01T02:25:22","modified_gmt":"2023-07-01T02:25:22","slug":"shacman-6x4-mining-dump-truck-for-sale-50t-tipper","status":"publish","type":"product","link":"https:\/\/satisfybot.com\/fr\/produit\/shacman-6x4-mining-dump-truck-for-sale-50t-tipper\/","title":{"rendered":"Camion \u00e0 benne basculante SHACMAN 6X4 \u00e0 vendre benne 50T"},"content":{"rendered":"<p>Camion \u00e0 benne basculante SHACMAN 50 tonnes<\/p>\n<p>&nbsp;<\/p>\n<p>&nbsp;<\/p>\n<p>Camion \u00e0 benne basculante Shacman Mining<\/p>\n<p>&nbsp;<\/p>\n<p>1.Type de traction\u00a0: 6X4<br \/>\n2. Type de conduite : LHD (RHD est en option)<br \/>\n3. Cabine : cabine \u00e0 un seul c\u00f4t\u00e9<\/p>\n<p>Moteur:<br \/>\nMarque du moteur : Steyr (Weichai)<br \/>\nMod\u00e8le de moteur : WD12.375 375HP Euro II<br \/>\nType de moteur : Moteur diesel 4 temps \u00e0 injection directe, 6 cylindres en ligne<br \/>\nAvec refroidissement par eau, suralimentation et refroidissement interm\u00e9diaire<br \/>\nCylindr\u00e9e : 11.596 litres<br \/>\nMax. Sortie\u00a0: 375\u00a0ch \u00e0 2\u00a0200\u00a0tr\/min<br \/>\nCouple maximal\u00a0: 1\u00a0760\u00a0NM \u00e0 1\u00a0300\u00a0-\u00a01\u00a0600\u00a0tr\/min<br \/>\nAl\u00e9sage\/course (mm) : 126\/155<br \/>\nConsommation sp\u00e9cifique de carburant : 198g\/Kwh<\/p>\n<p>Bo\u00eete de vitesses:<br \/>\nBo\u00eete de vitesses : Fuller 10JSD180K-B<br \/>\nEmbrayage : embrayage \u00e0 diaphragme de type traction \u03a6 430<br \/>\nDirection : technologie ZF<\/p>\n<p>Pneu:<br \/>\nPneu : 14.00R24<br \/>\nNo. De pneu : 10+1spare<\/p>\n<p>Essieu avant : Essieu avant Steyr 12 tonnes<br \/>\nEssieu arri\u00e8re : technologie MAN 25 tonnes essieu moteur \u00e0 double r\u00e9duction<\/p>\n<p>Printemps : 12\/14<br \/>\nCapacit\u00e9 du r\u00e9servoir de carburant (L): 380<br \/>\nMax. Vitesse (km\/h): 77<br \/>\nTrottoir. Masse\u00a0: 14\u00a0200\u00a0kg<br \/>\nMasse totale : 30700kg<br \/>\nEmpattement (mm): 3800+1350<br \/>\nPorte-\u00e0-faux avant (mm) : 1525<br \/>\nPorte-\u00e0-faux arri\u00e8re (mm) : 2054<br \/>\nVoie avant (mm) : 1939\/1939<br \/>\nVoie arri\u00e8re (mm) : 1860\/1860<br \/>\nAngle d&#039;approche : 20 degr\u00e9s<br \/>\nAngle de d\u00e9part : 28 degr\u00e9s<br \/>\nDimensions (mm) : 8500x3000x3450<\/p>\n<p>Corps:<br \/>\nTaille int\u00e9rieure (mm): 5600x3000x1500<br \/>\n\u00c9paisseur de l&#039;acier du corps (mm): \u00c9tage 14 mm c\u00f4t\u00e9 10 mm<br \/>\nType de basculement\u00a0: Type de basculement avant (devant la carrosserie avec syst\u00e8me de basculement HYVA technologie Holland).<\/p>","protected":false},"excerpt":{"rendered":"<p>SHACMAN 50 tons Mining dump truck &nbsp; &nbsp; Shacman Mining Tipper Truck &nbsp; 1.Traction type: 6X4 2.Driving type: LHD (RHD is option) 3.Cabin: single side cabin Engine: Engine brand: Steyr (Weichai) Engine model: WD12.375 375HP Euro II Engine type: Diesel 4-stroke direct injection engine, 6-cylinder in-line With water cooling, turbo-charging &amp; intercooling Displacement: 11.596 liters [&hellip;]<\/p>","protected":false},"featured_media":2382,"template":"","meta":{"site-sidebar-layout":"default","site-content-layout":"default","ast-site-content-layout":"default","site-content-style":"default","site-sidebar-style":"default","ast-global-header-display":"","ast-banner-title-visibility":"","ast-main-header-display":"","ast-hfb-above-header-display":"","ast-hfb-below-header-display":"","ast-hfb-mobile-header-display":"","site-post-title":"","ast-breadcrumbs-content":"","ast-featured-img":"","footer-sml-layout":"","ast-disable-related-posts":"","theme-transparent-header-meta":"default","adv-header-id-meta":"","stick-header-meta":"","header-above-stick-meta":"","header-main-stick-meta":"","header-below-stick-meta":"","astra-migrate-meta-layouts":"default","ast-page-background-enabled":"default","ast-page-background-meta":{"desktop":{"background-color":"","background-image":"","background-repeat":"repeat","background-position":"center center","background-size":"auto","background-attachment":"scroll","background-type":"","background-media":"","overlay-type":"","overlay-color":"","overlay-opacity":"","overlay-gradient":""},"tablet":{"background-color":"","background-image":"","background-repeat":"repeat","background-position":"center center","background-size":"auto","background-attachment":"scroll","background-type":"","background-media":"","overlay-type":"","overlay-color":"","overlay-opacity":"","overlay-gradient":""},"mobile":{"background-color":"","background-image":"","background-repeat":"repeat","background-position":"center center","background-size":"auto","background-attachment":"scroll","background-type":"","background-media":"","overlay-type":"","overlay-color":"","overlay-opacity":"","overlay-gradient":""}},"ast-content-background-meta":{"desktop":{"background-color":"var(--ast-global-color-5)","background-image":"","background-repeat":"repeat","background-position":"center center","background-size":"auto","background-attachment":"scroll","background-type":"","background-media":"","overlay-type":"","overlay-color":"","overlay-opacity":"","overlay-gradient":""},"tablet":{"background-color":"var(--ast-global-color-5)","background-image":"","background-repeat":"repeat","background-position":"center center","background-size":"auto","background-attachment":"scroll","background-type":"","background-media":"","overlay-type":"","overlay-color":"","overlay-opacity":"","overlay-gradient":""},"mobile":{"background-color":"var(--ast-global-color-5)","background-image":"","background-repeat":"repeat","background-position":"center center","background-size":"auto","background-attachment":"scroll","background-type":"","background-media":"","overlay-type":"","overlay-color":"","overlay-opacity":"","overlay-gradient":""}}},"product_brand":[],"product_cat":[23],"product_tag":[],"class_list":{"0":"post-2381","1":"product","2":"type-product","3":"status-publish","4":"has-post-thumbnail","6":"product_cat-dump-truck","7":"desktop-align-left","8":"tablet-align-left","9":"mobile-align-left","11":"first","12":"instock","13":"shipping-taxable","14":"product-type-simple"},"_links":{"self":[{"href":"https:\/\/satisfybot.com\/fr\/wp-json\/wp\/v2\/product\/2381","targetHints":{"allow":["GET"]}}],"collection":[{"href":"https:\/\/satisfybot.com\/fr\/wp-json\/wp\/v2\/product"}],"about":[{"href":"https:\/\/satisfybot.com\/fr\/wp-json\/wp\/v2\/types\/product"}],"version-history":[{"count":0,"href":"https:\/\/satisfybot.com\/fr\/wp-json\/wp\/v2\/product\/2381\/revisions"}],"wp:featuredmedia":[{"embeddable":true,"href":"https:\/\/satisfybot.com\/fr\/wp-json\/wp\/v2\/media\/2382"}],"wp:attachment":[{"href":"https:\/\/satisfybot.com\/fr\/wp-json\/wp\/v2\/media?parent=2381"}],"wp:term":[{"taxonomy":"product_brand","embeddable":true,"href":"https:\/\/satisfybot.com\/fr\/wp-json\/wp\/v2\/product_brand?post=2381"},{"taxonomy":"product_cat","embeddable":true,"href":"https:\/\/satisfybot.com\/fr\/wp-json\/wp\/v2\/product_cat?post=2381"},{"taxonomy":"product_tag","embeddable":true,"href":"https:\/\/satisfybot.com\/fr\/wp-json\/wp\/v2\/product_tag?post=2381"}],"curies":[{"name":"wp","href":"https:\/\/api.w.org\/{rel}","templated":true}]}}